{"id":6624,"date":"2025-11-10T07:17:58","date_gmt":"2025-11-10T07:17:58","guid":{"rendered":"https:\/\/yenhung.com\/?product=mo-molykote-em-30l-5kg"},"modified":"2026-02-24T08:55:02","modified_gmt":"2026-02-24T08:55:02","slug":"mo-molykote-em-30l-5kg","status":"publish","type":"product","link":"https:\/\/yenhung.com\/?product=mo-molykote-em-30l-5kg","title":{"rendered":"M\u1ee1 Molykote Em-30L (5kg)"},"content":{"rendered":"<div class=\"ba-text-fpt\">\n<h2 data-sourcepos=\"1:1-1:68\"><strong>Molykote EM-30L: Gi\u1ea3i ph\u00e1p b\u00f4i tr\u01a1n l\u00fd t\u01b0\u1edfng cho nh\u1ef1a v\u00e0 kim lo\u1ea1i<\/strong><\/h2>\n<p data-sourcepos=\"3:1-3:257\"><img decoding=\"async\" src=\"https:\/\/bizweb.dktcdn.net\/thumb\/grande\/100\/510\/748\/products\/molykote-em-30l.jpg?v=1739765512260\" alt=\"Molykote Em-30L\" data-thumb=\"grande\" \/><\/p>\n<p data-sourcepos=\"3:1-3:257\"><strong>Molykote EM-30L<\/strong> l\u00e0 m\u1ed9t lo\u1ea1i m\u1ee1 b\u00f4i tr\u01a1n \u0111\u1eb7c bi\u1ec7t \u0111\u01b0\u1ee3c thi\u1ebft k\u1ebf d\u00e0nh ri\u00eang cho c\u00e1c \u1ee9ng d\u1ee5ng li\u00ean quan \u0111\u1ebfn nh\u1ef1a v\u00e0 kim lo\u1ea1i. V\u1edbi c\u00f4ng th\u1ee9c \u0111\u1ed9c \u0111\u00e1o, s\u1ea3n ph\u1ea9m n\u00e0y mang \u0111\u1ebfn hi\u1ec7u su\u1ea5t b\u00f4i tr\u01a1n v\u01b0\u1ee3t tr\u1ed9i, b\u1ea3o v\u1ec7 c\u00e1c b\u1ed9 ph\u1eadn m\u00e1y m\u00f3c v\u00e0 k\u00e9o d\u00e0i tu\u1ed5i th\u1ecd s\u1eed d\u1ee5ng.<\/p>\n<h3 data-sourcepos=\"5:1-5:20\">\u0110\u1eb7c \u0111i\u1ec3m n\u1ed5i b\u1eadt<\/h3>\n<p><img decoding=\"async\" src=\"https:\/\/bizweb.dktcdn.net\/thumb\/large\/100\/510\/748\/products\/mo-molykote-em-30l-1.jpg?v=1747356959167\" alt=\"M\u1ee1 Molykote Em-30L (5kg)\" data-thumb=\"large\" \/><\/p>\n<ul data-sourcepos=\"7:1-12:0\">\n<li data-sourcepos=\"7:1-7:175\"><strong>T\u01b0\u01a1ng th\u00edch v\u1edbi nh\u1ef1a:<\/strong> M\u1ee1 b\u00f4i tr\u01a1n Molykote EM-30L \u0111\u01b0\u1ee3c ph\u00e1t tri\u1ec3n \u0111\u1eb7c bi\u1ec7t \u0111\u1ec3 t\u01b0\u01a1ng th\u00edch v\u1edbi nhi\u1ec1u lo\u1ea1i nh\u1ef1a kh\u00e1c nhau, kh\u00f4ng g\u00e2y ra hi\u1ec7n t\u01b0\u1ee3ng ph\u1ed3ng r\u1ed9p hay bi\u1ebfn d\u1ea1ng.<\/li>\n<li data-sourcepos=\"8:1-8:128\"><strong>Kh\u1ea3 n\u0103ng b\u00f4i tr\u01a1n tuy\u1ec7t v\u1eddi:<\/strong> T\u1ea1o m\u1ed9t l\u1edbp m\u00e0ng b\u00f4i tr\u01a1n m\u1ecfng, b\u1ec1n b\u1ec9, gi\u00fap gi\u1ea3m ma s\u00e1t v\u00e0 m\u00e0i m\u00f2n gi\u1eefa c\u00e1c b\u1ec1 m\u1eb7t ti\u1ebfp x\u00fac.<\/li>\n<li data-sourcepos=\"9:1-9:80\"><strong>Ch\u1ed1ng n\u01b0\u1edbc v\u00e0 h\u01a1i \u1ea9m:<\/strong> B\u1ea3o v\u1ec7 c\u00e1c b\u1ed9 ph\u1eadn kh\u1ecfi s\u1ef1 \u0103n m\u00f2n do n\u01b0\u1edbc v\u00e0 h\u01a1i \u1ea9m.<\/li>\n<li data-sourcepos=\"10:1-10:98\"><strong>Ch\u1ecbu \u00e1p l\u1ef1c t\u1ed1t:<\/strong> C\u00f3 th\u1ec3 ch\u1ecbu \u0111\u01b0\u1ee3c \u00e1p l\u1ef1c l\u1edbn, th\u00edch h\u1ee3p cho c\u00e1c \u1ee9ng d\u1ee5ng \u0111\u00f2i h\u1ecfi \u0111\u1ed9 b\u1ec1n cao.<\/li>\n<li data-sourcepos=\"11:1-12:0\"><strong>Kho\u1ea3ng nhi\u1ec7t \u0111\u1ed9 l\u00e0m vi\u1ec7c r\u1ed9ng:<\/strong> Ho\u1ea1t \u0111\u1ed9ng t\u1ed1t trong kho\u1ea3ng nhi\u1ec7t \u0111\u1ed9 t\u1eeb -45\u00b0C \u0111\u1ebfn +150\u00b0C.<\/li>\n<\/ul>\n<h3 data-sourcepos=\"13:1-13:12\">\u1ee8ng d\u1ee5ng<\/h3>\n<p><img decoding=\"async\" title=\"mo-molykote-em-30l-2-2\" src=\"https:\/\/yenhung.com\/wp-content\/uploads\/2025\/11\/mo-molykote-em-30l-2-2.jpg\" alt=\"M\u1ee1 Molykote Em-30L (5kg)\" data-thumb=\"large\" \/><\/p>\n<ul data-sourcepos=\"15:1-18:0\">\n<li data-sourcepos=\"15:1-15:124\"><strong>B\u00f4i tr\u01a1n c\u00e1c b\u1ed9 ph\u1eadn nh\u1ef1a:<\/strong> S\u1eed d\u1ee5ng cho c\u00e1c b\u1ed9 ph\u1eadn nh\u1ef1a nh\u01b0 b\u00e1nh r\u0103ng nh\u1ef1a, rul\u00f4 nh\u1ef1a, b\u1ea1c nh\u1ef1a, r\u00e3nh d\u1eabn h\u01b0\u1edbng robot.<\/li>\n<li data-sourcepos=\"16:1-16:132\"><strong>B\u00f4i tr\u01a1n c\u00e1c kh\u1edbp n\u1ed1i nh\u1ef1a-kim lo\u1ea1i:<\/strong> S\u1eed d\u1ee5ng cho c\u00e1c kh\u1edbp n\u1ed1i gi\u1eefa nh\u1ef1a v\u00e0 kim lo\u1ea1i trong c\u00e1c thi\u1ebft b\u1ecb \u0111i\u1ec7n t\u1eed, \u00f4 t\u00f4, m\u00e1y m\u00f3c.<\/li>\n<li data-sourcepos=\"17:1-18:0\"><strong>B\u00f4i tr\u01a1n c\u00e1c thi\u1ebft b\u1ecb ch\u00ednh x\u00e1c:<\/strong> S\u1eed d\u1ee5ng cho c\u00e1c thi\u1ebft b\u1ecb ch\u00ednh x\u00e1c nh\u01b0 \u0111\u1ed3ng h\u1ed3, m\u00e1y \u1ea3nh, thi\u1ebft b\u1ecb y t\u1ebf.<\/li>\n<\/ul>\n<p>&nbsp;<\/p>\n<\/div>\n","protected":false},"excerpt":{"rendered":"<p>T\u00ean sa\u0309n ph\u00e2\u0309m:\u00a0Molykote Em-30L<\/p>\n<p><b>Li\u00ean h\u1ec7: 0397433258<\/b><\/p>\n","protected":false},"featured_media":6625,"comment_status":"closed","ping_status":"closed","template":"","meta":[],"product_brand":[],"product_cat":[155],"product_tag":[],"class_list":{"0":"post-6624","1":"product","2":"type-product","3":"status-publish","4":"has-post-thumbnail","6":"product_cat-dupont","8":"first","9":"instock","10":"shipping-taxable","11":"product-type-simple"},"_links":{"self":[{"href":"https:\/\/yenhung.com\/index.php?rest_route=\/wp\/v2\/product\/6624","targetHints":{"allow":["GET"]}}],"collection":[{"href":"https:\/\/yenhung.com\/index.php?rest_route=\/wp\/v2\/product"}],"about":[{"href":"https:\/\/yenhung.com\/index.php?rest_route=\/wp\/v2\/types\/product"}],"replies":[{"embeddable":true,"href":"https:\/\/yenhung.com\/index.php?rest_route=%2Fwp%2Fv2%2Fcomments&post=6624"}],"wp:featuredmedia":[{"embeddable":true,"href":"https:\/\/yenhung.com\/index.php?rest_route=\/wp\/v2\/media\/6625"}],"wp:attachment":[{"href":"https:\/\/yenhung.com\/index.php?rest_route=%2Fwp%2Fv2%2Fmedia&parent=6624"}],"wp:term":[{"taxonomy":"product_brand","embeddable":true,"href":"https:\/\/yenhung.com\/index.php?rest_route=%2Fwp%2Fv2%2Fproduct_brand&post=6624"},{"taxonomy":"product_cat","embeddable":true,"href":"https:\/\/yenhung.com\/index.php?rest_route=%2Fwp%2Fv2%2Fproduct_cat&post=6624"},{"taxonomy":"product_tag","embeddable":true,"href":"https:\/\/yenhung.com\/index.php?rest_route=%2Fwp%2Fv2%2Fproduct_tag&post=6624"}],"curies":[{"name":"wp","href":"https:\/\/api.w.org\/{rel}","templated":true}]}}