{"id":6647,"date":"2025-11-10T07:18:51","date_gmt":"2025-11-10T07:18:51","guid":{"rendered":"https:\/\/yenhung.com\/?product=mo-molykote-33-medium-1kg"},"modified":"2026-02-11T04:52:01","modified_gmt":"2026-02-11T04:52:01","slug":"mo-molykote-33-medium-1kg","status":"publish","type":"product","link":"https:\/\/yenhung.com\/?product=mo-molykote-33-medium-1kg","title":{"rendered":"M\u1ee1 molykote 33 medium (1kg)"},"content":{"rendered":"<div class=\"ba-text-fpt\">\n<h2><strong>Thu\u1ed9c t\u00ednh ch\u00ednh MOLYKOTE 33 Medium Extreme Low Temperature Grease \u2013 M\u1ee1 b\u00f4i tr\u01a1n ch\u1ecbu nhi\u1ec7t c\u1ef1c th\u1ea5p<\/strong><\/h2>\n<p><strong><img decoding=\"async\" title=\"molykote-33-1-jpeg-1\" src=\"https:\/\/yenhung.com\/wp-content\/uploads\/2025\/11\/molykote-33-1-jpeg-1.jpg\" alt=\"M\u1ee1 Molykote 33 Medium (1Kg)\" data-thumb=\"large\" \/><\/strong><\/p>\n<p>NLGI L\u1edbp 2 \u2013 M\u1ee1 g\u1ed1c silicon v\u1edbi \u0111\u1ed9 nh\u1edbt c\u1ee7a d\u1ea7u g\u1ed1c l\u00e0 76 cSt \u1edf 40 \u00b0 C, \u0111\u1eadm \u0111\u1eb7c lithium, kh\u00f4ng c\u00f3 ch\u1ea5t b\u00f4i tr\u01a1n r\u1eafn.<\/p>\n<h2><strong>C\u00e1c \u1ee9ng d\u1ee5ng<\/strong><\/h2>\n<p><strong><img decoding=\"async\" title=\"molykote-33-jpeg-2\" src=\"https:\/\/yenhung.com\/wp-content\/uploads\/2025\/11\/molykote-33-jpeg-2.jpg\" alt=\"M\u1ee1 Molykote 33 Medium (1Kg)\" data-thumb=\"large\" \/><\/strong><\/p>\n<p>L\u00fd t\u01b0\u1edfng \u0111\u1ec3 s\u1eed d\u1ee5ng trong thi\u1ebft b\u1ecb con l\u0103n v\u00e0 b\u0103ng t\u1ea3i, c\u00e1p \u0111i\u1ec1u khi\u1ec3n, \u0111\u1ed9ng c\u01a1 \u0111i\u1ec7n, thi\u1ebft b\u1ecb ch\u1ee5p \u1ea3nh, thi\u1ebft b\u1ecb quang h\u1ecdc, thi\u1ebft b\u1ecb \u0111o l\u01b0\u1eddng, vv. C\u0169ng \u0111\u01b0\u1ee3c s\u1eed d\u1ee5ng trong t\u1ee7 l\u1ea1nh ho\u1eb7c thi\u1ebft b\u1ecb t\u1ee7 \u0111\u00f4ng.<\/p>\n<ul>\n<li>C\u00e1p \u0111i\u1ec1u khi\u1ec3n<\/li>\n<li>\u0110i\u1ec7n<\/li>\n<li>V\u00f2ng bi tr\u01a1n, \u1ed1ng l\u00f3t &amp; \u1ed1ng b\u1ecdc<\/li>\n<li>B\u00f4i tr\u01a1n nh\u1ef1a<\/li>\n<li>\u1ed4 tr\u1ee5c v\u00edt \u0111i\u1ec7n<\/li>\n<li>V\u00f2ng bi ph\u1ea7n t\u1eed l\u0103n<\/li>\n<li>B\u00f4i tr\u01a1n b\u1eb1ng cao su &amp; ch\u1ea5t \u0111\u00e0n h\u1ed3i<\/li>\n<li>H\u01b0\u1edbng d\u1eabn &amp; b\u1ea3n nh\u1ea1c trang tr\u00ecnh b\u00e0y<\/li>\n<\/ul>\n<h2><strong>L\u1ee3i \u00edch v\u1ec1 Hi\u1ec7u su\u1ea5t<\/strong><\/h2>\n<p><strong><img decoding=\"async\" title=\"molykote-33-2-jpeg-1\" src=\"https:\/\/yenhung.com\/wp-content\/uploads\/2025\/11\/molykote-33-2-jpeg-1.jpg\" data-thumb=\"large\" \/><\/strong><\/p>\n<ul>\n<li>Kh\u1ea3 n\u0103ng ch\u1ed1ng oxy h\u00f3a t\u1ed1t<\/li>\n<li>Ph\u1ea1m vi nhi\u1ec7t \u0111\u1ed9 d\u1ecbch v\u1ee5 r\u1ed9ng (-73 \u00b0 C \u0111\u1ebfn 180 \u00b0 C)<\/li>\n<li>\u0110\u1eb7c \u0111i\u1ec3m nhi\u1ec7t \u0111\u1ed9 th\u1ea5p v\u01b0\u1ee3t tr\u1ed9i<\/li>\n<li>T\u01b0\u01a1ng th\u00edch v\u1edbi h\u1ea7u h\u1ebft c\u00e1c lo\u1ea1i nh\u1ef1a<\/li>\n<li>Ch\u1ed1ng n\u01b0\u1edbc<\/li>\n<\/ul>\n<ul>\n<li>Ch\u1ed1ng oxy h\u00f3a t\u1ed1t<\/li>\n<li>Kh\u1ea3 n\u0103ng t\u01b0\u01a1ng th\u00edch t\u1ed1t v\u1edbi nh\u1ef1a v\u00e0 cao su<\/li>\n<li>Ch\u1ed1ng n\u01b0\u1edbc t\u1ed1t<\/li>\n<li>Hi\u1ec7u su\u1ea5t nhi\u1ec7t \u0111\u1ed9 th\u1ea5p<\/li>\n<li>Ph\u1ea1m vi nhi\u1ec7t \u0111\u1ed9 r\u1ed9ng<\/li>\n<\/ul>\n<h2><strong>Th\u00f4ng tin chi ti\u1ebft s\u1ea3n ph\u1ea9m<\/strong><\/h2>\n<table>\n<tbody>\n<tr>\n<td>Lo\u1ea1i s\u1ea3n ph\u1ea9m<\/td>\n<td>D\u1ea7u m\u1ee1<\/td>\n<\/tr>\n<tr>\n<td>C\u00f4ng ngh\u1ec7<\/td>\n<td>Silicone<\/td>\n<\/tr>\n<tr>\n<td>D\u1ea7u g\u1ed1c Visc @ 40C<\/td>\n<td>76<\/td>\n<\/tr>\n<tr>\n<td>NLGI l\u1edbp<\/td>\n<td>2<\/td>\n<\/tr>\n<tr>\n<td>Ch\u1ea5t l\u00e0m \u0111\u1eb7c<\/td>\n<td>Lithium<\/td>\n<\/tr>\n<tr>\n<td>Ch\u1ea5t b\u00f4i tr\u01a1n r\u1eafn<\/td>\n<td>Kh\u00f4ng c\u00f3<\/td>\n<\/tr>\n<tr>\n<td>Nhi\u1ec7t \u0111\u1ed9 th\u1ea5p (C)<\/td>\n<td>-73<\/td>\n<\/tr>\n<tr>\n<td>Nhi\u1ec7t \u0111\u1ed9 cao (C)<\/td>\n<td>204<\/td>\n<\/tr>\n<tr>\n<td>M\u00e0u s\u1eafc<\/td>\n<td>M\u00e0u tr\u1eafng ng\u00e0<\/td>\n<\/tr>\n<\/tbody>\n<\/table>\n<p>&nbsp;<\/p>\n<\/div>\n","protected":false},"excerpt":{"rendered":"<p><strong>S\u1ea3n ph\u1ea9m:<\/strong>\u00a0MOLYKOTE 33 Medium Extreme Low Temperature Grease \u2013<\/p>\n","protected":false},"featured_media":6648,"comment_status":"closed","ping_status":"closed","template":"","meta":[],"product_brand":[],"product_cat":[155],"product_tag":[],"class_list":{"0":"post-6647","1":"product","2":"type-product","3":"status-publish","4":"has-post-thumbnail","6":"product_cat-dupont","8":"first","9":"instock","10":"shipping-taxable","11":"product-type-simple"},"_links":{"self":[{"href":"https:\/\/yenhung.com\/index.php?rest_route=\/wp\/v2\/product\/6647","targetHints":{"allow":["GET"]}}],"collection":[{"href":"https:\/\/yenhung.com\/index.php?rest_route=\/wp\/v2\/product"}],"about":[{"href":"https:\/\/yenhung.com\/index.php?rest_route=\/wp\/v2\/types\/product"}],"replies":[{"embeddable":true,"href":"https:\/\/yenhung.com\/index.php?rest_route=%2Fwp%2Fv2%2Fcomments&post=6647"}],"wp:featuredmedia":[{"embeddable":true,"href":"https:\/\/yenhung.com\/index.php?rest_route=\/wp\/v2\/media\/6648"}],"wp:attachment":[{"href":"https:\/\/yenhung.com\/index.php?rest_route=%2Fwp%2Fv2%2Fmedia&parent=6647"}],"wp:term":[{"taxonomy":"product_brand","embeddable":true,"href":"https:\/\/yenhung.com\/index.php?rest_route=%2Fwp%2Fv2%2Fproduct_brand&post=6647"},{"taxonomy":"product_cat","embeddable":true,"href":"https:\/\/yenhung.com\/index.php?rest_route=%2Fwp%2Fv2%2Fproduct_cat&post=6647"},{"taxonomy":"product_tag","embeddable":true,"href":"https:\/\/yenhung.com\/index.php?rest_route=%2Fwp%2Fv2%2Fproduct_tag&post=6647"}],"curies":[{"name":"wp","href":"https:\/\/api.w.org\/{rel}","templated":true}]}}