{"id":6655,"date":"2025-11-10T07:18:58","date_gmt":"2025-11-10T07:18:58","guid":{"rendered":"https:\/\/yenhung.com\/?product=molykote-ym-103-grease-1kg"},"modified":"2026-02-11T04:51:30","modified_gmt":"2026-02-11T04:51:30","slug":"molykote-ym-103-grease-1kg","status":"publish","type":"product","link":"https:\/\/yenhung.com\/?product=molykote-ym-103-grease-1kg","title":{"rendered":"Molykote ym-103 grease, 1kg"},"content":{"rendered":"<div class=\"ba-text-fpt\">\n<h2><strong>M\u00f4 t\u1ea3 M\u1ee1 b\u00f4i tr\u01a1n MOLYKOTE YM-103 Grease<\/strong><\/h2>\n<p><strong><img decoding=\"async\" title=\"molykote-ym-103-2\" src=\"https:\/\/yenhung.com\/wp-content\/uploads\/2025\/11\/molykote-ym-103-2.jpg\" alt=\"MOLYKOTE YM-103 GREASE, 1KG\" data-thumb=\"large\" \/><\/strong><\/p>\n<p>M\u1ee1 b\u00f4i tr\u01a1n \u0111\u01b0\u1ee3c ph\u00e1t tri\u1ec3n cho c\u00e1c th\u00e0nh ph\u1ea7n nh\u1ef1a<\/p>\n<h2><strong>\u1ee8ng d\u1ee5ng<\/strong><\/h2>\n<p><strong><img decoding=\"async\" title=\"molykote-ym-103-2-jpeg-1\" src=\"https:\/\/yenhung.com\/wp-content\/uploads\/2025\/11\/molykote-ym-103-2-jpeg-1.jpg\" alt=\"MOLYKOTE YM-103 GREASE, 1KG\" data-thumb=\"large\" \/><\/strong><\/p>\n<ul>\n<li>\u00d4 t\u00f4, thi\u1ebft b\u1ecb \u0111i\u1ec7n, thi\u1ebft b\u1ecb ch\u00ednh x\u00e1c v\u00e0 thi\u1ebft b\u1ecb v\u0103n ph\u00f2ng. C\u00f3 th\u1ec3 \u0111\u01b0\u1ee3c s\u1eed d\u1ee5ng v\u1edbi c\u00e1c b\u1ed9 ph\u1eadn ma s\u00e1t b\u1eb1ng nh\u1ef1a tr\u00ean nh\u1ef1a, kim lo\u1ea1i tr\u00ean kim lo\u1ea1i ho\u1eb7c nh\u1ef1a tr\u00ean kim lo\u1ea1i.<\/li>\n<li>\u0110i\u1ec7n<\/li>\n<li>B\u00f4i tr\u01a1n nh\u1ef1a<\/li>\n<li>B\u00f4i tr\u01a1n b\u1eb1ng cao su &amp; ch\u1ea5t \u0111\u00e0n h\u1ed3i<\/li>\n<\/ul>\n<h2><strong>L\u1ee3i \u00edch\u00a0<\/strong><\/h2>\n<p><strong><img decoding=\"async\" title=\"molykote-ym-103-1-jpeg-1\" src=\"https:\/\/yenhung.com\/wp-content\/uploads\/2025\/11\/molykote-ym-103-1-jpeg-1.jpg\" alt=\"MOLYKOTE YM-103 GREASE, 1KG\" data-thumb=\"large\" \/><\/strong><\/p>\n<ul>\n<li>T\u01b0\u01a1ng th\u00edch v\u1edbi h\u1ea7u h\u1ebft c\u00e1c lo\u1ea1i nh\u1ef1a<\/li>\n<li>Kh\u1ea3 n\u0103ng ch\u1ecbu t\u1ea3i t\u1ed1t v\u00e0 ch\u1ed1ng m\u00e0i m\u00f2n<\/li>\n<li>Tu\u1ed5i th\u1ecd l\u00e2u d\u00e0i<\/li>\n<li>\u0110\u1ed9 th\u1ea5m d\u1ed9t th\u1ea5p, v\u00ec v\u1eady n\u00f3 c\u00f3 th\u1ec3 \u0111\u01b0\u1ee3c s\u1eed d\u1ee5ng \u1edf nh\u1eefng n\u01a1i c\u1ea7n \u0111\u1ed9 s\u1ea1ch<\/li>\n<li>Kh\u1ea3 n\u0103ng t\u01b0\u01a1ng th\u00edch t\u1ed1t v\u1edbi nh\u1ef1a v\u00e0 cao su<\/li>\n<li>Kh\u1ea3 n\u0103ng ch\u1ecbu t\u1ea3i cao<\/li>\n<li>Ch\u1ed1ng m\u00e0i m\u00f2n cao<\/li>\n<li>Hi\u1ec7u su\u1ea5t nhi\u1ec7t \u0111\u1ed9 th\u1ea5p<\/li>\n<\/ul>\n<h2><strong>Th\u00f4ng tin s\u1ea3n ph\u1ea9m<\/strong><\/h2>\n<table>\n<tbody>\n<tr>\n<td>Lo\u1ea1i s\u1ea3n ph\u1ea9m<\/td>\n<td>D\u1ea7u m\u1ee1<\/td>\n<\/tr>\n<tr>\n<td>C\u00f4ng ngh\u1ec7<\/td>\n<td>Polyalphaolefin (PAO)<\/td>\n<\/tr>\n<tr>\n<td>D\u1ea7u g\u1ed1c Visc @ 40C<\/td>\n<td>29<\/td>\n<\/tr>\n<tr>\n<td>NLGI l\u1edbp<\/td>\n<td>1-2<\/td>\n<\/tr>\n<tr>\n<td>Ch\u1ea5t l\u00e0m \u0111\u1eb7c<\/td>\n<td>Lithium<\/td>\n<\/tr>\n<tr>\n<td>Ch\u1ea5t b\u00f4i tr\u01a1n r\u1eafn<\/td>\n<td>PTFE<\/td>\n<\/tr>\n<tr>\n<td>Nhi\u1ec7t \u0111\u1ed9 th\u1ea5p (C)<\/td>\n<td>-45<\/td>\n<\/tr>\n<tr>\n<td>Nhi\u1ec7t \u0111\u1ed9 cao (C)<\/td>\n<td>150<\/td>\n<\/tr>\n<tr>\n<td>M\u00e0u s\u1eafc<\/td>\n<td>M\u00e0u v\u00e0ng<\/td>\n<\/tr>\n<\/tbody>\n<\/table>\n<p>&nbsp;<\/p>\n<\/div>\n","protected":false},"excerpt":{"rendered":"<p><strong>S\u1ea3n ph\u1ea9m:<\/strong> MOLYKOTE YM-103 Grease<\/p>\n","protected":false},"featured_media":6656,"comment_status":"closed","ping_status":"closed","template":"","meta":[],"product_brand":[],"product_cat":[155],"product_tag":[],"class_list":{"0":"post-6655","1":"product","2":"type-product","3":"status-publish","4":"has-post-thumbnail","6":"product_cat-dupont","8":"first","9":"instock","10":"shipping-taxable","11":"product-type-simple"},"_links":{"self":[{"href":"https:\/\/yenhung.com\/index.php?rest_route=\/wp\/v2\/product\/6655","targetHints":{"allow":["GET"]}}],"collection":[{"href":"https:\/\/yenhung.com\/index.php?rest_route=\/wp\/v2\/product"}],"about":[{"href":"https:\/\/yenhung.com\/index.php?rest_route=\/wp\/v2\/types\/product"}],"replies":[{"embeddable":true,"href":"https:\/\/yenhung.com\/index.php?rest_route=%2Fwp%2Fv2%2Fcomments&post=6655"}],"wp:featuredmedia":[{"embeddable":true,"href":"https:\/\/yenhung.com\/index.php?rest_route=\/wp\/v2\/media\/6656"}],"wp:attachment":[{"href":"https:\/\/yenhung.com\/index.php?rest_route=%2Fwp%2Fv2%2Fmedia&parent=6655"}],"wp:term":[{"taxonomy":"product_brand","embeddable":true,"href":"https:\/\/yenhung.com\/index.php?rest_route=%2Fwp%2Fv2%2Fproduct_brand&post=6655"},{"taxonomy":"product_cat","embeddable":true,"href":"https:\/\/yenhung.com\/index.php?rest_route=%2Fwp%2Fv2%2Fproduct_cat&post=6655"},{"taxonomy":"product_tag","embeddable":true,"href":"https:\/\/yenhung.com\/index.php?rest_route=%2Fwp%2Fv2%2Fproduct_tag&post=6655"}],"curies":[{"name":"wp","href":"https:\/\/api.w.org\/{rel}","templated":true}]}}