{"id":6663,"date":"2025-11-10T07:19:06","date_gmt":"2025-11-10T07:19:06","guid":{"rendered":"https:\/\/yenhung.com\/?product=dau-xit-molykote-food-machinery-oil-spray400ml-chai"},"modified":"2026-02-11T04:51:13","modified_gmt":"2026-02-11T04:51:13","slug":"dau-xit-molykote-food-machinery-oil-spray400ml-chai","status":"publish","type":"product","link":"https:\/\/yenhung.com\/?product=dau-xit-molykote-food-machinery-oil-spray400ml-chai","title":{"rendered":"D\u1ea7u x\u1ecbt molykote food machinery oil spray(400ml\/chai)"},"content":{"rendered":"<div class=\"ba-text-fpt\">\n<h2><strong>Thu\u1ed9c t\u00ednh ch\u00ednh MOLYKOTE Food Machinery Oil Spray &#8211; B\u00ecnh x\u1ecbt b\u00f4i tr\u01a1n ng\u00e0nh th\u1ef1c ph\u1ea9m<\/strong><\/h2>\n<p><strong><img decoding=\"async\" title=\"molykote-food-machine-2-jpeg-1\" src=\"https:\/\/yenhung.com\/wp-content\/uploads\/2025\/11\/molykote-food-machine-2-jpeg-1.jpg\" data-thumb=\"large\" \/><\/strong><\/p>\n<p>B\u00ecnh x\u1ecbt s\u1eed d\u1ee5ng MO 100 cSt (@ 40 \u00b0 C) v\u00e0 ch\u1ee9a g\u00f3i ph\u1ee5 gia \u1ee9c ch\u1ebf \u0103n m\u00f2n, ch\u1ed1ng m\u00e0i m\u00f2n v\u00e0 \u0103n m\u00f2n c\u1ef1c cao.\u00a0Ngo\u00e0i ra, \u0111\u01b0\u1ee3c ch\u1ee9ng nh\u1eadn H1 th\u00f4ng qua NSF cho c\u00e1c ti\u1ebfp x\u00fac ng\u1eabu nhi\u00ean v\u1edbi th\u1ef1c ph\u1ea9m.<\/p>\n<h2><strong>C\u00e1c \u1ee9ng d\u1ee5ng<\/strong><\/h2>\n<p><strong><img decoding=\"async\" title=\"molykote-food-machine-1-1\" src=\"https:\/\/yenhung.com\/wp-content\/uploads\/2025\/11\/molykote-food-machine-1-1.jpg\" data-thumb=\"large\" \/><\/strong><\/p>\n<p>B\u00f4i tr\u01a1n c\u00e1c b\u1ed9 ph\u1eadn c\u01a1 kh\u00ed trong thi\u1ebft b\u1ecb ch\u1ebf bi\u1ebfn th\u1ef1c ph\u1ea9m &amp; \u0111\u1ed3 u\u1ed1ng.<\/p>\n<ul>\n<li>Chu\u1ed7i<\/li>\n<li>l\u1edbp \u00e1o<\/li>\n<li>M\u00e1y m\u00f3c th\u1ef1c ph\u1ea9m<\/li>\n<li>B\u00e1nh r\u0103ng, h\u1ed9p s\u1ed1 &amp; m\u00e1y b\u01a1m<\/li>\n<li>Ch\u1ea5t th\u1ea9m th\u1ea5u \u0111a n\u0103ng<\/li>\n<li>H\u01b0\u1edbng d\u1eabn &amp; b\u1ea3n nh\u1ea1c trang tr\u00ecnh b\u00e0y<\/li>\n<\/ul>\n<h2><strong>L\u1ee3i \u00edch v\u1ec1 Hi\u1ec7u su\u1ea5t<\/strong><\/h2>\n<p><strong><img decoding=\"async\" title=\"molykote-food-machine-jpeg-2\" src=\"https:\/\/yenhung.com\/wp-content\/uploads\/2025\/11\/molykote-food-machine-jpeg-2.jpg\" data-thumb=\"large\" \/><\/strong><\/p>\n<ul>\n<li>D\u1ec5 s\u1eed d\u1ee5ng<\/li>\n<li>Th\u00e2m nh\u1eadp t\u1ed1t<\/li>\n<li>B\u1ea3o v\u1ec7 ch\u1ed1ng \u0103n m\u00f2n cao<\/li>\n<li>Kh\u1ea3 n\u0103ng t\u1ea3i cao<\/li>\n<li>\u0110\u00e1p \u1ee9ng Quy \u0111\u1ecbnh c\u1ee7a FDA 21 CFR 178.3570 v\u00e0 Ph\u00e2n lo\u1ea1i H1 c\u1ee7a USDA \u0111\u1ed1i v\u1edbi ti\u1ebfp x\u00fac th\u1ef1c ph\u1ea9m ng\u1eabu nhi\u00ean<\/li>\n<li>Kh\u00f4ng m\u00f9i v\u00e0 kh\u00f4ng v\u1ecb<\/li>\n<li>B\u1ea3o v\u1ec7 ch\u1ed1ng \u0103n m\u00f2n t\u1ed1t<\/li>\n<li>Kh\u1ea3 n\u0103ng ch\u1ecbu t\u1ea3i cao<\/li>\n<\/ul>\n<h2><strong>Th\u00f4ng tin chi ti\u1ebft s\u1ea3n ph\u1ea9m<\/strong><\/h2>\n<table>\n<tbody>\n<tr>\n<td>Lo\u1ea1i s\u1ea3n ph\u1ea9m<\/td>\n<td>Ch\u1ea5t ph\u00e2n t\u00e1n &amp; sol kh\u00ed\u00a0,\u00a0d\u1ea7u &amp; ch\u1ea5t l\u1ecfng<\/td>\n<\/tr>\n<tr>\n<td>C\u00f4ng ngh\u1ec7<\/td>\n<td>D\u1ea7u kho\u00e1ng<\/td>\n<\/tr>\n<tr>\n<td>D\u1ea7u g\u1ed1c Visc @ 40C<\/td>\n<td>96<\/td>\n<\/tr>\n<tr>\n<td>L\u1edbp Visc ISO<\/td>\n<td>100<\/td>\n<\/tr>\n<tr>\n<td>Ch\u1ec9 s\u1ed1 \u0111\u1ed9 nh\u1edbt<\/td>\n<td>102<\/td>\n<\/tr>\n<tr>\n<td>Nhi\u1ec7t \u0111\u1ed9 th\u1ea5p (C)<\/td>\n<td>-10<\/td>\n<\/tr>\n<tr>\n<td>Nhi\u1ec7t \u0111\u1ed9 cao (C)<\/td>\n<td>120<\/td>\n<\/tr>\n<tr>\n<td>M\u00e0u s\u1eafc<\/td>\n<td>T\u1eeb trong \u0111\u1ebfn v\u00e0ng v\u00e0ng<\/td>\n<\/tr>\n<\/tbody>\n<\/table>\n<h2><\/h2>\n<\/div>\n","protected":false},"excerpt":{"rendered":"<p><strong>S\u1ea3n ph\u1ea9m:<\/strong> MOLYKOTE Food Machinery Oil Spray &#8211;<br \/>\n<strong>\u0110\u1eb7c tr\u01b0ng:<\/strong> B\u00ecnh x\u1ecbt b\u00f4i tr\u01a1n ng\u00e0nh th\u1ef1c ph\u1ea9m<br \/>\n<strong>Nh\u00e0 cung c\u1ea5p<\/strong>: <a title=\"Dow Corning (th\u01b0\u01a1ng hi\u1ec7u)\">Dupont (th\u01b0\u01a1ng hi\u1ec7u)<\/a><br \/>\n<b>Kho: <\/b>HCM<br \/>\n<strong>Gi\u00e1:<\/strong> Li\u00ean h\u1ec7 090.666.5927<br \/>\n<strong>T\u00ecnh tr\u1ea1ng<\/strong>: Li\u00ean h\u1ec7 S\u0110T 090 666 5927<\/p>\n","protected":false},"featured_media":6664,"comment_status":"closed","ping_status":"closed","template":"","meta":[],"product_brand":[],"product_cat":[155],"product_tag":[],"class_list":{"0":"post-6663","1":"product","2":"type-product","3":"status-publish","4":"has-post-thumbnail","6":"product_cat-dupont","8":"first","9":"instock","10":"shipping-taxable","11":"product-type-simple"},"_links":{"self":[{"href":"https:\/\/yenhung.com\/index.php?rest_route=\/wp\/v2\/product\/6663","targetHints":{"allow":["GET"]}}],"collection":[{"href":"https:\/\/yenhung.com\/index.php?rest_route=\/wp\/v2\/product"}],"about":[{"href":"https:\/\/yenhung.com\/index.php?rest_route=\/wp\/v2\/types\/product"}],"replies":[{"embeddable":true,"href":"https:\/\/yenhung.com\/index.php?rest_route=%2Fwp%2Fv2%2Fcomments&post=6663"}],"wp:featuredmedia":[{"embeddable":true,"href":"https:\/\/yenhung.com\/index.php?rest_route=\/wp\/v2\/media\/6664"}],"wp:attachment":[{"href":"https:\/\/yenhung.com\/index.php?rest_route=%2Fwp%2Fv2%2Fmedia&parent=6663"}],"wp:term":[{"taxonomy":"product_brand","embeddable":true,"href":"https:\/\/yenhung.com\/index.php?rest_route=%2Fwp%2Fv2%2Fproduct_brand&post=6663"},{"taxonomy":"product_cat","embeddable":true,"href":"https:\/\/yenhung.com\/index.php?rest_route=%2Fwp%2Fv2%2Fproduct_cat&post=6663"},{"taxonomy":"product_tag","embeddable":true,"href":"https:\/\/yenhung.com\/index.php?rest_route=%2Fwp%2Fv2%2Fproduct_tag&post=6663"}],"curies":[{"name":"wp","href":"https:\/\/api.w.org\/{rel}","templated":true}]}}