{"id":6671,"date":"2025-11-10T07:19:11","date_gmt":"2025-11-10T07:19:11","guid":{"rendered":"https:\/\/yenhung.com\/?product=mo-boi-tron-molykote-1000-thread-paste-01kg-can"},"modified":"2026-02-11T04:50:13","modified_gmt":"2026-02-11T04:50:13","slug":"mo-boi-tron-molykote-1000-thread-paste-01kg-can","status":"publish","type":"product","link":"https:\/\/yenhung.com\/?product=mo-boi-tron-molykote-1000-thread-paste-01kg-can","title":{"rendered":"M\u1ee1 B\u00f4i Tr\u01a1n Molykote 1000 Thread Paste 01kg\/can"},"content":{"rendered":"<div class=\"ba-text-fpt\">\n<h2><strong>M\u1ee1 B\u00f4i Tr\u01a1n Molykote 1000 Thread Paste 01kg\/can<\/strong><\/h2>\n<p>\u0110\u00e2y l\u00e0 m\u1ed9t lo\u1ea1i <b>ch\u1ea5t b\u00f4i tr\u01a1n d\u1ea1ng paste (b\u1ed9t nh\u00e3o)<\/b> g\u1ed1c d\u1ea7u kho\u00e1ng cao c\u1ea5p c\u1ee7a th\u01b0\u01a1ng hi\u1ec7u <b>Molykote<\/b> (thu\u1ed9c DuPont), \u0111\u01b0\u1ee3c thi\u1ebft k\u1ebf \u0111\u1eb7c bi\u1ec7t \u0111\u1ec3 b\u00f4i tr\u01a1n v\u00e0 ch\u1ed1ng b\u00f3 k\u1eb9t cho c\u00e1c m\u1ed1i n\u1ed1i ren v\u00e0 bu l\u00f4ng ch\u1ecbu nhi\u1ec7t \u0111\u1ed9 cao v\u00e0 \u0111i\u1ec1u ki\u1ec7n kh\u1eafc nghi\u1ec7t.<\/p>\n<p>Molykote 1000 Thread Paste r\u1ea5t \u0111\u01b0\u1ee3c tin d\u00f9ng trong c\u00e1c \u1ee9ng d\u1ee5ng c\u00f4ng nghi\u1ec7p n\u1eb7ng, n\u01a1i vi\u1ec7c th\u00e1o l\u1eafp c\u00e1c m\u1ed1i n\u1ed1i sau th\u1eddi gian d\u00e0i s\u1eed d\u1ee5ng \u1edf nhi\u1ec7t \u0111\u1ed9 cao l\u00e0 m\u1ed9t th\u00e1ch th\u1ee9c l\u1edbn.<\/p>\n<h3>\u0110\u1eb7c \u0111i\u1ec3m n\u1ed5i b\u1eadt c\u1ee7a Molykote 1000 Thread Paste<\/h3>\n<p><img decoding=\"async\" title=\"molykote-1000-thread-paste-01kg-c-1751008685547-1\" src=\"https:\/\/yenhung.com\/wp-content\/uploads\/2025\/11\/molykote-1000-thread-paste-01kg-c-1751008685547-1.jpg\" alt=\"M\u1ee1 B\u00f4i Tr\u01a1n Molykote 1000 Thread Paste 01kg\/can\" data-thumb=\"large\" \/><\/p>\n<p>Molykote 1000 Thread Paste s\u1edf h\u1eefu nhi\u1ec1u \u0111\u1eb7c t\u00ednh \u01b0u vi\u1ec7t gi\u00fap n\u00f3 ho\u1ea1t \u0111\u1ed9ng hi\u1ec7u qu\u1ea3 trong m\u00f4i tr\u01b0\u1eddng kh\u1eafc nghi\u1ec7t:<\/p>\n<ul>\n<li><b>Ch\u1ed1ng b\u00f3 k\u1eb9t (Anti-Seize) v\u01b0\u1ee3t tr\u1ed9i:<\/b> \u0110\u00e2y l\u00e0 ch\u1ee9c n\u0103ng ch\u00ednh c\u1ee7a s\u1ea3n ph\u1ea9m. N\u00f3 t\u1ea1o ra m\u1ed9t l\u1edbp m\u00e0ng b\u00f4i tr\u01a1n r\u1eafn b\u1ec1n v\u1eefng, ng\u0103n ng\u1eeba hi\u1ec7n t\u01b0\u1ee3ng k\u1eb9t, d\u00ednh, v\u00e0 h\u00e0n l\u1ea1nh (galling) gi\u1eefa c\u00e1c ren, cho ph\u00e9p th\u00e1o d\u1ee1 c\u00e1c m\u1ed1i n\u1ed1i m\u1ed9t c\u00e1ch d\u1ec5 d\u00e0ng v\u00e0 kh\u00f4ng ph\u00e1 h\u1ee7y, ngay c\u1ea3 sau khi ti\u1ebfp x\u00fac l\u00e2u d\u00e0i v\u1edbi nhi\u1ec7t \u0111\u1ed9 cao v\u00e0 m\u00f4i tr\u01b0\u1eddng \u0103n m\u00f2n.<\/li>\n<li><b>Ph\u1ea1m vi nhi\u1ec7t \u0111\u1ed9 ho\u1ea1t \u0111\u1ed9ng c\u1ef1c r\u1ed9ng:<\/b> C\u00f3 th\u1ec3 ho\u1ea1t \u0111\u1ed9ng \u1ed5n \u0111\u1ecbnh trong d\u1ea3i nhi\u1ec7t \u0111\u1ed9 r\u1ed9ng t\u1eeb <b>\u221230\u2218C \u0111\u1ebfn +650\u2218C<\/b>. \u0110\u1eb7c t\u00ednh n\u00e0y l\u00e0m cho n\u00f3 tr\u1edf n\u00ean l\u00fd t\u01b0\u1edfng cho c\u00e1c \u1ee9ng d\u1ee5ng trong m\u00f4i tr\u01b0\u1eddng nhi\u1ec7t \u0111\u1ed9 cao nh\u01b0 l\u00f2 nung, \u0111\u1ed9ng c\u01a1 ho\u1eb7c c\u00e1c h\u1ec7 th\u1ed1ng x\u1eed l\u00fd nhi\u1ec7t.<\/li>\n<li><b>Ch\u1ee9a ch\u1ea5t b\u00f4i tr\u01a1n r\u1eafn:<\/b> Th\u00e0nh ph\u1ea7n ch\u1ee9a c\u00e1c ch\u1ea5t b\u00f4i tr\u01a1n r\u1eafn nh\u01b0 <b>\u0111\u1ed3ng, than ch\u00ec v\u00e0 c\u00e1c ch\u1ea5t r\u1eafn m\u00e0u tr\u1eafng<\/b>, gi\u00fap t\u0103ng c\u01b0\u1eddng kh\u1ea3 n\u0103ng ch\u1ecbu t\u1ea3i v\u00e0 gi\u1ea3m ma s\u00e1t, \u0111\u1eb7c bi\u1ec7t d\u01b0\u1edbi \u00e1p l\u1ef1c cao v\u00e0 nhi\u1ec7t \u0111\u1ed9 c\u1ef1c \u0111oan.<\/li>\n<li><b>H\u1ec7 s\u1ed1 ma s\u00e1t \u1ed5n \u0111\u1ecbnh:<\/b> \u0110\u1ea3m b\u1ea3o l\u1ef1c si\u1ebft \u0111\u1ed3ng \u0111\u1ec1u v\u00e0 ch\u00ednh x\u00e1c, gi\u00fap duy tr\u00ec l\u1ef1c c\u0103ng (pre-tensioning forces) c\u1ee7a bu l\u00f4ng, ngay c\u1ea3 sau nhi\u1ec1u l\u1ea7n si\u1ebft l\u1ea1i ho\u1eb7c n\u1edbi l\u1ecfng.<\/li>\n<li><b>Ch\u1ed1ng \u0103n m\u00f2n t\u1ed1t:<\/b> Cung c\u1ea5p kh\u1ea3 n\u0103ng b\u1ea3o v\u1ec7 hi\u1ec7u qu\u1ea3 ch\u1ed1ng l\u1ea1i g\u1ec9 s\u00e9t v\u00e0 \u0103n m\u00f2n, ngay c\u1ea3 trong m\u00f4i tr\u01b0\u1eddng \u1ea9m \u01b0\u1edbt, h\u00f3a ch\u1ea5t ho\u1eb7c c\u00f3 s\u1ef1 hi\u1ec7n di\u1ec7n c\u1ee7a h\u01a1i n\u01b0\u1edbc.<\/li>\n<li><b>Kh\u00f4ng ch\u1ee9a ch\u00ec v\u00e0 niken:<\/b> \u0110\u1ea3m b\u1ea3o an to\u00e0n h\u01a1n cho ng\u01b0\u1eddi s\u1eed d\u1ee5ng v\u00e0 m\u00f4i tr\u01b0\u1eddng.<\/li>\n<li><b>T\u0103ng kh\u1ea3 n\u0103ng b\u1ecbt k\u00edn:<\/b> Gi\u00fap c\u1ea3i thi\u1ec7n kh\u1ea3 n\u0103ng l\u00e0m k\u00edn c\u1ee7a c\u00e1c m\u1ed1i n\u1ed1i ren, ng\u0103n ng\u1eeba r\u00f2 r\u1ec9.<br \/>\n<h3>\u1ee8ng d\u1ee5ng c\u1ee7a Molykote 1000 Thread Paste<\/h3>\n<p><img decoding=\"async\" title=\"molykote-1000-thread-paste-01kg-a-1751008563632-1\" src=\"https:\/\/yenhung.com\/wp-content\/uploads\/2025\/11\/molykote-1000-thread-paste-01kg-a-1751008563632-1.jpg\" alt=\"M\u1ee1 B\u00f4i Tr\u01a1n Molykote 1000 Thread Paste 01kg\/can\" data-thumb=\"large\" \/><\/p>\n<p>Molykote 1000 Thread Paste \u0111\u01b0\u1ee3c \u1ee9ng d\u1ee5ng r\u1ed9ng r\u00e3i trong c\u00e1c ng\u00e0nh c\u00f4ng nghi\u1ec7p \u0111\u00f2i h\u1ecfi \u0111\u1ed9 b\u1ec1n cao v\u00e0 kh\u1ea3 n\u0103ng th\u00e1o l\u1eafp d\u1ec5 d\u00e0ng sau th\u1eddi gian d\u00e0i ho\u1ea1t \u0111\u1ed9ng:<\/li>\n<li><b>Bu l\u00f4ng v\u00e0 m\u1ed1i n\u1ed1i ren ch\u1ecbu nhi\u1ec7t \u0111\u1ed9 cao:<\/b> \u0110\u1eb7c bi\u1ec7t ph\u00f9 h\u1ee3p cho bu l\u00f4ng \u0111\u1ea7u xi lanh, v\u00edt \u0111\u1ea7u v\u00f2i c\u1ee7a m\u00e1y \u00e9p nh\u1ef1a, c\u00e1c m\u1ed1i n\u1ed1i bu l\u00f4ng trong ng\u00e0nh c\u00f4ng nghi\u1ec7p h\u00f3a ch\u1ea5t, v\u00e0 c\u00e1c v\u00f2ng c\u0103ng c\u1ee7a m\u00e1y ly t\u00e2m.<\/li>\n<li><b>M\u1ed1i n\u1ed1i bu l\u00f4ng ti\u1ebfp x\u00fac v\u1edbi m\u00f4i tr\u01b0\u1eddng \u0103n m\u00f2n:<\/b> Ng\u0103n ng\u1eeba k\u1eb9t v\u00e0 \u0103n m\u00f2n trong c\u00e1c m\u00f4i tr\u01b0\u1eddng \u1ea9m \u01b0\u1edbt, h\u00f3a ch\u1ea5t, ho\u1eb7c bi\u1ec3n.<\/li>\n<li><b>H\u1ec7 th\u1ed1ng \u0111\u01b0\u1eddng \u1ed1ng v\u00e0 m\u1eb7t b\u00edch:<\/b> B\u00f4i tr\u01a1n c\u00e1c bu l\u00f4ng m\u1eb7t b\u00edch trong c\u00e1c nh\u00e0 m\u00e1y \u0111i\u1ec7n, nh\u00e0 m\u00e1y h\u00f3a ch\u1ea5t, gi\u00fap vi\u1ec7c th\u00e1o l\u1eafp b\u1ea3o tr\u00ec d\u1ec5 d\u00e0ng.<\/li>\n<li><b>Thi\u1ebft b\u1ecb l\u00f2 nung v\u00e0 n\u1ed3i h\u01a1i:<\/b> C\u00e1c m\u1ed1i n\u1ed1i trong bu\u1ed3ng \u0111\u1ed1t, c\u1eeda l\u00f2, n\u01a1i ch\u1ecbu nhi\u1ec7t \u0111\u1ed9 v\u00e0 \u00e1p su\u1ea5t cao.<\/li>\n<li><b>Thi\u1ebft b\u1ecb h\u00e0ng h\u1ea3i v\u00e0 ngo\u00e0i tr\u1eddi:<\/b> C\u00e1c bu l\u00f4ng, ch\u1ed1t, b\u1ea3n l\u1ec1 th\u01b0\u1eddng xuy\u00ean ti\u1ebfp x\u00fac v\u1edbi n\u01b0\u1edbc m\u1eb7n ho\u1eb7c c\u00e1c y\u1ebfu t\u1ed1 th\u1eddi ti\u1ebft kh\u1eafc nghi\u1ec7t.<\/li>\n<li><img decoding=\"async\" title=\"molykote-1000-thread-paste-01kg-b-1751008563127-2\" src=\"https:\/\/yenhung.com\/wp-content\/uploads\/2025\/11\/molykote-1000-thread-paste-01kg-b-1751008563127-2.jpg\" alt=\"M\u1ee1 B\u00f4i Tr\u01a1n Molykote 1000 Thread Paste 01kg\/can\" data-thumb=\"large\" \/><\/li>\n<li><b>Trong c\u00e1c nh\u00e0 m\u00e1y th\u00e9p, xi m\u0103ng:<\/b> B\u00f4i tr\u01a1n c\u00e1c chi ti\u1ebft ch\u1ecbu nhi\u1ec7t v\u00e0 t\u1ea3i tr\u1ecdng l\u1edbn.<\/li>\n<\/ul>\n<\/div>\n","protected":false},"excerpt":{"rendered":"<p><strong>T\u00ean sa\u0309n ph\u00e2\u0309m:<\/strong> MOLYKOTE 1000 Paste (1kg\/h\u1ed9p)<br \/>\n<strong>\u0110\u1eb7c \u0111i\u1ec3m:<\/strong> M\u1ee1 b\u00f4i tr\u01a1n ch\u1ed1ng k\u1eb9t<br \/>\n<strong>T\u00ecnh tr\u1ea1ng:<\/strong> Li\u00ean h\u1ec7 S\u0110T 090 666 5927 .<br \/>\n<strong>Kho:<\/strong> H\u1ed3 Ch\u00ed Minh.<br \/>\n<strong>Li\u00ean h\u1ec7:<\/strong> 090.666.5927 (24\/7)<br \/>\n<strong>Giao h\u00e0ng:<\/strong> Trong ng\u00e0y<\/p>\n","protected":false},"featured_media":6672,"comment_status":"closed","ping_status":"closed","template":"","meta":[],"product_brand":[],"product_cat":[155],"product_tag":[],"class_list":{"0":"post-6671","1":"product","2":"type-product","3":"status-publish","4":"has-post-thumbnail","6":"product_cat-dupont","8":"first","9":"instock","10":"shipping-taxable","11":"product-type-simple"},"_links":{"self":[{"href":"https:\/\/yenhung.com\/index.php?rest_route=\/wp\/v2\/product\/6671","targetHints":{"allow":["GET"]}}],"collection":[{"href":"https:\/\/yenhung.com\/index.php?rest_route=\/wp\/v2\/product"}],"about":[{"href":"https:\/\/yenhung.com\/index.php?rest_route=\/wp\/v2\/types\/product"}],"replies":[{"embeddable":true,"href":"https:\/\/yenhung.com\/index.php?rest_route=%2Fwp%2Fv2%2Fcomments&post=6671"}],"wp:featuredmedia":[{"embeddable":true,"href":"https:\/\/yenhung.com\/index.php?rest_route=\/wp\/v2\/media\/6672"}],"wp:attachment":[{"href":"https:\/\/yenhung.com\/index.php?rest_route=%2Fwp%2Fv2%2Fmedia&parent=6671"}],"wp:term":[{"taxonomy":"product_brand","embeddable":true,"href":"https:\/\/yenhung.com\/index.php?rest_route=%2Fwp%2Fv2%2Fproduct_brand&post=6671"},{"taxonomy":"product_cat","embeddable":true,"href":"https:\/\/yenhung.com\/index.php?rest_route=%2Fwp%2Fv2%2Fproduct_cat&post=6671"},{"taxonomy":"product_tag","embeddable":true,"href":"https:\/\/yenhung.com\/index.php?rest_route=%2Fwp%2Fv2%2Fproduct_tag&post=6671"}],"curies":[{"name":"wp","href":"https:\/\/api.w.org\/{rel}","templated":true}]}}