{"id":6679,"date":"2025-11-10T07:19:16","date_gmt":"2025-11-10T07:19:16","guid":{"rendered":"https:\/\/yenhung.com\/?product=che-pham-boi-tron-molykote-55-o-ring-100g-tuyp"},"modified":"2026-02-11T04:50:04","modified_gmt":"2026-02-11T04:50:04","slug":"che-pham-boi-tron-molykote-55-o-ring-100g-tuyp","status":"publish","type":"product","link":"https:\/\/yenhung.com\/?product=che-pham-boi-tron-molykote-55-o-ring-100g-tuyp","title":{"rendered":"Ch\u1ebf ph\u1ea9m b\u00f4i tr\u01a1n molykote 55 o ring (100g\/tu\u00fdp)"},"content":{"rendered":"<div class=\"ba-text-fpt\">\n<h2><strong>Ch\u1ebf ph\u1ea9m b\u00f4i tr\u01a1n molykote 55 o ring (100g\/tu\u00fdp)<\/strong><\/h2>\n<p>\u0110\u00e2y l\u00e0 m\u1ed9t lo\u1ea1i <b>m\u1ee1 g\u1ed1c silicone<\/b> \u0111\u1eb7c bi\u1ec7t c\u1ee7a th\u01b0\u01a1ng hi\u1ec7u <b>Molykote<\/b> (thu\u1ed9c DuPont, tr\u01b0\u1edbc \u0111\u00e2y l\u00e0 Dow Corning), \u0111\u01b0\u1ee3c thi\u1ebft k\u1ebf chuy\u00ean d\u1ee5ng \u0111\u1ec3 b\u00f4i tr\u01a1n v\u00e0 b\u1ea3o v\u1ec7 <b>v\u00f2ng \u0111\u1ec7m ch\u1eef O (O-rings)<\/b> v\u00e0 c\u00e1c chi ti\u1ebft l\u00e0m t\u1eeb cao su ho\u1eb7c elastomer.<\/p>\n<p>Molykote 55 O-Ring Grease n\u1ed5i b\u1eadt v\u1edbi kh\u1ea3 n\u0103ng duy tr\u00ec \u0111\u1ed9 \u0111\u00e0n h\u1ed3i v\u00e0 t\u00ednh to\u00e0n v\u1eb9n c\u1ee7a c\u00e1c gio\u0103ng, ph\u1edbt, gi\u00fap ch\u00fang ho\u1ea1t \u0111\u1ed9ng hi\u1ec7u qu\u1ea3 v\u00e0 k\u00e9o d\u00e0i tu\u1ed5i th\u1ecd, \u0111\u1eb7c bi\u1ec7t trong c\u00e1c h\u1ec7 th\u1ed1ng kh\u00ed n\u00e9n v\u00e0 th\u1ee7y l\u1ef1c.<\/p>\n<h3>\u0110\u1eb7c \u0111i\u1ec3m n\u1ed5i b\u1eadt c\u1ee7a M\u1ee1 Molykote 55 O-Ring Grease<\/h3>\n<p><img decoding=\"async\" title=\"molykote-55-o-ring-100gr-a-1750999323360-1\" src=\"https:\/\/yenhung.com\/wp-content\/uploads\/2025\/11\/molykote-55-o-ring-100gr-a-1750999323360-1.jpg\" alt=\"Ch\u1ebf ph\u1ea9m b\u00f4i tr\u01a1n molykote 55 o ring (100g\/tu\u00fdp)\" data-thumb=\"large\" \/><\/p>\n<p>Molykote 55 O-Ring Grease s\u1edf h\u1eefu nh\u1eefng \u0111\u1eb7c t\u00ednh \u01b0u vi\u1ec7t gi\u00fap n\u00f3 tr\u1edf th\u00e0nh l\u1ef1a ch\u1ecdn l\u00fd t\u01b0\u1edfng cho vi\u1ec7c b\u1ea3o d\u01b0\u1ee1ng c\u00e1c chi ti\u1ebft l\u00e0m k\u00edn:<\/p>\n<ul>\n<li><b>T\u01b0\u01a1ng th\u00edch cao v\u1edbi cao su v\u00e0 elastomer:<\/b> \u0110\u00e2y l\u00e0 \u0111i\u1ec3m m\u1ea1nh ch\u00ednh c\u1ee7a Molykote 55. M\u1ee1 \u0111\u01b0\u1ee3c pha ch\u1ebf \u0111\u1eb7c bi\u1ec7t \u0111\u1ec3 <b>kh\u00f4ng l\u00e0m tr\u01b0\u01a1ng n\u1edf, n\u1ee9t ho\u1eb7c l\u00e0m h\u1ecfng c\u1ea5u tr\u00fac<\/b> c\u1ee7a h\u1ea7u h\u1ebft c\u00e1c lo\u1ea1i cao su d\u00f9ng l\u00e0m O-ring nh\u01b0 NBR, EPDM, Viton, silicone (l\u01b0u \u00fd: m\u1eb7c d\u00f9 l\u00e0 m\u1ee1 g\u1ed1c silicone, nh\u01b0ng n\u00f3 kh\u00f4ng khuy\u1ebfn ngh\u1ecb cho O-ring l\u00e0m t\u1eeb cao su silicone &#8211; SR, n\u00ean ki\u1ec3m tra k\u1ef9 datasheet ho\u1eb7c t\u01b0 v\u1ea5n nh\u00e0 cung c\u1ea5p n\u1ebfu O-ring c\u1ee7a b\u1ea1n l\u00e0 lo\u1ea1i SR). N\u00f3 th\u1eadm ch\u00ed c\u00f3 th\u1ec3 l\u00e0m h\u01a1i ph\u1ed3ng nh\u1eb9 m\u1ed9t s\u1ed1 lo\u1ea1i cao su t\u1ef1 nhi\u00ean \u0111\u1ec3 c\u1ea3i thi\u1ec7n kh\u1ea3 n\u0103ng l\u00e0m k\u00edn.<\/li>\n<li><img decoding=\"async\" title=\"molykote-55-o-ring-100gr-c-1750999321959-2\" src=\"https:\/\/yenhung.com\/wp-content\/uploads\/2025\/11\/molykote-55-o-ring-100gr-c-1750999321959-2.jpg\" alt=\"Ch\u1ebf ph\u1ea9m b\u00f4i tr\u01a1n molykote 55 o ring (100g\/tu\u00fdp)\" data-thumb=\"large\" \/><\/li>\n<li><b>Ph\u1ea1m vi nhi\u1ec7t \u0111\u1ed9 ho\u1ea1t \u0111\u1ed9ng r\u1ed9ng:<\/b> Ho\u1ea1t \u0111\u1ed9ng \u1ed5n \u0111\u1ecbnh trong d\u1ea3i nhi\u1ec7t \u0111\u1ed9 t\u1eeb kho\u1ea3ng <b>\u221265\u2218C \u0111\u1ebfn +175\u2218C<\/b>, ph\u00f9 h\u1ee3p cho c\u1ea3 m\u00f4i tr\u01b0\u1eddng l\u1ea1nh kh\u1eafc nghi\u1ec7t l\u1eabn nhi\u1ec7t \u0111\u1ed9 cao.<\/li>\n<li><b>Ch\u1ed1ng oxy h\u00f3a v\u00e0 l\u00e3o h\u00f3a t\u1ed1t:<\/b> Gi\u00fap b\u1ea3o v\u1ec7 c\u00e1c gio\u0103ng cao su kh\u1ecfi qu\u00e1 tr\u00ecnh oxy h\u00f3a v\u00e0 l\u00e3o h\u00f3a do nhi\u1ec7t \u0111\u1ed9, k\u00e9o d\u00e0i \u0111\u00e1ng k\u1ec3 tu\u1ed5i th\u1ecd c\u1ee7a ch\u00fang.<\/li>\n<li><b>Kh\u1ea3 n\u0103ng b\u00f4i tr\u01a1n tuy\u1ec7t v\u1eddi:<\/b> Gi\u1ea3m ma s\u00e1t \u0111\u00e1ng k\u1ec3 gi\u1eefa c\u00e1c b\u1ed9 ph\u1eadn cao su v\u00e0 kim lo\u1ea1i, gi\u00fap O-rings tr\u01b0\u1ee3t \u00eam \u00e1i, ng\u0103n ng\u1eeba k\u1eb9t d\u00ednh v\u00e0 m\u00e0i m\u00f2n.<\/li>\n<li><b>Ch\u1ed1ng \u0103n m\u00f2n hi\u1ec7u qu\u1ea3:<\/b> B\u1ea3o v\u1ec7 c\u00e1c b\u1ec1 m\u1eb7t kim lo\u1ea1i ti\u1ebfp x\u00fac v\u1edbi m\u1ee1 kh\u1ecfi b\u1ecb g\u1ec9 s\u00e9t v\u00e0 \u0103n m\u00f2n.<\/li>\n<li><b>Kh\u00f4ng ch\u1ea3y x\u1ec7:<\/b> M\u1ee1 c\u00f3 \u0111\u1ed9 s\u1ec7t ph\u00f9 h\u1ee3p (NLGI Grade 2), gi\u00fap n\u00f3 gi\u1eef v\u1eefng v\u1ecb tr\u00ed tr\u00ean c\u00e1c chi ti\u1ebft, kh\u00f4ng b\u1ecb ch\u1ea3y ra ngo\u00e0i trong qu\u00e1 tr\u00ecnh ho\u1ea1t \u0111\u1ed9ng.<\/li>\n<li><b>\u0110\u1ed9 b\u1ec1n \u0111i\u1ec7n m\u00f4i cao:<\/b> L\u00e0 ch\u1ea5t c\u00e1ch \u0111i\u1ec7n t\u1ed1t, an to\u00e0n cho c\u00e1c \u1ee9ng d\u1ee5ng c\u00f3 y\u00eau c\u1ea7u v\u1ec1 \u0111i\u1ec7n.<br \/>\n<h3>\u1ee8ng d\u1ee5ng c\u1ee7a M\u1ee1 Molykote 55 O-Ring Grease<\/h3>\n<p><img decoding=\"async\" title=\"molykote-55-o-ring-100gr-b-1750999322666-1\" src=\"https:\/\/yenhung.com\/wp-content\/uploads\/2025\/11\/molykote-55-o-ring-100gr-b-1750999322666-1.jpg\" alt=\"Ch\u1ebf ph\u1ea9m b\u00f4i tr\u01a1n molykote 55 o ring (100g\/tu\u00fdp)\" data-thumb=\"large\" \/><\/p>\n<p>Molykote 55 O-Ring Grease \u0111\u01b0\u1ee3c \u1ee9ng d\u1ee5ng r\u1ed9ng r\u00e3i trong c\u00e1c ng\u00e0nh c\u00f4ng nghi\u1ec7p, \u0111\u1eb7c bi\u1ec7t l\u00e0 n\u01a1i c\u00f3 s\u1eed d\u1ee5ng O-rings v\u00e0 gio\u0103ng cao su:<\/li>\n<li><b>B\u00f4i tr\u01a1n v\u00e0 b\u1ea3o v\u1ec7 O-rings v\u00e0 gio\u0103ng cao su:<\/b>\n<ul>\n<li>Trong c\u00e1c h\u1ec7 th\u1ed1ng kh\u00ed n\u00e9n v\u00e0 th\u1ee7y l\u1ef1c.<\/li>\n<li>Van \u0111i\u1ec1u khi\u1ec3n, van kh\u00ed n\u00e9n, xi lanh kh\u00ed n\u00e9n.<\/li>\n<li>C\u00e1c chi ti\u1ebft l\u00e0m k\u00edn trong m\u00e1y m\u00f3c, thi\u1ebft b\u1ecb c\u00f4ng nghi\u1ec7p.<\/li>\n<li>L\u00e0m k\u00edn trong c\u00e1c kh\u1edbp n\u1ed1i \u1ed1ng, ph\u1ee5 ki\u1ec7n.<\/li>\n<\/ul>\n<\/li>\n<li><b>C\u00f4ng nghi\u1ec7p \u00f4 t\u00f4 v\u00e0 h\u00e0ng kh\u00f4ng:<\/b> B\u00f4i tr\u01a1n c\u00e1c gio\u0103ng trong h\u1ec7 th\u1ed1ng phanh, h\u1ec7 th\u1ed1ng nhi\u00ean li\u1ec7u, v\u00e0 c\u00e1c b\u1ed9 ph\u1eadn kh\u00ed n\u00e9n tr\u00ean m\u00e1y bay.<\/li>\n<li><b>Thi\u1ebft b\u1ecb y t\u1ebf v\u00e0 d\u01b0\u1ee3c ph\u1ea9m:<\/b> Trong c\u00e1c thi\u1ebft b\u1ecb c\u1ea7n l\u00e0m k\u00edn b\u1eb1ng cao su v\u00e0 y\u00eau c\u1ea7u \u0111\u1ed9 b\u1ec1n cao.<\/li>\n<li><b>Thi\u1ebft b\u1ecb gia d\u1ee5ng:<\/b> B\u00f4i tr\u01a1n c\u00e1c gio\u0103ng cao su trong m\u00e1y gi\u1eb7t, m\u00e1y r\u1eeda ch\u00e9n, v.v.<\/li>\n<\/ul>\n<\/div>\n","protected":false},"excerpt":{"rendered":"<p><strong>S\u1ea3n ph\u1ea9m:<\/strong> Ch\u1ebf ph\u1ea9m b\u00f4i tr\u01a1n molykote 55 o ring (100g\/tu\u00fdp)<br \/>\n<b>Kho: <\/b>HCM<br \/>\n<strong>Gi\u00e1:<\/strong> Li\u00ean h\u1ec7 090.666.5927<br \/>\n<strong>T\u00ecnh tr\u1ea1ng<\/strong>: Li\u00ean h\u1ec7 S\u0110T 090 666 5927<\/p>\n","protected":false},"featured_media":6680,"comment_status":"closed","ping_status":"closed","template":"","meta":[],"product_brand":[],"product_cat":[155],"product_tag":[],"class_list":{"0":"post-6679","1":"product","2":"type-product","3":"status-publish","4":"has-post-thumbnail","6":"product_cat-dupont","8":"first","9":"instock","10":"shipping-taxable","11":"product-type-simple"},"_links":{"self":[{"href":"https:\/\/yenhung.com\/index.php?rest_route=\/wp\/v2\/product\/6679","targetHints":{"allow":["GET"]}}],"collection":[{"href":"https:\/\/yenhung.com\/index.php?rest_route=\/wp\/v2\/product"}],"about":[{"href":"https:\/\/yenhung.com\/index.php?rest_route=\/wp\/v2\/types\/product"}],"replies":[{"embeddable":true,"href":"https:\/\/yenhung.com\/index.php?rest_route=%2Fwp%2Fv2%2Fcomments&post=6679"}],"wp:featuredmedia":[{"embeddable":true,"href":"https:\/\/yenhung.com\/index.php?rest_route=\/wp\/v2\/media\/6680"}],"wp:attachment":[{"href":"https:\/\/yenhung.com\/index.php?rest_route=%2Fwp%2Fv2%2Fmedia&parent=6679"}],"wp:term":[{"taxonomy":"product_brand","embeddable":true,"href":"https:\/\/yenhung.com\/index.php?rest_route=%2Fwp%2Fv2%2Fproduct_brand&post=6679"},{"taxonomy":"product_cat","embeddable":true,"href":"https:\/\/yenhung.com\/index.php?rest_route=%2Fwp%2Fv2%2Fproduct_cat&post=6679"},{"taxonomy":"product_tag","embeddable":true,"href":"https:\/\/yenhung.com\/index.php?rest_route=%2Fwp%2Fv2%2Fproduct_tag&post=6679"}],"curies":[{"name":"wp","href":"https:\/\/api.w.org\/{rel}","templated":true}]}}