{"id":6687,"date":"2025-11-10T07:19:23","date_gmt":"2025-11-10T07:19:23","guid":{"rendered":"https:\/\/yenhung.com\/?product=che-pham-boi-tron-molykote-d321r-400ml-binh"},"modified":"2026-02-11T04:49:07","modified_gmt":"2026-02-11T04:49:07","slug":"che-pham-boi-tron-molykote-d321r-400ml-binh","status":"publish","type":"product","link":"https:\/\/yenhung.com\/?product=che-pham-boi-tron-molykote-d321r-400ml-binh","title":{"rendered":"Ch\u1ebf ph\u1ea9m b\u00f4i tr\u01a1n molykote d321r (400ml\/b\u00ecnh)"},"content":{"rendered":"<div class=\"ba-text-fpt\">\n<h2><strong>Ch\u1ebf ph\u1ea9m b\u00f4i tr\u01a1n molykote d321r (400ml\/b\u00ecnh)<\/strong><\/h2>\n<p>\u0110\u00e2y l\u00e0 m\u1ed9t lo\u1ea1i <b>l\u1edbp ph\u1ee7 ch\u1ed1ng ma s\u00e1t (Anti-Friction Coating) d\u1ea1ng m\u00e0ng kh\u00f4<\/b> n\u1ed5i ti\u1ebfng c\u1ee7a <b>DuPont (tr\u01b0\u1edbc \u0111\u00e2y l\u00e0 Dow Corning), th\u01b0\u01a1ng hi\u1ec7u Molykote<\/b>, chuy\u00ean d\u00f9ng \u0111\u1ec3 b\u00f4i tr\u01a1n c\u00e1c b\u1ec1 m\u1eb7t kim lo\u1ea1i trong \u0111i\u1ec1u ki\u1ec7n kh\u1eafc nghi\u1ec7t.<\/p>\n<p><b>\u0110\u1eb7c \u0111i\u1ec3m n\u1ed5i b\u1eadt c\u1ee7a Molykote D-321 R (400ml)<\/b><\/p>\n<p><img decoding=\"async\" title=\"molykote-d321r-c-1752482292565-1\" src=\"https:\/\/yenhung.com\/wp-content\/uploads\/2025\/11\/molykote-d321r-c-1752482292565-1.jpg\" alt=\"Ch\u1ebf ph\u1ea9m b\u00f4i tr\u01a1n molykote d321r (400ml\/b\u00ecnh)\" data-thumb=\"large\" \/><\/p>\n<p>Molykote D-321 R l\u00e0 m\u1ed9t lo\u1ea1i ch\u1ea5t b\u00f4i tr\u01a1n d\u1ea1ng m\u00e0ng kh\u00f4, \u0111\u01b0\u1ee3c \u0111\u00f3ng r\u1eafn trong kh\u00f4ng kh\u00ed, ch\u1ee9a c\u00e1c ch\u1ea5t b\u00f4i tr\u01a1n r\u1eafn nh\u01b0 <b>molypden disulfide (MoS\u2082) v\u00e0 than ch\u00ec<\/b>, k\u1ebft h\u1ee3p v\u1edbi m\u1ed9t ch\u1ea5t k\u1ebft d\u00ednh h\u1eefu c\u01a1 v\u00e0 dung m\u00f4i.<\/p>\n<ul>\n<li><b>B\u00f4i tr\u01a1n m\u00e0ng kh\u00f4:<\/b> \u0110i\u1ec3m \u0111\u1eb7c bi\u1ec7t c\u1ee7a D-321 R l\u00e0 n\u00f3 t\u1ea1o ra m\u1ed9t l\u1edbp m\u00e0ng b\u00f4i tr\u01a1n kh\u00f4 ho\u00e0n to\u00e0n tr\u00ean b\u1ec1 m\u1eb7t sau khi dung m\u00f4i bay h\u01a1i v\u00e0 keo \u0111\u00f3ng r\u1eafn. L\u1edbp m\u00e0ng n\u00e0y kh\u00f4ng b\u00e1m b\u1ee5i b\u1ea9n, r\u1ea5t s\u1ea1ch s\u1ebd v\u00e0 kh\u00f4ng g\u00e2y l\u1ed9n x\u1ed9n nh\u01b0 m\u1ee1 ho\u1eb7c d\u1ea7u.<\/li>\n<li><b>Ch\u1ecbu nhi\u1ec7t \u0111\u1ed9 c\u1ef1c cao v\u00e0 th\u1ea5p:<\/b> Kh\u1ea3 n\u0103ng ho\u1ea1t \u0111\u1ed9ng hi\u1ec7u qu\u1ea3 trong d\u1ea3i nhi\u1ec7t \u0111\u1ed9 c\u1ef1c r\u1ed9ng, t\u1eeb <b>\u2212180\u2218C \u0111\u1ebfn +450\u2218C<\/b>. \u0110i\u1ec1u n\u00e0y l\u00e0m cho n\u00f3 ph\u00f9 h\u1ee3p cho c\u00e1c \u1ee9ng d\u1ee5ng trong m\u00f4i tr\u01b0\u1eddng ch\u00e2n kh\u00f4ng cao, nhi\u1ec7t \u0111\u1ed9 r\u1ea5t th\u1ea5p ho\u1eb7c r\u1ea5t cao.<\/li>\n<li><b>Ch\u1ed1ng d\u00ednh tr\u01b0\u1ee3t (Anti-Stick-Slip):<\/b> Gi\u00fap lo\u1ea1i b\u1ecf hi\u1ec7n t\u01b0\u1ee3ng &#8220;stick-slip&#8221; (tr\u01b0\u1ee3t &#8211; d\u1eebng \u0111\u1ed9t ng\u1ed9t) th\u01b0\u1eddng x\u1ea3y ra \u1edf c\u00e1c chuy\u1ec3n \u0111\u1ed9ng ch\u1eadm d\u01b0\u1edbi t\u1ea3i tr\u1ecdng cao, \u0111\u1ea3m b\u1ea3o chuy\u1ec3n \u0111\u1ed9ng tr\u01a1n tru, ch\u00ednh x\u00e1c.<\/li>\n<li><b>Ch\u1ed1ng l\u00e3o h\u00f3a cao:<\/b> L\u1edbp ph\u1ee7 c\u00f3 \u0111\u1ed9 b\u1ec1n h\u00f3a h\u1ecdc v\u00e0 \u0111\u1ed9 \u1ed5n \u0111\u1ecbnh nhi\u1ec7t t\u1ed1t, gi\u00fap k\u00e9o d\u00e0i tu\u1ed5i th\u1ecd c\u1ee7a l\u1edbp b\u00f4i tr\u01a1n v\u00e0 b\u1ea3o v\u1ec7 b\u1ec1 m\u1eb7t l\u00e2u d\u00e0i.<\/li>\n<li><b>Ch\u1ecbu t\u1ea3i tr\u1ecdng cao:<\/b> V\u1edbi th\u00e0nh ph\u1ea7n b\u00f4i tr\u01a1n r\u1eafn, s\u1ea3n ph\u1ea9m n\u00e0y c\u00f3 kh\u1ea3 n\u0103ng ch\u1ecbu t\u1ea3i tr\u1ecdng r\u1ea5t cao, k\u1ec3 c\u1ea3 t\u1ea3i tr\u1ecdng va \u0111\u1eadp, b\u1ea3o v\u1ec7 b\u1ec1 m\u1eb7t kim lo\u1ea1i kh\u1ecfi m\u00e0i m\u00f2n.<\/li>\n<li><b>T\u0103ng c\u01b0\u1eddng qu\u00e1 tr\u00ecnh ch\u1ea1y r\u00e0 (Running-in):<\/b> \u0110\u01b0\u1ee3c s\u1eed d\u1ee5ng \u0111\u1ec3 c\u1ea3i thi\u1ec7n qu\u00e1 tr\u00ecnh ch\u1ea1y r\u00e0 c\u1ee7a c\u00e1c chi ti\u1ebft m\u1edbi, gi\u00fap c\u00e1c b\u1ec1 m\u1eb7t ti\u1ebfp x\u00fac \u0103n kh\u1edbp v\u1edbi nhau m\u1ed9t c\u00e1ch nh\u1eb9 nh\u00e0ng v\u00e0 hi\u1ec7u qu\u1ea3 h\u01a1n, gi\u1ea3m m\u00e0i m\u00f2n ban \u0111\u1ea7u.<\/li>\n<li><b>D\u1ea1ng x\u1ecbt ti\u1ec7n l\u1ee3i:<\/b> B\u00ecnh x\u1ecbt 400ml cho ph\u00e9p \u1ee9ng d\u1ee5ng d\u1ec5 d\u00e0ng v\u00e0 \u0111\u1ec1u l\u00ean c\u00e1c b\u1ec1 m\u1eb7t, \u0111\u1eb7c bi\u1ec7t l\u00e0 c\u00e1c khu v\u1ef1c kh\u00f3 ti\u1ebfp c\u1eadn.<\/li>\n<li><b>M\u00e0u s\u1eafc:<\/b> X\u00e1m \u0111en (Grey-black).<br \/>\n<h3><b>\u1ee8ng d\u1ee5ng ph\u1ed5 bi\u1ebfn c\u1ee7a Molykote D-321 R<\/b><\/h3>\n<p><img decoding=\"async\" title=\"molykote-d321r-d-1752482291389-2\" src=\"https:\/\/yenhung.com\/wp-content\/uploads\/2025\/11\/molykote-d321r-d-1752482291389-2.jpg\" alt=\"Ch\u1ebf ph\u1ea9m b\u00f4i tr\u01a1n molykote d321r (400ml\/b\u00ecnh)\" data-thumb=\"large\" \/><\/p>\n<p>Molykote D-321 R l\u00fd t\u01b0\u1edfng cho c\u00e1c k\u1ebft h\u1ee3p kim lo\u1ea1i\/kim lo\u1ea1i v\u1edbi chuy\u1ec3n \u0111\u1ed9ng ch\u1eadm \u0111\u1ebfn trung b\u00ecnh nhanh v\u00e0 t\u1ea3i tr\u1ecdng cao, \u0111\u1eb7c bi\u1ec7t l\u00e0 khi kh\u00f4ng th\u1ec3 s\u1eed d\u1ee5ng d\u1ea7u ho\u1eb7c m\u1ee1 truy\u1ec1n th\u1ed1ng:<\/li>\n<li><b>C\u00e1c chi ti\u1ebft chuy\u1ec3n \u0111\u1ed9ng ch\u1eadm, t\u1ea3i tr\u1ecdng cao:<\/b> \u1ed4 tr\u1ee5c tr\u01b0\u1ee3t, b\u1ea1c l\u00f3t, \u1ed1ng l\u00f3t, kh\u1edbp n\u1ed1i, bul\u00f4ng, \u0111inh t\u00e1n.<\/li>\n<li><b>C\u01a1 c\u1ea5u \u0111i\u1ec1u ch\u1ec9nh:<\/b> C\u01a1 ch\u1ebf \u0111i\u1ec1u ch\u1ec9nh g\u01b0\u01a1ng \u00f4 t\u00f4, \u0111\u01b0\u1eddng ray tr\u01b0\u1ee3t, d\u1eabn h\u01b0\u1edbng, b\u1ea3ng h\u01b0\u1edbng d\u1eabn.<\/li>\n<li><b>H\u01b0\u1edbng d\u1eabn s\u1eed d\u1ee5ng c\u01a1 b\u1ea3n:<\/b><\/li>\n<li><b>L\u00e0m s\u1ea1ch b\u1ec1 m\u1eb7t:<\/b> B\u1ec1 m\u1eb7t c\u1ea7n \u0111\u01b0\u1ee3c l\u00e0m s\u1ea1ch v\u00e0 t\u1ea9y d\u1ea7u m\u1ee1 ho\u00e0n to\u00e0n tr\u01b0\u1edbc khi ph\u1ee7 Molykote D-321 R. C\u00f3 th\u1ec3 l\u00e0m s\u1ea1ch b\u1eb1ng ph\u01b0\u01a1ng ph\u00e1p h\u00f3a h\u1ecdc ho\u1eb7c c\u01a1 h\u1ecdc. Phosphat h\u00f3a ho\u1eb7c phun c\u00e1t (180 grit) c\u00f3 th\u1ec3 l\u00e0m t\u0103ng \u0111\u1ed9 b\u00e1m d\u00ednh v\u00e0 tu\u1ed5i th\u1ecd c\u1ee7a l\u1edbp ph\u1ee7.<\/li>\n<li><b>L\u1eafc \u0111\u1ec1u:<\/b> L\u1eafc k\u1ef9 b\u00ecnh x\u1ecbt tr\u01b0\u1edbc khi s\u1eed d\u1ee5ng \u0111\u1ec3 \u0111\u1ea3m b\u1ea3o c\u00e1c ch\u1ea5t r\u1eafn \u0111\u01b0\u1ee3c ph\u00e2n t\u00e1n \u0111\u1ec1u.<\/li>\n<li><b>Phun:<\/b> Phun m\u1ed9t l\u1edbp m\u1ecfng, \u0111\u1ec1u l\u00ean b\u1ec1 m\u1eb7t. \u0110\u1ed9 d\u00e0y m\u00e0ng kh\u00f4 khuy\u1ebfn ngh\u1ecb l\u00e0 5 \u0111\u1ebfn 20\u03bcm.<\/li>\n<li><b>Th\u1eddi gian kh\u00f4\/\u0111\u00f3ng r\u1eafn:<\/b> L\u1edbp m\u00e0ng s\u1ebd kh\u00f4 ch\u1ea1m sau kho\u1ea3ng 5 ph\u00fat \u1edf 23\u2218C. \u0110\u1ec3 \u0111\u1ea1t \u0111\u01b0\u1ee3c c\u00e1c \u0111\u1eb7c t\u00ednh b\u00f4i tr\u01a1n t\u1ed1t nh\u1ea5t, c\u1ea7n th\u1eddi gian \u0111\u00f3ng r\u1eafn ho\u00e0n to\u00e0n kho\u1ea3ng 2 gi\u1edd \u1edf 23\u2218C. C\u00f3 th\u1ec3 gi\u1ea3m th\u1eddi gian kh\u00f4 b\u1eb1ng c\u00e1ch s\u1ea5y n\u00f3ng \u1edf 80\u2218C.<\/li>\n<li><\/li>\n<li><b>Trong \u0111i\u1ec1u ki\u1ec7n kh\u1eafc nghi\u1ec7t:<\/b>\n<ul>\n<li><b>Ch\u00e2n kh\u00f4ng cao:<\/b> Thi\u1ebft b\u1ecb trong m\u00f4i tr\u01b0\u1eddng ch\u00e2n kh\u00f4ng cao (v\u00ed d\u1ee5: c\u00f4ng ngh\u1ec7 v\u0169 tr\u1ee5, ch\u00e2n kh\u00f4ng c\u00f4ng nghi\u1ec7p).<\/li>\n<li><b>Nhi\u1ec7t \u0111\u1ed9 c\u1ef1c \u0111oan:<\/b> C\u00e1c b\u1ed9 ph\u1eadn trong l\u00f2 n\u01b0\u1edbng, l\u00f2 s\u1ea5y, ho\u1eb7c thi\u1ebft b\u1ecb ho\u1ea1t \u0111\u1ed9ng \u1edf nhi\u1ec7t \u0111\u1ed9 r\u1ea5t th\u1ea5p.<\/li>\n<\/ul>\n<\/li>\n<li><b>C\u1ea3i thi\u1ec7n qu\u00e1 tr\u00ecnh ch\u1ea1y r\u00e0:<\/b> B\u00f4i tr\u01a1n ban \u0111\u1ea7u cho c\u00e1c b\u00e1nh r\u0103ng ch\u1ecbu t\u1ea3i n\u1eb7ng, c\u00e1c b\u1ed9 ph\u1eadn \u0111\u1ed9ng c\u01a1 m\u1edbi.<\/li>\n<li><img decoding=\"async\" title=\"molykote-d321r-b-1752482293862-1\" src=\"https:\/\/yenhung.com\/wp-content\/uploads\/2025\/11\/molykote-d321r-b-1752482293862-1.jpg\" alt=\"Ch\u1ebf ph\u1ea9m b\u00f4i tr\u01a1n molykote d321r (400ml\/b\u00ecnh)\" data-thumb=\"large\" \/><\/li>\n<li><b>B\u00f4i tr\u01a1n kh\u1ea9n c\u1ea5p:<\/b> S\u1eed d\u1ee5ng nh\u01b0 m\u1ed9t l\u1edbp b\u00f4i tr\u01a1n d\u1ef1 ph\u00f2ng trong tr\u01b0\u1eddng h\u1ee3p h\u1ec7 th\u1ed1ng b\u00f4i tr\u01a1n ch\u00ednh b\u1ecb h\u1ecfng.<\/li>\n<li><b>\u1ee8ng d\u1ee5ng \u0111\u1eb7c bi\u1ec7t:<\/b> Bul\u00f4ng \u0111\u1ea7u xi-lanh, c\u00f4ng t\u1eafc \u0111i\u1ec7n \u00e1p cao, c\u00e1c b\u1ed9 ph\u1eadn c\u1ee7a \u0111\u1ea7u rotor trong l\u1eafp \u0111\u1eb7t n\u0103ng l\u01b0\u1ee3ng gi\u00f3, v\u00e0 cho qu\u00e1 tr\u00ecnh \u00e9p \u0111\u00f9n ngu\u1ed9i th\u00e9p kh\u00f4ng r\u00e3nh.<\/li>\n<\/ul>\n<\/div>\n","protected":false},"excerpt":{"rendered":"<p><strong>T\u00ean sa\u0309n ph\u00e2\u0309m:<\/strong> M\u1ee1 Molykote D321R<br \/>\n<strong>\u0110\u1eb7c \u0111i\u1ec3m:<\/strong> M\u1ee1 ch\u1ed1ng ma s\u00e1t<br \/>\n<strong>T\u00ecnh tr\u1ea1ng:<\/strong> Li\u00ean h\u1ec7 S\u0110T 090 666 5927 .<br \/>\n<strong>Kho:<\/strong> H\u1ed3 Ch\u00ed Minh.<br \/>\n<strong>Li\u00ean h\u1ec7:<\/strong> 090.666.5927 (24\/7)<br \/>\n<strong>Giao h\u00e0ng:<\/strong> Trong ng\u00e0y<\/p>\n","protected":false},"featured_media":6688,"comment_status":"closed","ping_status":"closed","template":"","meta":[],"product_brand":[],"product_cat":[155],"product_tag":[],"class_list":{"0":"post-6687","1":"product","2":"type-product","3":"status-publish","4":"has-post-thumbnail","6":"product_cat-dupont","8":"first","9":"instock","10":"shipping-taxable","11":"product-type-simple"},"_links":{"self":[{"href":"https:\/\/yenhung.com\/index.php?rest_route=\/wp\/v2\/product\/6687","targetHints":{"allow":["GET"]}}],"collection":[{"href":"https:\/\/yenhung.com\/index.php?rest_route=\/wp\/v2\/product"}],"about":[{"href":"https:\/\/yenhung.com\/index.php?rest_route=\/wp\/v2\/types\/product"}],"replies":[{"embeddable":true,"href":"https:\/\/yenhung.com\/index.php?rest_route=%2Fwp%2Fv2%2Fcomments&post=6687"}],"wp:featuredmedia":[{"embeddable":true,"href":"https:\/\/yenhung.com\/index.php?rest_route=\/wp\/v2\/media\/6688"}],"wp:attachment":[{"href":"https:\/\/yenhung.com\/index.php?rest_route=%2Fwp%2Fv2%2Fmedia&parent=6687"}],"wp:term":[{"taxonomy":"product_brand","embeddable":true,"href":"https:\/\/yenhung.com\/index.php?rest_route=%2Fwp%2Fv2%2Fproduct_brand&post=6687"},{"taxonomy":"product_cat","embeddable":true,"href":"https:\/\/yenhung.com\/index.php?rest_route=%2Fwp%2Fv2%2Fproduct_cat&post=6687"},{"taxonomy":"product_tag","embeddable":true,"href":"https:\/\/yenhung.com\/index.php?rest_route=%2Fwp%2Fv2%2Fproduct_tag&post=6687"}],"curies":[{"name":"wp","href":"https:\/\/api.w.org\/{rel}","templated":true}]}}