{"id":6703,"date":"2025-11-10T07:19:36","date_gmt":"2025-11-10T07:19:36","guid":{"rendered":"https:\/\/yenhung.com\/?product=che-pham-boi-tron-molykote-111-150g-tuyp"},"modified":"2026-02-11T04:48:23","modified_gmt":"2026-02-11T04:48:23","slug":"che-pham-boi-tron-molykote-111-150g-tuyp","status":"publish","type":"product","link":"https:\/\/yenhung.com\/?product=che-pham-boi-tron-molykote-111-150g-tuyp","title":{"rendered":"Ch\u1ebf ph\u1ea9m b\u00f4i tr\u01a1n molykote 111 (150g\/tu\u00fdp)"},"content":{"rendered":"<div class=\"ba-text-fpt\">\n<h2><strong>Ch\u1ebf ph\u1ea9m b\u00f4i tr\u01a1n molykote 111 (150g\/tu\u00fdp)<\/strong><\/h2>\n<p>\u0110\u00e2y l\u00e0 m\u1ed9t s\u1ea3n ph\u1ea9m <b>h\u1ee3p ch\u1ea5t silicone (silicone compound)<\/b> r\u1ea5t n\u1ed5i ti\u1ebfng v\u00e0 \u0111a n\u0103ng c\u1ee7a th\u01b0\u01a1ng hi\u1ec7u <b>Molykote<\/b> (thu\u1ed9c DuPont, tr\u01b0\u1edbc \u0111\u00e2y l\u00e0 Dow Corning).<\/p>\n<p>Molykote 111 \u0111\u01b0\u1ee3c bi\u1ebft \u0111\u1ebfn r\u1ed9ng r\u00e3i nh\u1edd kh\u1ea3 n\u0103ng b\u00f4i tr\u01a1n v\u00e0 l\u00e0m k\u00edn v\u01b0\u1ee3t tr\u1ed9i, \u0111\u1eb7c bi\u1ec7t trong c\u00e1c \u1ee9ng d\u1ee5ng ti\u1ebfp x\u00fac v\u1edbi n\u01b0\u1edbc ho\u1eb7c y\u00eau c\u1ea7u \u0111\u1ed9 b\u1ec1n cao trong m\u00f4i tr\u01b0\u1eddng kh\u1eafc nghi\u1ec7t.<\/p>\n<h3>\u0110\u1eb7c \u0111i\u1ec3m n\u1ed5i b\u1eadt c\u1ee7a M\u1ee1 Molykote 111<\/h3>\n<p><img decoding=\"async\" title=\"molykote-111-150gr-a-1\" src=\"https:\/\/yenhung.com\/wp-content\/uploads\/2025\/11\/molykote-111-150gr-a-1.jpg\" alt=\"Ch\u1ebf ph\u1ea9m b\u00f4i tr\u01a1n molykote 111 (150g\/tu\u00fdp)\" data-thumb=\"large\" \/><\/p>\n<p>Molykote 111 s\u1edf h\u1eefu nh\u1eefng \u0111\u1eb7c t\u00ednh \u01b0u vi\u1ec7t gi\u00fap n\u00f3 tr\u1edf th\u00e0nh l\u1ef1a ch\u1ecdn h\u00e0ng \u0111\u1ea7u trong nhi\u1ec1u \u1ee9ng d\u1ee5ng:<\/p>\n<ul>\n<li><b>Kh\u1ea3 n\u0103ng ch\u1ed1ng n\u01b0\u1edbc tuy\u1ec7t v\u1eddi:<\/b> \u0110\u00e2y l\u00e0 m\u1ed9t trong nh\u1eefng \u0111i\u1ec3m m\u1ea1nh nh\u1ea5t c\u1ee7a Molykote 111. N\u00f3 t\u1ea1o ra m\u1ed9t l\u1edbp m\u00e0ng ch\u1ed1ng \u1ea9m hi\u1ec7u qu\u1ea3, kh\u00f4ng b\u1ecb r\u1eeda tr\u00f4i b\u1edfi n\u01b0\u1edbc ho\u1eb7c h\u01a1i n\u01b0\u1edbc, l\u00fd t\u01b0\u1edfng cho c\u00e1c van, ph\u1edbt, v\u00e0 thi\u1ebft b\u1ecb ho\u1ea1t \u0111\u1ed9ng trong m\u00f4i tr\u01b0\u1eddng \u1ea9m \u01b0\u1edbt ho\u1eb7c ti\u1ebfp x\u00fac v\u1edbi n\u01b0\u1edbc.<\/li>\n<li><b>Ph\u1ea1m vi nhi\u1ec7t \u0111\u1ed9 ho\u1ea1t \u0111\u1ed9ng r\u1ed9ng:<\/b> C\u00f3 th\u1ec3 ho\u1ea1t \u0111\u1ed9ng \u1ed5n \u0111\u1ecbnh trong d\u1ea3i nhi\u1ec7t \u0111\u1ed9 r\u1ed9ng t\u1eeb <b>\u221240\u2218C \u0111\u1ebfn +200\u2218C<\/b> (ho\u1eb7c l\u00ean \u0111\u1ebfn 204\u2218C theo m\u1ed9t s\u1ed1 t\u00e0i li\u1ec7u), ph\u00f9 h\u1ee3p cho c\u1ea3 \u1ee9ng d\u1ee5ng nhi\u1ec7t \u0111\u1ed9 th\u1ea5p v\u00e0 cao.<\/li>\n<li><b>T\u01b0\u01a1ng th\u00edch v\u1edbi nhi\u1ec1u v\u1eadt li\u1ec7u:<\/b> Molykote 111 t\u01b0\u01a1ng th\u00edch t\u1ed1t v\u1edbi nhi\u1ec1u lo\u1ea1i nh\u1ef1a v\u00e0 elastomer (cao su), bao g\u1ed3m O-rings, gasket v\u00e0 seals, gi\u00fap b\u1ea3o v\u1ec7 v\u00e0 k\u00e9o d\u00e0i tu\u1ed5i th\u1ecd c\u1ee7a c\u00e1c chi ti\u1ebft n\u00e0y.<\/li>\n<li><img decoding=\"async\" title=\"molykote-111-150g-d-2\" src=\"https:\/\/yenhung.com\/wp-content\/uploads\/2025\/11\/molykote-111-150g-d-2.jpg\" alt=\"Ch\u1ebf ph\u1ea9m b\u00f4i tr\u01a1n molykote 111 (150g\/tu\u00fdp)\" data-thumb=\"large\" \/><\/li>\n<li><b>\u00c1p su\u1ea5t h\u01a1i th\u1ea5p v\u00e0 \u0111\u1ed9 bay h\u01a1i th\u1ea5p:<\/b> Gi\u00fap duy tr\u00ec hi\u1ec7u su\u1ea5t b\u00f4i tr\u01a1n v\u00e0 l\u00e0m k\u00edn trong th\u1eddi gian d\u00e0i, gi\u1ea3m thi\u1ec3u s\u1ef1 hao h\u1ee5t v\u1eadt li\u1ec7u.<\/li>\n<li><b>Kh\u00f4ng \u0111\u1ed9c h\u1ea1i v\u00e0 \u0111\u1ea1t ti\u00eau chu\u1ea9n an to\u00e0n th\u1ef1c ph\u1ea9m\/n\u01b0\u1edbc:<\/b> Molykote 111 \u0111\u00e1p \u1ee9ng nhi\u1ec1u ti\u00eau chu\u1ea9n to\u00e0n c\u1ea7u v\u1ec1 ti\u1ebfp x\u00fac v\u1edbi n\u01b0\u1edbc, bao g\u1ed3m <b>NSF 51, NSF 61 v\u00e0 FDA 21 CFR 175.300<\/b>. \u0110i\u1ec1u n\u00e0y cho ph\u00e9p s\u1eed d\u1ee5ng an to\u00e0n trong c\u00e1c \u1ee9ng d\u1ee5ng ti\u1ebfp x\u00fac ng\u1eabu nhi\u00ean v\u1edbi th\u1ef1c ph\u1ea9m v\u00e0 n\u01b0\u1edbc u\u1ed1ng.<\/li>\n<li><b>\u0110\u1ed9 b\u1ec1n \u0111i\u1ec7n m\u00f4i cao:<\/b> L\u00e0 m\u1ed9t h\u1ee3p ch\u1ea5t silicone, n\u00f3 c\u00f3 kh\u1ea3 n\u0103ng c\u00e1ch \u0111i\u1ec7n t\u1ed1t, ph\u00f9 h\u1ee3p cho c\u00e1c \u1ee9ng d\u1ee5ng \u0111i\u1ec7n v\u00e0 \u0111i\u1ec7n t\u1eed.<\/li>\n<li><b>\u1ed4n \u0111\u1ecbnh h\u00f3a h\u1ecdc, oxy h\u00f3a v\u00e0 nhi\u1ec7t t\u1ed1t:<\/b> Gi\u00fap s\u1ea3n ph\u1ea9m duy tr\u00ec t\u00ednh ch\u1ea5t v\u00e0 hi\u1ec7u su\u1ea5t trong \u0111i\u1ec1u ki\u1ec7n kh\u1eafc nghi\u1ec7t.<br \/>\n<h3>\u1ee8ng d\u1ee5ng c\u1ee7a M\u1ee1 Molykote 111<\/h3>\n<p><img decoding=\"async\" title=\"molykote-111-150g-c-1\" src=\"https:\/\/yenhung.com\/wp-content\/uploads\/2025\/11\/molykote-111-150g-c-1.jpg\" alt=\"Ch\u1ebf ph\u1ea9m b\u00f4i tr\u01a1n molykote 111 (150g\/tu\u00fdp)\" data-thumb=\"large\" \/><\/p>\n<p>V\u1edbi c\u00e1c \u0111\u1eb7c t\u00ednh \u01b0u vi\u1ec7t, Molykote 111 \u0111\u01b0\u1ee3c \u1ee9ng d\u1ee5ng r\u1ed9ng r\u00e3i trong nhi\u1ec1u ng\u00e0nh c\u00f4ng nghi\u1ec7p:<\/li>\n<li><b>B\u00f4i tr\u01a1n v\u00e0 l\u00e0m k\u00edn van:<\/b> \u0110\u1eb7c bi\u1ec7t hi\u1ec7u qu\u1ea3 cho c\u00e1c lo\u1ea1i van \u00e1p su\u1ea5t, van \u0111i\u1ec1u khi\u1ec3n, van v\u00f2i n\u01b0\u1edbc, van bi, van b\u01b0\u1edbm trong c\u00e1c h\u1ec7 th\u1ed1ng x\u1eed l\u00fd n\u01b0\u1edbc, kh\u00ed, h\u00f3a ch\u1ea5t.<\/li>\n<li><b>L\u00e0m k\u00edn h\u1ec7 th\u1ed1ng ch\u00e2n kh\u00f4ng v\u00e0 \u00e1p su\u1ea5t:<\/b> S\u1eed d\u1ee5ng \u0111\u1ec3 b\u1ecbt k\u00edn c\u00e1c m\u1ed1i n\u1ed1i, m\u1eb7t b\u00edch, v\u00e0 c\u00e1c chi ti\u1ebft trong h\u1ec7 th\u1ed1ng ch\u00e2n kh\u00f4ng v\u00e0 \u00e1p su\u1ea5t, ng\u0103n ch\u1eb7n r\u00f2 r\u1ec9.<\/li>\n<li><b>B\u1ea3o v\u1ec7 gio\u0103ng v\u00e0 ph\u1edbt:<\/b> B\u00f4i tr\u01a1n v\u00e0 ch\u1ed1ng d\u00ednh cho c\u00e1c gio\u0103ng cao su v\u00e0 nh\u1ef1a (O-rings, gasket, seals), ng\u0103n ch\u00fang d\u00ednh v\u00e0o kim lo\u1ea1i, k\u00e9o d\u00e0i tu\u1ed5i th\u1ecd v\u00e0 kh\u1ea3 n\u0103ng l\u00e0m k\u00edn.<\/li>\n<li><b>B\u1ea3o v\u1ec7 thi\u1ebft b\u1ecb ngo\u00e0i tr\u1eddi:<\/b> \u00c1p d\u1ee5ng cho c\u00e1c thi\u1ebft b\u1ecb ngo\u00e0i tr\u1eddi, b\u1ea3ng \u0111i\u1ec1u khi\u1ec3n \u0111i\u1ec7n, t\u1ee7 \u0111i\u1ec7n, ho\u1eb7c c\u00e1c k\u1ebft n\u1ed1i ng\u1ea7m d\u01b0\u1edbi \u0111\u1ea5t, n\u01a1i c\u1ea7n kh\u1ea3 n\u0103ng ch\u1ed1ng n\u01b0\u1edbc, ch\u1ed1ng ch\u1ecbu th\u1eddi ti\u1ebft v\u00e0 ch\u1ed1ng r\u1eeda tr\u00f4i.<\/li>\n<li><b>Ch\u1ea5t gi\u1ea3m ch\u1ea5n:<\/b> D\u00f9ng l\u00e0m ch\u1ea5t gi\u1ea3m ch\u1ea5n (damping medium) cho c\u00e1c b\u1ed9 ph\u1eadn trong thi\u1ebft b\u1ecb \u0111i\u1ec7n v\u00e0 \u0111i\u1ec7n t\u1eed.<\/li>\n<\/ul>\n<\/div>\n","protected":false},"excerpt":{"rendered":"<p><strong>T\u00ean sa\u0309n ph\u00e2\u0309m:<\/strong> Ch\u1ebf ph\u1ea9m b\u00f4i tr\u01a1n molykote 111 (150g\/tu\u00fdp)<br \/>\n<strong>T\u00ecnh tr\u1ea1ng:<\/strong> Li\u00ean h\u1ec7 S\u0110T 090 666 5927 .<br \/>\n<strong>Kho:<\/strong> H\u1ed3 Ch\u00ed Minh.<br \/>\n<strong>Li\u00ean h\u1ec7:<\/strong> 090.666.5927 (24\/7)<br \/>\n<strong>Giao h\u00e0ng:<\/strong> Trong ng\u00e0y<\/p>\n","protected":false},"featured_media":6704,"comment_status":"closed","ping_status":"closed","template":"","meta":[],"product_brand":[],"product_cat":[155],"product_tag":[],"class_list":{"0":"post-6703","1":"product","2":"type-product","3":"status-publish","4":"has-post-thumbnail","6":"product_cat-dupont","8":"first","9":"instock","10":"shipping-taxable","11":"product-type-simple"},"_links":{"self":[{"href":"https:\/\/yenhung.com\/index.php?rest_route=\/wp\/v2\/product\/6703","targetHints":{"allow":["GET"]}}],"collection":[{"href":"https:\/\/yenhung.com\/index.php?rest_route=\/wp\/v2\/product"}],"about":[{"href":"https:\/\/yenhung.com\/index.php?rest_route=\/wp\/v2\/types\/product"}],"replies":[{"embeddable":true,"href":"https:\/\/yenhung.com\/index.php?rest_route=%2Fwp%2Fv2%2Fcomments&post=6703"}],"wp:featuredmedia":[{"embeddable":true,"href":"https:\/\/yenhung.com\/index.php?rest_route=\/wp\/v2\/media\/6704"}],"wp:attachment":[{"href":"https:\/\/yenhung.com\/index.php?rest_route=%2Fwp%2Fv2%2Fmedia&parent=6703"}],"wp:term":[{"taxonomy":"product_brand","embeddable":true,"href":"https:\/\/yenhung.com\/index.php?rest_route=%2Fwp%2Fv2%2Fproduct_brand&post=6703"},{"taxonomy":"product_cat","embeddable":true,"href":"https:\/\/yenhung.com\/index.php?rest_route=%2Fwp%2Fv2%2Fproduct_cat&post=6703"},{"taxonomy":"product_tag","embeddable":true,"href":"https:\/\/yenhung.com\/index.php?rest_route=%2Fwp%2Fv2%2Fproduct_tag&post=6703"}],"curies":[{"name":"wp","href":"https:\/\/api.w.org\/{rel}","templated":true}]}}