{"id":6712,"date":"2025-11-10T07:19:42","date_gmt":"2025-11-10T07:19:42","guid":{"rendered":"https:\/\/yenhung.com\/?product=che-pham-boi-tron-molykote-high-vacuum-150g-tuyp"},"modified":"2026-02-11T04:47:18","modified_gmt":"2026-02-11T04:47:18","slug":"che-pham-boi-tron-molykote-high-vacuum-150g-tuyp","status":"publish","type":"product","link":"https:\/\/yenhung.com\/?product=che-pham-boi-tron-molykote-high-vacuum-150g-tuyp","title":{"rendered":"Ch\u1ebf ph\u1ea9m b\u00f4i tr\u01a1n molykote high vacuum (150g\/tu\u00fdp)"},"content":{"rendered":"<div class=\"ba-text-fpt\">\n<h2><strong>Ch\u1ebf ph\u1ea9m b\u00f4i tr\u01a1n molykote high vacuum (150g\/tu\u00fdp)<\/strong><\/h2>\n<p><img decoding=\"async\" title=\"molykote-high-vacuum-150g-b-1750998934098-1\" src=\"https:\/\/yenhung.com\/wp-content\/uploads\/2025\/11\/molykote-high-vacuum-150g-b-1750998934098-1.jpg\" alt=\"Ch\u1ebf ph\u1ea9m b\u00f4i tr\u01a1n molykote high vacuum (150g\/tu\u00fdp)\" data-thumb=\"large\" \/><\/p>\n<p>\u0110\u00e2y l\u00e0 m\u1ed9t s\u1ea3n ph\u1ea9m <b>h\u1ee3p ch\u1ea5t silicone (silicone compound)<\/b> \u0111\u1eb7c bi\u1ec7t c\u1ee7a th\u01b0\u01a1ng hi\u1ec7u <b>Molykote<\/b> (thu\u1ed9c DuPont, tr\u01b0\u1edbc \u0111\u00e2y l\u00e0 Dow Corning), \u0111\u01b0\u1ee3c thi\u1ebft k\u1ebf chuy\u00ean d\u1ee5ng cho c\u00e1c \u1ee9ng d\u1ee5ng <b>ch\u00e2n kh\u00f4ng v\u00e0 \u00e1p su\u1ea5t cao<\/b>.<\/p>\n<p>Molykote High Vacuum Grease l\u00e0 m\u1ed9t gi\u1ea3i ph\u00e1p b\u00f4i tr\u01a1n v\u00e0 l\u00e0m k\u00edn \u0111\u00e1ng tin c\u1eady, \u0111\u1eb7c bi\u1ec7t hi\u1ec7u qu\u1ea3 trong m\u00f4i tr\u01b0\u1eddng ch\u00e2n kh\u00f4ng kh\u1eafc nghi\u1ec7t nh\u1edd \u00e1p su\u1ea5t h\u01a1i c\u1ef1c th\u1ea5p v\u00e0 kh\u1ea3 n\u0103ng ch\u1ed1ng bay h\u01a1i tuy\u1ec7t v\u1eddi.<\/p>\n<h3>\u0110\u1eb7c \u0111i\u1ec3m n\u1ed5i b\u1eadt c\u1ee7a M\u1ee1 Molykote High Vacuum Grease<\/h3>\n<p><img decoding=\"async\" title=\"molykote-high-vacuum-150g-a-1750998934753-1\" src=\"https:\/\/yenhung.com\/wp-content\/uploads\/2025\/11\/molykote-high-vacuum-150g-a-1750998934753-1.jpg\" alt=\"Ch\u1ebf ph\u1ea9m b\u00f4i tr\u01a1n molykote high vacuum (150g\/tu\u00fdp)\" data-thumb=\"large\" \/><\/p>\n<p>Molykote High Vacuum Grease s\u1edf h\u1eefu nh\u1eefng \u0111\u1eb7c t\u00ednh \u01b0u vi\u1ec7t gi\u00fap n\u00f3 tr\u1edf th\u00e0nh l\u1ef1a ch\u1ecdn h\u00e0ng \u0111\u1ea7u cho c\u00e1c \u1ee9ng d\u1ee5ng \u0111\u00f2i h\u1ecfi s\u1ef1 k\u00edn kh\u00ed v\u00e0 \u1ed5n \u0111\u1ecbnh:<\/p>\n<ul>\n<li><b>Chuy\u00ean d\u1ee5ng cho m\u00f4i tr\u01b0\u1eddng ch\u00e2n kh\u00f4ng cao:<\/b> \u0110\u00e2y l\u00e0 \u0111\u1eb7c \u0111i\u1ec3m n\u1ed5i b\u1eadt nh\u1ea5t. M\u1ee1 c\u00f3 <b>\u00e1p su\u1ea5t h\u01a1i c\u1ef1c th\u1ea5p<\/b> v\u00e0 <b>\u0111\u1ed9 bay h\u01a1i r\u1ea5t th\u1ea5p<\/b>, gi\u00fap duy tr\u00ec \u0111\u1ed9 ch\u00e2n kh\u00f4ng trong h\u1ec7 th\u1ed1ng m\u00e0 kh\u00f4ng g\u00e2y \u00f4 nhi\u1ec5m ho\u1eb7c m\u1ea5t hi\u1ec7u su\u1ea5t b\u00f4i tr\u01a1n.<\/li>\n<li><b>Ph\u1ea1m vi nhi\u1ec7t \u0111\u1ed9 ho\u1ea1t \u0111\u1ed9ng r\u1ed9ng:<\/b> C\u00f3 th\u1ec3 ho\u1ea1t \u0111\u1ed9ng hi\u1ec7u qu\u1ea3 trong d\u1ea3i nhi\u1ec7t \u0111\u1ed9 t\u1eeb <b>\u221240\u2218C \u0111\u1ebfn +200\u2218C<\/b> (c\u00f3 th\u1ec3 ch\u1ecbu nhi\u1ec7t ng\u1eafn h\u1ea1n l\u00ean \u0111\u1ebfn 250\u2218C ho\u1eb7c 204\u2218C t\u00f9y t\u00e0i li\u1ec7u), l\u00fd t\u01b0\u1edfng cho c\u1ea3 \u1ee9ng d\u1ee5ng nhi\u1ec7t \u0111\u1ed9 th\u1ea5p v\u00e0 cao.<\/li>\n<li><b>\u0110\u1ed9 b\u00e1m d\u00ednh tuy\u1ec7t v\u1eddi:<\/b> T\u1ea1o l\u1edbp m\u00e0ng b\u00f4i tr\u01a1n b\u1ec1n v\u1eefng tr\u00ean c\u00e1c b\u1ec1 m\u1eb7t kim lo\u1ea1i, th\u1ee7y tinh v\u00e0 g\u1ed1m s\u1ee9.<\/li>\n<li><b>Kh\u1ea3 n\u0103ng ch\u1ed1ng n\u01b0\u1edbc v\u00e0 h\u00f3a ch\u1ea5t:<\/b> C\u00f3 kh\u1ea3 n\u0103ng ch\u1ed1ng l\u1ea1i n\u01b0\u1edbc, h\u01a1i n\u01b0\u1edbc, dung m\u00f4i, axit v\u00e0 ki\u1ec1m, b\u1ea3o v\u1ec7 c\u00e1c b\u1ed9 ph\u1eadn kh\u1ecfi \u0103n m\u00f2n v\u00e0 h\u01b0 h\u1ecfng.<\/li>\n<li><b>T\u01b0\u01a1ng th\u00edch v\u1edbi nhi\u1ec1u v\u1eadt li\u1ec7u:<\/b> T\u01b0\u01a1ng th\u00edch t\u1ed1t v\u1edbi h\u1ea7u h\u1ebft c\u00e1c lo\u1ea1i nh\u1ef1a v\u00e0 cao su (tr\u1eeb fluorosilicone), l\u00e0m k\u00edn v\u00e0 b\u1ea3o v\u1ec7 c\u00e1c v\u00f2ng ch\u1eef O (O-rings), gio\u0103ng v\u00e0 ph\u1edbt.<\/li>\n<li><b>Kh\u00f4ng d\u1eabn \u0111i\u1ec7n:<\/b> L\u00e0 ch\u1ea5t c\u00e1ch \u0111i\u1ec7n t\u1ed1t, an to\u00e0n cho c\u00e1c \u1ee9ng d\u1ee5ng \u0111i\u1ec7n.<\/li>\n<li><b>Kh\u00f4ng n\u00f3ng ch\u1ea3y v\u00e0 kh\u00f4ng nh\u1ecf gi\u1ecdt:<\/b> Duy tr\u00ec \u0111\u1ed9 \u0111\u1eb7c v\u00e0 t\u00ednh nh\u1ea5t qu\u00e1n trong d\u1ea3i nhi\u1ec7t \u0111\u1ed9 r\u1ed9ng, kh\u00f4ng b\u1ecb ch\u1ea3y ra hay kh\u00f4 \u0111i sau th\u1eddi gian d\u00e0i s\u1eed d\u1ee5ng.<\/li>\n<li><b>\u0110\u1ea1t ti\u00eau chu\u1ea9n an to\u00e0n th\u1ef1c ph\u1ea9m\/n\u01b0\u1edbc:<\/b> S\u1ea3n ph\u1ea9m n\u00e0y \u0111\u00e1p \u1ee9ng c\u00e1c y\u00eau c\u1ea7u c\u1ee7a <b>FDA 21 CFR 175.300<\/b> v\u00e0 <b>NSF 61<\/b>, cho ph\u00e9p s\u1eed d\u1ee5ng an to\u00e0n trong c\u00e1c \u1ee9ng d\u1ee5ng c\u00f3 th\u1ec3 ti\u1ebfp x\u00fac ng\u1eabu nhi\u00ean v\u1edbi th\u1ef1c ph\u1ea9m v\u00e0 n\u01b0\u1edbc u\u1ed1ng.<br \/>\n<h3>\u1ee8ng d\u1ee5ng c\u1ee7a M\u1ee1 Molykote High Vacuum Grease<\/h3>\n<p><img decoding=\"async\" title=\"molykote-high-vacuum-150g-c-1750998933351-1\" src=\"https:\/\/yenhung.com\/wp-content\/uploads\/2025\/11\/molykote-high-vacuum-150g-c-1750998933351-1.jpg\" alt=\"Ch\u1ebf ph\u1ea9m b\u00f4i tr\u01a1n molykote high vacuum (150g\/tu\u00fdp)\" data-thumb=\"large\" \/><\/p>\n<p>Molykote High Vacuum Grease \u0111\u01b0\u1ee3c s\u1eed d\u1ee5ng r\u1ed9ng r\u00e3i trong c\u00e1c l\u0129nh v\u1ef1c y\u00eau c\u1ea7u \u0111\u1ed9 k\u00edn kh\u00ed v\u00e0 b\u00f4i tr\u01a1n \u0111\u1eb7c bi\u1ec7t:<\/li>\n<li><b>H\u1ec7 th\u1ed1ng ch\u00e2n kh\u00f4ng v\u00e0 \u00e1p su\u1ea5t:<\/b>\n<ul>\n<li>B\u1ecbt k\u00edn c\u00e1c kh\u1edbp n\u1ed1i, m\u1eb7t b\u00edch, v\u00e0 van trong h\u1ec7 th\u1ed1ng ch\u00e2n kh\u00f4ng v\u00e0 \u00e1p su\u1ea5t cao \u0111\u1ec3 ng\u0103n ch\u1eb7n r\u00f2 r\u1ec9 kh\u00ed.<\/li>\n<li>B\u00f4i tr\u01a1n c\u00e1c van ch\u00e2n kh\u00f4ng, b\u01a1m ch\u00e2n kh\u00f4ng, b\u1ed9 gi\u1ea3m ch\u1ea5n.<\/li>\n<\/ul>\n<\/li>\n<li><b>Thi\u1ebft b\u1ecb quang h\u1ecdc:<\/b> B\u00f4i tr\u01a1n O-rings trong \u1ed1ng nh\u00f2m v\u00e0 k\u00ednh thi\u00ean v\u0103n, gi\u00fap ng\u0103n s\u01b0\u01a1ng m\u00f9 tr\u00ean c\u00e1c th\u1ea5u k\u00ednh nh\u1ea1y c\u1ea3m.<\/li>\n<li><b>Thi\u1ebft b\u1ecb x\u1eed l\u00fd h\u00f3a ch\u1ea5t:<\/b> B\u00f4i tr\u01a1n v\u00e0 l\u00e0m k\u00edn c\u00e1c van c\u1eafm, van \u0111i\u1ec1u khi\u1ec3n, van bi, v.v., trong c\u00e1c thi\u1ebft b\u1ecb ti\u1ebfp x\u00fac v\u1edbi h\u00f3a ch\u1ea5t.<\/li>\n<li><b>\u1ee8ng d\u1ee5ng ngo\u00e0i tr\u1eddi:<\/b> L\u00e0m ch\u1ea5t tr\u00e1m k\u00edn cho c\u00e1c thi\u1ebft b\u1ecb ngo\u00e0i tr\u1eddi ch\u1ecbu t\u00e1c \u0111\u1ed9ng c\u1ee7a th\u1eddi ti\u1ebft, n\u01b0\u1edbc r\u1eeda tr\u00f4i nh\u01b0 \u0111\u1ed3ng h\u1ed3 \u0111o, k\u1ebft n\u1ed1i \u0111i\u1ec7n ng\u1ea7m.<\/li>\n<li><b>Ng\u00e0nh y t\u1ebf v\u00e0 d\u01b0\u1ee3c ph\u1ea9m:<\/b> S\u1eed d\u1ee5ng trong c\u00e1c thi\u1ebft b\u1ecb y t\u1ebf v\u00e0 x\u1eed l\u00fd d\u01b0\u1ee3c ph\u1ea9m do \u0111\u1ea1t c\u00e1c ti\u00eau chu\u1ea9n an to\u00e0n.<\/li>\n<\/ul>\n<\/div>\n","protected":false},"excerpt":{"rendered":"<p><strong>T\u00ean sa\u0309n ph\u00e2\u0309m:<\/strong> Ch\u1ebf ph\u1ea9m b\u00f4i tr\u01a1n molykote high vacuum (150g\/tu\u00fdp)<br \/>\n<strong>T\u00ecnh tr\u1ea1ng:<\/strong> Li\u00ean h\u1ec7 S\u0110T 090 666 5927 .<br \/>\n<strong>Kho:<\/strong> H\u1ed3 Ch\u00ed Minh.<br \/>\n<strong>Li\u00ean h\u1ec7:<\/strong> 090.666.5927 (24\/7)<br \/>\n<strong>Giao h\u00e0ng:<\/strong> Trong ng\u00e0y<\/p>\n","protected":false},"featured_media":6713,"comment_status":"closed","ping_status":"closed","template":"","meta":[],"product_brand":[],"product_cat":[155],"product_tag":[],"class_list":{"0":"post-6712","1":"product","2":"type-product","3":"status-publish","4":"has-post-thumbnail","6":"product_cat-dupont","8":"first","9":"instock","10":"shipping-taxable","11":"product-type-simple"},"_links":{"self":[{"href":"https:\/\/yenhung.com\/index.php?rest_route=\/wp\/v2\/product\/6712","targetHints":{"allow":["GET"]}}],"collection":[{"href":"https:\/\/yenhung.com\/index.php?rest_route=\/wp\/v2\/product"}],"about":[{"href":"https:\/\/yenhung.com\/index.php?rest_route=\/wp\/v2\/types\/product"}],"replies":[{"embeddable":true,"href":"https:\/\/yenhung.com\/index.php?rest_route=%2Fwp%2Fv2%2Fcomments&post=6712"}],"wp:featuredmedia":[{"embeddable":true,"href":"https:\/\/yenhung.com\/index.php?rest_route=\/wp\/v2\/media\/6713"}],"wp:attachment":[{"href":"https:\/\/yenhung.com\/index.php?rest_route=%2Fwp%2Fv2%2Fmedia&parent=6712"}],"wp:term":[{"taxonomy":"product_brand","embeddable":true,"href":"https:\/\/yenhung.com\/index.php?rest_route=%2Fwp%2Fv2%2Fproduct_brand&post=6712"},{"taxonomy":"product_cat","embeddable":true,"href":"https:\/\/yenhung.com\/index.php?rest_route=%2Fwp%2Fv2%2Fproduct_cat&post=6712"},{"taxonomy":"product_tag","embeddable":true,"href":"https:\/\/yenhung.com\/index.php?rest_route=%2Fwp%2Fv2%2Fproduct_tag&post=6712"}],"curies":[{"name":"wp","href":"https:\/\/api.w.org\/{rel}","templated":true}]}}