{"id":6737,"date":"2025-11-10T07:20:01","date_gmt":"2025-11-10T07:20:01","guid":{"rendered":"https:\/\/yenhung.com\/?product=mo-molykote-longterm-2-plus-5kg"},"modified":"2026-02-24T08:52:41","modified_gmt":"2026-02-24T08:52:41","slug":"mo-molykote-longterm-2-plus-5kg","status":"publish","type":"product","link":"https:\/\/yenhung.com\/?product=mo-molykote-longterm-2-plus-5kg","title":{"rendered":"M\u1ee1 molykote longterm 2 plus (5kg)"},"content":{"rendered":"<div class=\"ba-text-fpt\">\n<h2><strong>M\u00f4 t\u1ea3 MOLYKOTE Longterm 2 Plus Extreme Pressure Bearing Grease &#8211; M\u1ee1 b\u00f4i tr\u01a1n b\u00e1nh r\u0103ng ch\u1ecbu t\u1ea3i n\u1eb7ng<\/strong><\/h2>\n<p><strong><img decoding=\"async\" title=\"molykote-longterm-2-plus-jpeg\" src=\"https:\/\/yenhung.com\/wp-content\/uploads\/2025\/11\/molykote-longterm-2-plus-jpeg.jpg\" alt=\"M\u1ee1 b\u00f4i tr\u01a1n b\u00e1nh r\u0103ng ch\u1ecbu t\u1ea3i n\u1eb7ng - Molykote Longterm 2 Plus Extreme Pressure Bearing Grease (5Kg)\" data-thumb=\"large\" \/><\/strong><\/p>\n<p>M\u1ee1 b\u00f4i tr\u01a1n cho c\u00e1c t\u1ed5 h\u1ee3p kim lo\u1ea1i \/ kim lo\u1ea1i c\u00f3 chuy\u1ec3n \u0111\u1ed9ng ch\u1eadm \u0111\u1ebfn trung b\u00ecnh-nhanh, \u0111\u1eb7c bi\u1ec7t v\u1edbi t\u1ea3i tr\u1ecdng cao<\/p>\n<h2><strong>C\u00e1c \u1ee9ng d\u1ee5ng<\/strong><\/h2>\n<p><strong><img decoding=\"async\" title=\"molykote-longterm-2-plus-1-jpeg-2\" src=\"https:\/\/yenhung.com\/wp-content\/uploads\/2025\/11\/molykote-longterm-2-plus-1-jpeg-2.jpg\" alt=\"M\u1ee1 b\u00f4i tr\u01a1n b\u00e1nh r\u0103ng ch\u1ecbu t\u1ea3i n\u1eb7ng - Molykote Longterm 2 Plus Extreme Pressure Bearing Grease (5Kg)\" data-thumb=\"large\" \/><\/strong><\/p>\n<p>\u0110\u01b0\u1ee3c s\u1eed d\u1ee5ng th\u00e0nh c\u00f4ng cho c\u00e1c \u1ed5 tr\u1ee5c, bi\u00ean d\u1ea1ng spline v\u00e0 ly h\u1ee3p trong xe c\u00f3 \u0111\u1ed9ng c\u01a1 ch\u1ecbu l\u1ef1c cao, m\u00e1y k\u00e9o, c\u1ea7n tr\u1ee5c, m\u00e1y di chuy\u1ec3n tr\u00ean \u0111\u1ea5t, b\u0103ng t\u1ea3i v\u00e0 xe n\u00e2ng.\u00a0N\u00f3 c\u0169ng \u0111\u01b0\u1ee3c s\u1eed d\u1ee5ng th\u00e0nh c\u00f4ng \u1edf nh\u1eefng n\u01a1i c\u00f3 nguy c\u01a1 b\u1ecb \u0103n m\u00f2n, h\u00ecnh th\u00e0nh r\u00e3nh (hi\u1ec7u \u1ee9ng Brinell) ho\u1eb7c \u0111\u1ed9 \u1ea9m.<\/p>\n<ul>\n<li>V\u00f2ng bi tr\u01a1n, \u1ed1ng l\u00f3t &amp; \u1ed1ng b\u1ecdc<\/li>\n<li>\u1ed4 tr\u1ee5c v\u00edt \u0111i\u1ec7n<\/li>\n<li>V\u00f2ng bi ph\u1ea7n t\u1eed l\u0103n<\/li>\n<li>H\u01b0\u1edbng d\u1eabn &amp; b\u1ea3n nh\u1ea1c trang tr\u00ecnh b\u00e0y<\/li>\n<\/ul>\n<h2><strong>L\u1ee3i \u00edch v\u1ec1 hi\u1ec7u su\u1ea5t<\/strong><\/h2>\n<p><strong><img decoding=\"async\" title=\"molykote-longterm-2-plus-2-jpeg\" src=\"https:\/\/yenhung.com\/wp-content\/uploads\/2025\/11\/molykote-longterm-2-plus-2-jpeg.jpg\" alt=\"M\u1ee1 b\u00f4i tr\u01a1n b\u00e1nh r\u0103ng ch\u1ecbu t\u1ea3i n\u1eb7ng - Molykote Longterm 2 Plus Extreme Pressure Bearing Grease (5Kg)\" data-thumb=\"large\" \/><\/strong><\/p>\n<ul>\n<li>Kh\u1ea3 n\u0103ng ch\u1ecbu t\u1ea3i cao<\/li>\n<li>Th\u00edch h\u1ee3p \u0111\u1ec3 b\u00f4i tr\u01a1n l\u00e2u d\u00e0i<\/li>\n<li>Trong ma s\u00e1t h\u1ed7n h\u1ee3p, n\u00f3 cung c\u1ea5p kh\u1ea3 n\u0103ng b\u1ea3o v\u1ec7 ch\u1ed1ng m\u00e0i m\u00f2n do D\u1ea7u nh\u1edbt r\u1eafn v\u00e0 ph\u1ee5 gia EP (c\u1ef1c \u00e1p)<\/li>\n<li>\u0110\u1ed9 b\u00e1m d\u00ednh t\u1ed1t<\/li>\n<li>B\u1ea3o v\u1ec7 t\u1ed1t ch\u1ed1ng \u0103n m\u00f2n<\/li>\n<li>B\u1ea3o v\u1ec7 ch\u1ed1ng \u0103n m\u00f2n t\u1ed1t<\/li>\n<li>B\u1ea3o v\u1ec7 phi\u1ec1n ph\u1ee9c t\u1ed1t<\/li>\n<li>Kh\u1ea3 n\u0103ng ch\u1ecbu t\u1ea3i cao<\/li>\n<li>Hi\u1ec7u su\u1ea5t t\u1ed1c \u0111\u1ed9 cao<\/li>\n<li>\u0110\u1ed9 b\u00e1m &amp; d\u00ednh cao<\/li>\n<li>Ch\u1ed1ng m\u00e0i m\u00f2n cao<\/li>\n<li>Hi\u1ec7u su\u1ea5t t\u1ed1c \u0111\u1ed9 th\u1ea5p<\/li>\n<\/ul>\n<h2><strong>Th\u00f4ng tin chi ti\u1ebft s\u1ea3n ph\u1ea9m<\/strong><\/h2>\n<table>\n<tbody>\n<tr>\n<td>Lo\u1ea1i s\u1ea3n ph\u1ea9m<\/td>\n<td>D\u1ea7u m\u1ee1<\/td>\n<\/tr>\n<tr>\n<td>C\u00f4ng ngh\u1ec7<\/td>\n<td>D\u1ea7u kho\u00e1ng<\/td>\n<\/tr>\n<tr>\n<td>D\u1ea7u g\u1ed1c Visc @ 40C<\/td>\n<td>265<\/td>\n<\/tr>\n<tr>\n<td>NLGI l\u1edbp<\/td>\n<td>2<\/td>\n<\/tr>\n<tr>\n<td>Ch\u1ea5t l\u00e0m \u0111\u1eb7c<\/td>\n<td>Lithium<\/td>\n<\/tr>\n<tr>\n<td>Ch\u1ea5t b\u00f4i tr\u01a1n r\u1eafn<\/td>\n<td>MoS2, than ch\u00ec<\/td>\n<\/tr>\n<tr>\n<td>Nhi\u1ec7t \u0111\u1ed9 th\u1ea5p (C)<\/td>\n<td>-25<\/td>\n<\/tr>\n<tr>\n<td>Nhi\u1ec7t \u0111\u1ed9 cao (C)<\/td>\n<td>110<\/td>\n<\/tr>\n<tr>\n<td>M\u00e0u s\u1eafc<\/td>\n<td>M\u00e0u \u0111en<\/td>\n<\/tr>\n<\/tbody>\n<\/table>\n<p>&nbsp;<\/p>\n<\/div>\n","protected":false},"excerpt":{"rendered":"<p><strong>T\u00ean sa\u0309n ph\u00e2\u0309m:<\/strong> MOLYKOTE Longterm 2 Plus Extreme Pressure Bearing Grease<br \/>\n<b>Li\u00ean h\u1ec7: 0397433258<\/b><\/p>\n","protected":false},"featured_media":6738,"comment_status":"closed","ping_status":"closed","template":"","meta":[],"product_brand":[],"product_cat":[155],"product_tag":[],"class_list":{"0":"post-6737","1":"product","2":"type-product","3":"status-publish","4":"has-post-thumbnail","6":"product_cat-dupont","8":"first","9":"instock","10":"shipping-taxable","11":"product-type-simple"},"_links":{"self":[{"href":"https:\/\/yenhung.com\/index.php?rest_route=\/wp\/v2\/product\/6737","targetHints":{"allow":["GET"]}}],"collection":[{"href":"https:\/\/yenhung.com\/index.php?rest_route=\/wp\/v2\/product"}],"about":[{"href":"https:\/\/yenhung.com\/index.php?rest_route=\/wp\/v2\/types\/product"}],"replies":[{"embeddable":true,"href":"https:\/\/yenhung.com\/index.php?rest_route=%2Fwp%2Fv2%2Fcomments&post=6737"}],"wp:featuredmedia":[{"embeddable":true,"href":"https:\/\/yenhung.com\/index.php?rest_route=\/wp\/v2\/media\/6738"}],"wp:attachment":[{"href":"https:\/\/yenhung.com\/index.php?rest_route=%2Fwp%2Fv2%2Fmedia&parent=6737"}],"wp:term":[{"taxonomy":"product_brand","embeddable":true,"href":"https:\/\/yenhung.com\/index.php?rest_route=%2Fwp%2Fv2%2Fproduct_brand&post=6737"},{"taxonomy":"product_cat","embeddable":true,"href":"https:\/\/yenhung.com\/index.php?rest_route=%2Fwp%2Fv2%2Fproduct_cat&post=6737"},{"taxonomy":"product_tag","embeddable":true,"href":"https:\/\/yenhung.com\/index.php?rest_route=%2Fwp%2Fv2%2Fproduct_tag&post=6737"}],"curies":[{"name":"wp","href":"https:\/\/api.w.org\/{rel}","templated":true}]}}