{"id":6751,"date":"2025-11-10T07:20:11","date_gmt":"2025-11-10T07:20:11","guid":{"rendered":"https:\/\/yenhung.com\/?product=che-pham-boi-tron-molykote-d321r-1kg-can"},"modified":"2026-02-24T08:51:32","modified_gmt":"2026-02-24T08:51:32","slug":"che-pham-boi-tron-molykote-d321r-1kg-can","status":"publish","type":"product","link":"https:\/\/yenhung.com\/?product=che-pham-boi-tron-molykote-d321r-1kg-can","title":{"rendered":"Ch\u1ebf ph\u1ea9m b\u00f4i tr\u01a1n molykote d321r (1kg\/can)"},"content":{"rendered":"<div class=\"ba-text-fpt\">\n<h2><strong>M\u00f4 t\u1ea3 M\u1ee1 Molykote D321R &#8211; M\u1ee1 ch\u1ed1ng ma s\u00e1t<\/strong><\/h2>\n<p><strong><img decoding=\"async\" title=\"molykote-d321r-1kg-2\" src=\"https:\/\/yenhung.com\/wp-content\/uploads\/2025\/11\/molykote-d321r-1kg-2.png\" alt=\"M\u1ee1 ch\u1ed1ng ma s\u00e1t Molykote D321R - Molykote D321R (1kg\/can)\" data-thumb=\"large\" \/><\/strong><\/p>\n<p>Khi nh\u1eafc \u0111\u1ebfn ch\u1ea5t b\u00f4i tr\u01a1n l\u00e0m kh\u00f4 kh\u00f4ng kh\u00ed kh\u00f4ng th\u1ec3 nh\u1eafc t\u1edbi s\u1ea3n ph\u1ea9m m\u1ee1 <em><strong>Molykote\u00a0D-321R<\/strong><\/em>. S\u1ea3n ph\u1ea9m n\u00e0y \u0111\u01b0\u1ee3c coi nh\u01b0 l\u00e0 m\u1ed9t l\u1edbp ph\u1ee7 ch\u1ed1ng ma s\u00e1t v\u00f4 c\u00f9ng hi\u1ec7u qu\u1ea3.\u00a0<em><strong>Molykote\u00a0D-321R<\/strong> <\/em>ho\u1ea1t \u0111\u1ed9ng t\u1ed1t nh\u1ea5t d\u01b0\u1edbi m\u00f4i tr\u01b0\u1eddng ch\u00e2n kh\u00f4ng v\u00e0 nhi\u1ec7t \u0111\u1ed9 cao.<\/p>\n<h2><strong>1. T\u00ednh n\u0103ng<\/strong><\/h2>\n<p><strong><img decoding=\"async\" title=\"molykote-d321r-1kg-2-jpeg-1\" src=\"https:\/\/yenhung.com\/wp-content\/uploads\/2025\/11\/molykote-d321r-1kg-2-jpeg-1.jpg\" alt=\"M\u1ee1 ch\u1ed1ng ma s\u00e1t Molykote D321R - Molykote D321R (1kg\/can)\" data-thumb=\"large\" \/><\/strong><\/p>\n<ul>\n<li>L\u00e0m kh\u00f4 kh\u00f4ng kh\u00ed<\/li>\n<li>Kh\u1ea3 n\u0103ng ch\u1ed1ng hao m\u00f2n cao<\/li>\n<li>Tr\u00e1nh d\u00ednh tr\u01b0\u1ee3t<\/li>\n<\/ul>\n<h2><strong>2. Th\u00e0nh ph\u1ea7n<\/strong><\/h2>\n<ul>\n<li>Ch\u1ea5t b\u00f4i tr\u01a1n r\u1eafn<\/li>\n<li>Dung m\u00f4i<\/li>\n<li>Ch\u1ea5t k\u1ebft d\u00ednh<\/li>\n<\/ul>\n<h2><strong>3. C\u00e1c \u1ee9ng d\u1ee5ng c\u1ee7a Molykote\u00a0D-321 R<\/strong><\/h2>\n<p><img decoding=\"async\" title=\"molykote-d321r-1kg-2-jpeg-8cee49c6-6c0d-46b5-be32-1b95c7ca0320\" src=\"https:\/\/yenhung.com\/wp-content\/uploads\/2025\/11\/molykote-d321r-1kg-2-jpeg-8cee49c6-6c0d-46b5-be32-1b95c7ca0320.jpg\" alt=\"M\u1ee1 ch\u1ed1ng ma s\u00e1t Molykote D321R - Molykote D321R (1kg\/can)\" data-thumb=\"large\" \/><\/p>\n<ul>\n<li>D\u00f9ng cho kim lo\u1ea1i \u1edf chuy\u1ec3n \u0111\u1ed9ng t\u1eeb ch\u1eadm cho \u0111\u1ebfn trung b\u00ecnh r\u1ed3i \u0111\u1ebfn cao<\/li>\n<li>Th\u00edch h\u1ee3p \u0111\u1ec3 s\u1eed d\u1ee5ng \u0111\u1ec3 b\u00f4i tr\u01a1n cho c\u00e1c thanh d\u1eabn tr\u01b0\u1ee3t nh\u1ea5t l\u00e0 v\u1edbi t\u1ed1c \u0111\u1ed9 tr\u01b0\u1ee3t th\u1ea5p v\u00e0 c\u1ea3 nh\u1eefng chuy\u1ec3n \u0111\u1ed9ng ho\u1ea1t \u0111\u1ed9ng li\u00ean t\u1ee5c<\/li>\n<li>Molykote\u00a0D-321 R<strong>\u00a0<\/strong>C\u1ea3i thi\u1ec7n qu\u00e1 tr\u00ecnh ho\u1ea1t \u0111\u1ed9ng v\u00e0 b\u00f4i tr\u01a1n d\u01b0\u1edbi m\u00f4i tr\u01b0\u1eddng ch\u00e2n kh\u00f4ng v\u00e0 nhi\u1ec7t \u0111\u1ed9 kh\u1eafc nghi\u1ec7t<\/li>\n<li>Th\u01b0\u1eddng \u0111\u01b0\u1ee3c s\u1eed d\u1ee5ng cho bulong h\u00ecnh tr\u1ee5, g\u01b0\u01a1ng xe, c\u00f4ng t\u1eafc \u0111i\u1ec7n cao \u00e1p, cho c\u00e1c b\u00e1nh xe ho\u1ea1t \u0111\u1ed9ng li\u00ean t\u1ee5c<\/li>\n<li>Ngo\u00e0i ra, m\u1ee1\u00a0<strong>Molykote\u00a0D-321 R\u00a0<\/strong>c\u00f2n \u0111\u01b0\u1ee3c d\u00f9ng l\u00e0m ch\u1ea5t b\u00f4i tr\u01a1n cho b\u1ed9 ph\u1eadn c\u1ee7a \u0111\u1ea7u Rotor trong l\u1eafp \u0111\u1eb7t n\u0103ng l\u01b0\u1ee3ng gi\u00f3 v\u00e0 gi\u00fap cho vi\u1ec7c \u00e9p \u0111\u00f9n th\u00e9p kh\u00f4ng b\u1ecb g\u1ec9.<\/li>\n<\/ul>\n<\/div>\n","protected":false},"excerpt":{"rendered":"<p><strong>T\u00ean sa\u0309n ph\u00e2\u0309m:<\/strong> M\u1ee1 Molykote D321R<br \/>\n<b>Li\u00ean h\u1ec7: 0397433258<\/b><\/p>\n","protected":false},"featured_media":6752,"comment_status":"closed","ping_status":"closed","template":"","meta":[],"product_brand":[],"product_cat":[155],"product_tag":[],"class_list":{"0":"post-6751","1":"product","2":"type-product","3":"status-publish","4":"has-post-thumbnail","6":"product_cat-dupont","8":"first","9":"instock","10":"shipping-taxable","11":"product-type-simple"},"_links":{"self":[{"href":"https:\/\/yenhung.com\/index.php?rest_route=\/wp\/v2\/product\/6751","targetHints":{"allow":["GET"]}}],"collection":[{"href":"https:\/\/yenhung.com\/index.php?rest_route=\/wp\/v2\/product"}],"about":[{"href":"https:\/\/yenhung.com\/index.php?rest_route=\/wp\/v2\/types\/product"}],"replies":[{"embeddable":true,"href":"https:\/\/yenhung.com\/index.php?rest_route=%2Fwp%2Fv2%2Fcomments&post=6751"}],"wp:featuredmedia":[{"embeddable":true,"href":"https:\/\/yenhung.com\/index.php?rest_route=\/wp\/v2\/media\/6752"}],"wp:attachment":[{"href":"https:\/\/yenhung.com\/index.php?rest_route=%2Fwp%2Fv2%2Fmedia&parent=6751"}],"wp:term":[{"taxonomy":"product_brand","embeddable":true,"href":"https:\/\/yenhung.com\/index.php?rest_route=%2Fwp%2Fv2%2Fproduct_brand&post=6751"},{"taxonomy":"product_cat","embeddable":true,"href":"https:\/\/yenhung.com\/index.php?rest_route=%2Fwp%2Fv2%2Fproduct_cat&post=6751"},{"taxonomy":"product_tag","embeddable":true,"href":"https:\/\/yenhung.com\/index.php?rest_route=%2Fwp%2Fv2%2Fproduct_tag&post=6751"}],"curies":[{"name":"wp","href":"https:\/\/api.w.org\/{rel}","templated":true}]}}