{"id":6763,"date":"2025-11-10T07:47:41","date_gmt":"2025-11-10T07:47:41","guid":{"rendered":"https:\/\/yenhung.com\/?product=keo-belzona-5811-dw2"},"modified":"2026-02-11T04:44:19","modified_gmt":"2026-02-11T04:44:19","slug":"keo-belzona-5811-dw2","status":"publish","type":"product","link":"https:\/\/yenhung.com\/?product=keo-belzona-5811-dw2","title":{"rendered":"Keo belzona 5811 Dw2"},"content":{"rendered":"<div class=\"ba-text-fpt\">\n<h2 data-sourcepos=\"1:1-1:225\"><strong>Keo belzona 5811 Dw2<\/strong><\/h2>\n<h2 data-sourcepos=\"1:1-1:225\"><img decoding=\"async\" title=\"belzona-5811-dw2-2\" src=\"https:\/\/yenhung.com\/wp-content\/uploads\/2025\/11\/belzona-5811-dw2-2.jpg\" alt=\"belzona 5811\" data-thumb=\"large\" \/><\/h2>\n<p data-sourcepos=\"1:1-1:225\">Belzona 5811 DW2 l\u00e0 m\u1ed9t lo\u1ea1i l\u1edbp ph\u1ee7 epoxy hai th\u00e0nh ph\u1ea7n, kh\u00f4ng dung m\u00f4i, \u0111\u01b0\u1ee3c thi\u1ebft k\u1ebf \u0111\u1ec3 b\u1ea3o v\u1ec7 c\u00e1c b\u1ec1 m\u1eb7t kim lo\u1ea1i v\u00e0 phi kim lo\u1ea1i ho\u1ea1t \u0111\u1ed9ng trong \u0111i\u1ec1u ki\u1ec7n ng\u00e2m n\u01b0\u1edbc. D\u01b0\u1edbi \u0111\u00e2y l\u00e0 nh\u1eefng th\u00f4ng tin chi ti\u1ebft v\u1ec1 s\u1ea3n ph\u1ea9m n\u00e0y:<\/p>\n<p data-sourcepos=\"3:1-3:21\"><strong>\u0110\u1eb7c \u0111i\u1ec3m n\u1ed5i b\u1eadt:<\/strong><\/p>\n<ul data-sourcepos=\"5:1-17:0\">\n<li data-sourcepos=\"5:1-6:131\"><strong>Ch\u1ed1ng \u0103n m\u00f2n tuy\u1ec7t v\u1eddi:<\/strong>\n<ul data-sourcepos=\"6:5-6:131\">\n<li data-sourcepos=\"6:5-6:131\">Belzona 5811 DW2 cung c\u1ea5p kh\u1ea3 n\u0103ng b\u1ea3o v\u1ec7 l\u00e2u d\u00e0i ch\u1ed1ng l\u1ea1i \u0103n m\u00f2n do n\u01b0\u1edbc bi\u1ec3n, axit, ki\u1ec1m, r\u01b0\u1ee3u, hydrocacbon v\u00e0 m\u00f4i tr\u01b0\u1eddng.<\/li>\n<\/ul>\n<\/li>\n<li data-sourcepos=\"7:1-8:78\"><strong>Ch\u1ecbu ng\u00e2m n\u01b0\u1edbc:<\/strong>\n<ul data-sourcepos=\"8:5-8:78\">\n<li data-sourcepos=\"8:5-8:78\">\u0110\u01b0\u1ee3c thi\u1ebft k\u1ebf \u0111\u1eb7c bi\u1ec7t \u0111\u1ec3 s\u1eed d\u1ee5ng trong c\u00e1c \u1ee9ng d\u1ee5ng ng\u00e2m n\u01b0\u1edbc li\u00ean t\u1ee5c.<\/li>\n<\/ul>\n<\/li>\n<li data-sourcepos=\"9:1-10:81\"><strong>Kh\u00f4ng dung m\u00f4i:<\/strong>\n<ul data-sourcepos=\"10:5-10:81\">\n<li data-sourcepos=\"10:5-10:81\">Gi\u1ea3m thi\u1ec3u r\u1ee7i ro v\u1ec1 s\u1ee9c kh\u1ecfe v\u00e0 an to\u00e0n, c\u0169ng nh\u01b0 t\u00e1c \u0111\u1ed9ng \u0111\u1ebfn m\u00f4i tr\u01b0\u1eddng.<\/li>\n<\/ul>\n<\/li>\n<li data-sourcepos=\"11:1-12:77\"><strong>D\u1ec5 thi c\u00f4ng:<\/strong>\n<ul data-sourcepos=\"12:5-12:77\">\n<li data-sourcepos=\"12:5-12:77\">C\u00f3 th\u1ec3 thi c\u00f4ng b\u1eb1ng c\u1ecd ho\u1eb7c phun, gi\u00fap \u0111\u01a1n gi\u1ea3n h\u00f3a c\u00f4ng vi\u1ec7c b\u1ea3o tr\u00ec.<\/li>\n<\/ul>\n<\/li>\n<li data-sourcepos=\"13:1-14:104\"><strong>\u0110\u01b0\u1ee3c ch\u1ee9ng nh\u1eadn WRAS:<\/strong>\n<ul data-sourcepos=\"14:5-14:104\">\n<li data-sourcepos=\"14:5-14:104\">Belzona 5811 DW2 (DW Immersion Grade) \u0111\u01b0\u1ee3c WRAS ph\u00ea duy\u1ec7t cho c\u00e1c \u1ee9ng d\u1ee5ng ti\u1ebfp x\u00fac v\u1edbi n\u01b0\u1edbc u\u1ed1ng.<\/li>\n<\/ul>\n<\/li>\n<li data-sourcepos=\"15:1-17:0\"><strong>\u0110a n\u0103ng:<\/strong>\n<ul data-sourcepos=\"16:5-17:0\">\n<li data-sourcepos=\"16:5-17:0\">C\u00f3 th\u1ec3 \u0111\u01b0\u1ee3c thi c\u00f4ng tr\u00ean h\u1ea7u h\u1ebft m\u1ecdi b\u1ec1 m\u1eb7t bao g\u1ed3m gang, th\u00e9p kh\u00f4ng g\u1ec9, \u0111\u1ed3ng thau, \u0111\u1ed3ng, b\u00ea t\u00f4ng, g\u1ed7, s\u1ee3i th\u1ee7y tinh v\u00e0 nh\u00f4m.<\/li>\n<\/ul>\n<\/li>\n<\/ul>\n<p data-sourcepos=\"18:1-18:13\"><strong>\u1ee8ng d\u1ee5ng:<\/strong><\/p>\n<p data-sourcepos=\"18:1-18:13\"><strong><img decoding=\"async\" title=\"keo-belzona-5811-dw2-2-1\" src=\"https:\/\/yenhung.com\/wp-content\/uploads\/2025\/11\/keo-belzona-5811-dw2-2-1.jpg\" alt=\"Keo belzona 5811 Dw2\" data-thumb=\"large\" \/><\/strong><\/p>\n<ul data-sourcepos=\"20:1-36:0\">\n<li data-sourcepos=\"20:1-21:62\"><strong>B\u1ec3 ch\u1ee9a:<\/strong>\n<ul data-sourcepos=\"21:5-21:62\">\n<li data-sourcepos=\"21:5-21:62\">B\u1ea3o v\u1ec7 c\u00e1c b\u1ec3 ch\u1ee9a n\u01b0\u1edbc, h\u00f3a ch\u1ea5t v\u00e0 c\u00e1c ch\u1ea5t l\u1ecfng kh\u00e1c.<\/li>\n<\/ul>\n<\/li>\n<li data-sourcepos=\"22:1-23:52\"><strong>B\u01a1m:<\/strong>\n<ul data-sourcepos=\"23:5-23:52\">\n<li data-sourcepos=\"23:5-23:52\">B\u1ea3o v\u1ec7 c\u00e1c b\u1ed9 ph\u1eadn b\u01a1m kh\u1ecfi \u0103n m\u00f2n v\u00e0 m\u00e0i m\u00f2n.<\/li>\n<\/ul>\n<\/li>\n<li data-sourcepos=\"24:1-25:38\"><strong>Van:<\/strong>\n<ul data-sourcepos=\"25:5-25:38\">\n<li data-sourcepos=\"25:5-25:38\">B\u1ea3o v\u1ec7 van kh\u1ecfi \u0103n m\u00f2n v\u00e0 r\u00f2 r\u1ec9.<\/li>\n<\/ul>\n<\/li>\n<li data-sourcepos=\"26:1-27:64\"><strong>\u0110\u01b0\u1eddng \u1ed1ng:<\/strong>\n<ul data-sourcepos=\"27:5-27:64\">\n<li data-sourcepos=\"27:5-27:64\">B\u1ea3o v\u1ec7 \u0111\u01b0\u1eddng \u1ed1ng d\u1eabn n\u01b0\u1edbc, h\u00f3a ch\u1ea5t v\u00e0 c\u00e1c ch\u1ea5t l\u1ecfng kh\u00e1c.<\/li>\n<\/ul>\n<\/li>\n<li data-sourcepos=\"28:1-29:61\"><strong>K\u1ebft c\u1ea5u ngo\u00e0i kh\u01a1i:<\/strong>\n<ul data-sourcepos=\"29:5-29:61\">\n<li data-sourcepos=\"29:5-29:61\">B\u1ea3o v\u1ec7 c\u00e1c k\u1ebft c\u1ea5u ngo\u00e0i kh\u01a1i kh\u1ecfi \u0103n m\u00f2n do n\u01b0\u1edbc bi\u1ec3n.<\/li>\n<\/ul>\n<\/li>\n<li data-sourcepos=\"30:1-31:81\"><strong>H\u1ed3 ch\u1ee9a n\u01b0\u1edbc u\u1ed1ng:<\/strong>\n<ul data-sourcepos=\"31:5-31:81\">\n<li data-sourcepos=\"31:5-31:81\">S\u1ea3n ph\u1ea9m r\u1ea5t ph\u00f9 h\u1ee3p cho c\u00e1c \u1ee9ng d\u1ee5ng ti\u1ebfp x\u00fac v\u1edbi n\u01b0\u1edbc d\u00f9ng cho con ng\u01b0\u1eddi.<\/li>\n<\/ul>\n<\/li>\n<li data-sourcepos=\"32:1-32:18\"><strong>B\u1ec3 l\u1eafng c\u1eb7n.<\/strong><\/li>\n<li data-sourcepos=\"33:1-33:12\"><strong>H\u1ed1 ga.<\/strong><\/li>\n<li data-sourcepos=\"34:1-34:30\"><strong>H\u1ed3 ch\u1ee9a th\u00e1p gi\u1ea3i nhi\u1ec7t.<\/strong><\/li>\n<li data-sourcepos=\"35:1-36:0\"><strong>Phao h\u00e0ng h\u1ea3i.<\/strong><\/li>\n<\/ul>\n<p data-sourcepos=\"37:1-37:12\"><strong>L\u1ee3i \u00edch:<\/strong><\/p>\n<p data-sourcepos=\"37:1-37:12\"><strong><img decoding=\"async\" title=\"belzona-5811dw2-3-1\" src=\"https:\/\/yenhung.com\/wp-content\/uploads\/2025\/11\/belzona-5811dw2-3-1.jpg\" alt=\"Keo belzona 5811 Dw2\" data-thumb=\"large\" \/><\/strong><\/p>\n<ul data-sourcepos=\"39:1-45:0\">\n<li data-sourcepos=\"39:1-40:45\"><strong>K\u00e9o d\u00e0i tu\u1ed5i th\u1ecd thi\u1ebft b\u1ecb:<\/strong>\n<ul data-sourcepos=\"40:5-40:45\">\n<li data-sourcepos=\"40:5-40:45\">Gi\u1ea3m thi\u1ec3u chi ph\u00ed thay th\u1ebf v\u00e0 b\u1ea3o tr\u00ec.<\/li>\n<\/ul>\n<\/li>\n<li data-sourcepos=\"41:1-42:48\"><strong>Gi\u1ea3m th\u1eddi gian ng\u1eebng ho\u1ea1t \u0111\u1ed9ng:<\/strong>\n<ul data-sourcepos=\"42:5-42:48\">\n<li data-sourcepos=\"42:5-42:48\">Cho ph\u00e9p s\u1eeda ch\u1eefa nhanh ch\u00f3ng v\u00e0 hi\u1ec7u qu\u1ea3.<\/li>\n<\/ul>\n<\/li>\n<li data-sourcepos=\"43:1-45:0\"><strong>C\u1ea3i thi\u1ec7n an to\u00e0n:<\/strong>\n<ul data-sourcepos=\"44:5-45:0\">\n<li data-sourcepos=\"44:5-45:0\">Gi\u1ea3m thi\u1ec3u r\u1ee7i ro r\u00f2 r\u1ec9 v\u00e0 \u00f4 nhi\u1ec5m.<\/li>\n<\/ul>\n<\/li>\n<\/ul>\n<p data-sourcepos=\"46:1-46:28\"><strong>Th\u00f4ng s\u1ed1 k\u1ef9 thu\u1eadt ch\u00ednh:<\/strong><\/p>\n<ul data-sourcepos=\"48:1-51:0\">\n<li data-sourcepos=\"48:1-48:46\">T\u1ef7 l\u1ec7 tr\u1ed9n: Theo h\u01b0\u1edbng d\u1eabn c\u1ee7a nh\u00e0 s\u1ea3n xu\u1ea5t.<\/li>\n<li data-sourcepos=\"49:1-49:54\">Th\u1eddi gian thi c\u00f4ng: T\u00f9y thu\u1ed9c v\u00e0o nhi\u1ec7t \u0111\u1ed9 v\u00e0 \u0111\u1ed9 \u1ea9m.<\/li>\n<li data-sourcepos=\"50:1-51:0\">Th\u1eddi gian \u0111\u00f3ng r\u1eafn: T\u00f9y thu\u1ed9c v\u00e0o nhi\u1ec7t \u0111\u1ed9 v\u00e0 \u0111\u1ed9 \u1ea9m.<\/li>\n<\/ul>\n<p data-sourcepos=\"52:1-52:22\"><strong>L\u01b0u \u00fd khi s\u1eed d\u1ee5ng:<\/strong><\/p>\n<ul data-sourcepos=\"54:1-57:0\">\n<li data-sourcepos=\"54:1-54:46\">Chu\u1ea9n b\u1ecb b\u1ec1 m\u1eb7t k\u1ef9 l\u01b0\u1ee1ng tr\u01b0\u1edbc khi thi c\u00f4ng.<\/li>\n<li data-sourcepos=\"55:1-55:50\">Tu\u00e2n th\u1ee7 c\u00e1c h\u01b0\u1edbng d\u1eabn an to\u00e0n c\u1ee7a nh\u00e0 s\u1ea3n xu\u1ea5t.<\/li>\n<li data-sourcepos=\"56:1-57:0\">S\u1eed d\u1ee5ng thi\u1ebft b\u1ecb b\u1ea3o h\u1ed9 c\u00e1 nh\u00e2n ph\u00f9 h\u1ee3p.<\/li>\n<\/ul>\n<p>&nbsp;<\/p>\n<\/div>\n","protected":false},"excerpt":{"rendered":"<p>T\u00ean sa\u0309n ph\u00e2\u0309m:\u00a0 Belzona 5811 Dw2<\/p>\n","protected":false},"featured_media":6764,"comment_status":"closed","ping_status":"closed","template":"","meta":[],"product_brand":[],"product_cat":[156],"product_tag":[],"class_list":{"0":"post-6763","1":"product","2":"type-product","3":"status-publish","4":"has-post-thumbnail","6":"product_cat-belzona","8":"first","9":"instock","10":"shipping-taxable","11":"product-type-simple"},"_links":{"self":[{"href":"https:\/\/yenhung.com\/index.php?rest_route=\/wp\/v2\/product\/6763","targetHints":{"allow":["GET"]}}],"collection":[{"href":"https:\/\/yenhung.com\/index.php?rest_route=\/wp\/v2\/product"}],"about":[{"href":"https:\/\/yenhung.com\/index.php?rest_route=\/wp\/v2\/types\/product"}],"replies":[{"embeddable":true,"href":"https:\/\/yenhung.com\/index.php?rest_route=%2Fwp%2Fv2%2Fcomments&post=6763"}],"wp:featuredmedia":[{"embeddable":true,"href":"https:\/\/yenhung.com\/index.php?rest_route=\/wp\/v2\/media\/6764"}],"wp:attachment":[{"href":"https:\/\/yenhung.com\/index.php?rest_route=%2Fwp%2Fv2%2Fmedia&parent=6763"}],"wp:term":[{"taxonomy":"product_brand","embeddable":true,"href":"https:\/\/yenhung.com\/index.php?rest_route=%2Fwp%2Fv2%2Fproduct_brand&post=6763"},{"taxonomy":"product_cat","embeddable":true,"href":"https:\/\/yenhung.com\/index.php?rest_route=%2Fwp%2Fv2%2Fproduct_cat&post=6763"},{"taxonomy":"product_tag","embeddable":true,"href":"https:\/\/yenhung.com\/index.php?rest_route=%2Fwp%2Fv2%2Fproduct_tag&post=6763"}],"curies":[{"name":"wp","href":"https:\/\/api.w.org\/{rel}","templated":true}]}}