{"id":6775,"date":"2025-11-10T07:47:53","date_gmt":"2025-11-10T07:47:53","guid":{"rendered":"https:\/\/yenhung.com\/?product=bo-sua-chua-belzona-9631"},"modified":"2026-02-11T04:19:05","modified_gmt":"2026-02-11T04:19:05","slug":"bo-sua-chua-belzona-9631","status":"publish","type":"product","link":"https:\/\/yenhung.com\/?product=bo-sua-chua-belzona-9631","title":{"rendered":"B\u1ed9 s\u1eeda ch\u1eefa Belzona 9631"},"content":{"rendered":"<div class=\"ba-text-fpt\">\n<h2 data-sourcepos=\"1:1-1:65\">Belzona 9631: Gi\u1ea3i ph\u00e1p s\u1eeda ch\u1eefa r\u00f2 r\u1ec9 nhanh ch\u00f3ng v\u00e0 hi\u1ec7u qu\u1ea3<\/h2>\n<p><img decoding=\"async\" title=\"belzona-9631-2\" src=\"https:\/\/yenhung.com\/wp-content\/uploads\/2025\/11\/belzona-9631-2.jpg\" alt=\"Belzona 9631\" data-thumb=\"large\" \/><\/p>\n<p data-sourcepos=\"3:1-3:243\"><strong>Belzona 9631<\/strong> l\u00e0 m\u1ed9t s\u1ea3n ph\u1ea9m composite s\u1ee3i th\u1ee7y tinh, \u0111\u01b0\u1ee3c ng\u00e2m t\u1ea9m s\u1eb5n trong nh\u1ef1a epoxy, ho\u1ea1t \u0111\u1ed9ng khi ti\u1ebfp x\u00fac v\u1edbi n\u01b0\u1edbc. S\u1ea3n ph\u1ea9m n\u00e0y \u0111\u01b0\u1ee3c thi\u1ebft k\u1ebf \u0111\u1ec3 s\u1eeda ch\u1eefa nhanh ch\u00f3ng v\u00e0 hi\u1ec7u qu\u1ea3 c\u00e1c v\u1ebft n\u1ee9t, r\u00f2 r\u1ec9 tr\u00ean \u0111\u01b0\u1eddng \u1ed1ng v\u00e0 c\u00e1c b\u1ec1 m\u1eb7t kh\u00e1c.<\/p>\n<h3 data-sourcepos=\"5:1-5:37\">\u0110\u1eb7c \u0111i\u1ec3m n\u1ed5i b\u1eadt c\u1ee7a Belzona 9631<\/h3>\n<ul data-sourcepos=\"6:1-12:0\">\n<li data-sourcepos=\"6:1-6:85\"><strong>S\u1eb5n s\u00e0ng s\u1eed d\u1ee5ng:<\/strong> S\u1ea3n ph\u1ea9m \u0111\u01b0\u1ee3c \u0111\u00f3ng g\u00f3i s\u1eb5n trong t\u00fai k\u00edn, kh\u00f4ng c\u1ea7n pha tr\u1ed9n.<\/li>\n<li data-sourcepos=\"7:1-7:114\"><strong>Kh\u1edfi \u0111\u1ed9ng b\u1eb1ng n\u01b0\u1edbc:<\/strong> Khi ti\u1ebfp x\u00fac v\u1edbi n\u01b0\u1edbc, nh\u1ef1a epoxy s\u1ebd ho\u1ea1t h\u00f3a v\u00e0 t\u1ea1o th\u00e0nh m\u1ed9t l\u1edbp ph\u1ee7 c\u1ee9ng, ch\u1eafc ch\u1eafn.<\/li>\n<li data-sourcepos=\"8:1-8:118\"><strong>\u0110\u1ed9 b\u00e1m d\u00ednh cao:<\/strong> B\u00e1m d\u00ednh t\u1ed1t tr\u00ean nhi\u1ec1u lo\u1ea1i v\u1eadt li\u1ec7u nh\u01b0 \u0111\u1ed3ng, th\u00e9p kh\u00f4ng g\u1ec9, PVC v\u00e0 nhi\u1ec1u lo\u1ea1i v\u1eadt li\u1ec7u kh\u00e1c.<\/li>\n<li data-sourcepos=\"9:1-9:67\"><strong>Kh\u1ea3 n\u0103ng ch\u1ecbu \u00e1p l\u1ef1c:<\/strong> C\u00f3 th\u1ec3 ch\u1ecbu \u0111\u01b0\u1ee3c \u00e1p su\u1ea5t l\u00ean \u0111\u1ebfn 7 bar.<\/li>\n<li data-sourcepos=\"10:1-10:60\"><strong>Kh\u00f4 nhanh:<\/strong> C\u1ee9ng trong v\u00f2ng 60-90 ph\u00fat \u1edf nhi\u1ec7t \u0111\u1ed9 20\u00b0C.<\/li>\n<li data-sourcepos=\"11:1-12:0\"><strong>Kh\u00f4ng m\u00f9i:<\/strong> Kh\u00f4ng g\u00e2y m\u00f9i kh\u00f3 ch\u1ecbu.<\/li>\n<\/ul>\n<h3 data-sourcepos=\"13:1-13:29\">\u1ee8ng d\u1ee5ng c\u1ee7a Belzona 9631<\/h3>\n<ul data-sourcepos=\"14:1-17:0\">\n<li data-sourcepos=\"14:1-14:69\"><strong>S\u1eeda ch\u1eefa \u0111\u01b0\u1eddng \u1ed1ng:<\/strong> S\u1eeda ch\u1eefa c\u00e1c v\u1ebft n\u1ee9t, r\u00f2 r\u1ec9 tr\u00ean \u0111\u01b0\u1eddng \u1ed1ng.<\/li>\n<li data-sourcepos=\"15:1-15:68\"><strong>B\u1ea3o tr\u00ec thi\u1ebft b\u1ecb:<\/strong> S\u1eeda ch\u1eefa c\u00e1c thi\u1ebft b\u1ecb c\u00f4ng nghi\u1ec7p, h\u00f3a ch\u1ea5t.<\/li>\n<li data-sourcepos=\"16:1-17:0\"><strong>Ng\u00e0nh h\u00e0ng h\u1ea3i:<\/strong> S\u1eeda ch\u1eefa c\u00e1c v\u1ebft n\u1ee9t tr\u00ean th\u00e2n t\u00e0u, \u1ed1ng d\u1eabn n\u01b0\u1edbc.<\/li>\n<\/ul>\n<h3 data-sourcepos=\"20:1-20:36\">L\u1ee3i \u00edch khi s\u1eed d\u1ee5ng Belzona 9631<\/h3>\n<ul data-sourcepos=\"21:1-25:0\">\n<li data-sourcepos=\"21:1-21:60\"><strong>S\u1eeda ch\u1eefa nhanh ch\u00f3ng:<\/strong> Ti\u1ebft ki\u1ec7m th\u1eddi gian v\u00e0 c\u00f4ng s\u1ee9c.<\/li>\n<li data-sourcepos=\"22:1-22:49\"><strong>D\u1ec5 s\u1eed d\u1ee5ng:<\/strong> Kh\u00f4ng c\u1ea7n thi\u1ebft b\u1ecb chuy\u00ean d\u1ee5ng.<\/li>\n<li data-sourcepos=\"23:1-23:49\"><strong>\u0110\u1ed9 b\u1ec1n cao:<\/strong> T\u1ea1o ra l\u1edbp ph\u1ee7 c\u1ee9ng, ch\u1eafc ch\u1eafn.<\/li>\n<li data-sourcepos=\"24:1-25:0\"><strong>\u0110a n\u0103ng:<\/strong> C\u00f3 th\u1ec3 s\u1eed d\u1ee5ng tr\u00ean nhi\u1ec1u lo\u1ea1i b\u1ec1 m\u1eb7t.<\/li>\n<\/ul>\n<h3 data-sourcepos=\"26:1-26:16\">C\u00e1ch s\u1eed d\u1ee5ng<\/h3>\n<ol data-sourcepos=\"27:1-31:0\">\n<li data-sourcepos=\"27:1-27:60\"><strong>L\u00e0m s\u1ea1ch b\u1ec1 m\u1eb7t:<\/strong> L\u00e0m s\u1ea1ch v\u00e0 kh\u00f4 b\u1ec1 m\u1eb7t c\u1ea7n s\u1eeda ch\u1eefa.<\/li>\n<li data-sourcepos=\"28:1-28:73\"><strong>C\u1eaft s\u1ea3n ph\u1ea9m:<\/strong> C\u1eaft m\u1ed9t \u0111o\u1ea1n Belzona 9631 v\u1eeba \u0111\u1ee7 \u0111\u1ec3 bao ph\u1ee7 v\u1ebft n\u1ee9t.<\/li>\n<li data-sourcepos=\"29:1-29:88\"><strong>\u00c1p d\u1ee5ng:<\/strong> Qu\u1ea5n ch\u1eb7t s\u1ea3n ph\u1ea9m quanh v\u1ebft n\u1ee9t, \u0111\u1ea3m b\u1ea3o ti\u1ebfp x\u00fac ho\u00e0n to\u00e0n v\u1edbi b\u1ec1 m\u1eb7t.<\/li>\n<li data-sourcepos=\"30:1-31:0\"><strong>K\u00edch ho\u1ea1t:<\/strong> D\u00f9ng n\u01b0\u1edbc l\u00e0m \u01b0\u1edbt b\u1ec1 m\u1eb7t s\u1ea3n ph\u1ea9m \u0111\u1ec3 k\u00edch ho\u1ea1t qu\u00e1 tr\u00ecnh \u0111\u00f4ng c\u1ee9ng.<\/li>\n<\/ol>\n<h3 data-sourcepos=\"32:1-32:21\">L\u01b0u \u00fd khi s\u1eed d\u1ee5ng<\/h3>\n<ul data-sourcepos=\"33:1-35:0\">\n<li data-sourcepos=\"33:1-33:92\"><strong>Th\u1eddi gian l\u00e0m vi\u1ec7c:<\/strong> Th\u1eddi gian l\u00e0m vi\u1ec7c c\u1ee7a s\u1ea3n ph\u1ea9m ph\u1ee5 thu\u1ed9c v\u00e0o nhi\u1ec7t \u0111\u1ed9 m\u00f4i tr\u01b0\u1eddng.<\/li>\n<li data-sourcepos=\"34:1-35:0\"><strong>B\u1ea3o qu\u1ea3n:<\/strong> B\u1ea3o qu\u1ea3n s\u1ea3n ph\u1ea9m \u1edf n\u01a1i kh\u00f4 r\u00e1o, tho\u00e1ng m\u00e1t.<\/li>\n<\/ul>\n<\/div>\n","protected":false},"excerpt":{"rendered":"<p>T\u00ean sa\u0309n ph\u00e2\u0309m:\u00a0Belzona 9631<\/p>\n","protected":false},"featured_media":6776,"comment_status":"closed","ping_status":"closed","template":"","meta":[],"product_brand":[],"product_cat":[156],"product_tag":[],"class_list":{"0":"post-6775","1":"product","2":"type-product","3":"status-publish","4":"has-post-thumbnail","6":"product_cat-belzona","8":"first","9":"instock","10":"shipping-taxable","11":"product-type-simple"},"_links":{"self":[{"href":"https:\/\/yenhung.com\/index.php?rest_route=\/wp\/v2\/product\/6775","targetHints":{"allow":["GET"]}}],"collection":[{"href":"https:\/\/yenhung.com\/index.php?rest_route=\/wp\/v2\/product"}],"about":[{"href":"https:\/\/yenhung.com\/index.php?rest_route=\/wp\/v2\/types\/product"}],"replies":[{"embeddable":true,"href":"https:\/\/yenhung.com\/index.php?rest_route=%2Fwp%2Fv2%2Fcomments&post=6775"}],"wp:featuredmedia":[{"embeddable":true,"href":"https:\/\/yenhung.com\/index.php?rest_route=\/wp\/v2\/media\/6776"}],"wp:attachment":[{"href":"https:\/\/yenhung.com\/index.php?rest_route=%2Fwp%2Fv2%2Fmedia&parent=6775"}],"wp:term":[{"taxonomy":"product_brand","embeddable":true,"href":"https:\/\/yenhung.com\/index.php?rest_route=%2Fwp%2Fv2%2Fproduct_brand&post=6775"},{"taxonomy":"product_cat","embeddable":true,"href":"https:\/\/yenhung.com\/index.php?rest_route=%2Fwp%2Fv2%2Fproduct_cat&post=6775"},{"taxonomy":"product_tag","embeddable":true,"href":"https:\/\/yenhung.com\/index.php?rest_route=%2Fwp%2Fv2%2Fproduct_tag&post=6775"}],"curies":[{"name":"wp","href":"https:\/\/api.w.org\/{rel}","templated":true}]}}