{"id":6792,"date":"2025-11-10T07:48:13","date_gmt":"2025-11-10T07:48:13","guid":{"rendered":"https:\/\/yenhung.com\/?product=keo-belzona-1121"},"modified":"2026-02-11T04:17:03","modified_gmt":"2026-02-11T04:17:03","slug":"keo-belzona-1121","status":"publish","type":"product","link":"https:\/\/yenhung.com\/?product=keo-belzona-1121","title":{"rendered":"Keo Belzona 1121"},"content":{"rendered":"<div class=\"ba-text-fpt\">\n<h2 data-sourcepos=\"1:1-1:78\">Keo Belzona 1121 (Super XL-Metal): Gi\u1ea3i ph\u00e1p s\u1eeda ch\u1eefa kim lo\u1ea1i hi\u1ec7u qu\u1ea3 cao<\/h2>\n<p><img decoding=\"async\" title=\"1121-2-jpeg-1\" src=\"https:\/\/yenhung.com\/wp-content\/uploads\/2025\/11\/1121-2-jpeg-1.jpg\" alt=\"Keo Belzona 1121\" data-thumb=\"large\" \/><\/p>\n<p data-sourcepos=\"3:1-3:288\"><strong>Keo Belzona 1121<\/strong> l\u00e0 m\u1ed9t lo\u1ea1i v\u1eadt li\u1ec7u composite hai th\u00e0nh ph\u1ea7n, \u0111\u01b0\u1ee3c thi\u1ebft k\u1ebf \u0111\u1eb7c bi\u1ec7t \u0111\u1ec3 s\u1eeda ch\u1eefa v\u00e0 t\u00e1i t\u1ea1o b\u1ec1 m\u1eb7t kim lo\u1ea1i. S\u1ea3n ph\u1ea9m n\u00e0y s\u1eed d\u1ee5ng nh\u1ef1a epoxy kh\u00f4ng dung m\u00f4i, \u0111\u01b0\u1ee3c gia c\u1ed1 b\u1eb1ng h\u1ee3p kim th\u00e9p silicon, mang l\u1ea1i \u0111\u1ed9 b\u1ec1n cao v\u00e0 kh\u1ea3 n\u0103ng ch\u1ecbu \u0111\u01b0\u1ee3c nhi\u1ec1u \u0111i\u1ec1u ki\u1ec7n kh\u1eafc nghi\u1ec7t.<\/p>\n<h3 data-sourcepos=\"5:1-5:41\">\u01afu \u0111i\u1ec3m n\u1ed5i b\u1eadt c\u1ee7a Keo Belzona 1121:<\/h3>\n<p><img decoding=\"async\" title=\"1121-jpeg-1\" src=\"https:\/\/yenhung.com\/wp-content\/uploads\/2025\/11\/1121-jpeg-1.jpg\" alt=\"Keo Belzona 1121\" data-thumb=\"large\" \/><\/p>\n<ul data-sourcepos=\"7:1-7:40\">\n<li data-sourcepos=\"7:1-7:40\"><strong>\u0110\u1ed9 b\u1ec1n cao:<\/strong> Kh\u1ea3 n\u0103ng ch\u1ecbu m\u00e0i m\u00f2n, va \u0111\u1eadp, h\u00f3a ch\u1ea5t v\u00e0 nhi\u1ec7t \u0111\u1ed9 cao v\u01b0\u1ee3t tr\u1ed9i.<\/li>\n<li data-sourcepos=\"8:1-8:142\"><strong>Kh\u1ea3 n\u0103ng b\u00e1m d\u00ednh tuy\u1ec7t v\u1eddi:<\/strong> B\u00e1m d\u00ednh ch\u1eafc ch\u1eafn tr\u00ean nhi\u1ec1u lo\u1ea1i b\u1ec1 m\u1eb7t kim lo\u1ea1i nh\u01b0 th\u00e9p kh\u00f4ng g\u1ec9, th\u00e9p carbon, nh\u00f4m, \u0111\u1ed3ng thau v\u00e0 \u0111\u1ed3ng.<\/li>\n<li data-sourcepos=\"9:1-9:76\"><strong>D\u1ec5 thi c\u00f4ng:<\/strong> Tr\u1ed9n v\u00e0 thi c\u00f4ng d\u1ec5 d\u00e0ng, kh\u00f4ng c\u1ea7n thi\u1ebft b\u1ecb chuy\u00ean d\u1ee5ng.<\/li>\n<li data-sourcepos=\"10:1-10:98\"><strong>Th\u1eddi gian \u0111\u00f4ng c\u1ee9ng nhanh:<\/strong> Ti\u1ebft ki\u1ec7m th\u1eddi gian thi c\u00f4ng v\u00e0 \u0111\u01b0a thi\u1ebft b\u1ecb v\u00e0o s\u1eed d\u1ee5ng tr\u1edf l\u1ea1i.<\/li>\n<li data-sourcepos=\"11:1-11:68\"><strong>Kh\u00f4ng co ng\u00f3t:<\/strong> Gi\u1ea3m thi\u1ec3u t\u00ecnh tr\u1ea1ng n\u1ee9t n\u1ebb sau khi \u0111\u00f4ng c\u1ee9ng.<\/li>\n<li data-sourcepos=\"12:1-12:97\"><strong>Ch\u1ecbu \u0111\u01b0\u1ee3c nhi\u1ec1u lo\u1ea1i h\u00f3a ch\u1ea5t:<\/strong> B\u1ea3o v\u1ec7 b\u1ec1 m\u1eb7t kim lo\u1ea1i kh\u1ecfi s\u1ef1 \u0103n m\u00f2n c\u1ee7a c\u00e1c lo\u1ea1i h\u00f3a ch\u1ea5t.<\/li>\n<li data-sourcepos=\"13:1-14:0\"><strong>C\u00e1ch \u0111i\u1ec7n t\u1ed1t:<\/strong> C\u00f3 th\u1ec3 s\u1eed d\u1ee5ng \u0111\u1ec3 s\u1eeda ch\u1eefa c\u00e1c thi\u1ebft b\u1ecb \u0111i\u1ec7n.<\/li>\n<\/ul>\n<h3 data-sourcepos=\"15:1-15:34\">\u1ee8ng d\u1ee5ng c\u1ee7a Keo Belzona 1121:<\/h3>\n<ul data-sourcepos=\"17:1-21:0\">\n<li data-sourcepos=\"17:1-17:85\"><strong>S\u1eeda ch\u1eefa c\u00e1c l\u1ed7 h\u1ed5ng l\u1edbn tr\u00ean b\u1ec1 m\u1eb7t kim lo\u1ea1i:<\/strong> Bao g\u1ed3m c\u00e1c l\u1ed7 r\u00f2, v\u1ebft n\u1ee9t, m\u00f2n.<\/li>\n<li data-sourcepos=\"18:1-18:62\"><strong>T\u00e1i t\u1ea1o c\u00e1c b\u1ec1 m\u1eb7t b\u1ecb m\u00e0i m\u00f2n:<\/strong> Tr\u1ee5c, b\u00e1nh r\u0103ng, \u1ed1ng d\u1eabn.<\/li>\n<li data-sourcepos=\"19:1-19:67\"><strong>S\u1eeda ch\u1eefa c\u00e1c thi\u1ebft b\u1ecb c\u00f4ng nghi\u1ec7p:<\/strong> M\u00e1y b\u01a1m, m\u00e1y n\u00e9n kh\u00ed, van.<\/li>\n<li data-sourcepos=\"20:1-21:0\"><strong>B\u1ea3o v\u1ec7 b\u1ec1 m\u1eb7t kim lo\u1ea1i kh\u1ecfi \u0103n m\u00f2n:<\/strong> \u1ed0ng d\u1eabn, b\u1ed3n ch\u1ee9a.<\/li>\n<\/ul>\n<h3 data-sourcepos=\"22:1-22:41\">\u01afu \u0111i\u1ec3m khi s\u1eed d\u1ee5ng Keo Belzona 1121:<\/h3>\n<p><img decoding=\"async\" title=\"1121-1-2\" src=\"https:\/\/yenhung.com\/wp-content\/uploads\/2025\/11\/1121-1-2.jpg\" alt=\"Keo Belzona 1121\" data-thumb=\"large\" \/><\/p>\n<ul data-sourcepos=\"24:1-27:34\">\n<li data-sourcepos=\"24:1-24:76\"><strong>Ti\u1ebft ki\u1ec7m chi ph\u00ed:<\/strong> Gi\u1ea3m thi\u1ec3u chi ph\u00ed thay th\u1ebf c\u00e1c b\u1ed9 ph\u1eadn b\u1ecb h\u01b0 h\u1ecfng.<\/li>\n<li data-sourcepos=\"25:1-25:78\"><strong>N\u00e2ng cao tu\u1ed5i th\u1ecd thi\u1ebft b\u1ecb:<\/strong> B\u1ea3o v\u1ec7 v\u00e0 k\u00e9o d\u00e0i tu\u1ed5i th\u1ecd c\u1ee7a c\u00e1c thi\u1ebft b\u1ecb.<\/li>\n<li data-sourcepos=\"26:1-26:109\"><strong>Gi\u1ea3m th\u1eddi gian ng\u1eebng ho\u1ea1t \u0111\u1ed9ng:<\/strong> Thi c\u00f4ng nhanh ch\u00f3ng, gi\u00fap gi\u1ea3m th\u1eddi gian ng\u1eebng ho\u1ea1t \u0111\u1ed9ng c\u1ee7a thi\u1ebft b\u1ecb.<\/li>\n<li data-sourcepos=\"27:1-27:34\"><strong>An to\u00e0n:<\/strong> Kh\u00f4ng ch\u1ee9a dung m\u00f4i \u0111\u1ed9c h\u1ea1i, an to\u00e0n cho ng\u01b0\u1eddi s\u1eed d\u1ee5ng v\u00e0 m\u00f4i tr\u01b0\u1eddng.<\/li>\n<\/ul>\n<h3 data-sourcepos=\"29:1-29:22\">H\u01b0\u1edbng d\u1eabn s\u1eed d\u1ee5ng:<\/h3>\n<ol data-sourcepos=\"31:1-35:0\">\n<li data-sourcepos=\"31:1-31:78\"><strong>L\u00e0m s\u1ea1ch b\u1ec1 m\u1eb7t:<\/strong> B\u1ec1 m\u1eb7t c\u1ea7n s\u1eeda ch\u1eefa ph\u1ea3i s\u1ea1ch, kh\u00f4 v\u00e0 kh\u00f4ng c\u00f3 d\u1ea7u m\u1ee1.<\/li>\n<li data-sourcepos=\"32:1-32:69\"><strong>Tr\u1ed9n keo:<\/strong> Tr\u1ed9n \u0111\u1ec1u hai th\u00e0nh ph\u1ea7n c\u1ee7a keo theo t\u1ef7 l\u1ec7 ch\u1ec9 \u0111\u1ecbnh.<\/li>\n<li data-sourcepos=\"33:1-33:88\"><strong>Thi c\u00f4ng:<\/strong> \u00c1p d\u1ee5ng keo l\u00ean b\u1ec1 m\u1eb7t c\u1ea7n s\u1eeda ch\u1eefa b\u1eb1ng c\u00e1ch s\u1eed d\u1ee5ng bay ho\u1eb7c spatula.<\/li>\n<li data-sourcepos=\"34:1-35:0\"><strong>\u0110\u1ee3i keo \u0111\u00f4ng c\u1ee9ng:<\/strong> Th\u1eddi gian \u0111\u00f4ng c\u1ee9ng ph\u1ee5 thu\u1ed9c v\u00e0o \u0111\u1ed9 d\u00e0y c\u1ee7a l\u1edbp keo v\u00e0 nhi\u1ec7t \u0111\u1ed9 m\u00f4i tr\u01b0\u1eddng.<\/li>\n<\/ol>\n<h3 data-sourcepos=\"36:1-36:10\">L\u01b0u \u00fd:<\/h3>\n<ul data-sourcepos=\"38:1-41:0\">\n<li data-sourcepos=\"38:1-38:50\"><strong>\u0110\u1ecdc k\u1ef9 h\u01b0\u1edbng d\u1eabn s\u1eed d\u1ee5ng tr\u01b0\u1edbc khi thi c\u00f4ng.<\/strong><\/li>\n<li data-sourcepos=\"39:1-39:45\"><strong>B\u1ea3o qu\u1ea3n keo \u1edf n\u01a1i kh\u00f4 r\u00e1o, tho\u00e1ng m\u00e1t.<\/strong><\/li>\n<li data-sourcepos=\"40:1-41:0\"><strong>Tr\u00e1nh ti\u1ebfp x\u00fac tr\u1ef1c ti\u1ebfp v\u1edbi da v\u00e0 m\u1eaft.<\/strong><\/li>\n<\/ul>\n<p data-sourcepos=\"42:1-42:161\"><strong>Keo Belzona 1121<\/strong> l\u00e0 m\u1ed9t gi\u1ea3i ph\u00e1p s\u1eeda ch\u1eefa kim lo\u1ea1i hi\u1ec7u qu\u1ea3 v\u00e0 \u0111\u00e1ng tin c\u1eady.<\/p>\n<\/div>\n","protected":false},"excerpt":{"rendered":"<p><strong>T\u00ean sa\u0309n ph\u00e2\u0309m:<\/strong>\u00a0Keo Belzona 1121<\/p>\n","protected":false},"featured_media":6793,"comment_status":"closed","ping_status":"closed","template":"","meta":[],"product_brand":[],"product_cat":[156],"product_tag":[],"class_list":{"0":"post-6792","1":"product","2":"type-product","3":"status-publish","4":"has-post-thumbnail","6":"product_cat-belzona","8":"first","9":"instock","10":"shipping-taxable","11":"product-type-simple"},"_links":{"self":[{"href":"https:\/\/yenhung.com\/index.php?rest_route=\/wp\/v2\/product\/6792","targetHints":{"allow":["GET"]}}],"collection":[{"href":"https:\/\/yenhung.com\/index.php?rest_route=\/wp\/v2\/product"}],"about":[{"href":"https:\/\/yenhung.com\/index.php?rest_route=\/wp\/v2\/types\/product"}],"replies":[{"embeddable":true,"href":"https:\/\/yenhung.com\/index.php?rest_route=%2Fwp%2Fv2%2Fcomments&post=6792"}],"wp:featuredmedia":[{"embeddable":true,"href":"https:\/\/yenhung.com\/index.php?rest_route=\/wp\/v2\/media\/6793"}],"wp:attachment":[{"href":"https:\/\/yenhung.com\/index.php?rest_route=%2Fwp%2Fv2%2Fmedia&parent=6792"}],"wp:term":[{"taxonomy":"product_brand","embeddable":true,"href":"https:\/\/yenhung.com\/index.php?rest_route=%2Fwp%2Fv2%2Fproduct_brand&post=6792"},{"taxonomy":"product_cat","embeddable":true,"href":"https:\/\/yenhung.com\/index.php?rest_route=%2Fwp%2Fv2%2Fproduct_cat&post=6792"},{"taxonomy":"product_tag","embeddable":true,"href":"https:\/\/yenhung.com\/index.php?rest_route=%2Fwp%2Fv2%2Fproduct_tag&post=6792"}],"curies":[{"name":"wp","href":"https:\/\/api.w.org\/{rel}","templated":true}]}}