{"id":6800,"date":"2025-11-10T07:48:22","date_gmt":"2025-11-10T07:48:22","guid":{"rendered":"https:\/\/yenhung.com\/?product=keo-belzona-5831"},"modified":"2026-02-11T04:16:40","modified_gmt":"2026-02-11T04:16:40","slug":"keo-belzona-5831","status":"publish","type":"product","link":"https:\/\/yenhung.com\/?product=keo-belzona-5831","title":{"rendered":"Keo Belzona 5831"},"content":{"rendered":"<div class=\"ba-text-fpt\">\n<h2 data-sourcepos=\"1:1-1:63\">Belzona 5831: Gi\u1ea3i ph\u00e1p ch\u1ed1ng th\u1ea5m v\u00e0 b\u1ea3o v\u1ec7 b\u1ec1 m\u1eb7t hi\u1ec7u qu\u1ea3<\/h2>\n<p><img decoding=\"async\" title=\"5831-3\" src=\"https:\/\/yenhung.com\/wp-content\/uploads\/2025\/11\/5831-3.jpg\" alt=\"Belzona 5831\" data-thumb=\"large\" \/><\/p>\n<p data-sourcepos=\"3:1-3:313\"><strong>Belzona 5831<\/strong> l\u00e0 m\u1ed9t lo\u1ea1i s\u01a1n epoxy hai th\u00e0nh ph\u1ea7n, \u0111\u01b0\u1ee3c \u0111\u1eb7c bi\u1ec7t ch\u1ebf t\u1ea1o \u0111\u1ec3 \u1ee9ng d\u1ee5ng l\u00ean c\u00e1c b\u1ec1 m\u1eb7t \u1ea9m \u01b0\u1edbt v\u00e0 nhi\u1ec5m d\u1ea7u kh\u00f4ng th\u1ec3 l\u00e0m kh\u00f4 tr\u01b0\u1edbc khi thi c\u00f4ng, c\u0169ng nh\u01b0 c\u00e1c \u1ee9ng d\u1ee5ng d\u01b0\u1edbi n\u01b0\u1edbc. L\u1edbp ph\u1ee7 n\u00e0y c\u00f3 kh\u1ea3 n\u0103ng \u0111\u1ea9y n\u01b0\u1edbc ra kh\u1ecfi b\u1ec1 m\u1eb7t, \u0111\u1ea3m b\u1ea3o \u0111\u1ed9 b\u00e1m d\u00ednh t\u1ed1i \u0111a l\u00ean c\u00e1c b\u1ec1 m\u1eb7t \u1ea9m \u01b0\u1edbt, th\u1eadm ch\u00ed d\u01b0\u1edbi n\u01b0\u1edbc.<\/p>\n<h3 data-sourcepos=\"5:1-5:37\">\u01afu \u0111i\u1ec3m n\u1ed5i b\u1eadt c\u1ee7a Belzona 5831:<\/h3>\n<p><img decoding=\"async\" title=\"5831-2-2\" src=\"https:\/\/yenhung.com\/wp-content\/uploads\/2025\/11\/5831-2-2.jpg\" alt=\"Belzona 5831\" data-thumb=\"large\" \/><\/p>\n<ul data-sourcepos=\"7:1-7:7\">\n<li data-sourcepos=\"7:1-7:7\"><strong>Ch\u1ecbu \u1ea9m v\u00e0 n\u01b0\u1edbc c\u1ef1c t\u1ed1t:<\/strong> Belzona 5831 c\u00f3 th\u1ec3 \u0111\u01b0\u1ee3c thi c\u00f4ng tr\u1ef1c ti\u1ebfp l\u00ean c\u00e1c b\u1ec1 m\u1eb7t \u1ea9m \u01b0\u1edbt ho\u1eb7c ng\u1eadp n\u01b0\u1edbc m\u00e0 kh\u00f4ng \u1ea3nh h\u01b0\u1edfng \u0111\u1ebfn ch\u1ea5t l\u01b0\u1ee3ng b\u00e1m d\u00ednh.<\/li>\n<li data-sourcepos=\"8:1-8:152\"><strong>B\u1ea3o v\u1ec7 b\u1ec1 m\u1eb7t kim lo\u1ea1i:<\/strong> L\u1edbp ph\u1ee7 t\u1ea1o th\u00e0nh m\u1ed9t h\u00e0ng r\u00e0o b\u1ea3o v\u1ec7 hi\u1ec7u qu\u1ea3, ng\u0103n ng\u1eeba s\u1ef1 \u0103n m\u00f2n, r\u1ec9 s\u00e9t v\u00e0 k\u00e9o d\u00e0i tu\u1ed5i th\u1ecd c\u1ee7a c\u00e1c c\u1ea5u tr\u00fac kim lo\u1ea1i.<\/li>\n<li data-sourcepos=\"9:1-9:89\"><strong>Ch\u1ecbu \u0111\u01b0\u1ee3c h\u00f3a ch\u1ea5t:<\/strong> Ch\u1ed1ng l\u1ea1i s\u1ef1 \u0103n m\u00f2n c\u1ee7a nhi\u1ec1u lo\u1ea1i h\u00f3a ch\u1ea5t, axit, mu\u1ed1i v\u00e0 d\u1ea7u.<\/li>\n<li data-sourcepos=\"10:1-10:21\"><strong>\u0110\u1ed9 b\u1ec1n cao:<\/strong> L\u1edbp ph\u1ee7 c\u1ee9ng r\u1eafn, ch\u1ecbu \u0111\u01b0\u1ee3c s\u1ef1 m\u00e0i m\u00f2n v\u00e0 va \u0111\u1eadp.<\/li>\n<li data-sourcepos=\"11:1-12:0\"><strong>D\u1ec5 thi c\u00f4ng:<\/strong> D\u1ec5 d\u00e0ng pha tr\u1ed9n v\u00e0 thi c\u00f4ng b\u1eb1ng c\u1ecd ho\u1eb7c rul\u00f4.<\/li>\n<\/ul>\n<h3 data-sourcepos=\"13:1-13:30\">\u1ee8ng d\u1ee5ng c\u1ee7a Belzona 5831:<\/h3>\n<p><img decoding=\"async\" title=\"5831-1-1\" src=\"https:\/\/yenhung.com\/wp-content\/uploads\/2025\/11\/5831-1-1.jpg\" alt=\"Belzona 5831\" data-thumb=\"large\" \/><\/p>\n<ul data-sourcepos=\"15:1-19:0\">\n<li data-sourcepos=\"15:1-15:99\"><strong>Ng\u00e0nh c\u00f4ng nghi\u1ec7p:<\/strong> B\u1ea3o v\u1ec7 c\u00e1c thi\u1ebft b\u1ecb, \u0111\u01b0\u1eddng \u1ed1ng, b\u1ec3 ch\u1ee9a trong m\u00f4i tr\u01b0\u1eddng \u1ea9m \u01b0\u1edbt, h\u00f3a ch\u1ea5t.<\/li>\n<li data-sourcepos=\"16:1-16:92\"><strong>X\u00e2y d\u1ef1ng:<\/strong> S\u1eeda ch\u1eefa c\u00e1c c\u1ea5u tr\u00fac b\u00ea t\u00f4ng b\u1ecb n\u1ee9t n\u1ebb, ch\u1ed1ng th\u1ea5m cho c\u00e1c c\u00f4ng tr\u00ecnh ng\u1ea7m.<\/li>\n<li data-sourcepos=\"17:1-17:56\"><strong>H\u00e0ng h\u1ea3i:<\/strong> B\u1ea3o v\u1ec7 th\u00e2n t\u00e0u, c\u00e1c thi\u1ebft b\u1ecb d\u01b0\u1edbi n\u01b0\u1edbc.<\/li>\n<li data-sourcepos=\"18:1-19:0\"><strong>X\u1eed l\u00fd n\u01b0\u1edbc th\u1ea3i:<\/strong> B\u1ea3o v\u1ec7 c\u00e1c b\u1ec3 ch\u1ee9a, \u0111\u01b0\u1eddng \u1ed1ng ti\u1ebfp x\u00fac v\u1edbi n\u01b0\u1edbc th\u1ea3i.<\/li>\n<\/ul>\n<h3 data-sourcepos=\"20:1-20:37\">\u01afu \u0111i\u1ec3m khi s\u1eed d\u1ee5ng Belzona 5831:<\/h3>\n<ul data-sourcepos=\"22:1-25:0\">\n<li data-sourcepos=\"22:1-22:124\"><strong>Gi\u1ea3m th\u1eddi gian ng\u1eebng ho\u1ea1t \u0111\u1ed9ng:<\/strong> C\u00f3 th\u1ec3 thi c\u00f4ng tr\u1ef1c ti\u1ebfp m\u00e0 kh\u00f4ng c\u1ea7n l\u00e0m kh\u00f4 b\u1ec1 m\u1eb7t, ti\u1ebft ki\u1ec7m th\u1eddi gian v\u00e0 chi ph\u00ed.<\/li>\n<li data-sourcepos=\"23:1-23:85\"><strong>T\u0103ng tu\u1ed5i th\u1ecd thi\u1ebft b\u1ecb:<\/strong> B\u1ea3o v\u1ec7 hi\u1ec7u qu\u1ea3 c\u00e1c thi\u1ebft b\u1ecb kh\u1ecfi s\u1ef1 \u0103n m\u00f2n v\u00e0 h\u01b0 h\u1ecfng.<\/li>\n<li data-sourcepos=\"24:1-25:0\"><strong>An to\u00e0n:<\/strong> S\u1ea3n ph\u1ea9m kh\u00f4ng ch\u1ee9a c\u00e1c ch\u1ea5t \u0111\u1ed9c h\u1ea1i, th\u00e2n thi\u1ec7n v\u1edbi m\u00f4i tr\u01b0\u1eddng.<\/li>\n<\/ul>\n<h3 data-sourcepos=\"26:1-26:22\">H\u01b0\u1edbng d\u1eabn s\u1eed d\u1ee5ng:<\/h3>\n<ol data-sourcepos=\"28:1-28:8\">\n<li data-sourcepos=\"28:1-28:8\"><strong>L\u00e0m s\u1ea1ch b\u1ec1 m\u1eb7t:<\/strong> L\u00e0m s\u1ea1ch b\u1ec1 m\u1eb7t c\u1ea7n thi c\u00f4ng, lo\u1ea1i b\u1ecf c\u00e1c t\u1ea1p ch\u1ea5t, r\u1ec9 s\u00e9t.<\/li>\n<li data-sourcepos=\"29:1-29:78\"><strong>Pha tr\u1ed9n:<\/strong> Pha tr\u1ed9n hai th\u00e0nh ph\u1ea7n c\u1ee7a Belzona 5831 theo t\u1ef7 l\u1ec7 quy \u0111\u1ecbnh.<\/li>\n<li data-sourcepos=\"30:1-30:66\"><strong>Thi c\u00f4ng:<\/strong> Thi c\u00f4ng b\u1eb1ng c\u1ecd ho\u1eb7c rul\u00f4 l\u00ean b\u1ec1 m\u1eb7t c\u1ea7n b\u1ea3o v\u1ec7.<\/li>\n<li data-sourcepos=\"31:1-32:0\"><strong>\u0110\u1ee3i kh\u00f4:<\/strong> \u0110\u1ec3 l\u1edbp ph\u1ee7 kh\u00f4 ho\u00e0n to\u00e0n theo h\u01b0\u1edbng d\u1eabn c\u1ee7a nh\u00e0 s\u1ea3n xu\u1ea5t.<\/li>\n<\/ol>\n<h3 data-sourcepos=\"33:1-33:10\">L\u01b0u \u00fd:<\/h3>\n<ul data-sourcepos=\"35:1-38:0\">\n<li data-sourcepos=\"35:1-35:44\"><strong>An to\u00e0n:<\/strong> Lu\u00f4n \u0111eo b\u1ea3o h\u1ed9 khi thi c\u00f4ng.<\/li>\n<li data-sourcepos=\"36:1-36:60\"><strong>B\u1ea3o qu\u1ea3n:<\/strong> B\u1ea3o qu\u1ea3n s\u1ea3n ph\u1ea9m \u1edf n\u01a1i kh\u00f4 r\u00e1o, tho\u00e1ng m\u00e1t.<\/li>\n<li data-sourcepos=\"37:1-38:0\"><strong>T\u01b0 v\u1ea5n k\u1ef9 thu\u1eadt:<\/strong> N\u00ean tham kh\u1ea3o \u00fd ki\u1ebfn c\u1ee7a chuy\u00ean gia \u0111\u1ec3 l\u1ef1a ch\u1ecdn s\u1ea3n ph\u1ea9m ph\u00f9 h\u1ee3p v\u00e0 ph\u01b0\u01a1ng ph\u00e1p thi c\u00f4ng t\u1ed1i \u01b0u.<\/li>\n<\/ul>\n<p data-sourcepos=\"39:1-39:213\"><strong>Belzona 5831<\/strong> l\u00e0 gi\u1ea3i ph\u00e1p to\u00e0n di\u1ec7n cho vi\u1ec7c b\u1ea3o v\u1ec7 c\u00e1c b\u1ec1 m\u1eb7t kim lo\u1ea1i trong m\u00f4i tr\u01b0\u1eddng kh\u1eafc nghi\u1ec7t. S\u1ea3n ph\u1ea9m gi\u00fap k\u00e9o d\u00e0i tu\u1ed5i th\u1ecd c\u1ee7a c\u00e1c thi\u1ebft b\u1ecb, gi\u1ea3m chi ph\u00ed b\u1ea3o tr\u00ec v\u00e0 \u0111\u1ea3m b\u1ea3o an to\u00e0n cho ng\u01b0\u1eddi s\u1eed d\u1ee5ng.<\/p>\n<\/div>\n","protected":false},"excerpt":{"rendered":"<p><strong>T\u00ean sa\u0309n ph\u00e2\u0309m:<\/strong>\u00a0Belzona 5831<\/p>\n","protected":false},"featured_media":6801,"comment_status":"closed","ping_status":"closed","template":"","meta":[],"product_brand":[],"product_cat":[156],"product_tag":[],"class_list":{"0":"post-6800","1":"product","2":"type-product","3":"status-publish","4":"has-post-thumbnail","6":"product_cat-belzona","8":"first","9":"instock","10":"shipping-taxable","11":"product-type-simple"},"_links":{"self":[{"href":"https:\/\/yenhung.com\/index.php?rest_route=\/wp\/v2\/product\/6800","targetHints":{"allow":["GET"]}}],"collection":[{"href":"https:\/\/yenhung.com\/index.php?rest_route=\/wp\/v2\/product"}],"about":[{"href":"https:\/\/yenhung.com\/index.php?rest_route=\/wp\/v2\/types\/product"}],"replies":[{"embeddable":true,"href":"https:\/\/yenhung.com\/index.php?rest_route=%2Fwp%2Fv2%2Fcomments&post=6800"}],"wp:featuredmedia":[{"embeddable":true,"href":"https:\/\/yenhung.com\/index.php?rest_route=\/wp\/v2\/media\/6801"}],"wp:attachment":[{"href":"https:\/\/yenhung.com\/index.php?rest_route=%2Fwp%2Fv2%2Fmedia&parent=6800"}],"wp:term":[{"taxonomy":"product_brand","embeddable":true,"href":"https:\/\/yenhung.com\/index.php?rest_route=%2Fwp%2Fv2%2Fproduct_brand&post=6800"},{"taxonomy":"product_cat","embeddable":true,"href":"https:\/\/yenhung.com\/index.php?rest_route=%2Fwp%2Fv2%2Fproduct_cat&post=6800"},{"taxonomy":"product_tag","embeddable":true,"href":"https:\/\/yenhung.com\/index.php?rest_route=%2Fwp%2Fv2%2Fproduct_tag&post=6800"}],"curies":[{"name":"wp","href":"https:\/\/api.w.org\/{rel}","templated":true}]}}