{"id":6816,"date":"2025-11-10T07:48:34","date_gmt":"2025-11-10T07:48:34","guid":{"rendered":"https:\/\/yenhung.com\/?product=keo-belzona-1212"},"modified":"2026-02-11T04:16:18","modified_gmt":"2026-02-11T04:16:18","slug":"keo-belzona-1212","status":"publish","type":"product","link":"https:\/\/yenhung.com\/?product=keo-belzona-1212","title":{"rendered":"Keo belzona 1212"},"content":{"rendered":"<div class=\"ba-text-fpt\">\n<h2 data-sourcepos=\"1:1-1:67\"><strong>Keo Belzona 1212: Gi\u1ea3i ph\u00e1p s\u1eeda ch\u1eefa \u0111a n\u0103ng cho b\u1ec1 m\u1eb7t kim lo\u1ea1i<\/strong><\/h2>\n<p><img decoding=\"async\" title=\"1212-3\" src=\"https:\/\/yenhung.com\/wp-content\/uploads\/2025\/11\/1212-3.jpg\" alt=\"Keo Belzona 1212\" data-thumb=\"large\" \/><\/p>\n<p data-sourcepos=\"3:1-3:17\"><strong>Keo Belzona 1212<\/strong> l\u00e0 h\u1ee3p ch\u1ea5t s\u1eeda ch\u1eefa hai th\u00e0nh ph\u1ea7n g\u1ed1c epoxy, \u0111\u01b0\u1ee3c thi\u1ebft k\u1ebf \u0111\u1ec3 s\u1eeda ch\u1eefa v\u00e0 b\u1ea3o v\u1ec7 c\u00e1c b\u1ec1 m\u1eb7t kim lo\u1ea1i b\u1ecb h\u01b0 h\u1ecfng do m\u00e0i m\u00f2n, \u0103n m\u00f2n, va \u0111\u1eadp v\u00e0 r\u00f2 r\u1ec9. S\u1ea3n ph\u1ea9m \u0111\u01b0\u1ee3c s\u1ea3n xu\u1ea5t b\u1edfi Belzona, th\u01b0\u01a1ng hi\u1ec7u uy t\u00edn \u0111\u1ebfn t\u1eeb Anh Qu\u1ed1c, v\u1edbi h\u01a1n 50 n\u0103m kinh nghi\u1ec7m trong l\u0129nh v\u1ef1c s\u1eeda ch\u1eefa v\u00e0 b\u1ea3o d\u01b0\u1ee1ng c\u00f4ng nghi\u1ec7p.<\/p>\n<h2 data-sourcepos=\"5:1-5:20\"><strong>\u01afu \u0111i\u1ec3m n\u1ed5i b\u1eadt:<\/strong><\/h2>\n<ul data-sourcepos=\"7:1-9:27\">\n<li data-sourcepos=\"7:1-7:151\"><strong>Kh\u1ea3 n\u0103ng b\u00e1m d\u00ednh tuy\u1ec7t v\u1eddi:<\/strong> Keo Belzona 1212 c\u00f3 kh\u1ea3 n\u0103ng b\u00e1m d\u00ednh m\u1ea1nh m\u1ebd tr\u00ean nhi\u1ec1u lo\u1ea1i kim lo\u1ea1i kh\u00e1c nhau, bao g\u1ed3m th\u00e9p, nh\u00f4m, \u0111\u1ed3ng, v\u00e0 gang.<\/li>\n<li data-sourcepos=\"8:1-8:138\"><strong>Ch\u1ecbu nhi\u1ec7t v\u00e0 h\u00f3a ch\u1ea5t cao:<\/strong> Keo c\u00f3 th\u1ec3 ch\u1ecbu \u0111\u01b0\u1ee3c nhi\u1ec7t \u0111\u1ed9 l\u00ean \u0111\u1ebfn 150\u00b0C v\u00e0 nhi\u1ec1u lo\u1ea1i h\u00f3a ch\u1ea5t th\u00f4ng d\u1ee5ng nh\u01b0 axit, dung m\u00f4i v\u00e0 d\u1ea7u.<\/li>\n<li data-sourcepos=\"9:1-9:27\"><strong>Ch\u1ed1ng m\u00e0i m\u00f2n v\u00e0 \u0103n m\u00f2n:<\/strong> Keo b\u1ea3o v\u1ec7 b\u1ec1 m\u1eb7t kim lo\u1ea1i kh\u1ecfi s\u1ef1 m\u00e0i m\u00f2n v\u00e0 \u0103n m\u00f2n, gi\u00fap k\u00e9o d\u00e0i tu\u1ed5i th\u1ecd c\u1ee7a thi\u1ebft b\u1ecb.<\/li>\n<li data-sourcepos=\"10:1-10:91\"><strong>D\u1ec5 s\u1eed d\u1ee5ng:<\/strong> Keo c\u00f3 th\u1ec3 \u0111\u01b0\u1ee3c thi c\u00f4ng d\u1ec5 d\u00e0ng b\u1eb1ng tay, kh\u00f4ng c\u1ea7n d\u1ee5ng c\u1ee5 chuy\u00ean d\u1ee5ng.<\/li>\n<li data-sourcepos=\"11:1-12:0\"><strong>C\u00f3 th\u1ec3 gia c\u00f4ng:<\/strong> Keo c\u00f3 th\u1ec3 \u0111\u01b0\u1ee3c gia c\u00f4ng b\u1eb1ng c\u00e1c ph\u01b0\u01a1ng ph\u00e1p truy\u1ec1n th\u1ed1ng nh\u01b0 khoan, c\u1eaft, m\u00e0i v\u00e0 d\u0169a.<\/li>\n<\/ul>\n<h2 data-sourcepos=\"13:1-13:13\"><strong>\u1ee8ng d\u1ee5ng:<\/strong><\/h2>\n<p><strong><img decoding=\"async\" title=\"1212-2-1\" src=\"https:\/\/yenhung.com\/wp-content\/uploads\/2025\/11\/1212-2-1.jpg\" data-thumb=\"large\" \/><\/strong><\/p>\n<ul data-sourcepos=\"15:1-17:49\">\n<li data-sourcepos=\"15:1-15:214\"><strong>S\u1eeda ch\u1eefa c\u00e1c v\u1ebft n\u1ee9t, g\u00e3y v\u1ee1 v\u00e0 l\u1ed7 h\u1ed5ng tr\u00ean b\u1ec1 m\u1eb7t kim lo\u1ea1i:<\/strong> Keo Belzona 1212 c\u00f3 th\u1ec3 \u0111\u01b0\u1ee3c s\u1eed d\u1ee5ng \u0111\u1ec3 s\u1eeda ch\u1eefa c\u00e1c v\u1ebft n\u1ee9t, g\u00e3y v\u1ee1 v\u00e0 l\u1ed7 h\u1ed5ng tr\u00ean c\u00e1c thi\u1ebft b\u1ecb c\u00f4ng nghi\u1ec7p, m\u00e1y m\u00f3c, xe c\u1ed9 v\u00e0 c\u00e1c b\u1ed9 ph\u1eadn kh\u00e1c.<\/li>\n<li data-sourcepos=\"16:1-16:164\"><strong>Ch\u1ed1ng th\u1ea5m v\u00e0 b\u1ecbt k\u00edn:<\/strong> Keo c\u00f3 th\u1ec3 \u0111\u01b0\u1ee3c s\u1eed d\u1ee5ng \u0111\u1ec3 ch\u1ed1ng th\u1ea5m v\u00e0 b\u1ecbt k\u00edn c\u00e1c m\u1ed1i n\u1ed1i, khe h\u1edf v\u00e0 c\u00e1c khu v\u1ef1c b\u1ecb r\u00f2 r\u1ec9 tr\u00ean c\u00e1c thi\u1ebft b\u1ecb v\u00e0 h\u1ec7 th\u1ed1ng c\u00f4ng nghi\u1ec7p.<\/li>\n<li data-sourcepos=\"17:1-17:49\"><strong>Ph\u1ee5c h\u1ed3i c\u00e1c b\u1ec1 m\u1eb7t kim lo\u1ea1i b\u1ecb m\u00f2n:<\/strong> Keo c\u00f3 th\u1ec3 \u0111\u01b0\u1ee3c s\u1eed d\u1ee5ng \u0111\u1ec3 ph\u1ee5c h\u1ed3i c\u00e1c b\u1ec1 m\u1eb7t kim lo\u1ea1i b\u1ecb m\u00f2n do ma s\u00e1t, va \u0111\u1eadp ho\u1eb7c h\u00f3a ch\u1ea5t.<\/li>\n<li data-sourcepos=\"18:1-19:0\"><strong>T\u1ea1o l\u1edbp b\u1ea3o v\u1ec7 cho b\u1ec1 m\u1eb7t kim lo\u1ea1i:<\/strong> Keo c\u00f3 th\u1ec3 \u0111\u01b0\u1ee3c s\u1eed d\u1ee5ng \u0111\u1ec3 t\u1ea1o l\u1edbp b\u1ea3o v\u1ec7 cho b\u1ec1 m\u1eb7t kim lo\u1ea1i kh\u1ecfi s\u1ef1 \u0103n m\u00f2n, m\u00e0i m\u00f2n v\u00e0 h\u00f3a ch\u1ea5t.<\/li>\n<\/ul>\n<p data-sourcepos=\"20:1-20:22\"><strong>H\u01b0\u1edbng d\u1eabn s\u1eed d\u1ee5ng:<\/strong><\/p>\n<ol data-sourcepos=\"22:1-26:0\">\n<li data-sourcepos=\"22:1-22:43\">L\u00e0m s\u1ea1ch v\u00e0 lau kh\u00f4 b\u1ec1 m\u1eb7t c\u1ea7n s\u1eeda ch\u1eefa.<\/li>\n<li data-sourcepos=\"23:1-23:56\">Tr\u1ed9n \u0111\u1ec1u hai th\u00e0nh ph\u1ea7n c\u1ee7a keo theo t\u1ef7 l\u1ec7 h\u01b0\u1edbng d\u1eabn.<\/li>\n<li data-sourcepos=\"24:1-24:62\">B\u00f4i keo l\u00ean b\u1ec1 m\u1eb7t c\u1ea7n s\u1eeda ch\u1eefa v\u00e0 t\u1ea1o h\u00ecnh d\u1ea1ng mong mu\u1ed1n.<\/li>\n<li data-sourcepos=\"25:1-26:0\">\u0110\u1ec3 keo kh\u00f4 trong 24 gi\u1edd.<\/li>\n<\/ol>\n<p data-sourcepos=\"27:1-27:10\"><strong>L\u01b0u \u00fd:<\/strong><\/p>\n<ul data-sourcepos=\"29:1-32:1\">\n<li data-sourcepos=\"29:1-29:65\">Kh\u00f4ng s\u1eed d\u1ee5ng keo tr\u00ean c\u00e1c b\u1ec1 m\u1eb7t b\u1ea9n, d\u00ednh d\u1ea7u m\u1ee1 ho\u1eb7c \u1ea9m \u01b0\u1edbt.<\/li>\n<li data-sourcepos=\"30:1-30:31\">Tr\u00e1nh ti\u1ebfp x\u00fac v\u1edbi m\u1eaft v\u00e0 da.<\/li>\n<li data-sourcepos=\"31:1-31:70\">N\u1ebfu d\u00ednh v\u00e0o m\u1eaft, r\u1eeda s\u1ea1ch b\u1eb1ng n\u01b0\u1edbc v\u00e0 \u0111\u1ebfn g\u1eb7p b\u00e1c s\u0129 ngay l\u1eadp t\u1ee9c.<\/li>\n<li data-sourcepos=\"32:1-32:1\">B\u1ea3o qu\u1ea3n keo \u1edf n\u01a1i kh\u00f4 r\u00e1o, tho\u00e1ng m\u00e1t.<\/li>\n<\/ul>\n<p data-sourcepos=\"34:1-35:74\"><strong>Keo Belzona 1212<\/strong> l\u00e0 s\u1ea3n ph\u1ea9m c\u1ea7n thi\u1ebft cho vi\u1ec7c s\u1eeda ch\u1eefa v\u00e0 b\u1ea3o d\u01b0\u1ee1ng c\u00e1c thi\u1ebft b\u1ecb v\u00e0 h\u1ec7 th\u1ed1ng c\u00f4ng nghi\u1ec7p. S\u1ea3n ph\u1ea9m gi\u00fap ti\u1ebft ki\u1ec7m chi ph\u00ed thay th\u1ebf v\u00e0 k\u00e9o d\u00e0i tu\u1ed5i th\u1ecd c\u1ee7a thi\u1ebft b\u1ecb.<\/p>\n<\/div>\n","protected":false},"excerpt":{"rendered":"<p><strong>T\u00ean sa\u0309n ph\u00e2\u0309m: Belzona 1212<\/strong><\/p>\n","protected":false},"featured_media":6817,"comment_status":"closed","ping_status":"closed","template":"","meta":[],"product_brand":[],"product_cat":[156],"product_tag":[],"class_list":{"0":"post-6816","1":"product","2":"type-product","3":"status-publish","4":"has-post-thumbnail","6":"product_cat-belzona","8":"first","9":"instock","10":"shipping-taxable","11":"product-type-simple"},"_links":{"self":[{"href":"https:\/\/yenhung.com\/index.php?rest_route=\/wp\/v2\/product\/6816","targetHints":{"allow":["GET"]}}],"collection":[{"href":"https:\/\/yenhung.com\/index.php?rest_route=\/wp\/v2\/product"}],"about":[{"href":"https:\/\/yenhung.com\/index.php?rest_route=\/wp\/v2\/types\/product"}],"replies":[{"embeddable":true,"href":"https:\/\/yenhung.com\/index.php?rest_route=%2Fwp%2Fv2%2Fcomments&post=6816"}],"wp:featuredmedia":[{"embeddable":true,"href":"https:\/\/yenhung.com\/index.php?rest_route=\/wp\/v2\/media\/6817"}],"wp:attachment":[{"href":"https:\/\/yenhung.com\/index.php?rest_route=%2Fwp%2Fv2%2Fmedia&parent=6816"}],"wp:term":[{"taxonomy":"product_brand","embeddable":true,"href":"https:\/\/yenhung.com\/index.php?rest_route=%2Fwp%2Fv2%2Fproduct_brand&post=6816"},{"taxonomy":"product_cat","embeddable":true,"href":"https:\/\/yenhung.com\/index.php?rest_route=%2Fwp%2Fv2%2Fproduct_cat&post=6816"},{"taxonomy":"product_tag","embeddable":true,"href":"https:\/\/yenhung.com\/index.php?rest_route=%2Fwp%2Fv2%2Fproduct_tag&post=6816"}],"curies":[{"name":"wp","href":"https:\/\/api.w.org\/{rel}","templated":true}]}}