{"id":6823,"date":"2025-11-10T07:48:45","date_gmt":"2025-11-10T07:48:45","guid":{"rendered":"https:\/\/yenhung.com\/?product=keo-belzona-1321"},"modified":"2026-02-11T04:16:09","modified_gmt":"2026-02-11T04:16:09","slug":"keo-belzona-1321","status":"publish","type":"product","link":"https:\/\/yenhung.com\/?product=keo-belzona-1321","title":{"rendered":"Keo belzona 1321"},"content":{"rendered":"<div class=\"ba-text-fpt\">\n<h2><strong>M\u00f4 T\u1ea3 Belzona 1321 (Ceramic S-Metal) \u2013 S\u01a1n 2 th\u00e0nh ph\u1ea7n<\/strong><\/h2>\n<p><img decoding=\"async\" title=\"1321-jpeg-2\" src=\"https:\/\/yenhung.com\/wp-content\/uploads\/2025\/11\/1321-jpeg-2.jpg\" alt=\"Keo Belzona 1321\" data-thumb=\"large\" \/><\/p>\n<p>Belzona 1321 (Ceramic S-Metal)L\u00e0 lo\u1ea1i s\u01a1n epoxy ph\u1ee7 g\u1ed1m 2 ph\u1ea7n \u0111\u01b0\u1ee3c thi\u1ebft k\u1ebf \u0111\u1ec3 cung c\u1ea5p kh\u1ea3 n\u0103ng ch\u1ed1ng x\u00f3i m\u00f2n v\u00e0 \u0103n m\u00f2n cho b\u1ec1 m\u1eb7t kim lo\u1ea1i. L\u1edbp s\u01a1n epoxy kh\u00f4ng dung m\u00f4i n\u00e0y c\u00f3 kh\u1ea3 n\u0103ng kh\u00e1ng h\u00f3a ch\u1ea5t v\u01b0\u1ee3t tr\u1ed9i v\u00e0 s\u1ebd k\u1ebft d\u00ednh v\u1edbi h\u1ea7u h\u1ebft m\u1ecdi b\u1ec1 m\u1eb7t c\u1ee9ng nh\u1eafc. Do c\u01b0\u1eddng \u0111\u1ed9 n\u00e9n cao, n\u00f3 c\u0169ng c\u00f3 th\u1ec3 \u0111\u01b0\u1ee3c s\u1eed d\u1ee5ng \u0111\u1ec3 t\u1ea1o ra m\u1ed9t mi\u1ebfng ch\u00eam ho\u00e0n h\u1ea3o. V\u1eadt li\u1ec7u n\u00e0y r\u1ea5t d\u1ec5 tr\u1ed9n v\u00e0 thi c\u00f4ng m\u00e0 kh\u00f4ng c\u1ea7n \u0111\u1ebfn c\u00e1c d\u1ee5ng c\u1ee5 chuy\u00ean d\u1ee5ng v\u00e0 n\u00f3 \u0111\u00f3ng r\u1eafn \u1edf nhi\u1ec7t \u0111\u1ed9 ph\u00f2ng n\u00ean kh\u00f4ng c\u1ea7n ph\u1ea3i gia c\u00f4ng n\u00f3ng.<\/p>\n<h2><strong>C\u00e1c l\u1ee3i \u00edch ch\u00ednh<\/strong><\/h2>\n<p><img decoding=\"async\" title=\"1321-2-jpeg-1\" src=\"https:\/\/yenhung.com\/wp-content\/uploads\/2025\/11\/1321-2-jpeg-1.jpg\" alt=\"Keo Belzona 1321\" data-thumb=\"large\" \/><\/p>\n<p>Ch\u1ed1ng x\u00f3i m\u00f2n v\u00e0 \u0103n m\u00f2n l\u00e2u d\u00e0i<\/p>\n<p>Li\u00ean k\u1ebft tuy\u1ec7t v\u1eddi v\u1edbi h\u1ea7u h\u1ebft m\u1ecdi b\u1ec1 m\u1eb7t c\u1ee9ng bao g\u1ed3m th\u00e9p, nh\u00f4m, \u0111\u1ed3ng, \u0111\u1ed3ng thau v\u00e0 nh\u1ef1a gia c\u01b0\u1eddng th\u1ee7y tinh<\/p>\n<p>C\u01b0\u1eddng \u0111\u1ed9 n\u00e9n cao<\/p>\n<p>Kh\u00e1ng h\u00f3a ch\u1ea5t tuy\u1ec7t v\u1eddi ch\u1ed1ng l\u1ea1i nhi\u1ec1u lo\u1ea1i h\u00f3a ch\u1ea5t<\/p>\n<p>Gi\u1ea3m r\u1ee7i ro v\u1ec1 s\u1ee9c kh\u1ecfe v\u00e0 an to\u00e0n v\u00ec n\u00f3 kh\u00f4ng ch\u1ee9a dung m\u00f4i<\/p>\n<p>Kh\u00f4ng co ng\u00f3t, gi\u00e3n n\u1edf ho\u1eb7c bi\u1ebfn d\u1ea1ng<\/p>\n<p>Thi c\u00f4ng v\u00e0 b\u1ea3o d\u01b0\u1ee1ng \u1edf nhi\u1ec7t \u0111\u1ed9 ph\u00f2ng \u2013 kh\u00f4ng li\u00ean quan \u0111\u1ebfn c\u00f4ng vi\u1ec7c n\u00f3ng<\/p>\n<p>Cu\u1ed9c s\u1ed1ng l\u00e0m vi\u1ec7c l\u00e2u d\u00e0i<\/p>\n<p>T\u1ef7 l\u1ec7 tr\u1ed9n \u0111\u01a1n gi\u1ea3n<\/p>\n<h2><strong>C\u00e1c \u1ee9ng d\u1ee5ng cho Belzona 1321 (Ceramic S-Metal) bao g\u1ed3m<\/strong><\/h2>\n<p><img decoding=\"async\" title=\"1321-1-1\" src=\"https:\/\/yenhung.com\/wp-content\/uploads\/2025\/11\/1321-1-1.png\" data-thumb=\"large\" \/><\/p>\n<p>L\u1edbp ph\u1ee7 b\u00ean trong cho m\u00e1y b\u01a1m ly t\u00e2m v\u00e0 chuy\u1ec3n v\u1ecb t\u00edch c\u1ef1c<\/p>\n<p>Ch\u1ed1ng x\u00f3i m\u00f2n v\u00e0 \u0103n m\u00f2n l\u00e2u d\u00e0i cho b\u1ed9 trao \u0111\u1ed5i nhi\u1ec7t, h\u1ed9p n\u01b0\u1edbc v\u00e0 t\u1ea5m \u1ed1ng<\/p>\n<p>B\u1ea3o v\u1ec7 van b\u01b0\u1edbm v\u00e0 van c\u1ed5ng, qu\u1ea1t v\u00e0 v\u00f2i phun kort kh\u1ecfi x\u00f3i m\u00f2n, \u0103n m\u00f2n v\u00e0 x\u00e2m th\u1ef1c<\/p>\n<p>B\u1ea3o v\u1ec7 ch\u1ed1ng va \u0111\u1eadp c\u1ee7a khu\u1ef7u tay \u1ed1ng<\/p>\n<p>Keo k\u1ebft c\u1ea5u c\u00f3 \u0111\u1ed9 b\u1ec1n cao \u0111\u1ec3 li\u00ean k\u1ebft kim lo\u1ea1i<\/p>\n<p>T\u1ea1o mi\u1ebfng ch\u00eam ch\u1ecbu t\u1ea3i kh\u00f4ng \u0111\u1ec1u<\/p>\n<p>&nbsp;<\/p>\n<\/div>\n","protected":false},"excerpt":{"rendered":"<p><strong>T\u00ean sa\u0309n ph\u00e2\u0309m: Belzona 1321<\/strong><\/p>\n","protected":false},"featured_media":6824,"comment_status":"closed","ping_status":"closed","template":"","meta":[],"product_brand":[],"product_cat":[156],"product_tag":[],"class_list":{"0":"post-6823","1":"product","2":"type-product","3":"status-publish","4":"has-post-thumbnail","6":"product_cat-belzona","8":"first","9":"instock","10":"shipping-taxable","11":"product-type-simple"},"_links":{"self":[{"href":"https:\/\/yenhung.com\/index.php?rest_route=\/wp\/v2\/product\/6823","targetHints":{"allow":["GET"]}}],"collection":[{"href":"https:\/\/yenhung.com\/index.php?rest_route=\/wp\/v2\/product"}],"about":[{"href":"https:\/\/yenhung.com\/index.php?rest_route=\/wp\/v2\/types\/product"}],"replies":[{"embeddable":true,"href":"https:\/\/yenhung.com\/index.php?rest_route=%2Fwp%2Fv2%2Fcomments&post=6823"}],"wp:featuredmedia":[{"embeddable":true,"href":"https:\/\/yenhung.com\/index.php?rest_route=\/wp\/v2\/media\/6824"}],"wp:attachment":[{"href":"https:\/\/yenhung.com\/index.php?rest_route=%2Fwp%2Fv2%2Fmedia&parent=6823"}],"wp:term":[{"taxonomy":"product_brand","embeddable":true,"href":"https:\/\/yenhung.com\/index.php?rest_route=%2Fwp%2Fv2%2Fproduct_brand&post=6823"},{"taxonomy":"product_cat","embeddable":true,"href":"https:\/\/yenhung.com\/index.php?rest_route=%2Fwp%2Fv2%2Fproduct_cat&post=6823"},{"taxonomy":"product_tag","embeddable":true,"href":"https:\/\/yenhung.com\/index.php?rest_route=%2Fwp%2Fv2%2Fproduct_tag&post=6823"}],"curies":[{"name":"wp","href":"https:\/\/api.w.org\/{rel}","templated":true}]}}