{"id":6831,"date":"2025-11-10T07:48:50","date_gmt":"2025-11-10T07:48:50","guid":{"rendered":"https:\/\/yenhung.com\/?product=bang-gia-cuong-belzona-9341"},"modified":"2026-02-11T04:10:13","modified_gmt":"2026-02-11T04:10:13","slug":"bang-gia-cuong-belzona-9341","status":"publish","type":"product","link":"https:\/\/yenhung.com\/?product=bang-gia-cuong-belzona-9341","title":{"rendered":"B\u0103ng gia c\u01b0\u1eddng belzona 9341"},"content":{"rendered":"<div class=\"ba-text-fpt\">\n<h2><strong>M\u00f4 t\u1ea3 Belzona 9341<\/strong><\/h2>\n<blockquote><p>M\u1ed9t lo\u1ea1i v\u1ea3i d\u1ec7t thoi polyester nh\u00e2n t\u1ea1o, v\u1ea3i l\u01b0\u1edbi m\u1edf \u0111\u1ec3 s\u1eed d\u1ee5ng v\u1edbi c\u1ea3 Belzona 1000 v\u00e0 2000 Series<\/p><\/blockquote>\n<h2><img decoding=\"async\" title=\"9341-1-jpeg-2\" src=\"https:\/\/yenhung.com\/wp-content\/uploads\/2025\/11\/9341-1-jpeg-2.jpg\" alt=\"B\u0103ng gia c\u01b0\u1eddng Belzona 9341\" data-thumb=\"large\" \/><\/h2>\n<h2><strong>Th\u00f4ng tin k\u1ef9 thu\u1eadt:<\/strong><\/h2>\n<p><strong><img decoding=\"async\" title=\"9341-2-jpeg-1\" src=\"https:\/\/yenhung.com\/wp-content\/uploads\/2025\/11\/9341-2-jpeg-1.jpg\" alt=\"B\u0103ng gia c\u01b0\u1eddng Belzona 9341\" data-thumb=\"large\" \/><\/strong><\/p>\n<p>B\u0103ng gia c\u1ed1 (r\u1ed9ng 10m x 7,5cm) khi \u0111\u01b0\u1ee3c s\u1eed d\u1ee5ng v\u1edbi c\u00e1c polyme kim lo\u1ea1i v\u00e0 \u0111\u00e0n h\u1ed3i c\u1ee7a Belzona, s\u1ebd l\u00e0m t\u0103ng \u0111\u1ed9 b\u1ec1n k\u00e9o c\u1ee7a c\u00e1c s\u1eeda ch\u1eefa composite.<\/p>\n<p>T\u1ea5m gia c\u1ed1 Belzona 9341 l\u00e0\u00a0 th\u00e0nh ph\u1ea7n thi\u1ebft y\u1ebfu cho vi\u1ec7c b\u1ecbt k\u00edn b\u1ec1n v\u1eefng c\u00e1c ch\u1ed7 r\u00f2 r\u1ec9.<\/p>\n<p>\u0110i\u1ec1u t\u01b0\u01a1ng t\u1ef1 c\u0169ng \u00e1p d\u1ee5ng cho vi\u1ec7c s\u1eeda ch\u1eefa b\u1ecdc v\u00e0 v\u00e1 c\u00f3 th\u1ec3 \u0111\u01b0\u1ee3c th\u1ef1c hi\u1ec7n v\u1edbi Belzona SuperWrap II.<\/p>\n<p>T\u1ea5m gia c\u1ed1 Belzona 9341 c\u0169ng \u0111\u01b0\u1ee3c s\u1eed d\u1ee5ng khi c\u1ea7n b\u1eafc c\u1ea7u cho v\u1ebft n\u1ee9t.<\/p>\n<h2><strong>\u1ee8ng d\u1ee5ng:\u00a0<\/strong><\/h2>\n<p><strong><img decoding=\"async\" title=\"9341-jpeg-1\" src=\"https:\/\/yenhung.com\/wp-content\/uploads\/2025\/11\/9341-jpeg-1.jpg\" alt=\"B\u0103ng gia c\u01b0\u1eddng Belzona 9341\" data-thumb=\"large\" \/><\/strong><\/p>\n<p>Ph\u1ee5c v\u1ee5 \u0111\u1ec3 t\u0103ng c\u01b0\u1eddng \u0111\u1ed9\/gia c\u1ed1 v\u00e0 \u0111\u01b0\u1ee3c \u00e1p d\u1ee5ng \u0111\u1ed3ng th\u1eddi v\u1edbi Belzona tr\u00ean c\u00e1c b\u1ec1 m\u1eb7t\/khu v\u1ef1c b\u1ecb n\u1ee9t, x\u1ed1p, \u0111\u1ee5c l\u1ed7 v\u00e0 c\u1ee9ng r\u1eafn\/x\u00e2y d\u1ef1ng l\u1ea1i.<\/p>\n<p>&nbsp;<\/p>\n<\/div>\n","protected":false},"excerpt":{"rendered":"<p><strong>T\u00ean sa\u0309n ph\u00e2\u0309m: Belzona 9341<\/strong><\/p>\n","protected":false},"featured_media":6832,"comment_status":"closed","ping_status":"closed","template":"","meta":[],"product_brand":[],"product_cat":[156],"product_tag":[],"class_list":{"0":"post-6831","1":"product","2":"type-product","3":"status-publish","4":"has-post-thumbnail","6":"product_cat-belzona","8":"first","9":"instock","10":"shipping-taxable","11":"product-type-simple"},"_links":{"self":[{"href":"https:\/\/yenhung.com\/index.php?rest_route=\/wp\/v2\/product\/6831","targetHints":{"allow":["GET"]}}],"collection":[{"href":"https:\/\/yenhung.com\/index.php?rest_route=\/wp\/v2\/product"}],"about":[{"href":"https:\/\/yenhung.com\/index.php?rest_route=\/wp\/v2\/types\/product"}],"replies":[{"embeddable":true,"href":"https:\/\/yenhung.com\/index.php?rest_route=%2Fwp%2Fv2%2Fcomments&post=6831"}],"wp:featuredmedia":[{"embeddable":true,"href":"https:\/\/yenhung.com\/index.php?rest_route=\/wp\/v2\/media\/6832"}],"wp:attachment":[{"href":"https:\/\/yenhung.com\/index.php?rest_route=%2Fwp%2Fv2%2Fmedia&parent=6831"}],"wp:term":[{"taxonomy":"product_brand","embeddable":true,"href":"https:\/\/yenhung.com\/index.php?rest_route=%2Fwp%2Fv2%2Fproduct_brand&post=6831"},{"taxonomy":"product_cat","embeddable":true,"href":"https:\/\/yenhung.com\/index.php?rest_route=%2Fwp%2Fv2%2Fproduct_cat&post=6831"},{"taxonomy":"product_tag","embeddable":true,"href":"https:\/\/yenhung.com\/index.php?rest_route=%2Fwp%2Fv2%2Fproduct_tag&post=6831"}],"curies":[{"name":"wp","href":"https:\/\/api.w.org\/{rel}","templated":true}]}}