{"id":6839,"date":"2025-11-10T07:48:57","date_gmt":"2025-11-10T07:48:57","guid":{"rendered":"https:\/\/yenhung.com\/?product=keo-belzona-1311"},"modified":"2026-02-11T04:09:02","modified_gmt":"2026-02-11T04:09:02","slug":"keo-belzona-1311","status":"publish","type":"product","link":"https:\/\/yenhung.com\/?product=keo-belzona-1311","title":{"rendered":"Keo belzona 1311"},"content":{"rendered":"<div class=\"ba-text-fpt\">\n<h3><b>Gi\u1edbi thi\u1ec7u v\u1ec1 Belzona 1311 (Ceramic R-Metal)<\/b><\/h3>\n<p><img decoding=\"async\" title=\"keo-belzona-1311-a-1753671782957-1\" src=\"https:\/\/yenhung.com\/wp-content\/uploads\/2025\/11\/keo-belzona-1311-a-1753671782957-1.jpg\" alt=\"Belzona 1311\" data-thumb=\"large\" \/><\/p>\n<p><b>Belzona 1311<\/b>, c\u00f2n \u0111\u01b0\u1ee3c bi\u1ebft \u0111\u1ebfn v\u1edbi t\u00ean g\u1ecdi <b>Ceramic R-Metal<\/b>, l\u00e0 m\u1ed9t h\u1ee3p ch\u1ea5t s\u1eeda ch\u1eefa d\u1ea1ng paste (b\u1ed9t nh\u00e3o) g\u1ed1c epoxy hai th\u00e0nh ph\u1ea7n, ch\u1ee9a c\u00e1c h\u1ea1t ceramic v\u00e0 kim lo\u1ea1i. S\u1ea3n ph\u1ea9m n\u00e0y \u0111\u01b0\u1ee3c thi\u1ebft k\u1ebf \u0111\u1eb7c bi\u1ec7t \u0111\u1ec3 t\u00e1i t\u1ea1o v\u00e0 b\u1ea3o v\u1ec7 c\u00e1c b\u1ed9 ph\u1eadn kim lo\u1ea1i b\u1ecb h\u01b0 h\u1ea1i do <b>x\u00f3i m\u00f2n (erosion)<\/b> v\u00e0 <b>\u0103n m\u00f2n (corrosion)<\/b>.<\/p>\n<p>\u0110i\u1ec3m \u0111\u1eb7c bi\u1ec7t c\u1ee7a Belzona 1311 l\u00e0 kh\u1ea3 n\u0103ng \u0111\u00f3ng r\u1eafn \u1edf nhi\u1ec7t \u0111\u1ed9 ph\u00f2ng (cold-cure), lo\u1ea1i b\u1ecf nhu c\u1ea7u gia nhi\u1ec7t (hot work), gi\u00fap t\u0103ng c\u01b0\u1eddng an to\u00e0n v\u00e0 \u0111\u01a1n gi\u1ea3n h\u00f3a quy tr\u00ecnh \u1ee9ng d\u1ee5ng. Sau khi \u0111\u00f3ng r\u1eafn, n\u00f3 t\u1ea1o th\u00e0nh m\u1ed9t l\u1edbp v\u1eadt li\u1ec7u b\u1ec1n ch\u1eafc, c\u00f3 kh\u1ea3 n\u0103ng kh\u00e1ng h\u00f3a ch\u1ea5t v\u00e0 c\u01a1 h\u1ecdc tuy\u1ec7t v\u1eddi.<\/p>\n<h3><b>\u0110\u1eb7c \u0111i\u1ec3m n\u1ed5i b\u1eadt c\u1ee7a Belzona 1311<\/b><\/h3>\n<p><img decoding=\"async\" title=\"keo-belzona-1311-b-1753671781580-1\" src=\"https:\/\/yenhung.com\/wp-content\/uploads\/2025\/11\/keo-belzona-1311-b-1753671781580-1.jpg\" alt=\"Belzona 1311\" data-thumb=\"large\" \/><\/p>\n<ul>\n<li><b>Ch\u1ed1ng x\u00f3i m\u00f2n v\u00e0 \u0103n m\u00f2n v\u01b0\u1ee3t tr\u1ed9i:<\/b> Belzona 1311 \u0111\u01b0\u1ee3c pha ch\u1ebf \u0111\u1ec3 cung c\u1ea5p kh\u1ea3 n\u0103ng kh\u00e1ng l\u1ea1i c\u1ea3 x\u00f3i m\u00f2n v\u00e0 \u0103n m\u00f2n trong m\u00f4i tr\u01b0\u1eddng kh\u1eafc nghi\u1ec7t, k\u00e9o d\u00e0i tu\u1ed5i th\u1ecd c\u1ee7a thi\u1ebft b\u1ecb.<\/li>\n<li><b>Kh\u1ea3 n\u0103ng b\u00e1m d\u00ednh tuy\u1ec7t v\u1eddi:<\/b> N\u00f3 c\u00f3 kh\u1ea3 n\u0103ng li\u00ean k\u1ebft m\u1ea1nh m\u1ebd v\u1edbi h\u1ea7u h\u1ebft m\u1ecdi b\u1ec1 m\u1eb7t c\u1ee9ng, bao g\u1ed3m c\u00e1c kim lo\u1ea1i nh\u01b0 th\u00e9p, nh\u00f4m, \u0111\u1ed3ng, \u0111\u1ed3ng thau, c\u0169ng nh\u01b0 th\u1ee7y tinh, g\u1ed7 v\u00e0 h\u1ea7u h\u1ebft c\u00e1c lo\u1ea1i nh\u1ef1a.<\/li>\n<li><b>Kh\u00e1ng h\u00f3a ch\u1ea5t cao:<\/b> Ch\u1ed1ng ch\u1ecbu \u0111\u01b0\u1ee3c nhi\u1ec1u lo\u1ea1i h\u00f3a ch\u1ea5t c\u00f4ng nghi\u1ec7p, bao g\u1ed3m hydrocarbon, axit, ki\u1ec1m v\u00e0 c\u00e1c h\u00f3a ch\u1ea5t x\u1eed l\u00fd kh\u00e1c.<\/li>\n<li><b>\u1ee8ng d\u1ee5ng v\u00e0 \u0111\u00f3ng r\u1eafn \u1edf nhi\u1ec7t \u0111\u1ed9 ph\u00f2ng:<\/b> Kh\u00f4ng c\u1ea7n gia nhi\u1ec7t, gi\u00fap gi\u1ea3m r\u1ee7i ro ch\u00e1y n\u1ed5 v\u00e0 \u0111\u01a1n gi\u1ea3n h\u00f3a qu\u00e1 tr\u00ecnh thi c\u00f4ng.<\/li>\n<li><b>Kh\u00f4ng dung m\u00f4i (100% Solids):<\/b> S\u1ea3n ph\u1ea9m kh\u00f4ng ch\u1ee9a dung m\u00f4i, kh\u00f4ng co ng\u00f3t, gi\u00e3n n\u1edf hay bi\u1ebfn d\u1ea1ng trong qu\u00e1 tr\u00ecnh \u0111\u00f3ng r\u1eafn, v\u00e0 gi\u1ea3m r\u1ee7i ro v\u1ec1 s\u1ee9c kh\u1ecfe v\u00e0 an to\u00e0n (\u0111\u1eb7c bi\u1ec7t trong kh\u00f4ng gian k\u00edn).<\/li>\n<li><b>D\u1ec5 s\u1eed d\u1ee5ng:<\/b> C\u00f3 t\u1ef7 l\u1ec7 pha tr\u1ed9n \u0111\u01a1n gi\u1ea3n v\u00e0 d\u1ec5 d\u00e0ng thi c\u00f4ng b\u1eb1ng bay, spatula ho\u1eb7c d\u1ee5ng c\u1ee5 ph\u00f9 h\u1ee3p.<\/li>\n<li><b>Kh\u00f4ng \u0111\u00f2i h\u1ecfi d\u1ee5ng c\u1ee5 chuy\u00ean d\u1ee5ng:<\/b> Qu\u00e1 tr\u00ecnh s\u1eeda ch\u1eefa kh\u00f4ng y\u00eau c\u1ea7u c\u00e1c c\u00f4ng c\u1ee5 ph\u1ee9c t\u1ea1p.<\/li>\n<li><b>T\u00ednh linh ho\u1ea1t:<\/b> C\u00f3 th\u1ec3 \u0111\u1eafp d\u00e0y ho\u1eb7c m\u1ecfng trong m\u1ed9t l\u1ea7n \u1ee9ng d\u1ee5ng.<\/li>\n<li><b>C\u00e1ch \u0111i\u1ec7n t\u1ed1t:<\/b> C\u00f3 \u0111\u1eb7c t\u00ednh c\u00e1ch \u0111i\u1ec7n tuy\u1ec7t v\u1eddi.<\/li>\n<li><b>M\u00e0u s\u1eafc:<\/b> Th\u01b0\u1eddng c\u00f3 m\u00e0u <b>x\u00e1m \u0111\u00e1 (Slate Grey &#8211; RAL 7037)<\/b> sau khi tr\u1ed9n v\u00e0 \u0111\u00f3ng r\u1eafn.<br \/>\n<h3><b>C\u00f4ng d\u1ee5ng v\u00e0 \u1ee9ng d\u1ee5ng ph\u1ed5 bi\u1ebfn<\/b><\/h3>\n<p><img decoding=\"async\" title=\"keo-belzona-1311-c-1753671780177-2\" src=\"https:\/\/yenhung.com\/wp-content\/uploads\/2025\/11\/keo-belzona-1311-c-1753671780177-2.jpg\" alt=\"Belzona 1311\" data-thumb=\"large\" \/><\/p>\n<p>Belzona 1311 \u0111\u01b0\u1ee3c s\u1eed d\u1ee5ng r\u1ed9ng r\u00e3i trong nhi\u1ec1u ng\u00e0nh c\u00f4ng nghi\u1ec7p \u0111\u1ec3 s\u1eeda ch\u1eefa v\u00e0 b\u1ea3o v\u1ec7 c\u00e1c thi\u1ebft b\u1ecb b\u1ecb h\u01b0 h\u1ea1i:<\/li>\n<li><b>B\u01a1m v\u00e0 h\u1ec7 th\u1ed1ng b\u01a1m:<\/b> T\u00e1i t\u1ea1o v\u00e0 b\u1ea3o v\u1ec7 c\u00e1c b\u1ed9 ph\u1eadn c\u1ee7a b\u01a1m ly t\u00e2m, b\u01a1m tuabin, c\u00e1nh qu\u1ea1t, v\u1ecf b\u01a1m, \u0111\u1eb7c bi\u1ec7t l\u00e0 nh\u1eefng khu v\u1ef1c ch\u1ecbu x\u00f3i m\u00f2n do ch\u1ea5t l\u1ecfng.<\/li>\n<li><b>Van v\u00e0 \u0111\u01b0\u1eddng \u1ed1ng:<\/b> S\u1eeda ch\u1eefa c\u00e1c van (van b\u01b0\u1edbm, van c\u1ed5ng) v\u00e0 khu\u1ef7u \u1ed1ng b\u1ecb m\u00f2n ho\u1eb7c \u0103n m\u00f2n.<\/li>\n<li><b>Thi\u1ebft b\u1ecb trao \u0111\u1ed5i nhi\u1ec7t:<\/b> Kh\u00f4i ph\u1ee5c c\u00e1c h\u1ed9p n\u01b0\u1edbc (water boxes), t\u1ea5m \u1ed1ng (tube sheets) v\u00e0 c\u00e1c thanh ch\u1eafn (division bars) b\u1ecb \u0103n m\u00f2n.<\/li>\n<li><b>C\u00e1nh qu\u1ea1t v\u00e0 \u1ed1ng Kort:<\/b> S\u1eeda ch\u1eefa c\u00e1c c\u00e1nh qu\u1ea1t, \u0111\u1ed9ng c\u01a1 \u0111\u1ea9y m\u0169i t\u00e0u (bow thrusters), \u1ed1ng Kort b\u1ecb h\u01b0 h\u1ea1i.<\/li>\n<li><b>L\u00e0 keo k\u1ebft c\u1ea5u:<\/b> C\u00f3 th\u1ec3 d\u00f9ng l\u00e0m ch\u1ea5t k\u1ebft d\u00ednh c\u01b0\u1eddng \u0111\u1ed9 cao \u0111\u1ec3 li\u00ean k\u1ebft kim lo\u1ea1i ho\u1eb7c t\u1ea1o ra c\u00e1c mi\u1ebfng \u0111\u1ec7m ch\u1ecbu t\u1ea3i kh\u00f4ng \u0111\u1ec1u.<\/li>\n<li><b>C\u00e1c b\u1ed9 ph\u1eadn kh\u00e1c:<\/b> S\u1eeda ch\u1eefa c\u00e1c T-piece, c\u00e1c b\u1ed9 ph\u1eadn ch\u1ecbu t\u00e1c \u0111\u1ed9ng c\u1ee7a x\u00f3i m\u00f2n v\u00e0 \u0103n m\u00f2n trong m\u00f4i tr\u01b0\u1eddng c\u00f4ng nghi\u1ec7p.<\/li>\n<\/ul>\n<\/div>\n","protected":false},"excerpt":{"rendered":"<p><strong>T\u00ean sa\u0309n ph\u00e2\u0309m: Belzona 1311<\/strong><\/p>\n","protected":false},"featured_media":6840,"comment_status":"closed","ping_status":"closed","template":"","meta":[],"product_brand":[],"product_cat":[156],"product_tag":[],"class_list":{"0":"post-6839","1":"product","2":"type-product","3":"status-publish","4":"has-post-thumbnail","6":"product_cat-belzona","8":"first","9":"instock","10":"shipping-taxable","11":"product-type-simple"},"_links":{"self":[{"href":"https:\/\/yenhung.com\/index.php?rest_route=\/wp\/v2\/product\/6839","targetHints":{"allow":["GET"]}}],"collection":[{"href":"https:\/\/yenhung.com\/index.php?rest_route=\/wp\/v2\/product"}],"about":[{"href":"https:\/\/yenhung.com\/index.php?rest_route=\/wp\/v2\/types\/product"}],"replies":[{"embeddable":true,"href":"https:\/\/yenhung.com\/index.php?rest_route=%2Fwp%2Fv2%2Fcomments&post=6839"}],"wp:featuredmedia":[{"embeddable":true,"href":"https:\/\/yenhung.com\/index.php?rest_route=\/wp\/v2\/media\/6840"}],"wp:attachment":[{"href":"https:\/\/yenhung.com\/index.php?rest_route=%2Fwp%2Fv2%2Fmedia&parent=6839"}],"wp:term":[{"taxonomy":"product_brand","embeddable":true,"href":"https:\/\/yenhung.com\/index.php?rest_route=%2Fwp%2Fv2%2Fproduct_brand&post=6839"},{"taxonomy":"product_cat","embeddable":true,"href":"https:\/\/yenhung.com\/index.php?rest_route=%2Fwp%2Fv2%2Fproduct_cat&post=6839"},{"taxonomy":"product_tag","embeddable":true,"href":"https:\/\/yenhung.com\/index.php?rest_route=%2Fwp%2Fv2%2Fproduct_tag&post=6839"}],"curies":[{"name":"wp","href":"https:\/\/api.w.org\/{rel}","templated":true}]}}