{"id":6847,"date":"2025-11-10T07:49:03","date_gmt":"2025-11-10T07:49:03","guid":{"rendered":"https:\/\/yenhung.com\/?product=keo-belzona-1511"},"modified":"2026-02-11T04:08:44","modified_gmt":"2026-02-11T04:08:44","slug":"keo-belzona-1511","status":"publish","type":"product","link":"https:\/\/yenhung.com\/?product=keo-belzona-1511","title":{"rendered":"Keo belzona 1511"},"content":{"rendered":"<div class=\"ba-text-fpt\">\n<h2><strong>M\u00f4 t\u1ea3 Belzona 1511 (Super HT-Metal) \u2013 S\u01a1n 2 Th\u00e0nh Ph\u1ea7n<\/strong><\/h2>\n<p><strong><img decoding=\"async\" title=\"1511-2-jpeg-1\" src=\"https:\/\/yenhung.com\/wp-content\/uploads\/2025\/11\/1511-2-jpeg-1.jpg\" alt=\"Belzona 1511 (Super HT-Metal)\" data-thumb=\"large\" \/><\/strong><\/p>\n<blockquote><p>M\u1ed9t h\u1ed7n h\u1ee3p s\u1eeda ch\u1eefa hai ph\u1ea7n d\u1ef1a tr\u00ean silicon \u0111\u01b0\u1ee3c gia c\u1ed1 b\u1eb1ng nh\u1ef1a epoxy kh\u00f4ng dung m\u00f4i v\u1edbi h\u1ee3p kim th\u00e9p. H\u1ec7 th\u1ed1ng s\u1eeda ch\u1eefa nhi\u1ec7t \u0111\u1ed9 cao n\u00e0y \u0111\u01b0\u1ee3c thi\u1ebft k\u1ebf \u0111\u1ec3 s\u1eeda ch\u1eefa v\u00e0 x\u00e2y d\u1ef1ng l\u1ea1i thi\u1ebft b\u1ecb kim lo\u1ea1i v\u00e0 cung c\u1ea5p kh\u1ea3 n\u0103ng b\u1ea3o v\u1ec7 ch\u1ed1ng \u0103n m\u00f2n tuy\u1ec7t v\u1eddi. Trong \u0111i\u1ec1u ki\u1ec7n ng\u00e2m, Belzona 1511 (Super HT-Metal) th\u00edch h\u1ee3p cho c\u00e1c \u1ee9ng d\u1ee5ng l\u00ean \u0111\u1ebfn 150 \u00b0 C (302 \u00b0 F). S\u1ea3n ph\u1ea9m n\u00e0y c\u00f3 th\u1ec3 \u0111\u01b0\u1ee3c ph\u1ee7 l\u00ean c\u00e1c l\u1edbp ph\u1ee7 nhi\u1ec7t \u0111\u1ed9 cao c\u1ee7a Belzona m\u00e0 kh\u00f4ng c\u1ea7n phun s\u01b0\u01a1ng, gi\u1ea3m \u0111\u00e1ng k\u1ec3 chi ph\u00ed thi c\u00f4ng v\u00e0 th\u1eddi gian ng\u1eebng ho\u1ea1t \u0111\u1ed9ng.<\/p><\/blockquote>\n<p>Belzona 1511 (Super HT-Metal) s\u1ebd kh\u00f4ng b\u1ecb \u0103n m\u00f2n v\u00e0 ch\u1ed1ng l\u1ea1i nhi\u1ec1u lo\u1ea1i h\u00f3a ch\u1ea5t. V\u1eadt li\u1ec7u s\u1eeda ch\u1eefa n\u00e0y c\u00f3 th\u1ec3 d\u1ec5 d\u00e0ng tr\u1ed9n v\u00e0 thi c\u00f4ng m\u00e0 kh\u00f4ng c\u1ea7n \u0111\u1ebfn c\u00e1c d\u1ee5ng c\u1ee5 chuy\u00ean d\u1ee5ng, v\u00e0 khi \u0111\u00e3 \u0111\u00f3ng r\u1eafn s\u1ebd c\u00f3 \u0111\u1ed9 b\u1ec1n cao nh\u01b0ng ho\u00e0n to\u00e0n c\u00f3 th\u1ec3 gia c\u00f4ng \u0111\u01b0\u1ee3c.<\/p>\n<p>Kh\u00f4ng c\u1ea7n phun s\u01b0\u01a1ng tr\u01b0\u1edbc khi s\u01a1n ph\u1ee7 v\u1edbi l\u1edbp l\u00f3t nhi\u1ec7t \u0111\u1ed9 cao Belzona<\/p>\n<p>Ch\u1ed1ng x\u00f3i m\u00f2n v\u00e0 \u0103n m\u00f2n tuy\u1ec7t v\u1eddi<\/p>\n<p>Ho\u1ea1t \u0111\u1ed9ng \u1edf nhi\u1ec7t \u0111\u1ed9 cao v\u00e0 ch\u1ed1ng l\u1ea1i nhi\u1ec1u lo\u1ea1i h\u00f3a ch\u1ea5t<\/p>\n<p>C\u00f3 th\u1ec3 d\u1ec5 d\u00e0ng tr\u1ed9n v\u00e0 thi c\u00f4ng \u1edf \u0111\u1ed9 d\u00e0y l\u00ean \u0111\u1ebfn 12 mm, cho ph\u00e9p l\u1ea5p \u0111\u1ea7y nh\u1eefng v\u1ebft r\u1ed7 s\u00e2u h\u01a1n trong m\u1ed9t l\u1ea7n thi c\u00f4ng<\/p>\n<p>Gi\u1ea3m r\u1ee7i ro v\u1ec1 s\u1ee9c kh\u1ecfe v\u00e0 an to\u00e0n v\u00ec n\u00f3 kh\u00f4ng ch\u1ee9a dung m\u00f4i<\/p>\n<p>Kh\u00f4ng co ng\u00f3t, gi\u00e3n n\u1edf ho\u1eb7c bi\u1ebfn d\u1ea1ng<\/p>\n<p>B\u00e1m d\u00ednh tuy\u1ec7t v\u1eddi tr\u00ean nhi\u1ec1u b\u1ec1 m\u1eb7t kim lo\u1ea1i bao g\u1ed3m th\u00e9p, th\u00e9p kh\u00f4ng g\u1ec9, th\u00e9p chuy\u00ean d\u1ee5ng<\/p>\n<p>\u0110\u1eb7c t\u00ednh c\u01a1 h\u1ecdc v\u01b0\u1ee3t tr\u1ed9i<\/p>\n<p><img decoding=\"async\" title=\"1511-jpeg-2\" src=\"https:\/\/yenhung.com\/wp-content\/uploads\/2025\/11\/1511-jpeg-2.jpg\" alt=\"Belzona 1511 (Super HT-Metal)\" data-thumb=\"large\" \/><\/p>\n<h2><strong>C\u00e1c \u1ee9ng d\u1ee5ng cho Belzona 1511 (Super HT Metal) bao g\u1ed3m<\/strong><\/h2>\n<p><img decoding=\"async\" title=\"1511-1-jpeg-1\" src=\"https:\/\/yenhung.com\/wp-content\/uploads\/2025\/11\/1511-1-jpeg-1.jpg\" alt=\"Belzona 1511 (Super HT-Metal)\" data-thumb=\"large\" \/><\/p>\n<p>S\u1eeda ch\u1eefa epoxy \u1edf nhi\u1ec7t \u0111\u1ed9 cao cho c\u00e1c b\u00ecnh x\u1eed l\u00fd, c\u1ed9t ch\u01b0ng c\u1ea5t, b\u1ed9 trao \u0111\u1ed5i nhi\u1ec7t, b\u1ec3 l\u1eafng v\u00e0 b\u1ed9 ph\u1eadn l\u1ecdc b\u1ee5i<\/p>\n<p>S\u1eeda ch\u1eefa c\u00e1c v\u1ebft n\u1ee9t v\u00e0 l\u1ed7 tr\u00ean v\u1ecf \u0111\u1ed9ng c\u01a1 v\u00e0 m\u00e1y b\u01a1m, \u0111\u01b0\u1eddng \u1ed1ng, b\u1ec3 ch\u1ee9a v\u00e0 c\u00e1c thi\u1ebft b\u1ecb kh\u00e1c<\/p>\n<p>B\u1ec1 m\u1eb7t c\u1ee7a b\u1ec1 m\u1eb7t kim lo\u1ea1i b\u1ecb r\u1ed7<\/p>\n<\/div>\n","protected":false},"excerpt":{"rendered":"<p><strong>T\u00ean sa\u0309n ph\u00e2\u0309m: Belzona 1511<\/strong><\/p>\n","protected":false},"featured_media":6848,"comment_status":"closed","ping_status":"closed","template":"","meta":[],"product_brand":[],"product_cat":[156],"product_tag":[],"class_list":{"0":"post-6847","1":"product","2":"type-product","3":"status-publish","4":"has-post-thumbnail","6":"product_cat-belzona","8":"first","9":"instock","10":"shipping-taxable","11":"product-type-simple"},"_links":{"self":[{"href":"https:\/\/yenhung.com\/index.php?rest_route=\/wp\/v2\/product\/6847","targetHints":{"allow":["GET"]}}],"collection":[{"href":"https:\/\/yenhung.com\/index.php?rest_route=\/wp\/v2\/product"}],"about":[{"href":"https:\/\/yenhung.com\/index.php?rest_route=\/wp\/v2\/types\/product"}],"replies":[{"embeddable":true,"href":"https:\/\/yenhung.com\/index.php?rest_route=%2Fwp%2Fv2%2Fcomments&post=6847"}],"wp:featuredmedia":[{"embeddable":true,"href":"https:\/\/yenhung.com\/index.php?rest_route=\/wp\/v2\/media\/6848"}],"wp:attachment":[{"href":"https:\/\/yenhung.com\/index.php?rest_route=%2Fwp%2Fv2%2Fmedia&parent=6847"}],"wp:term":[{"taxonomy":"product_brand","embeddable":true,"href":"https:\/\/yenhung.com\/index.php?rest_route=%2Fwp%2Fv2%2Fproduct_brand&post=6847"},{"taxonomy":"product_cat","embeddable":true,"href":"https:\/\/yenhung.com\/index.php?rest_route=%2Fwp%2Fv2%2Fproduct_cat&post=6847"},{"taxonomy":"product_tag","embeddable":true,"href":"https:\/\/yenhung.com\/index.php?rest_route=%2Fwp%2Fv2%2Fproduct_tag&post=6847"}],"curies":[{"name":"wp","href":"https:\/\/api.w.org\/{rel}","templated":true}]}}