{"id":6863,"date":"2025-11-10T07:49:28","date_gmt":"2025-11-10T07:49:28","guid":{"rendered":"https:\/\/yenhung.com\/?product=keo-belzona-11311kg-bo"},"modified":"2026-02-11T04:10:32","modified_gmt":"2026-02-11T04:10:32","slug":"keo-belzona-11311kg-bo","status":"publish","type":"product","link":"https:\/\/yenhung.com\/?product=keo-belzona-11311kg-bo","title":{"rendered":"Keo belzona 1131(1kg\/b\u1ed9)"},"content":{"rendered":"<div class=\"ba-text-fpt\">\n<h2><strong>M\u00f4 T\u1ea3 Belzona 1131 (Bearing Metal) \u2013 H\u1ed7n h\u1ee3p 2 th\u00e0nh ph\u1ea7n<\/strong><\/h2>\n<p><strong><img decoding=\"async\" title=\"1131-jpeg-1\" src=\"https:\/\/yenhung.com\/wp-content\/uploads\/2025\/11\/1131-jpeg-1.jpg\" alt=\"Belzona 1131 (Bearing Metal)\" data-thumb=\"large\" \/><\/strong><\/p>\n<p>L\u00e0 h\u1ed7n h\u1ee3p s\u1eeda ch\u1eefa kim lo\u1ea1i epoxy g\u1ed3m 2 ph\u1ea7n v\u1edbi c\u00e1c \u0111\u1eb7c t\u00ednh t\u1ef1 b\u00f4i tr\u01a1n \u0111\u1ec3 t\u1ea1o ra c\u00e1c b\u1ec1 m\u1eb7t ma s\u00e1t th\u1ea5p v\u00e0 b\u1ea3o v\u1ec7 h\u1ec7 th\u1ed1ng b\u00f4i tr\u01a1n kh\u1ecfi b\u1ecb m\u00e0i m\u00f2n v\u00e0 co gi\u1eadt trong tr\u01b0\u1eddng h\u1ee3p m\u1ea5t ch\u1ea5t b\u00f4i tr\u01a1n. H\u1ed7n h\u1ee3p s\u1eeda ch\u1eefa kh\u00f4ng ch\u1ee9a dung m\u00f4i n\u00e0y c\u00f3 c\u1ea5u tr\u00fac vi x\u1ed1p \u0111\u1ed9c \u0111\u00e1o cho ph\u00e9p b\u1eaby v\u00e0 gi\u1eef d\u1ea7u b\u00f4i tr\u01a1n, gi\u1ea3m thi\u1ec3u ma s\u00e1t khi kh\u1edfi \u0111\u1ed9ng v\u00e0 n\u00e2ng cao hi\u1ec7u qu\u1ea3 c\u1ee7a c\u00e1c thi\u1ebft b\u1ecb c\u01a1 kh\u00ed nh\u01b0 m\u00e1y b\u01a1m. N\u00f3 c\u00f3 kh\u1ea3 n\u0103ng ch\u1ed1ng h\u00f3a ch\u1ea5t v\u01b0\u1ee3t tr\u1ed9i v\u00e0 s\u1ebd li\u00ean k\u1ebft v\u1edbi h\u1ea7u h\u1ebft m\u1ecdi b\u1ec1 m\u1eb7t c\u1ee9ng m\u00e0 kh\u00f4ng c\u1ea7n gia c\u00f4ng n\u00f3ng.<\/p>\n<h2><strong>C\u00e1c l\u1ee3i \u00edch ch\u00ednh<\/strong><\/h2>\n<p><strong><img decoding=\"async\" title=\"1131-2-jpeg-1\" src=\"https:\/\/yenhung.com\/wp-content\/uploads\/2025\/11\/1131-2-jpeg-1.jpg\" alt=\"Belzona 1131 (Bearing Metal)\" data-thumb=\"large\" \/><\/strong><\/p>\n<p>B\u1ea3o v\u1ec7 thi\u1ebft b\u1ecb kh\u1ecfi m\u00e0i m\u00f2n v\u00e0 thu gi\u1eef<\/p>\n<p>Gi\u1ea3m ma s\u00e1t khi kh\u1edfi \u0111\u1ed9ng<\/p>\n<p>Gi\u1ea3m r\u1ee7i ro v\u1ec1 s\u1ee9c kh\u1ecfe v\u00e0 an to\u00e0n v\u00ec n\u00f3 kh\u00f4ng ch\u1ee9a dung m\u00f4i<\/p>\n<p>T\u1ef7 l\u1ec7 tr\u1ed9n \u0111\u01a1n gi\u1ea3n<\/p>\n<p>Thi c\u00f4ng v\u00e0 b\u1ea3o d\u01b0\u1ee1ng \u1edf nhi\u1ec7t \u0111\u1ed9 ph\u00f2ng \u2013 kh\u00f4ng li\u00ean quan \u0111\u1ebfn c\u00f4ng vi\u1ec7c n\u00f3ng<\/p>\n<p>Kh\u00f4ng co ng\u00f3t, gi\u00e3n n\u1edf ho\u1eb7c bi\u1ebfn d\u1ea1ng<\/p>\n<p>C\u00f3 th\u1ec3 d\u1ec5 d\u00e0ng thi c\u00f4ng c\u00e1c ph\u1ea7n d\u00e0y ho\u1eb7c m\u1ecfng trong m\u1ed9t thao t\u00e1c cho ph\u00e9p nhanh ch\u00f3ng ph\u1ee5c v\u1ee5<\/p>\n<p>\u0110\u1ed9 b\u1ec1n c\u01a1 h\u1ecdc cao v\u00e0 kh\u1ea3 n\u0103ng ch\u1ecbu nhi\u1ec7t<\/p>\n<p>Li\u00ean k\u1ebft tuy\u1ec7t v\u1eddi v\u1edbi h\u1ea7u h\u1ebft m\u1ecdi b\u1ec1 m\u1eb7t c\u1ee9ng bao g\u1ed3m th\u00e9p, nh\u00f4m, \u0111\u1ed3ng, th\u00e9p kh\u00f4ng g\u1ec9, \u0111\u1ed3ng thau, gang v\u00e0 nhi\u1ec1u lo\u1ea1i kh\u00e1c<\/p>\n<h2><strong>C\u00e1c \u1ee9ng d\u1ee5ng cho Belzona 1131 (Kim lo\u1ea1i ch\u1ecbu l\u1ef1c) bao g\u1ed3m<\/strong><\/h2>\n<p><img decoding=\"async\" title=\"1131-1-jpeg-2\" src=\"https:\/\/yenhung.com\/wp-content\/uploads\/2025\/11\/1131-1-jpeg-2.jpg\" alt=\"Belzona 1131 (Bearing Metal)\" data-thumb=\"large\" \/><\/p>\n<p>X\u00e2y d\u1ef1ng l\u1ea1i c\u00e1c tr\u1ee5c m\u00f2n t\u1ea1i c\u00e1c v\u1ecb tr\u00ed ch\u1ecbu l\u1ef1c<\/p>\n<p>S\u1eeda ch\u1eefa v\u00e0 t\u0103ng hi\u1ec7u qu\u1ea3 c\u1ee7a thi\u1ebft b\u1ecb c\u01a1 kh\u00ed bao g\u1ed3m c\u00e1c b\u1ed9 ph\u1eadn quay c\u1ee7a m\u00e1y b\u01a1m<\/p>\n<p>S\u1eeda ch\u1eefa v\u00e0 t\u1ea1o v\u00f2ng bi tr\u01a1n<\/p>\n<p>T\u1ea1o \u1ed1ng l\u00f3t<\/p>\n<p>Tr\u01b0\u1ee3t l\u1edbp m\u00e0i m\u00f2n ma s\u00e1t th\u1ea5p cho gi\u00e1 \u0111\u1ee1 \u1ed1ng<\/p>\n<\/div>\n","protected":false},"excerpt":{"rendered":"<p><strong>T\u00ean sa\u0309n ph\u00e2\u0309m: Belzona 1131<\/strong><\/p>\n","protected":false},"featured_media":6864,"comment_status":"closed","ping_status":"closed","template":"","meta":[],"product_brand":[],"product_cat":[156],"product_tag":[],"class_list":{"0":"post-6863","1":"product","2":"type-product","3":"status-publish","4":"has-post-thumbnail","6":"product_cat-belzona","8":"first","9":"instock","10":"shipping-taxable","11":"product-type-simple"},"_links":{"self":[{"href":"https:\/\/yenhung.com\/index.php?rest_route=\/wp\/v2\/product\/6863","targetHints":{"allow":["GET"]}}],"collection":[{"href":"https:\/\/yenhung.com\/index.php?rest_route=\/wp\/v2\/product"}],"about":[{"href":"https:\/\/yenhung.com\/index.php?rest_route=\/wp\/v2\/types\/product"}],"replies":[{"embeddable":true,"href":"https:\/\/yenhung.com\/index.php?rest_route=%2Fwp%2Fv2%2Fcomments&post=6863"}],"wp:featuredmedia":[{"embeddable":true,"href":"https:\/\/yenhung.com\/index.php?rest_route=\/wp\/v2\/media\/6864"}],"wp:attachment":[{"href":"https:\/\/yenhung.com\/index.php?rest_route=%2Fwp%2Fv2%2Fmedia&parent=6863"}],"wp:term":[{"taxonomy":"product_brand","embeddable":true,"href":"https:\/\/yenhung.com\/index.php?rest_route=%2Fwp%2Fv2%2Fproduct_brand&post=6863"},{"taxonomy":"product_cat","embeddable":true,"href":"https:\/\/yenhung.com\/index.php?rest_route=%2Fwp%2Fv2%2Fproduct_cat&post=6863"},{"taxonomy":"product_tag","embeddable":true,"href":"https:\/\/yenhung.com\/index.php?rest_route=%2Fwp%2Fv2%2Fproduct_tag&post=6863"}],"curies":[{"name":"wp","href":"https:\/\/api.w.org\/{rel}","templated":true}]}}