{"id":6871,"date":"2025-11-10T07:49:35","date_gmt":"2025-11-10T07:49:35","guid":{"rendered":"https:\/\/yenhung.com\/?product=nuoc-tay-rua-belzona-9111"},"modified":"2026-02-11T04:05:17","modified_gmt":"2026-02-11T04:05:17","slug":"nuoc-tay-rua-belzona-9111","status":"publish","type":"product","link":"https:\/\/yenhung.com\/?product=nuoc-tay-rua-belzona-9111","title":{"rendered":"N\u01b0\u1edbc t\u1ea9y r\u1eeda belzona 9111"},"content":{"rendered":"<div class=\"ba-text-fpt\">\n<h2><strong>M\u00f4 t\u1ea3 Belzona 9111<\/strong><\/h2>\n<p><strong><img decoding=\"async\" title=\"9111-1-jpeg-2\" src=\"https:\/\/yenhung.com\/wp-content\/uploads\/2025\/11\/9111-1-jpeg-2.jpg\" alt=\"Thinner t\u1ea9y r\u1eeda Belzona 9111\" data-thumb=\"large\" \/><\/strong><\/p>\n<blockquote><p>Si\u00eau ch\u1ea5t t\u1ea9y d\u1ea7u m\u1ee1 Belzona 9111 l\u00e0m s\u1ea1ch b\u1ea9n \u0111\u1eb7c bi\u1ec7t l\u00e0 c\u00e1c v\u1ebft b\u1ea9n do d\u1ea7u nh\u1edbt, m\u1ee1 b\u00f2\u2026<\/p><\/blockquote>\n<h2><strong>TH\u00d4NG TIN CHI TI\u1ebeT<\/strong><\/h2>\n<table>\n<tbody>\n<tr>\n<td>Th\u01b0\u01a1ng hi\u1ec7u<\/td>\n<td>BELZONA<\/td>\n<\/tr>\n<tr>\n<td>K\u00edch th\u01b0\u1edbc bao b\u00ec<\/td>\n<td>0,500 LTR<\/td>\n<\/tr>\n<tr>\n<td>Lo\u1ea1i bao b\u00ec<\/td>\n<td>C\u00e1i chai<\/td>\n<\/tr>\n<tr>\n<td>C\u00f4ng nghi\u1ec7p \u1ee9ng d\u1ee5ng<\/td>\n<td>s\u1eeda ch\u1eefa<\/td>\n<\/tr>\n<tr>\n<td>b\u1ec1 m\u1eb7t c\u1ee7a \u1ee9ng d\u1ee5ng<\/td>\n<td>Nh\u1ef1a, Th\u00e9p, Kim lo\u1ea1i<\/td>\n<\/tr>\n<tr>\n<td>H\u00ecnh th\u1ee9c<\/td>\n<td>Dung d\u1ecbch l\u00e0m s\u1ea1ch b\u1ec1 m\u1eb7t kim lo\u1ea1i<\/td>\n<\/tr>\n<tr>\n<td>ti\u00eau chu\u1ea9n l\u1edbp<\/td>\n<td>C\u00f4ng nghi\u1ec7p<\/td>\n<\/tr>\n<tr>\n<td>S\u1ee9c m\u1ea1nh<\/td>\n<td>Cao<\/td>\n<\/tr>\n<tr>\n<td>Kh\u1ea3 n\u0103ng t\u01b0\u01a1ng th\u00edch v\u1eadt li\u1ec7u<\/td>\n<td>Nh\u1ef1a, Kim lo\u1ea1i, G\u1ed1m s\u1ee9<\/td>\n<\/tr>\n<tr>\n<td>kh\u00e1ng h\u00f3a ch\u1ea5t<\/td>\n<td>axit<\/td>\n<\/tr>\n<tr>\n<td>M\u00e0u s\u1eafc<\/td>\n<td>Tr\u1eafng<\/td>\n<\/tr>\n<tr>\n<td>V\u1ebb b\u1ec1 ngo\u00e0i<\/td>\n<td>Tr\u1eafng<\/td>\n<\/tr>\n<tr>\n<td>L\u1ecbch thi \u0111\u1ea5u<\/td>\n<td>Nh\u01b0 nhau<\/td>\n<\/tr>\n<tr>\n<td>Th\u1eddi gian b\u1ea3o d\u01b0\u1ee1ng<\/td>\n<td>Nh\u01b0 nhau<\/td>\n<\/tr>\n<tr>\n<td>Nhi\u1ec7t \u0111\u1ed9 ho\u1ea1t \u0111\u1ed9ng<\/td>\n<td>22 \u0111\u1ed9C<\/td>\n<\/tr>\n<tr>\n<td>N\u00f3 c\u00f3 th\u00e2n thi\u1ec7n v\u1edbi m\u00f4i tr\u01b0\u1eddng kh\u00f4ng<\/td>\n<td>KH\u00d4NG<\/td>\n<\/tr>\n<\/tbody>\n<\/table>\n<p><img decoding=\"async\" title=\"9111-jpeg-1\" src=\"https:\/\/yenhung.com\/wp-content\/uploads\/2025\/11\/9111-jpeg-1.jpg\" alt=\"Thinner t\u1ea9y r\u1eeda Belzona 9111\" data-thumb=\"large\" \/><\/p>\n<p><strong>TH\u1edcI GIAN KH\u00d4<\/strong><\/p>\n<p>Th\u1eddi gian kh\u00f4 s\u1ebd thay \u0111\u1ed5i theo \u0111\u1ed9 x\u1ed1p c\u1ee7a b\u1ec1 m\u1eb7t v\u00e0 nhi\u1ec7t \u0111\u1ed9 m\u00f4i tr\u01b0\u1eddng<\/p>\n<p>xung quanh. B\u1ea3ng d\u01b0\u1edbi \u0111\u00e2y \u0111\u01b0a ra h\u01b0\u1edbng d\u1eabn v\u1ec1 th\u1eddi gian kh\u00f4 c\u1ee7a<\/p>\n<p>m\u00e0ng m\u1ecfng Belzona 9111 tr\u00ean b\u1ec1 m\u1eb7t nh\u1eb5n kh\u00f4ng x\u1ed1p.<\/p>\n<p>Nhi\u1ec7t \u0111\u1ed9 c\u1ee7a ch\u1ea5t n\u1ec1n\u00a0 \u00a0 Th\u1eddi gian kh\u00f4<\/p>\n<p>50\u00b0F (10\u00b0C)\u00a0 \u00a0 \u00a0 \u00a0 \u00a0 \u00a0 \u00a0 \u00a0 \u00a0 \u00a0 \u00a0 \u00a0 \u00a0 80 ph\u00fat<\/p>\n<p>68\u00b0F (20\u00b0C)\u00a0 \u00a0 \u00a0 \u00a0 \u00a0 \u00a0 \u00a0 \u00a0 \u00a0 \u00a0 \u00a0 \u00a0 \u00a055 ph\u00fat<\/p>\n<p>86\u00b0F (30\u00b0C)\u00a0 \u00a0 \u00a0 \u00a0 \u00a0 \u00a0 \u00a0 \u00a0 \u00a0 \u00a0 \u00a0 \u00a0 \u00a035 ph\u00fat<\/p>\n<p>41\u00b0F ( 5\u00b0C)\u00a0 \u00a0 \u00a0 \u00a0 \u00a0 \u00a0 \u00a0 \u00a0 \u00a0 \u00a0 \u00a0 \u00a0 \u00a0100 ph\u00fat<\/p>\n<p>a) N\u00ean l\u00e0m \u1ea5m b\u1ec1 m\u1eb7t l\u1ea1nh tr\u01b0\u1edbc khi s\u1eed d\u1ee5ng<\/p>\n<p>b) Belzona\u00ae 9111 d\u01b0 th\u1eeba ph\u1ea3i \u0111\u01b0\u1ee3c lo\u1ea1i b\u1ecf b\u1eb1ng kh\u0103n s\u1ea1chv\u1ea3i ho\u1eb7c kh\u0103n gi\u1ea5y n\u1ebfu c\u00f3 th\u1ec3. \u0110i\u1ec1u n\u00e0y n\u00ean \u0111\u01b0\u1ee3c th\u1ef1c hi\u1ec7n b\u1eb1ng c\u00e1ch nh\u00fang ch\u1ee9 kh\u00f4ng ch\u00e0 x\u00e1t b\u1ec1 m\u1eb7t, \u0111\u1ec3 tr\u00e1nh l\u00e0m b\u1ea9n b\u1ec1 m\u1eb7t b\u1edfi c\u00e1c s\u1ee3i.<\/p>\n<p>c) Kh\u00ed n\u00e9n n\u00ean \u0111\u01b0\u1ee3c th\u1ed5i qua b\u1ec1 m\u1eb7t \u0111\u01b0\u1ee3c x\u1eed l\u00fd, ch\u00fa \u00fd \u0111\u1ea3m b\u1ea3o r\u1eb1ng c\u00f3 b\u1ed9 l\u1ecdc d\u1ea7u trong \u0111\u01b0\u1eddng \u1ed1ng.<\/p>\n<p><strong>T\u00cdNH PH\u00d9 H\u1ee2P<\/strong><\/p>\n<p>C\u00f3 kh\u1ea3 n\u0103ng Belzona\u00ae 9111 t\u1ea5n c\u00f4ng m\u1ed9t s\u1ed1 lo\u1ea1i nh\u1ef1a v\u00e0 b\u1ec1 m\u1eb7t s\u01a1n. Trong tr\u01b0\u1eddng h\u1ee3p c\u00f3 nghi ng\u1edd, ch\u00fang t\u00f4i \u0111\u1eb7c bi\u1ec7t khuy\u1ebfn ngh\u1ecb r\u1eb1ng m\u1ed9t ph\u1ea7n nh\u1ecf n\u00ean \u0111\u01b0\u1ee3c ki\u1ec3m tra s\u1ef1 t\u1ea5n c\u00f4ng c\u1ee7a dung m\u00f4i. N\u1ebfu c\u00f3 b\u1ea5t k\u1ef3 v\u1ebft d\u00ednh n\u00e0o r\u00f5 r\u00e0ng sau khi lau b\u1eb1ng Belzona\u00ae 9111, th\u00ec ph\u1ea3i s\u1eed d\u1ee5ng ch\u1ea5t t\u1ea9y r\u1eeda thay th\u1ebf nh\u01b0 methyl ethyl ketone ho\u1eb7c r\u01b0\u1ee3u tr\u1eafng sau khi \u0111\u00e3 ki\u1ec3m tra l\u1ea1i t\u00ednh t\u01b0\u01a1ng th\u00edch.<\/p>\n<h2><strong>\u1ee8ng d\u1ee5ng:<\/strong><\/h2>\n<p><strong><img decoding=\"async\" title=\"9111-2-jpeg-1\" src=\"https:\/\/yenhung.com\/wp-content\/uploads\/2025\/11\/9111-2-jpeg-1.jpg\" alt=\"Thinner t\u1ea9y r\u1eeda Belzona 9111\" data-thumb=\"large\" \/><\/strong><\/p>\n<p>\u2013 T\u1ea9y \u1edf c\u00e1c Ph\u00f2ng s\u1ea1ch<\/p>\n<p>-T\u1ea9y d\u1ea7u m\u1ee1 b\u1ec1 m\u1eb7t kh\u00f4ng x\u1ed1p<\/p>\n<p>-T\u1ea8Y CH\u1ebeT B\u1ec0 M\u1eb6T X\u1ed1p<\/p>\n<p>-V\u1ec6 SINH THI\u1ebeT B\u1eca<\/p>\n<\/div>\n","protected":false},"excerpt":{"rendered":"<p><strong>T\u00ean sa\u0309n ph\u00e2\u0309m: Belzona 9111<\/strong><\/p>\n","protected":false},"featured_media":6872,"comment_status":"closed","ping_status":"closed","template":"","meta":[],"product_brand":[],"product_cat":[156],"product_tag":[],"class_list":{"0":"post-6871","1":"product","2":"type-product","3":"status-publish","4":"has-post-thumbnail","6":"product_cat-belzona","8":"first","9":"instock","10":"shipping-taxable","11":"product-type-simple"},"_links":{"self":[{"href":"https:\/\/yenhung.com\/index.php?rest_route=\/wp\/v2\/product\/6871","targetHints":{"allow":["GET"]}}],"collection":[{"href":"https:\/\/yenhung.com\/index.php?rest_route=\/wp\/v2\/product"}],"about":[{"href":"https:\/\/yenhung.com\/index.php?rest_route=\/wp\/v2\/types\/product"}],"replies":[{"embeddable":true,"href":"https:\/\/yenhung.com\/index.php?rest_route=%2Fwp%2Fv2%2Fcomments&post=6871"}],"wp:featuredmedia":[{"embeddable":true,"href":"https:\/\/yenhung.com\/index.php?rest_route=\/wp\/v2\/media\/6872"}],"wp:attachment":[{"href":"https:\/\/yenhung.com\/index.php?rest_route=%2Fwp%2Fv2%2Fmedia&parent=6871"}],"wp:term":[{"taxonomy":"product_brand","embeddable":true,"href":"https:\/\/yenhung.com\/index.php?rest_route=%2Fwp%2Fv2%2Fproduct_brand&post=6871"},{"taxonomy":"product_cat","embeddable":true,"href":"https:\/\/yenhung.com\/index.php?rest_route=%2Fwp%2Fv2%2Fproduct_cat&post=6871"},{"taxonomy":"product_tag","embeddable":true,"href":"https:\/\/yenhung.com\/index.php?rest_route=%2Fwp%2Fv2%2Fproduct_tag&post=6871"}],"curies":[{"name":"wp","href":"https:\/\/api.w.org\/{rel}","templated":true}]}}