{"id":6879,"date":"2025-11-10T07:49:40","date_gmt":"2025-11-10T07:49:40","guid":{"rendered":"https:\/\/yenhung.com\/?product=keo-belzona-1811"},"modified":"2026-02-11T04:04:55","modified_gmt":"2026-02-11T04:04:55","slug":"keo-belzona-1811","status":"publish","type":"product","link":"https:\/\/yenhung.com\/?product=keo-belzona-1811","title":{"rendered":"Keo belzona 1811"},"content":{"rendered":"<div class=\"ba-text-fpt\">\n<h2><strong>M\u00f4 t\u1ea3 Belzona 1811 (Ceramic Carbide) \u2013 Lo\u1ea1i 2 Th\u00e0nh Ph\u1ea7n<\/strong><\/h2>\n<p><img decoding=\"async\" title=\"1811-jpeg-2\" src=\"https:\/\/yenhung.com\/wp-content\/uploads\/2025\/11\/1811-jpeg-2.jpg\" alt=\"Belzona 1811 (Ceramic Carbide) \u2013 Lo\u1ea1i 2 Th\u00e0nh Ph\u1ea7n\" data-thumb=\"large\" \/><\/p>\n<p>V\u1eadt li\u1ec7u composite 2 th\u00e0nh ph\u1ea7n g\u1ed1c epoxy k\u1ebft h\u1ee3p c\u1ed1t li\u1ec7u g\u1ed1m ch\u1ed1ng m\u00e0i m\u00f2n \u0111\u1ec3 s\u1eeda ch\u1eefa v\u00e0 b\u1ea3o v\u1ec7 c\u00e1c b\u1ec1 m\u1eb7t kim lo\u1ea1i ch\u1ecbu m\u00e0i m\u00f2n tr\u01b0\u1ee3t. Belzona 1811 (Ceramic Carbide) ch\u1ed1ng l\u1ea1i s\u1ef1 h\u01b0 h\u1ecfng v\u00e0 m\u00e0i m\u00f2n do bi\u1ebfn d\u1ea1ng mang l\u1ea1i kh\u1ea3 n\u0103ng ch\u1ed1ng m\u00e0i m\u00f2n l\u00e2u d\u00e0i.<\/p>\n<p>V\u1eadt li\u1ec7u composite c\u00f3 \u0111\u1ed9 b\u1ec1n cao n\u00e0y c\u00f3 th\u1ec3 \u0111\u01b0\u1ee3c thi c\u00f4ng m\u00e0 kh\u00f4ng c\u1ea7n \u0111\u1ebfn c\u00e1c d\u1ee5ng c\u1ee5 chuy\u00ean d\u1ee5ng v\u1edbi \u0111\u1ed9 d\u00e0y kh\u00f4ng gi\u1edbi h\u1ea1n l\u00ean c\u00e1c b\u1ec1 m\u1eb7t th\u1eb3ng \u0111\u1ee9ng v\u00e0 ngang v\u1edbi nhi\u1ec7t \u0111\u1ed9 kh\u00f4 150 \u00b0 C (300 \u00b0 F). Belzona 1811 (Ceramic Carbide) s\u1ebd kh\u00f4ng b\u1ecb \u0103n m\u00f2n v\u00e0 c\u00f3 kh\u1ea3 n\u0103ng ch\u1ed1ng l\u1ea1i nhi\u1ec1u lo\u1ea1i h\u00f3a ch\u1ea5t. N\u00f3 s\u1ebd li\u00ean k\u1ebft v\u1edbi nhi\u1ec1u lo\u1ea1i ch\u1ea5t n\u1ec1n kh\u00e1c nhau t\u1ea1o ra m\u1ed9t l\u1edbp l\u00f3t li\u1ec1n m\u1ea1ch c\u00f9ng v\u1edbi kh\u1ea3 n\u0103ng ch\u1ed1ng m\u00e0i m\u00f2n v\u00e0 m\u00e0i m\u00f2n tuy\u1ec7t v\u1eddi \u0111\u1ed1i v\u1edbi c\u00e1c v\u1eadt li\u1ec7u th\u00f4.<\/p>\n<h2><strong>C\u00e1c l\u1ee3i \u00edch ch\u00ednh<\/strong><\/h2>\n<p><strong><img decoding=\"async\" title=\"1811-1-1\" src=\"https:\/\/yenhung.com\/wp-content\/uploads\/2025\/11\/1811-1-1.jpg\" alt=\"Belzona 1811 (Ceramic Carbide) \u2013 Lo\u1ea1i 2 Th\u00e0nh Ph\u1ea7n\" data-thumb=\"large\" \/><\/strong><\/p>\n<p>Ch\u1ed1ng m\u00e0i m\u00f2n v\u00e0 m\u00e0i m\u00f2n cao<\/p>\n<p>S\u1ebd kh\u00f4ng b\u1ecb \u0103n m\u00f2n<\/p>\n<p>Kh\u00f4ng dung m\u00f4i cho ph\u00e9p n\u00f3 \u0111\u01b0\u1ee3c \u00e1p d\u1ee5ng m\u1ed9t c\u00e1ch an to\u00e0n trong c\u00e1c khu v\u1ef1c h\u1ea1n ch\u1ebf<\/p>\n<p>Li\u00ean k\u1ebft tuy\u1ec7t v\u1eddi v\u1edbi nhi\u1ec1u b\u1ec1 m\u1eb7t kim lo\u1ea1i bao g\u1ed3m th\u00e9p v\u00e0 gang<\/p>\n<p>Thi c\u00f4ng v\u00e0 b\u1ea3o d\u01b0\u1ee1ng \u1edf nhi\u1ec7t \u0111\u1ed9 ph\u00f2ng \u2013 kh\u00f4ng li\u00ean quan \u0111\u1ebfn c\u00f4ng vi\u1ec7c n\u00f3ng<\/p>\n<p>Cu\u1ed9c s\u1ed1ng l\u00e0m vi\u1ec7c l\u00e2u d\u00e0i<\/p>\n<p>T\u1ef7 l\u1ec7 ch\u1eefa kh\u1ecfi nhanh \u0111\u1ea3m b\u1ea3o quay tr\u1edf l\u1ea1i d\u1ecbch v\u1ee5 nhanh ch\u00f3ng<\/p>\n<p>\u0110\u1ed9 b\u1ec1n c\u01a1 h\u1ecdc cao<\/p>\n<h2><strong>C\u00e1c \u1ee9ng d\u1ee5ng cho Belzona 1811 (Ceramic Carbide) bao g\u1ed3m<\/strong><\/h2>\n<p><img decoding=\"async\" title=\"1811-2-1\" src=\"https:\/\/yenhung.com\/wp-content\/uploads\/2025\/11\/1811-2-1.png\" alt=\"Belzona 1811 (Ceramic Carbide) \u2013 Lo\u1ea1i 2 Th\u00e0nh Ph\u1ea7n\" data-thumb=\"original\" \/><\/p>\n<p>B\u1ea3o v\u1ec7 \u0111\u01b0\u1eddng \u1ed1ng, \u0111\u01b0\u1eddng \u1ed1ng u\u1ed1n cong, khu\u1ef7u tay v\u00e0 van kh\u1ecfi m\u00e0i m\u00f2n<\/p>\n<p>Li\u00ean k\u1ebft v\u00e0 ch\u00e0 ron g\u1ea1ch v\u00e0 c\u00e1c t\u1ea5m m\u00e0i m\u00f2n \u1edf nh\u1eefng n\u01a1i y\u00eau c\u1ea7u kh\u1ea3 n\u0103ng ch\u1ed1ng m\u00e0i m\u00f2n cao<\/p>\n<p>S\u1eeda ch\u1eefa b\u0103ng t\u1ea3i tr\u1ee5c v\u00edt, m\u00e1y ly t\u00e2m v\u00e0 c\u00e1nh b\u01a1m b\u1ecb h\u01b0 h\u1ecfng do x\u00f3i m\u00f2n v\u00e0 \u0103n m\u00f2n<\/p>\n<p>L\u1edbp l\u00f3t cho ph\u1ec5u m\u00f2n, m\u00e1ng tr\u01b0\u1ee3t, c\u00e1nh tr\u1ed9n v\u00e0 c\u00e1c thi\u1ebft b\u1ecb kh\u00e1c ch\u1ecbu m\u00e0i m\u00f2n<\/p>\n<\/div>\n","protected":false},"excerpt":{"rendered":"<p><strong>T\u00ean sa\u0309n ph\u00e2\u0309m: Belzona 1811<\/strong><\/p>\n","protected":false},"featured_media":6880,"comment_status":"closed","ping_status":"closed","template":"","meta":[],"product_brand":[],"product_cat":[156],"product_tag":[],"class_list":{"0":"post-6879","1":"product","2":"type-product","3":"status-publish","4":"has-post-thumbnail","6":"product_cat-belzona","8":"first","9":"instock","10":"shipping-taxable","11":"product-type-simple"},"_links":{"self":[{"href":"https:\/\/yenhung.com\/index.php?rest_route=\/wp\/v2\/product\/6879","targetHints":{"allow":["GET"]}}],"collection":[{"href":"https:\/\/yenhung.com\/index.php?rest_route=\/wp\/v2\/product"}],"about":[{"href":"https:\/\/yenhung.com\/index.php?rest_route=\/wp\/v2\/types\/product"}],"replies":[{"embeddable":true,"href":"https:\/\/yenhung.com\/index.php?rest_route=%2Fwp%2Fv2%2Fcomments&post=6879"}],"wp:featuredmedia":[{"embeddable":true,"href":"https:\/\/yenhung.com\/index.php?rest_route=\/wp\/v2\/media\/6880"}],"wp:attachment":[{"href":"https:\/\/yenhung.com\/index.php?rest_route=%2Fwp%2Fv2%2Fmedia&parent=6879"}],"wp:term":[{"taxonomy":"product_brand","embeddable":true,"href":"https:\/\/yenhung.com\/index.php?rest_route=%2Fwp%2Fv2%2Fproduct_brand&post=6879"},{"taxonomy":"product_cat","embeddable":true,"href":"https:\/\/yenhung.com\/index.php?rest_route=%2Fwp%2Fv2%2Fproduct_cat&post=6879"},{"taxonomy":"product_tag","embeddable":true,"href":"https:\/\/yenhung.com\/index.php?rest_route=%2Fwp%2Fv2%2Fproduct_tag&post=6879"}],"curies":[{"name":"wp","href":"https:\/\/api.w.org\/{rel}","templated":true}]}}