{"id":6887,"date":"2025-11-10T07:49:45","date_gmt":"2025-11-10T07:49:45","guid":{"rendered":"https:\/\/yenhung.com\/?product=keo-belzona-1161"},"modified":"2026-02-11T04:04:45","modified_gmt":"2026-02-11T04:04:45","slug":"keo-belzona-1161","status":"publish","type":"product","link":"https:\/\/yenhung.com\/?product=keo-belzona-1161","title":{"rendered":"Keo belzona 1161"},"content":{"rendered":"<div class=\"ba-text-fpt\">\n<h2><strong>M\u00f4\u00a0 T\u1ea3 Belzona 1161 (Super UW-Metal) \u2013 G\u1ed3m 2 Th\u00e0nh Ph\u1ea7n<\/strong><\/h2>\n<p><img decoding=\"async\" title=\"1161-1-1\" src=\"https:\/\/yenhung.com\/wp-content\/uploads\/2025\/11\/1161-1-1.jpg\" alt=\"Keo Belzona 1161\" data-thumb=\"large\" \/><\/p>\n<p>L\u00e0 v\u1eadt li\u1ec7u t\u1ed5ng h\u1ee3p g\u1ed3m 2 ph\u1ea7n \u0111\u1ec3 s\u1eeda ch\u1eefa v\u00e0 t\u00e1i t\u1ea1o b\u1ec1 m\u1eb7t kim lo\u1ea1i d\u1ef1a tr\u00ean nh\u1ef1a epoxy kh\u00f4ng dung m\u00f4i, ch\u1ecbu \u0111\u01b0\u1ee3c b\u1ec1 m\u1eb7t \u0111\u01b0\u1ee3c gia c\u1ed1 b\u1eb1ng h\u1ee3p kim th\u00e9p silicon.<\/p>\n<p>V\u1eadt li\u1ec7u composite n\u00e0y \u0111\u01b0\u1ee3c thi\u1ebft k\u1ebf \u0111\u1eb7c bi\u1ec7t \u0111\u1ec3 \u1ee9ng d\u1ee5ng cho c\u00e1c b\u1ec1 m\u1eb7t \u1ea9m \u01b0\u1edbt v\u00e0 nhi\u1ec5m d\u1ea7u, c\u0169ng nh\u01b0 c\u00e1c \u1ee9ng d\u1ee5ng d\u01b0\u1edbi n\u01b0\u1edbc. N\u00f3 d\u1ec5 d\u00e0ng tr\u1ed9n v\u00e0 thi c\u00f4ng m\u00e0 kh\u00f4ng c\u1ea7n \u0111\u1ebfn c\u00e1c d\u1ee5ng c\u1ee5 chuy\u00ean d\u1ee5ng v\u00e0 c\u00f3 th\u1ec3 \u0111\u01b0\u1ee3c gia c\u00f4ng b\u1eb1ng c\u00e1c d\u1ee5ng c\u1ee5 th\u00f4ng th\u01b0\u1eddng.<\/p>\n<h2><strong>C\u00e1c l\u1ee3i \u00edch ch\u00ednh<\/strong><\/h2>\n<p><img decoding=\"async\" title=\"1161-2-jpeg-1\" src=\"https:\/\/yenhung.com\/wp-content\/uploads\/2025\/11\/1161-2-jpeg-1.jpg\" alt=\"Keo Belzona 1161\" data-thumb=\"grande\" \/><\/p>\n<p>Li\u00ean k\u1ebft m\u1ea1nh m\u1ebd v\u1edbi c\u00e1c b\u1ec1 m\u1eb7t \u1ea9m \u01b0\u1edbt, nhi\u1ec1u d\u1ea7u v\u00e0 \u0111\u01b0\u1ee3c chu\u1ea9n b\u1ecb th\u1ee7 c\u00f4ng<\/p>\n<p>Composite s\u1eeda ch\u1eefa b\u1ec1n \u0111a m\u1ee5c \u0111\u00edch<\/p>\n<p>Thi c\u00f4ng v\u00e0 b\u1ea3o d\u01b0\u1ee1ng \u1edf nhi\u1ec7t \u0111\u1ed9 ph\u00f2ng v\u00e0 d\u01b0\u1edbi n\u01b0\u1edbc \u2013 kh\u00f4ng li\u00ean quan \u0111\u1ebfn c\u00f4ng vi\u1ec7c n\u00f3ng<\/p>\n<p>Li\u00ean k\u1ebft tuy\u1ec7t v\u1eddi v\u1edbi kim lo\u1ea1i bao g\u1ed3m th\u00e9p kh\u00f4ng g\u1ec9, th\u00e9p cacbon, nh\u00f4m, \u0111\u1ed3ng thau, \u0111\u1ed3ng v\u00e0 c\u00e1c b\u1ec1 m\u1eb7t c\u1ee9ng kh\u00e1c<\/p>\n<p>Ho\u00e0n to\u00e0n c\u00f3 th\u1ec3 gia c\u00f4ng b\u1eb1ng c\u00e1c c\u00f4ng c\u1ee5 th\u00f4ng th\u01b0\u1eddng<\/p>\n<p>\u0110\u1eb7c \u0111i\u1ec3m c\u00e1ch \u0111i\u1ec7n tuy\u1ec7t v\u1eddi<\/p>\n<p>Gi\u1ea3m r\u1ee7i ro v\u1ec1 s\u1ee9c kh\u1ecfe v\u00e0 an to\u00e0n v\u00ec n\u00f3 kh\u00f4ng ch\u1ee9a dung m\u00f4i<\/p>\n<p>Kh\u00f4ng co ng\u00f3t, gi\u00e3n n\u1edf ho\u1eb7c bi\u1ebfn d\u1ea1ng<\/p>\n<p>Ch\u1ed1ng \u0103n m\u00f2n v\u01b0\u1ee3t tr\u1ed9i<\/p>\n<p>Kh\u00e1ng h\u00f3a ch\u1ea5t tuy\u1ec7t v\u1eddi ch\u1ed1ng l\u1ea1i nhi\u1ec1u lo\u1ea1i h\u00f3a ch\u1ea5t<\/p>\n<h2><strong>C\u00e1c \u1ee9ng d\u1ee5ng cho Belzona 1161 (Super UW-Metal) bao g\u1ed3m<\/strong><\/h2>\n<p><img decoding=\"async\" title=\"1161-jpeg-2\" src=\"https:\/\/yenhung.com\/wp-content\/uploads\/2025\/11\/1161-jpeg-2.jpg\" alt=\"Keo Belzona 1161\" data-thumb=\"large\" \/><\/p>\n<p>S\u1eeda ch\u1eefa r\u00f2 r\u1ec9 d\u1ea7u v\u00e0 n\u01b0\u1edbc<\/p>\n<p>Ni\u00eam phong c\u00e1c kh\u1edbp v\u00e0 m\u1eb7t b\u00edch<\/p>\n<p>S\u1eeda ch\u1eefa c\u00e1c v\u1ebft n\u1ee9t v\u00e0 l\u1ed7 tr\u00ean v\u1ecf \u0111\u1ed9ng c\u01a1 v\u00e0 m\u00e1y b\u01a1m, m\u00e1y bi\u1ebfn \u00e1p, \u0111\u01b0\u1eddng \u1ed1ng, b\u1ec3 ch\u1ee9a v\u00e0 c\u00e1c thi\u1ebft b\u1ecb kh\u00e1c<\/p>\n<p>B\u1ec1 m\u1eb7t c\u1ee7a b\u1ec1 m\u1eb7t kim lo\u1ea1i b\u1ecb r\u1ed7<\/p>\n<p>Keo k\u1ebft c\u1ea5u c\u00f3 \u0111\u1ed9 b\u1ec1n cao \u0111\u1ec3 li\u00ean k\u1ebft kim lo\u1ea1i<\/p>\n<p>T\u1ea1o c\u00e1c mi\u1ebfng ch\u00eam ch\u1ecbu t\u1ea3i kh\u00f4ng \u0111\u1ec1u v\u00e0 c\u1ea3i t\u1ea1o c\u00e1c l\u1edbp v\u1ecf \u1ed5 tr\u1ee5c<\/p>\n<\/div>\n","protected":false},"excerpt":{"rendered":"<p><strong>T\u00ean sa\u0309n ph\u00e2\u0309m: Belzona 1161<\/strong><\/p>\n","protected":false},"featured_media":6888,"comment_status":"closed","ping_status":"closed","template":"","meta":[],"product_brand":[],"product_cat":[156],"product_tag":[],"class_list":{"0":"post-6887","1":"product","2":"type-product","3":"status-publish","4":"has-post-thumbnail","6":"product_cat-belzona","8":"first","9":"instock","10":"shipping-taxable","11":"product-type-simple"},"_links":{"self":[{"href":"https:\/\/yenhung.com\/index.php?rest_route=\/wp\/v2\/product\/6887","targetHints":{"allow":["GET"]}}],"collection":[{"href":"https:\/\/yenhung.com\/index.php?rest_route=\/wp\/v2\/product"}],"about":[{"href":"https:\/\/yenhung.com\/index.php?rest_route=\/wp\/v2\/types\/product"}],"replies":[{"embeddable":true,"href":"https:\/\/yenhung.com\/index.php?rest_route=%2Fwp%2Fv2%2Fcomments&post=6887"}],"wp:featuredmedia":[{"embeddable":true,"href":"https:\/\/yenhung.com\/index.php?rest_route=\/wp\/v2\/media\/6888"}],"wp:attachment":[{"href":"https:\/\/yenhung.com\/index.php?rest_route=%2Fwp%2Fv2%2Fmedia&parent=6887"}],"wp:term":[{"taxonomy":"product_brand","embeddable":true,"href":"https:\/\/yenhung.com\/index.php?rest_route=%2Fwp%2Fv2%2Fproduct_brand&post=6887"},{"taxonomy":"product_cat","embeddable":true,"href":"https:\/\/yenhung.com\/index.php?rest_route=%2Fwp%2Fv2%2Fproduct_cat&post=6887"},{"taxonomy":"product_tag","embeddable":true,"href":"https:\/\/yenhung.com\/index.php?rest_route=%2Fwp%2Fv2%2Fproduct_tag&post=6887"}],"curies":[{"name":"wp","href":"https:\/\/api.w.org\/{rel}","templated":true}]}}