{"id":6903,"date":"2025-11-10T07:50:02","date_gmt":"2025-11-10T07:50:02","guid":{"rendered":"https:\/\/yenhung.com\/?product=soi-thuy-tinh-carbon-belzona-9381"},"modified":"2026-02-11T04:04:16","modified_gmt":"2026-02-11T04:04:16","slug":"soi-thuy-tinh-carbon-belzona-9381","status":"publish","type":"product","link":"https:\/\/yenhung.com\/?product=soi-thuy-tinh-carbon-belzona-9381","title":{"rendered":"S\u1ee3i th\u1ee7y tinh carbon belzona 9381"},"content":{"rendered":"<div class=\"ba-text-fpt\">\n<h2><strong>M\u00f4 t\u1ea3 Belzona 9381<\/strong><\/h2>\n<p><img decoding=\"async\" title=\"9381-jpeg-2\" src=\"https:\/\/yenhung.com\/wp-content\/uploads\/2025\/11\/9381-jpeg-2.jpg\" alt=\"S\u1ee3i th\u1ee7y tinh carbon Belzona 9381\" data-thumb=\"large\" \/><img decoding=\"async\" title=\"9381-2-jpeg-1\" src=\"https:\/\/yenhung.com\/wp-content\/uploads\/2025\/11\/9381-2-jpeg-1.jpg\" alt=\"S\u1ee3i th\u1ee7y tinh carbon Belzona 9381\" data-thumb=\"large\" \/><\/p>\n<p>T\u1ea5m lai th\u1ee7y tinh\/s\u1ee3i carbon (70: 30) \u0111\u00e3 \u0111\u01b0\u1ee3c th\u1ea9m \u0111\u1ecbnh tr\u01b0\u1edbc c\u00f9ng v\u1edbi Belzona 1981, Belzona 1982 v\u00e0 Belzona 1983 \u0111\u1ec3 s\u1eeda ch\u1eefa tu\u00e2n th\u1ee7 ISO 24817 v\u00e0 ASME PCC 2. K\u00edch th\u01b0\u1edbc 1.27 m x 10 m, 254 mm x 64 m, 84 mm x 64 m<\/p>\n<h2><strong>Th\u00f4ng tin truy c\u1eadp<\/strong><\/h2>\n<p><strong><img decoding=\"async\" title=\"9381-1-jpeg-1\" src=\"https:\/\/yenhung.com\/wp-content\/uploads\/2025\/11\/9381-1-jpeg-1.jpg\" alt=\"S\u1ee3i th\u1ee7y tinh carbon Belzona 9381\" data-thumb=\"large\" \/><\/strong><\/p>\n<p>&nbsp;<\/p>\n<\/div>\n","protected":false},"excerpt":{"rendered":"<p dir=\"ltr\" data-placeholder=\"B\u1ea3n d\u1ecbch\"><strong>T\u00ean sa\u0309n ph\u00e2\u0309m: Belzona 9381<\/strong><\/p>\n","protected":false},"featured_media":6904,"comment_status":"closed","ping_status":"closed","template":"","meta":[],"product_brand":[],"product_cat":[156],"product_tag":[],"class_list":{"0":"post-6903","1":"product","2":"type-product","3":"status-publish","4":"has-post-thumbnail","6":"product_cat-belzona","8":"first","9":"instock","10":"shipping-taxable","11":"purchasable","12":"product-type-simple"},"_links":{"self":[{"href":"https:\/\/yenhung.com\/index.php?rest_route=\/wp\/v2\/product\/6903","targetHints":{"allow":["GET"]}}],"collection":[{"href":"https:\/\/yenhung.com\/index.php?rest_route=\/wp\/v2\/product"}],"about":[{"href":"https:\/\/yenhung.com\/index.php?rest_route=\/wp\/v2\/types\/product"}],"replies":[{"embeddable":true,"href":"https:\/\/yenhung.com\/index.php?rest_route=%2Fwp%2Fv2%2Fcomments&post=6903"}],"wp:featuredmedia":[{"embeddable":true,"href":"https:\/\/yenhung.com\/index.php?rest_route=\/wp\/v2\/media\/6904"}],"wp:attachment":[{"href":"https:\/\/yenhung.com\/index.php?rest_route=%2Fwp%2Fv2%2Fmedia&parent=6903"}],"wp:term":[{"taxonomy":"product_brand","embeddable":true,"href":"https:\/\/yenhung.com\/index.php?rest_route=%2Fwp%2Fv2%2Fproduct_brand&post=6903"},{"taxonomy":"product_cat","embeddable":true,"href":"https:\/\/yenhung.com\/index.php?rest_route=%2Fwp%2Fv2%2Fproduct_cat&post=6903"},{"taxonomy":"product_tag","embeddable":true,"href":"https:\/\/yenhung.com\/index.php?rest_route=%2Fwp%2Fv2%2Fproduct_tag&post=6903"}],"curies":[{"name":"wp","href":"https:\/\/api.w.org\/{rel}","templated":true}]}}