{"id":6919,"date":"2025-11-10T07:50:11","date_gmt":"2025-11-10T07:50:11","guid":{"rendered":"https:\/\/yenhung.com\/?product=keo-belzona-2211-pack-a-b-550g-bo"},"modified":"2026-02-11T04:02:51","modified_gmt":"2026-02-11T04:02:51","slug":"keo-belzona-2211-pack-a-b-550g-bo","status":"publish","type":"product","link":"https:\/\/yenhung.com\/?product=keo-belzona-2211-pack-a-b-550g-bo","title":{"rendered":"Keo belzona 2211 pack a\/b (550g\/b\u1ed9)"},"content":{"rendered":"<div class=\"ba-text-fpt\">\n<h2><strong>M\u00f4 t\u1ea3 Belzona 2211 (MP Hi-Build Elastomer) \u2013 Nh\u1ef1a 2 th\u00e0nh ph\u1ea7n<\/strong><\/h2>\n<p><img decoding=\"async\" title=\"2211-jpeg-2\" src=\"https:\/\/yenhung.com\/wp-content\/uploads\/2025\/11\/2211-jpeg-2.jpg\" alt=\"Keo Belzona 2211 pack A\/B (550g\/b\u1ed9)\" data-thumb=\"large\" \/><\/p>\n<p>M\u1ed9t lo\u1ea1i nh\u1ef1a polyurethane g\u1ed3m 2 ph\u1ea7n \u0111\u01b0\u1ee3c thi\u1ebft k\u1ebf \u0111\u1ec3 s\u1eeda ch\u1eefa, x\u00e2y d\u1ef1ng l\u1ea1i v\u00e0 ph\u1ee7 c\u00e1c th\u00e0nh ph\u1ea7n cao su v\u00e0 kim lo\u1ea1i. V\u1eadt li\u1ec7u s\u1eeda ch\u1eefa cao su d\u1ebbo n\u00e0y gi\u00fap cho vi\u1ec7c s\u1eeda ch\u1eefa hi\u1ec7u qu\u1ea3 v\u1ec1 chi ph\u00ed c\u00f3 th\u1ec3 th\u1ef1c hi\u1ec7n \u0111\u01b0\u1ee3c v\u00e0 th\u00edch h\u1ee3p cho c\u00e1c \u1ee9ng d\u1ee5ng y\u00eau c\u1ea7u k\u1ebft c\u1ea5u, \u0111\u1ed9 b\u1ec1n v\u00e0 \u0111\u1ed9 \u0111\u00e0n h\u1ed3i cao. V\u1eadt li\u1ec7u \u0111\u00e0n h\u1ed3i kh\u00f4ng ch\u1ee9a dung m\u00f4i n\u00e0y d\u1ec5 d\u00e0ng tr\u1ed9n v\u00e0 thi c\u00f4ng m\u00e0 kh\u00f4ng c\u1ea7n \u0111\u1ebfn c\u00e1c d\u1ee5ng c\u1ee5 chuy\u00ean d\u1ee5ng v\u00e0 n\u00f3 \u0111\u00f3ng r\u1eafn \u1edf nhi\u1ec7t \u0111\u1ed9 ph\u00f2ng n\u00ean kh\u00f4ng c\u1ea7n ph\u1ea3i gia c\u00f4ng n\u00f3ng.<\/p>\n<h2><strong>C\u00e1c l\u1ee3i \u00edch ch\u00ednh<\/strong><\/h2>\n<p><strong><img decoding=\"async\" title=\"2211-1-jpeg-1\" src=\"https:\/\/yenhung.com\/wp-content\/uploads\/2025\/11\/2211-1-jpeg-1.jpg\" alt=\"Keo Belzona 2211 pack A\/B (550g\/b\u1ed9)\" data-thumb=\"large\" \/><\/strong><\/p>\n<p>\u0110\u1ed9 gi\u00e3n d\u00e0i v\u01b0\u1ee3t tr\u1ed9i \u2013 l\u00ean \u0111\u1ebfn 700%<\/p>\n<p>X\u1eed l\u00fd l\u1ea1nh nhanh \u2013 kh\u00f4ng li\u00ean quan \u0111\u1ebfn c\u00f4ng vi\u1ec7c n\u00f3ng<\/p>\n<p>B\u1ea3o v\u1ec7 ch\u1ed1ng x\u00f3i m\u00f2n v\u00e0 \u0103n m\u00f2n<\/p>\n<p>K\u1ebft d\u00ednh tuy\u1ec7t v\u1eddi v\u1edbi nhi\u1ec1u lo\u1ea1i ch\u1ea5t n\u1ec1n bao g\u1ed3m cao su t\u1ef1 nhi\u00ean, nitrile, neoprene, SBR (Styrene Butadiene Rubber), polyurethane, PVC, th\u00e9p, \u0111\u1ed3ng v\u00e0 b\u00ea t\u00f4ng<\/p>\n<p>Gi\u1ea3m r\u1ee7i ro v\u1ec1 s\u1ee9c kh\u1ecfe v\u00e0 an to\u00e0n v\u00ec n\u00f3 kh\u00f4ng ch\u1ee9a dung m\u00f4i<\/p>\n<p>\u1ee8ng d\u1ee5ng li\u1ec1n m\u1ea1ch \u2013 c\u00e1c khu v\u1ef1c nh\u1ecf ho\u1eb7c l\u1edbn \u0111\u01b0\u1ee3c x\u1eed l\u00fd trong m\u1ed9t thao t\u00e1c<\/p>\n<p>Kh\u00e1ng h\u00f3a ch\u1ea5t t\u1ed1t v\u1edbi nhi\u1ec1u lo\u1ea1i h\u00f3a ch\u1ea5t<\/p>\n<p>Kh\u1ea3 n\u0103ng ch\u1ed1ng \u0111i\u1ec7n t\u1ed1t<\/p>\n<h2><strong>C\u00e1c \u1ee9ng d\u1ee5ng d\u00e0nh cho Belzona 2211 (MP Hi-Build Elastomer) bao g\u1ed3m<\/strong><\/h2>\n<p><strong><img decoding=\"async\" title=\"2211-2-jpeg-1\" src=\"https:\/\/yenhung.com\/wp-content\/uploads\/2025\/11\/2211-2-jpeg-1.jpg\" alt=\"Keo Belzona 2211 pack A\/B (550g\/b\u1ed9)\" data-thumb=\"large\" \/><\/strong><\/p>\n<p>T\u1ea1o v\u00e0 s\u1eeda ch\u1eefa c\u00e1c khe co gi\u00e3n b\u00ea t\u00f4ng \u0111\u1ec3 mang l\u1ea1i hi\u1ec7u qu\u1ea3 l\u00e2u d\u00e0i<\/p>\n<p>Khu\u00f4n v\u00e0 c\u1ea3i c\u00e1ch con d\u1ea5u v\u00f2ng \u0111\u1ec7m b\u1ecb m\u00f2n v\u00e0 con l\u0103n cao su<\/p>\n<p>Ph\u01b0\u01a1ng ph\u00e1p thay th\u1ebf b\u1ea3o d\u01b0\u1ee1ng l\u1ea1nh thay th\u1ebf cho cao su l\u01b0u h\u00f3a s\u1eeda ch\u1eefa c\u00e1c v\u1ebft n\u1ee9t c\u1ee7a h\u00f4ng l\u1ed1p tr\u00ean xe t\u1ea3i h\u1ea1ng n\u1eb7ng<\/p>\n<p>T\u1ea1o ho\u1eb7c s\u1eeda ch\u1eefa l\u1edbp ph\u1ee7 cao su tr\u00ean m\u00e1y b\u01a1m, van, b\u1ed3n ch\u1ee9a v\u00e0 \u1ed5 tr\u1ee5c d\u1eabn h\u01b0\u1edbng<\/p>\n<p>S\u1eeda ch\u1eefa cao su nhanh ch\u00f3ng c\u00e1c l\u1ed7 v\u00e0 v\u1ebft n\u1ee9t tr\u00ean m\u00e0ng b\u01a1m<\/p>\n<\/div>\n","protected":false},"excerpt":{"rendered":"<p><strong>T\u00ean sa\u0309n ph\u00e2\u0309m: Belzona 2211<\/strong><\/p>\n","protected":false},"featured_media":6920,"comment_status":"closed","ping_status":"closed","template":"","meta":[],"product_brand":[],"product_cat":[156],"product_tag":[],"class_list":{"0":"post-6919","1":"product","2":"type-product","3":"status-publish","4":"has-post-thumbnail","6":"product_cat-belzona","8":"first","9":"instock","10":"shipping-taxable","11":"product-type-simple"},"_links":{"self":[{"href":"https:\/\/yenhung.com\/index.php?rest_route=\/wp\/v2\/product\/6919","targetHints":{"allow":["GET"]}}],"collection":[{"href":"https:\/\/yenhung.com\/index.php?rest_route=\/wp\/v2\/product"}],"about":[{"href":"https:\/\/yenhung.com\/index.php?rest_route=\/wp\/v2\/types\/product"}],"replies":[{"embeddable":true,"href":"https:\/\/yenhung.com\/index.php?rest_route=%2Fwp%2Fv2%2Fcomments&post=6919"}],"wp:featuredmedia":[{"embeddable":true,"href":"https:\/\/yenhung.com\/index.php?rest_route=\/wp\/v2\/media\/6920"}],"wp:attachment":[{"href":"https:\/\/yenhung.com\/index.php?rest_route=%2Fwp%2Fv2%2Fmedia&parent=6919"}],"wp:term":[{"taxonomy":"product_brand","embeddable":true,"href":"https:\/\/yenhung.com\/index.php?rest_route=%2Fwp%2Fv2%2Fproduct_brand&post=6919"},{"taxonomy":"product_cat","embeddable":true,"href":"https:\/\/yenhung.com\/index.php?rest_route=%2Fwp%2Fv2%2Fproduct_cat&post=6919"},{"taxonomy":"product_tag","embeddable":true,"href":"https:\/\/yenhung.com\/index.php?rest_route=%2Fwp%2Fv2%2Fproduct_tag&post=6919"}],"curies":[{"name":"wp","href":"https:\/\/api.w.org\/{rel}","templated":true}]}}