{"id":6935,"date":"2025-11-10T07:50:48","date_gmt":"2025-11-10T07:50:48","guid":{"rendered":"https:\/\/yenhung.com\/?product=keo-belzona-1391t"},"modified":"2026-02-11T04:02:11","modified_gmt":"2026-02-11T04:02:11","slug":"keo-belzona-1391t","status":"publish","type":"product","link":"https:\/\/yenhung.com\/?product=keo-belzona-1391t","title":{"rendered":"Keo belzona 1391t"},"content":{"rendered":"<div class=\"ba-text-fpt\">\n<h2><strong>M\u00f4 T\u1ea3 Belzona 1391T \u2013 S\u01a1n 2 th\u00e0nh ph\u1ea7n<\/strong><\/h2>\n<p><strong><img decoding=\"async\" title=\"1391t-2-jpeg-1\" src=\"https:\/\/yenhung.com\/wp-content\/uploads\/2025\/11\/1391t-2-jpeg-1.jpg\" alt=\"Keo Belzona 1391T\" data-thumb=\"large\" \/><\/strong><\/p>\n<p>Belzona 1391T l\u00e0 lo\u1ea1i s\u01a1n ph\u1ee7 epoxy 2 ph\u1ea7n b\u1eb1ng s\u1ee9, cung c\u1ea5p kh\u1ea3 n\u0103ng ch\u1ed1ng x\u00f3i m\u00f2n v\u00e0 \u0103n m\u00f2n cho c\u00e1c thi\u1ebft b\u1ecb nhi\u1ec7t \u0111\u1ed9 cao ho\u1ea1t \u0111\u1ed9ng trong \u0111i\u1ec1u ki\u1ec7n ng\u00e2m l\u00ean \u0111\u1ebfn 120 \u00b0 C (248 \u00b0 F). N\u00f3 c\u00f3 kh\u1ea3 n\u0103ng ch\u1ed1ng ch\u1ecbu tuy\u1ec7t v\u1eddi v\u1edbi nhi\u1ec1u lo\u1ea1i dung d\u1ecbch n\u01b0\u1edbc, hydrocacbon v\u00e0 h\u00f3a ch\u1ea5t x\u1eed l\u00fd.<\/p>\n<p>H\u1ec7 th\u1ed1ng 2 l\u1edbp kh\u00f4ng dung m\u00f4i n\u00e0y \u0111\u01b0\u1ee3c \u00e1p d\u1ee5ng b\u1eb1ng c\u00e1c d\u1ee5ng c\u1ee5 c\u1ea7m tay \u0111\u01a1n gi\u1ea3n cho c\u00e1c khu v\u1ef1c c\u1ea7n kh\u1ea3 n\u0103ng ch\u1ed1ng x\u00f3i m\u00f2n t\u1ed1i \u0111a. N\u00f3 c\u00f3 m\u1ed9t c\u1eeda s\u1ed5 l\u1edbp ph\u1ee7 d\u00e0i v\u00e0 c\u00f3 th\u1ec3 \u0111\u01b0\u1ee3c b\u1ea3o d\u01b0\u1ee1ng nhanh ch\u00f3ng cho ph\u00e9p c\u00e1c \u1ee9ng d\u1ee5ng \u0111\u01b0\u1ee3c ho\u00e0n th\u00e0nh m\u1ed9t c\u00e1ch hi\u1ec7u qu\u1ea3 v\u1edbi th\u1eddi gian ch\u1ebft t\u1ed1i thi\u1ec3u, r\u00fat \u200b\u200bng\u1eafn th\u1eddi gian thi c\u00f4ng v\u00e0 \u0111\u01a1n gi\u1ea3n h\u00f3a quy tr\u00ecnh b\u1ea3o tr\u00ec.<\/p>\n<h2><strong>C\u00e1c l\u1ee3i \u00edch ch\u00ednh<\/strong><\/h2>\n<p><strong><img decoding=\"async\" title=\"1391t-jpeg-2\" src=\"https:\/\/yenhung.com\/wp-content\/uploads\/2025\/11\/1391t-jpeg-2.jpg\" alt=\"Keo Belzona 1391T\" data-thumb=\"large\" \/><\/strong><\/p>\n<p>Ho\u1ea1t \u0111\u1ed9ng \u1edf nhi\u1ec7t \u0111\u1ed9 cao trong \u0111i\u1ec1u ki\u1ec7n ng\u00e2m n\u01b0\u1edbc<\/p>\n<p>Ch\u1ed1ng x\u00f3i m\u00f2n v\u00e0 \u0103n m\u00f2n tuy\u1ec7t v\u1eddi<\/p>\n<p>Gi\u1ea3m r\u1ee7i ro v\u1ec1 s\u1ee9c kh\u1ecfe v\u00e0 an to\u00e0n v\u00ec n\u00f3 kh\u00f4ng ch\u1ee9a dung m\u00f4i<\/p>\n<p>\u0110\u1eb7c t\u00ednh c\u00e1ch \u0111i\u1ec7n t\u1ed1t<\/p>\n<p>C\u01b0\u1eddng \u0111\u1ed9 n\u00e9n cao<\/p>\n<p>Thi c\u00f4ng v\u00e0 b\u1ea3o d\u01b0\u1ee1ng \u1edf nhi\u1ec7t \u0111\u1ed9 ph\u00f2ng \u2013 kh\u00f4ng li\u00ean quan \u0111\u1ebfn c\u00f4ng vi\u1ec7c n\u00f3ng<\/p>\n<p>Kh\u00e1ng h\u00f3a ch\u1ea5t tuy\u1ec7t v\u1eddi ch\u1ed1ng l\u1ea1i nhi\u1ec1u lo\u1ea1i h\u00f3a ch\u1ea5t<\/p>\n<p>Kh\u00f4ng co ng\u00f3t, gi\u00e3n n\u1edf ho\u1eb7c bi\u1ebfn d\u1ea1ng<\/p>\n<p>Li\u00ean k\u1ebft tuy\u1ec7t v\u1eddi v\u1edbi nhi\u1ec1u b\u1ec1 m\u1eb7t kim lo\u1ea1i bao g\u1ed3m th\u00e9p, th\u00e9p kh\u00f4ng g\u1ec9, th\u00e9p chuy\u00ean d\u1ee5ng<\/p>\n<p>Th\u00edch h\u1ee3p \u0111\u1ec3 h\u1ea5p \u1edf nhi\u1ec7t \u0111\u1ed9 l\u00ean \u0111\u1ebfn 210 \u00b0 C (410 \u00b0 F)<\/p>\n<h2><strong>C\u00e1c \u1ee9ng d\u1ee5ng cho Belzona 1391T bao g\u1ed3m<\/strong><\/h2>\n<p><strong><img decoding=\"async\" title=\"1391t-1-jpeg-1\" src=\"https:\/\/yenhung.com\/wp-content\/uploads\/2025\/11\/1391t-1-jpeg-1.jpg\" alt=\"Keo Belzona 1391T\" data-thumb=\"large\" \/><\/strong><\/p>\n<p>C\u00e1c l\u1edbp ph\u1ee7 nhi\u1ec7t \u0111\u1ed9 cao cho c\u00e1c b\u00ecnh x\u1eed l\u00fd, c\u1ed9t ch\u01b0ng c\u1ea5t, b\u1ed9 trao \u0111\u1ed5i nhi\u1ec7t, b\u1ec3 l\u1eafng v\u00e0 b\u1ed9 l\u1ecdc ho\u1ea1t \u0111\u1ed9ng trong \u0111i\u1ec1u ki\u1ec7n ng\u00e2m<\/p>\n<p>B\u1ea3o v\u1ec7 m\u00e1y b\u01a1m, van, b\u1ec3 ch\u1ee9a n\u01b0\u1edbc n\u00f3ng v\u00e0 d\u1ea3i ph\u00e2n c\u00e1ch kh\u1ecfi t\u00e1c \u0111\u1ed9ng c\u1ee7a x\u00f3i m\u00f2n v\u00e0 \u0103n m\u00f2n<\/p>\n<p>Keo k\u1ebft c\u1ea5u c\u00f3 \u0111\u1ed9 b\u1ec1n cao \u0111\u1ec3 li\u00ean k\u1ebft kim lo\u1ea1i<\/p>\n<p>T\u1ea1o ra c\u00e1c mi\u1ebfng ch\u00eam ch\u1ecbu t\u1ea3i kh\u00f4ng \u0111\u1ec1u<\/p>\n<p>&nbsp;<\/p>\n<\/div>\n","protected":false},"excerpt":{"rendered":"<p><strong>T\u00ean sa\u0309n ph\u00e2\u0309m: Belzona 1391T<\/strong><\/p>\n","protected":false},"featured_media":6936,"comment_status":"closed","ping_status":"closed","template":"","meta":[],"product_brand":[],"product_cat":[156],"product_tag":[],"class_list":{"0":"post-6935","1":"product","2":"type-product","3":"status-publish","4":"has-post-thumbnail","6":"product_cat-belzona","8":"first","9":"instock","10":"shipping-taxable","11":"product-type-simple"},"_links":{"self":[{"href":"https:\/\/yenhung.com\/index.php?rest_route=\/wp\/v2\/product\/6935","targetHints":{"allow":["GET"]}}],"collection":[{"href":"https:\/\/yenhung.com\/index.php?rest_route=\/wp\/v2\/product"}],"about":[{"href":"https:\/\/yenhung.com\/index.php?rest_route=\/wp\/v2\/types\/product"}],"replies":[{"embeddable":true,"href":"https:\/\/yenhung.com\/index.php?rest_route=%2Fwp%2Fv2%2Fcomments&post=6935"}],"wp:featuredmedia":[{"embeddable":true,"href":"https:\/\/yenhung.com\/index.php?rest_route=\/wp\/v2\/media\/6936"}],"wp:attachment":[{"href":"https:\/\/yenhung.com\/index.php?rest_route=%2Fwp%2Fv2%2Fmedia&parent=6935"}],"wp:term":[{"taxonomy":"product_brand","embeddable":true,"href":"https:\/\/yenhung.com\/index.php?rest_route=%2Fwp%2Fv2%2Fproduct_brand&post=6935"},{"taxonomy":"product_cat","embeddable":true,"href":"https:\/\/yenhung.com\/index.php?rest_route=%2Fwp%2Fv2%2Fproduct_cat&post=6935"},{"taxonomy":"product_tag","embeddable":true,"href":"https:\/\/yenhung.com\/index.php?rest_route=%2Fwp%2Fv2%2Fproduct_tag&post=6935"}],"curies":[{"name":"wp","href":"https:\/\/api.w.org\/{rel}","templated":true}]}}