{"id":6979,"date":"2025-11-10T07:53:17","date_gmt":"2025-11-10T07:53:17","guid":{"rendered":"https:\/\/yenhung.com\/?product=hoa-chat-crc-nf-contact-cleaner-code-2017400g"},"modified":"2026-02-11T03:59:34","modified_gmt":"2026-02-11T03:59:34","slug":"hoa-chat-crc-nf-contact-cleaner-code-2017400g","status":"publish","type":"product","link":"https:\/\/yenhung.com\/?product=hoa-chat-crc-nf-contact-cleaner-code-2017400g","title":{"rendered":"H\u00f3a ch\u1ea5t crc nf contact cleaner, code 2017,400g"},"content":{"rendered":"<div class=\"ba-text-fpt\">\n<h2><strong>H\u00f3a ch\u1ea5t crc nf contact cleaner, code 2017,400g Xu\u1ea5t x\u1ee9: \u00dac<\/strong><\/h2>\n<p>\u0110\u00e2y l\u00e0 m\u1ed9t trong nh\u1eefng s\u1ea3n ph\u1ea9m n\u1ed5i ti\u1ebfng c\u1ee7a CRC (M\u1ef9), chuy\u00ean d\u00f9ng \u0111\u1ec3 l\u00e0m s\u1ea1ch c\u00e1c thi\u1ebft b\u1ecb \u0111i\u1ec7n t\u1eed v\u00e0 \u0111i\u1ec7n. M\u00e3 &#8220;2017&#8221; th\u01b0\u1eddng \u0111\u01b0\u1ee3c d\u00f9ng \u0111\u1ec3 ch\u1ec9 lo\u1ea1i s\u1ea3n ph\u1ea9m dung t\u00edch 400g d\u1ea1ng chai x\u1ecbt.<\/p>\n<p><b>\u0110\u1eb7c \u0111i\u1ec3m n\u1ed5i b\u1eadt c\u1ee7a CRC NF Contact Cleaner (Code 2017)<\/b><\/p>\n<p><img decoding=\"async\" title=\"code-2017400g-c-1751527796115-2\" src=\"https:\/\/yenhung.com\/wp-content\/uploads\/2025\/11\/code-2017400g-c-1751527796115-2.jpg\" alt=\"H\u00f3a ch\u1ea5t crc nf contact cleaner, code 2017,400g Xu\u1ea5t x\u1ee9: \u00dac\" data-thumb=\"large\" \/><\/p>\n<p>CRC NF Contact Cleaner l\u00e0 m\u1ed9t <b>dung m\u00f4i l\u00e0m s\u1ea1ch c\u00f3 \u0111\u1ed9 tinh khi\u1ebft cao<\/b>, \u0111\u01b0\u1ee3c thi\u1ebft k\u1ebf \u0111\u1eb7c bi\u1ec7t cho c\u00e1c thi\u1ebft b\u1ecb \u0111i\u1ec7n t\u1eed nh\u1ea1y c\u1ea3m. N\u00f3 c\u00f3 nh\u1eefng t\u00ednh n\u0103ng v\u01b0\u1ee3t tr\u1ed9i gi\u00fap l\u00e0m s\u1ea1ch hi\u1ec7u qu\u1ea3 m\u00e0 kh\u00f4ng g\u00e2y h\u01b0 h\u1ea1i:<\/p>\n<ul>\n<li><b>Kh\u00f4ng \u0111i\u1ec3m b\u1eaft l\u1eeda v\u00e0 kh\u00f4ng ch\u00e1y (Non-Flammable, No Flash Point):<\/b> \u0110\u00e2y l\u00e0 \u0111\u1eb7c \u0111i\u1ec3m quan tr\u1ecdng nh\u1ea5t c\u1ee7a s\u1ea3n ph\u1ea9m n\u00e0y, gi\u00fap \u0111\u1ea3m b\u1ea3o an to\u00e0n t\u1ed1i \u0111a khi s\u1eed d\u1ee5ng, \u0111\u1eb7c bi\u1ec7t trong c\u00e1c m\u00f4i tr\u01b0\u1eddng y\u00eau c\u1ea7u an to\u00e0n ch\u00e1y n\u1ed5 cao.<\/li>\n<li><b>Kh\u00f4ng \u0111\u1ec3 l\u1ea1i c\u1eb7n (Residue-Free):<\/b> Dung d\u1ecbch bay h\u01a1i ho\u00e0n to\u00e0n nhanh ch\u00f3ng sau khi s\u1eed d\u1ee5ng, kh\u00f4ng \u0111\u1ec3 l\u1ea1i b\u1ea5t k\u1ef3 c\u1eb7n b\u1ea9n, d\u1ea7u m\u1ee1 hay t\u1ea1p ch\u1ea5t n\u00e0o tr\u00ean b\u1ec1 m\u1eb7t, gi\u00fap ng\u0103n ng\u1eeba s\u1ef1 t\u00edch t\u1ee5 c\u00f3 h\u1ea1i v\u00e0 kh\u00f4ng c\u1ea7n ph\u1ea3i r\u1eeda hay lau l\u1ea1i.<\/li>\n<li><b>Bay h\u01a1i nhanh (Fast Evaporation):<\/b> Gi\u1ea3m thi\u1ec3u th\u1eddi gian ng\u1eebng ho\u1ea1t \u0111\u1ed9ng c\u1ee7a thi\u1ebft b\u1ecb, cho ph\u00e9p l\u00e0m s\u1ea1ch &#8220;t\u1ea1i ch\u1ed7&#8221; hi\u1ec7u qu\u1ea3.<\/li>\n<li><b>Kh\u00f4ng d\u1eabn \u0111i\u1ec7n (Non-Conductive):<\/b> An to\u00e0n khi s\u1eed d\u1ee5ng tr\u00ean c\u00e1c m\u1ea1ch \u0111i\u1ec7n t\u1eed v\u00e0 c\u00e1c b\u1ed9 ph\u1eadn nh\u1ea1y c\u1ea3m.<\/li>\n<li><b>Kh\u00f4ng \u0103n m\u00f2n v\u00e0 kh\u00f4ng g\u00e2y \u1ed1 m\u00e0u (Non-Corrosive, Non-Staining):<\/b> Kh\u00f4ng l\u00e0m h\u1ecfng ho\u1eb7c thay \u0111\u1ed5i m\u00e0u s\u1eafc c\u1ee7a c\u00e1c v\u1eadt li\u1ec7u nh\u1ef1a, cao su v\u00e0 kim lo\u1ea1i th\u00f4ng th\u01b0\u1eddng. Tuy nhi\u00ean, lu\u00f4n n\u00ean th\u1eed nghi\u1ec7m tr\u00ean m\u1ed9t khu v\u1ef1c nh\u1ecf tr\u01b0\u1edbc khi s\u1eed d\u1ee5ng r\u1ed9ng r\u00e3i, v\u00ec m\u1ed9t s\u1ed1 lo\u1ea1i nh\u1ef1a nh\u1ea1y c\u1ea3m (nh\u01b0 acrylic, ABS, polystyrene) c\u00f3 th\u1ec3 b\u1ecb \u1ea3nh h\u01b0\u1edfng.<\/li>\n<li><b>Ch\u1ee9a Carbon Dioxide (CO2) l\u00e0m ch\u1ea5t \u0111\u1ea9y:<\/b> \u0110\u1ea3m b\u1ea3o to\u00e0n b\u1ed9 s\u1ea3n ph\u1ea9m c\u00f3 th\u1ec3 \u0111\u01b0\u1ee3c \u0111\u1ea9y ra kh\u1ecfi b\u00ecnh m\u1ed9t c\u00e1ch hi\u1ec7u qu\u1ea3, k\u1ec3 c\u1ea3 khi b\u00ecnh \u0111\u01b0\u1ee3c gi\u1eef ng\u01b0\u1ee3c.<\/li>\n<li><b>Kh\u00f4ng ch\u1ee9a CFC 113 v\u00e0 Methyl Chloroform:<\/b> An to\u00e0n v\u1edbi t\u1ea7ng ozone.<\/li>\n<li><b>M\u00f9i nh\u1eb9 nh\u00e0ng:<\/b> C\u00f3 m\u00f9i ethere nh\u1eb9, d\u1ec5 ch\u1ecbu h\u01a1n so v\u1edbi m\u1ed9t s\u1ed1 h\u00f3a ch\u1ea5t kh\u00e1c.<br \/>\n<h3><b>\u1ee8ng d\u1ee5ng c\u1ee7a CRC NF Contact Cleaner (Code 2017)<\/b><\/h3>\n<p><img decoding=\"async\" title=\"code-2017400g-a-1751527797478-1\" src=\"https:\/\/yenhung.com\/wp-content\/uploads\/2025\/11\/code-2017400g-a-1751527797478-1.jpg\" alt=\"H\u00f3a ch\u1ea5t crc nf contact cleaner, code 2017,400g Xu\u1ea5t x\u1ee9: \u00dac\" data-thumb=\"large\" \/><\/p>\n<p>CRC NF Contact Cleaner (2017) \u0111\u01b0\u1ee3c khuy\u1ebfn ngh\u1ecb s\u1eed d\u1ee5ng r\u1ed9ng r\u00e3i \u0111\u1ec3 l\u00e0m s\u1ea1ch c\u00e1c thi\u1ebft b\u1ecb \u0111i\u1ec7n t\u1eed, \u0111i\u1ec7n v\u00e0 c\u01a1 kh\u00ed ch\u00ednh x\u00e1c, n\u01a1i y\u00eau c\u1ea7u \u0111\u1ed9 s\u1ea1ch cao v\u00e0 kh\u00f4ng \u0111\u01b0\u1ee3c c\u00f3 c\u1eb7n:<\/li>\n<li><b>Bo m\u1ea1ch in (Printed Circuit Boards &#8211; PCB):<\/b> L\u00e0m s\u1ea1ch c\u00e1c c\u1eb7n h\u00e0n, d\u1ea7u m\u1ee1, b\u1ee5i b\u1ea9n.<\/li>\n<li><b>Ti\u1ebfp \u0111i\u1ec3m \u0111i\u1ec7n v\u00e0 \u0111\u1ea7u n\u1ed1i (Connectors &amp; Contacts):<\/b> C\u1ea3i thi\u1ec7n kh\u1ea3 n\u0103ng d\u1eabn \u0111i\u1ec7n, lo\u1ea1i b\u1ecf oxi h\u00f3a v\u00e0 b\u1ee5i b\u1ea9n.<\/li>\n<li><b>L\u01b0u \u00fd quan tr\u1ecdng khi s\u1eed d\u1ee5ng:<\/b><\/li>\n<li>Lu\u00f4n <b>ng\u1eaft ngu\u1ed3n \u0111i\u1ec7n<\/b> v\u00e0 \u0111\u1ea3m b\u1ea3o thi\u1ebft b\u1ecb \u0111\u00e3 ngu\u1ed9i ho\u00e0n to\u00e0n tr\u01b0\u1edbc khi l\u00e0m s\u1ea1ch.<\/li>\n<li>X\u1ecbt tr\u1ef1c ti\u1ebfp l\u00ean v\u1ecb tr\u00ed c\u1ea7n l\u00e0m s\u1ea1ch, x\u1ecbt \u0111\u1eabm v\u00e0 \u0111\u1ec1u tay \u0111\u1ec3 t\u1ea1o d\u00f2ng ch\u1ea3y l\u1edbn gi\u00fap cu\u1ed1n tr\u00f4i ch\u1ea5t b\u1ea9n.<\/li>\n<li>S\u1eed d\u1ee5ng \u1edf khu v\u1ef1c <b>th\u00f4ng gi\u00f3 t\u1ed1t<\/b>.<\/li>\n<li>\u0110\u1ec3 dung d\u1ecbch t\u1ef1 bay h\u01a1i ho\u00e0n to\u00e0n tr\u01b0\u1edbc khi c\u1ea5p \u0111i\u1ec7n l\u1ea1i cho thi\u1ebft b\u1ecb.<\/li>\n<li>Ki\u1ec3m tra kh\u1ea3 n\u0103ng t\u01b0\u01a1ng th\u00edch v\u1edbi nh\u1ef1a tr\u00ean m\u1ed9t khu v\u1ef1c nh\u1ecf kh\u00f4ng quan tr\u1ecdng tr\u01b0\u1edbc khi s\u1eed d\u1ee5ng r\u1ed9ng r\u00e3i.<\/li>\n<li><\/li>\n<li><b>R\u01a1 le, c\u00f4ng t\u1eafc, b\u1ed9 ng\u1eaft m\u1ea1ch:<\/b> Gi\u00fap c\u00e1c c\u01a1 c\u1ea5u n\u00e0y ho\u1ea1t \u0111\u1ed9ng tr\u01a1n tru v\u00e0 ch\u00ednh x\u00e1c.<\/li>\n<li><img decoding=\"async\" title=\"code-2017400g-b-1751527796727-1\" src=\"https:\/\/yenhung.com\/wp-content\/uploads\/2025\/11\/code-2017400g-b-1751527796727-1.jpg\" alt=\"H\u00f3a ch\u1ea5t crc nf contact cleaner, code 2017,400g Xu\u1ea5t x\u1ee9: \u00dac\" data-thumb=\"large\" \/><\/li>\n<li><b>H\u1ec7 th\u1ed1ng b\u00e1o \u0111\u1ed9ng v\u00e0 t\u00edn hi\u1ec7u.<\/b><\/li>\n<li><b>M\u00e1y ph\u00e1t \u0111i\u1ec7n, \u0111i\u1ec1u khi\u1ec3n \u0111\u1ed9ng c\u01a1.<\/b><\/li>\n<li><b>C\u1ea3m bi\u1ebfn (Sensors):<\/b> L\u00e0m s\u1ea1ch c\u00e1c c\u1ea3m bi\u1ebfn trong \u00f4 t\u00f4 v\u00e0 c\u00f4ng nghi\u1ec7p.<\/li>\n<li><b>Thi\u1ebft b\u1ecb ph\u00f2ng th\u00ed nghi\u1ec7m v\u00e0 thi\u1ebft b\u1ecb ki\u1ec3m tra.<\/b><\/li>\n<li><b>C\u00e1c b\u1ed9 ph\u1eadn c\u01a1 kh\u00ed ch\u00ednh x\u00e1c, m\u00e1y m\u00f3c si\u00eau ch\u00ednh x\u00e1c.<\/b><\/li>\n<li><b>Lo\u1ea1i b\u1ecf d\u01b0 l\u01b0\u1ee3ng th\u00f4ng (Flux Removal).<\/b><\/li>\n<\/ul>\n<\/div>\n","protected":false},"excerpt":{"rendered":"<p><strong>T\u00ean sa\u0309n ph\u00e2\u0309m: Ch\u1ea5t t\u1ea9y r\u1eeda NF Contact Cleaner<\/strong><\/p>\n","protected":false},"featured_media":6980,"comment_status":"closed","ping_status":"closed","template":"","meta":[],"product_brand":[],"product_cat":[157],"product_tag":[],"class_list":{"0":"post-6979","1":"product","2":"type-product","3":"status-publish","4":"has-post-thumbnail","6":"product_cat-crc","8":"first","9":"instock","10":"shipping-taxable","11":"product-type-simple"},"_links":{"self":[{"href":"https:\/\/yenhung.com\/index.php?rest_route=\/wp\/v2\/product\/6979","targetHints":{"allow":["GET"]}}],"collection":[{"href":"https:\/\/yenhung.com\/index.php?rest_route=\/wp\/v2\/product"}],"about":[{"href":"https:\/\/yenhung.com\/index.php?rest_route=\/wp\/v2\/types\/product"}],"replies":[{"embeddable":true,"href":"https:\/\/yenhung.com\/index.php?rest_route=%2Fwp%2Fv2%2Fcomments&post=6979"}],"wp:featuredmedia":[{"embeddable":true,"href":"https:\/\/yenhung.com\/index.php?rest_route=\/wp\/v2\/media\/6980"}],"wp:attachment":[{"href":"https:\/\/yenhung.com\/index.php?rest_route=%2Fwp%2Fv2%2Fmedia&parent=6979"}],"wp:term":[{"taxonomy":"product_brand","embeddable":true,"href":"https:\/\/yenhung.com\/index.php?rest_route=%2Fwp%2Fv2%2Fproduct_brand&post=6979"},{"taxonomy":"product_cat","embeddable":true,"href":"https:\/\/yenhung.com\/index.php?rest_route=%2Fwp%2Fv2%2Fproduct_cat&post=6979"},{"taxonomy":"product_tag","embeddable":true,"href":"https:\/\/yenhung.com\/index.php?rest_route=%2Fwp%2Fv2%2Fproduct_tag&post=6979"}],"curies":[{"name":"wp","href":"https:\/\/api.w.org\/{rel}","templated":true}]}}