{"id":6995,"date":"2025-11-10T07:53:33","date_gmt":"2025-11-10T07:53:33","guid":{"rendered":"https:\/\/yenhung.com\/?product=hoa-chat-crc-soft-seal-code-3013-300g"},"modified":"2025-11-10T07:53:35","modified_gmt":"2025-11-10T07:53:35","slug":"hoa-chat-crc-soft-seal-code-3013-300g","status":"publish","type":"product","link":"https:\/\/yenhung.com\/?product=hoa-chat-crc-soft-seal-code-3013-300g","title":{"rendered":"H\u00f3a ch\u1ea5t crc soft seal, code 3013 , 300g"},"content":{"rendered":"<\/p>\n<div class=\"ba-text-fpt\">\n<h2><strong>H\u00f3a ch\u1ea5t CRC Soft Seal, m\u00e3 s\u1ea3n ph\u1ea9m 3013, 300g<\/strong>.<\/h2>\n<p>\u0110\u00e2y l\u00e0 m\u1ed9t s\u1ea3n ph\u1ea9m ch\u1ea5t l\u01b0\u1ee3ng cao c\u1ee7a h\u00e3ng CRC (M\u1ef9), \u0111\u01b0\u1ee3c s\u1ea3n xu\u1ea5t t\u1ea1i \u00dac, chuy\u00ean d\u00f9ng \u0111\u1ec3 <strong>ch\u1ed1ng g\u1ec9 s\u00e9t v\u00e0 \u0103n m\u00f2n d\u00e0i h\u1ea1n<\/strong>.<\/p>\n<p><img decoding=\"async\" alt=\"H\u00f3a ch\u1ea5t crc soft seal, code 3013 , 300g\" data-thumb=\"large\" original-height=\"2560\" original-width=\"1920\" src=\"https:\/\/yenhung.com\/wp-content\/uploads\/2025\/11\/3013-c-1750041795640-1.jpg\" title=\"3013-c-1750041795640-1\"><\/p>\n<h3 data-sourcepos=\"5:1-5:60\">\u0110\u1eb7c \u0111i\u1ec3m n\u1ed5i b\u1eadt c\u1ee7a H\u00f3a ch\u1ea5t CRC Soft Seal 3013 300g<\/h3>\n<p data-sourcepos=\"7:1-7:166\">CRC Soft Seal l\u00e0 m\u1ed9t ch\u1ea5t \u1ee9c ch\u1ebf \u0103n m\u00f2n d\u1ea1ng x\u1ecbt, t\u1ea1o ra m\u1ed9t l\u1edbp m\u00e0ng s\u00e1p b\u1ea3o v\u1ec7 b\u1ec1n ch\u1eafc, trong su\u1ed1t (m\u00e0u h\u1ed5 ph\u00e1ch) tr\u00ean b\u1ec1 m\u1eb7t kim lo\u1ea1i. C\u00e1c \u0111\u1eb7c \u0111i\u1ec3m ch\u00ednh bao g\u1ed3m:<\/p>\n<ul data-sourcepos=\"9:1-18:0\">\n<li data-sourcepos=\"9:1-9:223\"><strong>Ch\u1ed1ng g\u1ec9 s\u00e9t v\u00e0 \u0103n m\u00f2n d\u00e0i h\u1ea1n:<\/strong> Cung c\u1ea5p kh\u1ea3 n\u0103ng b\u1ea3o v\u1ec7 v\u01b0\u1ee3t tr\u1ed9i cho c\u00e1c b\u1ec1 m\u1eb7t kim lo\u1ea1i v\u00e0 c\u1ee5m chi ti\u1ebft m\u00e1y m\u00f3c, thi\u1ebft b\u1ecb trong th\u1eddi gian d\u00e0i l\u01b0u kho ho\u1eb7c v\u1eadn chuy\u1ec3n, ngay c\u1ea3 trong \u0111i\u1ec1u ki\u1ec7n m\u00f4i tr\u01b0\u1eddng kh\u1eafc nghi\u1ec7t.<\/li>\n<li data-sourcepos=\"10:1-10:155\"><strong>M\u00e0ng s\u00e1p kh\u00f4 v\u00e0 d\u1ebbo dai:<\/strong> Sau khi x\u1ecbt, dung m\u00f4i bay h\u01a1i \u0111\u1ec3 l\u1ea1i m\u1ed9t l\u1edbp m\u00e0ng s\u00e1p trong su\u1ed1t, d\u1ebbo dai, kh\u00f4ng b\u1ecb gi\u00f2n, n\u1ee9t ho\u1eb7c bong tr\u00f3c theo th\u1eddi gian.<\/li>\n<li data-sourcepos=\"11:1-11:273\"><strong>Kh\u1ea3 n\u0103ng ch\u1ed1ng ch\u1ecbu m\u00f4i tr\u01b0\u1eddng kh\u1eafc nghi\u1ec7t:<\/strong> Ch\u1ecbu \u0111\u01b0\u1ee3c \u0111\u1ed9 \u1ea9m cao, h\u01a1i mu\u1ed1i bi\u1ec3n, m\u01b0a, n\u1eafng g\u1eaft, v\u00e0 c\u00e1c ch\u1ea5t h\u00f3a h\u1ecdc g\u00e2y \u0103n m\u00f2n. S\u1ea3n ph\u1ea9m c\u00f3 kh\u1ea3 n\u0103ng ch\u1ecbu \u0111\u01b0\u1ee3c th\u1eed nghi\u1ec7m phun mu\u1ed1i (Salt Spray Test) l\u00ean \u0111\u1ebfn &gt;500 gi\u1edd (ASTM B117), cho th\u1ea5y kh\u1ea3 n\u0103ng b\u1ea3o v\u1ec7 c\u1ef1c k\u1ef3 m\u1ea1nh m\u1ebd.<\/li>\n<\/ul>\n<h2><img decoding=\"async\" alt=\"H\u00f3a ch\u1ea5t crc soft seal, code 3013 , 300g\" data-thumb=\"large\" original-height=\"2560\" original-width=\"1920\" src=\"https:\/\/yenhung.com\/wp-content\/uploads\/2025\/11\/3013-d-1750041794302-2.jpg\" title=\"3013-d-1750041794302-2\"><\/h2>\n<ul>\n<li data-sourcepos=\"12:1-12:119\"><strong>Ch\u1ed1ng l\u1ea1i nhi\u1ec7t \u0111\u1ed9:<\/strong> B\u1ea3o v\u1ec7 thi\u1ebft b\u1ecb kh\u1ecfi t\u00e1c \u0111\u1ed9ng c\u1ee7a nhi\u1ec7t \u0111\u1ed9 (ph\u1ea1m vi ho\u1ea1t \u0111\u1ed9ng th\u01b0\u1eddng l\u00e0 t\u1eeb -20\u00b0C \u0111\u1ebfn +100\u00b0C).<\/li>\n<li data-sourcepos=\"13:1-13:151\"><strong>\u0110\u1ea9y n\u01b0\u1edbc v\u00e0 \u0111\u1ed9 \u1ea9m:<\/strong> C\u00f4ng th\u1ee9c \u0111\u1eb7c bi\u1ec7t gi\u00fap n\u00f3 thay th\u1ebf \u0111\u1ed9 \u1ea9m tr\u00ean b\u1ec1 m\u1eb7t, t\u1ea1o th\u00e0nh m\u1ed9t r\u00e0o c\u1ea3n v\u1eefng ch\u1eafc ch\u1ed1ng l\u1ea1i n\u01b0\u1edbc v\u00e0 c\u00e1c ch\u1ea5t g\u00e2y \u00f4 nhi\u1ec5m.<\/li>\n<li data-sourcepos=\"14:1-14:110\"><strong>An to\u00e0n v\u1edbi v\u1eadt li\u1ec7u:<\/strong> Kh\u00f4ng g\u00e2y h\u1ea1i cho h\u1ea7u h\u1ebft c\u00e1c lo\u1ea1i nh\u1ef1a, cao su, s\u01a1n ho\u1eb7c v\u1eadt li\u1ec7u c\u00e1ch \u0111i\u1ec7n kh\u00e1c.<\/li>\n<li data-sourcepos=\"15:1-15:151\"><strong>D\u1ec5 d\u00e0ng lo\u1ea1i b\u1ecf:<\/strong> C\u00f3 th\u1ec3 d\u1ec5 d\u00e0ng l\u00e0m s\u1ea1ch b\u1eb1ng ch\u1ea5t t\u1ea9y r\u1eeda chuy\u00ean d\u1ee5ng nh\u01b0 CRC Brakleen ho\u1eb7c dung m\u00f4i g\u1ed1c kho\u00e1ng (mineral spirits) khi c\u1ea7n thi\u1ebft.<\/li>\n<li data-sourcepos=\"16:1-16:106\"><strong>D\u1ec5 s\u1eed d\u1ee5ng:<\/strong> D\u1ea1ng b\u00ecnh x\u1ecbt (aerosol) ti\u1ec7n l\u1ee3i, cho ph\u00e9p thi c\u00f4ng d\u1ec5 d\u00e0ng v\u00e0 ki\u1ec3m so\u00e1t l\u01b0\u1ee3ng s\u1ea3n ph\u1ea9m.<\/li>\n<li data-sourcepos=\"17:1-18:0\"><strong>M\u00e0u s\u1eafc:<\/strong> T\u1ea1o l\u1edbp m\u00e0ng s\u00e1p trong su\u1ed1t, c\u00f3 m\u00e0u h\u1ed5 ph\u00e1ch.<br \/>\n<h3 data-sourcepos=\"19:1-19:52\">\u1ee8ng d\u1ee5ng c\u1ee7a H\u00f3a ch\u1ea5t CRC Soft Seal 3013 300g<\/h3>\n<p data-sourcepos=\"21:1-21:129\">CRC Soft Seal 3013 \u0111\u01b0\u1ee3c \u1ee9ng d\u1ee5ng r\u1ed9ng r\u00e3i trong nhi\u1ec1u l\u0129nh v\u1ef1c c\u00f4ng nghi\u1ec7p v\u00e0 d\u00e2n d\u1ee5ng, \u0111\u1eb7c bi\u1ec7t cho vi\u1ec7c b\u1ea3o qu\u1ea3n v\u00e0 v\u1eadn chuy\u1ec3n:<\/p>\n<\/li>\n<li data-sourcepos=\"23:1-25:85\"><strong>B\u1ea3o qu\u1ea3n thi\u1ebft b\u1ecb c\u00f4ng nghi\u1ec7p:<\/strong>\n<ul data-sourcepos=\"24:5-25:85\">\n<li data-sourcepos=\"24:5-24:204\">B\u1ea3o v\u1ec7 c\u00e1c chi ti\u1ebft m\u00e1y gia c\u00f4ng, c\u1ee5m l\u1eafp r\u00e1p, khu\u00f4n, khu\u00f4n d\u1eadp, m\u0169i khoan, tr\u1ee5c, ch\u1ed1t, van, \u1ed5 tr\u1ee5c, motor, v.v. trong qu\u00e1 tr\u00ecnh l\u01b0u tr\u1eef d\u00e0i h\u1ea1n (t\u1edbi 2 n\u0103m khi b\u1ea3o qu\u1ea3n ngo\u00e0i tr\u1eddi, 3 n\u0103m trong nh\u00e0).<\/li>\n<li data-sourcepos=\"25:5-25:85\">C\u00e1c thi\u1ebft b\u1ecb th\u00e1o r\u1eddi ho\u1eb7c nguy\u00ean li\u1ec7u th\u00f4, th\u00e0nh ph\u1ea9m c\u1ea7n b\u1ea3o qu\u1ea3n ngo\u00e0i tr\u1eddi.<\/li>\n<\/ul>\n<\/li>\n<li data-sourcepos=\"26:1-27:162\"><strong>Ch\u1ed1ng \u0103n m\u00f2n trong v\u1eadn chuy\u1ec3n:<\/strong>\n<ul data-sourcepos=\"27:5-27:162\">\n<li data-sourcepos=\"27:5-27:162\">B\u1ea3o v\u1ec7 thi\u1ebft b\u1ecb, m\u00e1y m\u00f3c trong qu\u00e1 tr\u00ecnh v\u1eadn chuy\u1ec3n \u0111\u01b0\u1eddng bi\u1ec3n ho\u1eb7c c\u00e1c \u0111i\u1ec1u ki\u1ec7n v\u1eadn chuy\u1ec3n b\u1ea5t l\u1ee3i, n\u01a1i ti\u1ebfp x\u00fac v\u1edbi h\u01a1i n\u01b0\u1edbc bi\u1ec3n ho\u1eb7c m\u00f4i tr\u01b0\u1eddng \u0103n m\u00f2n.<\/li>\n<\/ul>\n<\/li>\n<li data-sourcepos=\"28:1-29:149\"><strong>B\u1ea3o v\u1ec7 c\u00e1c th\u00e0nh ph\u1ea7n \u0111i\u1ec7n v\u00e0 \u0111i\u1ec7n t\u1eed:<\/strong>\n<ul data-sourcepos=\"29:5-29:149\">\n<li data-sourcepos=\"29:5-29:149\">B\u1ea3o v\u1ec7 c\u00e1c m\u1ea1ch \u0111i\u1ec7n, linh ki\u1ec7n \u0111i\u1ec7n t\u1eed, \u0111\u1ea7u cu\u1ed1i \u1eafc quy, \u0111\u1ea7u c\u00e1p, kh\u1ed1i \u0111\u1ea7u n\u1ed1i, t\u1ee7 \u0111i\u1ec1u h\u00f2a kh\u00f4ng kh\u00ed b\u00ean ngo\u00e0i t\u00f2a nh\u00e0 kh\u1ecfi \u1ea9m \u01b0\u1edbt v\u00e0 \u0103n m\u00f2n.<\/li>\n<\/ul>\n<\/li>\n<li data-sourcepos=\"30:1-32:0\"><strong>Nhi\u1ec1u \u1ee9ng d\u1ee5ng kh\u00e1c:<\/strong>\n<ul data-sourcepos=\"31:5-32:0\">\n<li data-sourcepos=\"31:5-32:0\">C\u00e1c d\u1ee5ng c\u1ee5, thi\u1ebft b\u1ecb c\u1ea7n ch\u1ed1ng g\u1ec9 s\u00e9t l\u00e2u d\u00e0i.<\/li>\n<\/ul>\n<\/li>\n<\/ul>\n<caption>\n<h3 data-sourcepos=\"19:1-19:52\">\u00a0<\/h3>\n<\/caption>\n<p>\u00a0<\/p>\n<p><img decoding=\"async\" alt=\"H\u00f3a ch\u1ea5t crc soft seal, code 3013 , 300g\" data-thumb=\"large\" original-height=\"2560\" original-width=\"1920\" src=\"https:\/\/yenhung.com\/wp-content\/uploads\/2025\/11\/3013-a-1750041798223-1.jpg\" title=\"3013-a-1750041798223-1\"><\/p>\n<h2>\u00a0<\/h2>\n<h3><\/h3>\n<p><a href=\"http:\/\/online.gov.vn\/Home\/WebDetails\/98074?AspxAutoDetectCookieSupport=1\" rel=\"noopener\" target=\"_blank\"><strong>C\u00d4NG TY TNHH TH\u01af\u01a0NG M\u1ea0I D\u1ecaCH V\u1ee4 SUN COMMERCIAL<\/strong><\/a><\/p>\n<p>\u2013\u00a0SUN COMMERCIAL SERVICE TRADING CO., LTD<\/p>\n<p>\u2013\u00a0M\u00e3 s\u1ed1 thu\u1ebf: 0316694604<\/p>\n<p>\u2013 S\u0110T: 0939 543 005 (Mr. D\u0169ng)<\/p>\n<p>\u2013\u00a0\u0110\u1ecba ch\u1ec9: 118\/8 Hu\u1ef3nh Thi\u1ec7n L\u1ed9c, Ph\u01b0\u1eddng Ho\u00e0 Th\u1ea1nh, Qu\u1eadn T\u00e2n Ph\u00fa, TP H\u1ed3 Ch\u00ed Minh<\/p>\n<\/p><\/div>\n","protected":false},"excerpt":{"rendered":"<p><strong>PRODUCT CODE<\/strong> : 3013<br \/>\n<strong>T\u00ean sa\u0309n ph\u00e2\u0309m<\/strong>: Ch\u1ea5t \u1ee9c ch\u1ebf ch\u1ed1ng \u0103n m\u00f2n CRC soft seal<br \/>\n<strong>T\u00ecnh tr\u1ea1ng:<\/strong> Li\u00ean h\u1ec7 S\u0110T 090 666 5927 .<br \/>\n<strong>Kho:<\/strong> H\u1ed3 Ch\u00ed Minh.<br \/>\n<strong>Li\u00ean h\u1ec7:<\/strong> 090.666.5927 (24\/7)<br \/>\n<strong>Giao h\u00e0ng:<\/strong> Trong ng\u00e0y<\/p>\n","protected":false},"featured_media":6996,"comment_status":"closed","ping_status":"closed","template":"","meta":[],"product_brand":[],"product_cat":[157],"product_tag":[],"class_list":{"0":"post-6995","1":"product","2":"type-product","3":"status-publish","4":"has-post-thumbnail","6":"product_cat-crc","8":"first","9":"instock","10":"shipping-taxable","11":"purchasable","12":"product-type-simple"},"_links":{"self":[{"href":"https:\/\/yenhung.com\/index.php?rest_route=\/wp\/v2\/product\/6995","targetHints":{"allow":["GET"]}}],"collection":[{"href":"https:\/\/yenhung.com\/index.php?rest_route=\/wp\/v2\/product"}],"about":[{"href":"https:\/\/yenhung.com\/index.php?rest_route=\/wp\/v2\/types\/product"}],"replies":[{"embeddable":true,"href":"https:\/\/yenhung.com\/index.php?rest_route=%2Fwp%2Fv2%2Fcomments&post=6995"}],"wp:featuredmedia":[{"embeddable":true,"href":"https:\/\/yenhung.com\/index.php?rest_route=\/wp\/v2\/media\/6996"}],"wp:attachment":[{"href":"https:\/\/yenhung.com\/index.php?rest_route=%2Fwp%2Fv2%2Fmedia&parent=6995"}],"wp:term":[{"taxonomy":"product_brand","embeddable":true,"href":"https:\/\/yenhung.com\/index.php?rest_route=%2Fwp%2Fv2%2Fproduct_brand&post=6995"},{"taxonomy":"product_cat","embeddable":true,"href":"https:\/\/yenhung.com\/index.php?rest_route=%2Fwp%2Fv2%2Fproduct_cat&post=6995"},{"taxonomy":"product_tag","embeddable":true,"href":"https:\/\/yenhung.com\/index.php?rest_route=%2Fwp%2Fv2%2Fproduct_tag&post=6995"}],"curies":[{"name":"wp","href":"https:\/\/api.w.org\/{rel}","templated":true}]}}