{"id":7004,"date":"2025-11-10T07:53:39","date_gmt":"2025-11-10T07:53:39","guid":{"rendered":"https:\/\/yenhung.com\/?product=hoa-chat-crc-battery-terminal-protector-code-5098"},"modified":"2026-02-11T03:58:06","modified_gmt":"2026-02-11T03:58:06","slug":"hoa-chat-crc-battery-terminal-protector-code-5098","status":"publish","type":"product","link":"https:\/\/yenhung.com\/?product=hoa-chat-crc-battery-terminal-protector-code-5098","title":{"rendered":"Ho\u00e1 ch\u1ea5t crc battery terminal protector (code 5098)"},"content":{"rendered":"<div class=\"ba-text-fpt\">\n<h2><strong>M\u00f4 t\u1ea3 s\u1ea3n ph\u1ea9m<\/strong><\/h2>\n<p><strong><img decoding=\"async\" title=\"crc-battery-terminal-protector-jpeg-1\" src=\"https:\/\/yenhung.com\/wp-content\/uploads\/2025\/11\/crc-battery-terminal-protector-jpeg-1.jpg\" alt=\"B\u00ecnh x\u1ecbt CRC Battery Terminal Protector (code 5098)\" data-thumb=\"large\" \/><\/strong><\/p>\n<p>CRC BATTERY TERMINAL PROTECTOR \u0111\u01b0\u1ee3c thi\u1ebft k\u1ebf \u0111\u1ec3 b\u1ea3o v\u1ec7 c\u00e1c c\u1ef1c c\u1ee7a pin kh\u1ecfi b\u1ecb \u0103n m\u00f2n, nguy\u00ean nh\u00e2n h\u00e0ng \u0111\u1ea7u g\u00e2y h\u1ecfng pin v\u00e0 duy tr\u00ec m\u1ee9c hi\u1ec7u su\u1ea5t cao nh\u1ea5t c\u1ee7a pin.<\/p>\n<p>CRC BATTERY TERMINAL PROTECTOR cung c\u1ea5p m\u1ed9t l\u1edbp ph\u1ee7 b\u1ea3o v\u1ec7 kh\u00f4, kh\u00f4ng ch\u1ee9a ch\u00ec gi\u00fap gi\u1eef \u0111\u1ed9 \u1ea9m, mu\u1ed1i v\u00e0 b\u1ee5i b\u1ea9n tr\u00ean \u0111\u01b0\u1eddng \u0103n m\u00f2n c\u00e1c ti\u1ebfp \u0111i\u1ec3m kim lo\u1ea1i. T\u1ed1i \u0111a h\u00f3a hi\u1ec7u su\u1ea5t, b\u1ea3o v\u1ec7 l\u00e2u d\u00e0i v\u00e0 k\u00e9o d\u00e0i tu\u1ed5i th\u1ecd pin.<\/p>\n<h2><strong>\u1ee8ng d\u1ee5ng<\/strong><\/h2>\n<p>\u0110\u01b0\u1ee3c khuy\u1ebfn ngh\u1ecb s\u1eed d\u1ee5ng tr\u00ean c\u00e1c tr\u1ee5 pin, thi\u1ebft b\u1ecb \u0111\u1ea7u cu\u1ed1i (\u0111\u01b0\u1ee3c s\u1eed d\u1ee5ng trong xe c\u1ed9, t\u00e0u thuy\u1ec1n v\u00e0 m\u00e1y m\u00f3c), ngu\u1ed3n \u0111i\u1ec7n li\u00ean t\u1ee5c, h\u1ec7 th\u1ed1ng m\u00e1y t\u00ednh &amp; m\u00e1y t\u00ednh l\u1edbn, h\u1ec7 th\u1ed1ng d\u1ef1 ph\u00f2ng an ninh &amp; kh\u1ea9n c\u1ea5p<\/p>\n<h2><strong>\u0110\u1eb7c tr\u01b0ng <\/strong><\/h2>\n<p><strong><img decoding=\"async\" title=\"crc-battery-terminal-protector-1-jpeg-1\" src=\"https:\/\/yenhung.com\/wp-content\/uploads\/2025\/11\/crc-battery-terminal-protector-1-jpeg-1.jpg\" alt=\"B\u00ecnh x\u1ecbt CRC Battery Terminal Protector (code 5098)\" data-thumb=\"large\" \/><\/strong><\/p>\n<ul>\n<li>D\u1ec5 d\u00e0ng s\u1eed d\u1ee5ng b\u00ecnh x\u1ecbt.<\/li>\n<li>Phim d\u1ebbo.<\/li>\n<li>Bao b\u1ecdc ho\u00e0n to\u00e0n c\u00e1c b\u1ec1 m\u1eb7t ti\u1ebfp x\u00fac. S<\/li>\n<li>\u1ebd kh\u00f4ng tr\u1edf n\u00ean gi\u00f2n, n\u1ee9t ho\u1eb7c bong tr\u00f3c.<\/li>\n<li>M\u00e0ng kh\u00f4.<\/li>\n<li>B\u00e1m ch\u1eb7t v\u00e0o kim lo\u1ea1i, ch\u1ed1ng n\u01b0\u1edbc r\u1eeda tr\u00f4i v\u00e0 \u0111\u1ea9y l\u00f9i \u0111\u1ed9 \u1ea9m.<\/li>\n<li>L\u00e0m kh\u00f4 nhanh.<\/li>\n<li>Gi\u1ea3m th\u1eddi gian b\u1ea3o tr\u00ec.<\/li>\n<\/ul>\n<table id=\"product-attribute-specs-table\">\n<caption>\n<h2><strong>Th\u00f4ng tin s\u1ea3n ph\u1ea9m<\/strong><\/h2>\n<\/caption>\n<tbody>\n<tr>\n<th scope=\"row\">BARCODE<\/th>\n<td data-th=\"Barcode\">9310832505984<\/td>\n<\/tr>\n<tr>\n<th scope=\"row\">FLAMMABILITY<\/th>\n<td data-th=\"Flammability\">EXTREMELY FLAMMABLE<\/td>\n<\/tr>\n<tr>\n<th scope=\"row\">FLASH POINT<\/th>\n<td data-th=\"Flash Point\">&lt;-5\u2103<\/td>\n<\/tr>\n<tr>\n<th scope=\"row\">UNIT DEPTH (MM)<\/th>\n<td data-th=\"Unit Depth (mm)\">65<\/td>\n<\/tr>\n<tr>\n<th scope=\"row\">UNIT HEIGHT (MM)<\/th>\n<td data-th=\"Unit Height (mm)\">205<\/td>\n<\/tr>\n<tr>\n<th scope=\"row\">UNIT PACKAGE DESCRIPTION<\/th>\n<td data-th=\"Unit Package Description\">300G AEROSOL<\/td>\n<\/tr>\n<tr>\n<th scope=\"row\">UNIT SIZE<\/th>\n<td data-th=\"Unit Size\">300G<\/td>\n<\/tr>\n<tr>\n<th scope=\"row\">UNIT WIDTH (MM)<\/th>\n<td data-th=\"Unit Width (mm)\">65<\/td>\n<\/tr>\n<\/tbody>\n<\/table>\n<p><img decoding=\"async\" title=\"crc-battery-terminal-protector-2-jpeg-2\" src=\"https:\/\/yenhung.com\/wp-content\/uploads\/2025\/11\/crc-battery-terminal-protector-2-jpeg-2.jpg\" data-thumb=\"large\" \/><\/p>\n<\/div>\n","protected":false},"excerpt":{"rendered":"<p><strong>PRODUCT CODE<\/strong> : 5098<br \/>\n<strong>T\u00ean sa\u0309n ph\u00e2\u0309m<\/strong>: B\u00ecnh x\u1ecbt CRC BATTERY TERMINAL PROTECTOR<br \/>\n<strong>T\u00ecnh tr\u1ea1ng:<\/strong> Li\u00ean h\u1ec7 S\u0110T 090 666 5927 .<br \/>\n<strong>Kho:<\/strong> H\u1ed3 Ch\u00ed Minh.<br \/>\n<strong>Li\u00ean h\u1ec7:<\/strong> 090.666.5927 (24\/7)<br \/>\n<strong>Giao h\u00e0ng:<\/strong> Trong ng\u00e0y<\/p>\n","protected":false},"featured_media":7005,"comment_status":"closed","ping_status":"closed","template":"","meta":[],"product_brand":[],"product_cat":[157],"product_tag":[],"class_list":{"0":"post-7004","1":"product","2":"type-product","3":"status-publish","4":"has-post-thumbnail","6":"product_cat-crc","8":"first","9":"instock","10":"shipping-taxable","11":"product-type-simple"},"_links":{"self":[{"href":"https:\/\/yenhung.com\/index.php?rest_route=\/wp\/v2\/product\/7004","targetHints":{"allow":["GET"]}}],"collection":[{"href":"https:\/\/yenhung.com\/index.php?rest_route=\/wp\/v2\/product"}],"about":[{"href":"https:\/\/yenhung.com\/index.php?rest_route=\/wp\/v2\/types\/product"}],"replies":[{"embeddable":true,"href":"https:\/\/yenhung.com\/index.php?rest_route=%2Fwp%2Fv2%2Fcomments&post=7004"}],"wp:featuredmedia":[{"embeddable":true,"href":"https:\/\/yenhung.com\/index.php?rest_route=\/wp\/v2\/media\/7005"}],"wp:attachment":[{"href":"https:\/\/yenhung.com\/index.php?rest_route=%2Fwp%2Fv2%2Fmedia&parent=7004"}],"wp:term":[{"taxonomy":"product_brand","embeddable":true,"href":"https:\/\/yenhung.com\/index.php?rest_route=%2Fwp%2Fv2%2Fproduct_brand&post=7004"},{"taxonomy":"product_cat","embeddable":true,"href":"https:\/\/yenhung.com\/index.php?rest_route=%2Fwp%2Fv2%2Fproduct_cat&post=7004"},{"taxonomy":"product_tag","embeddable":true,"href":"https:\/\/yenhung.com\/index.php?rest_route=%2Fwp%2Fv2%2Fproduct_tag&post=7004"}],"curies":[{"name":"wp","href":"https:\/\/api.w.org\/{rel}","templated":true}]}}