{"id":7020,"date":"2025-11-10T07:53:50","date_gmt":"2025-11-10T07:53:50","guid":{"rendered":"https:\/\/yenhung.com\/?product=hoa-chat-crc-qd-contact-cleaner-code-02130312g"},"modified":"2026-02-11T03:57:38","modified_gmt":"2026-02-11T03:57:38","slug":"hoa-chat-crc-qd-contact-cleaner-code-02130312g","status":"publish","type":"product","link":"https:\/\/yenhung.com\/?product=hoa-chat-crc-qd-contact-cleaner-code-02130312g","title":{"rendered":"H\u00f3a ch\u1ea5t crc-qd contact cleaner , code 02130,312g"},"content":{"rendered":"<div class=\"ba-text-fpt\">\n<h2><strong>M\u00f4 t\u1ea3 s\u1ea3n ph\u1ea9m<\/strong><\/h2>\n<p><strong><img decoding=\"async\" title=\"crc-qd-contact-cleaner-jpeg-2\" src=\"https:\/\/yenhung.com\/wp-content\/uploads\/2025\/11\/crc-qd-contact-cleaner-jpeg-2.jpg\" alt=\"B\u00ecnh x\u1ecbt l\u00e0m s\u1ea1ch CRC-QD contact cleaner\" data-thumb=\"large\" \/><\/strong><\/p>\n<p>CRC QD CONTACT CLEANER l\u00e0 ch\u1ea5t t\u1ea9y r\u1eeda bay h\u01a1i v\u00e0 t\u1ea9y d\u1ea7u m\u1ee1 \u0111a n\u0103ng an to\u00e0n b\u1eb1ng nh\u1ef1a \u0111\u1ec3 s\u1eed d\u1ee5ng tr\u00ean c\u00e1c thi\u1ebft b\u1ecb \u0111i\u1ec7n v\u00e0 \u0111i\u1ec7n t\u1eed nh\u1ea1y c\u1ea3m.\u00a0N\u00f3 \u0111\u01b0\u1ee3c pha ch\u1ebf \u0111\u1ec3 nhanh ch\u00f3ng th\u00e2m nh\u1eadp v\u00e0o c\u00e1c khu v\u1ef1c kh\u00f3 ti\u1ebfp c\u1eadn v\u00e0 lo\u1ea1i b\u1ecf hi\u1ec7u qu\u1ea3 c\u1eb7n carbon, b\u1ee5i b\u1ea9n, d\u1ea7u nh\u1eb9, b\u1ee5i, x\u01a1 v\u1ea3i v\u00e0 c\u00e1c ch\u1ea5t g\u00e2y \u00f4 nhi\u1ec5m nh\u1eb9 kh\u00e1c.\u00a0Th\u00edch h\u1ee3p \u0111\u1ec3 l\u00e0m s\u1ea1ch c\u00e1c thi\u1ebft b\u1ecb \u0111i\u1ec7n, \u0111i\u1ec7n t\u1eed nh\u1ea1y c\u1ea3m m\u00e0 kh\u00f4ng \u0111\u1ec3 l\u1ea1i c\u1eb7n.\u00a0B\u1ed1c h\u01a1i nhanh, kh\u00f4ng \u0111\u1ec3 l\u1ea1i c\u1eb7n v\u00e0 an to\u00e0n khi s\u1eed d\u1ee5ng tr\u00ean t\u1ea5t c\u1ea3 c\u00e1c lo\u1ea1i nh\u1ef1a.\u00a0S\u1eed d\u1ee5ng \u1edf nh\u1eefng n\u01a1i c\u00f3 th\u1ec3 ch\u1ea5p nh\u1eadn \u0111\u01b0\u1ee3c ch\u1ea5t t\u1ea9y r\u1eeda c\u00f3 \u0111i\u1ec3m ch\u1edbp ch\u00e1y th\u1ea5p h\u01a1n.\u00a0NSF P1 &amp; K2 \u0110\u00e3 \u0111\u0103ng k\u00fd.<\/p>\n<h2><strong>C\u00c1C \u1ee8NG D\u1ee4NG<\/strong><\/h2>\n<p><strong><img decoding=\"async\" title=\"crc-qd-contact-cleaner-1-jpeg-1\" src=\"https:\/\/yenhung.com\/wp-content\/uploads\/2025\/11\/crc-qd-contact-cleaner-1-jpeg-1.jpg\" alt=\"B\u00ecnh x\u1ecbt l\u00e0m s\u1ea1ch CRC-QD contact cleaner\" data-thumb=\"large\" \/><\/strong><\/p>\n<p>S\u1eed d\u1ee5ng CRC QD CONTACT CLEANER nh\u01b0 m\u1ed9t ph\u1ea7n c\u1ee7a ch\u01b0\u01a1ng tr\u00ecnh b\u1ea3o tr\u00ec th\u01b0\u1eddng xuy\u00ean s\u1ebd lo\u1ea1i b\u1ecf c\u1eb7n cacbon v\u00e0 c\u00e1c ch\u1ea5t b\u1ea9n kh\u00e1c gi\u1eef \u0111\u1ed9 \u1ea9m v\u00e0 g\u00e2y \u0103n m\u00f2n ho\u1eb7c ph\u00f3ng \u0111i\u1ec7n h\u1ed3 quang.\u00a0S\u1ef1 gia t\u0103ng \u0111i\u1ec7n tr\u1edf s\u1ebd cho bi\u1ebft t\u1ea7n su\u1ea5t \u00e1p d\u1ee5ng l\u1ea1i.\u00a0Ch\u1ec9 s\u1eed d\u1ee5ng tr\u00ean thi\u1ebft b\u1ecb \u0111\u00e3 kh\u1eed n\u0103ng l\u01b0\u1ee3ng.<\/p>\n<h2 tabindex=\"0\" role=\"tab\" aria-controls=\"additional\" aria-expanded=\"true\" aria-selected=\"true\" data-collapsible=\"true\" data-role=\"collapsible\"><strong>TH\u00d4NG S\u1ed0 K\u1ef8 THU\u1eacT<\/strong><\/h2>\n<table id=\"product-attribute-specs-table\">\n<tbody>\n<tr>\n<th scope=\"row\">T\u00cdNH D\u1ec4 CH\u00c1Y<\/th>\n<td data-th=\"Flammability\">R\u1ea4T D\u1ec4 CH\u00c1Y<\/td>\n<\/tr>\n<tr>\n<th scope=\"row\">\u0110\u1ed8 S\u00c2U \u0110\u01a0N V\u1eca (MM)<\/th>\n<td data-th=\"Unit Depth (mm)\">68<\/td>\n<\/tr>\n<tr>\n<th scope=\"row\">CHI\u1ec0U CAO \u0110\u01a0N V\u1eca (MM)<\/th>\n<td data-th=\"Unit Height (mm)\">210<\/td>\n<\/tr>\n<tr>\n<th scope=\"row\">M\u00d4 T\u1ea2 G\u00d3I \u0110\u01a0N V\u1eca<\/th>\n<td data-th=\"Unit Package Description\">311G<\/td>\n<\/tr>\n<tr>\n<th scope=\"row\">K\u00cdCH TH\u01af\u1edaC \u0110\u01a0N V\u1eca<\/th>\n<td data-th=\"Unit Size\">311G<\/td>\n<\/tr>\n<tr>\n<th scope=\"row\">CHI\u1ec0U R\u1ed8NG \u0110\u01a0N V\u1eca (MM)<\/th>\n<td data-th=\"Unit Width (mm)\">68<\/td>\n<\/tr>\n<\/tbody>\n<\/table>\n<p><img decoding=\"async\" title=\"crc-qd-contact-cleaner-2-1\" src=\"https:\/\/yenhung.com\/wp-content\/uploads\/2025\/11\/crc-qd-contact-cleaner-2-1.png\" alt=\"B\u00ecnh x\u1ecbt l\u00e0m s\u1ea1ch CRC-QD contact cleaner\" data-thumb=\"large\" \/><\/p>\n<p>&nbsp;<\/p>\n<\/div>\n","protected":false},"excerpt":{"rendered":"<p><strong>PRODUCT CODE<\/strong> : 02130<br \/>\n<strong>T\u00ean sa\u0309n ph\u00e2\u0309m:<\/strong>B\u00ecnh x\u1ecbt l\u00e0m s\u1ea1ch\u00a0QD-contact<br \/>\n<strong>T\u00ecnh tr\u1ea1ng:<\/strong> Li\u00ean h\u1ec7 S\u0110T 090 666 5927 .<br \/>\n<strong>Kho:<\/strong> H\u1ed3 Ch\u00ed Minh.<br \/>\n<strong>Li\u00ean h\u1ec7:<\/strong> 090.666.5927 (24\/7)<br \/>\n<strong>Giao h\u00e0ng:<\/strong> Trong ng\u00e0y<\/p>\n","protected":false},"featured_media":7021,"comment_status":"closed","ping_status":"closed","template":"","meta":[],"product_brand":[],"product_cat":[157],"product_tag":[],"class_list":{"0":"post-7020","1":"product","2":"type-product","3":"status-publish","4":"has-post-thumbnail","6":"product_cat-crc","8":"first","9":"instock","10":"shipping-taxable","11":"product-type-simple"},"_links":{"self":[{"href":"https:\/\/yenhung.com\/index.php?rest_route=\/wp\/v2\/product\/7020","targetHints":{"allow":["GET"]}}],"collection":[{"href":"https:\/\/yenhung.com\/index.php?rest_route=\/wp\/v2\/product"}],"about":[{"href":"https:\/\/yenhung.com\/index.php?rest_route=\/wp\/v2\/types\/product"}],"replies":[{"embeddable":true,"href":"https:\/\/yenhung.com\/index.php?rest_route=%2Fwp%2Fv2%2Fcomments&post=7020"}],"wp:featuredmedia":[{"embeddable":true,"href":"https:\/\/yenhung.com\/index.php?rest_route=\/wp\/v2\/media\/7021"}],"wp:attachment":[{"href":"https:\/\/yenhung.com\/index.php?rest_route=%2Fwp%2Fv2%2Fmedia&parent=7020"}],"wp:term":[{"taxonomy":"product_brand","embeddable":true,"href":"https:\/\/yenhung.com\/index.php?rest_route=%2Fwp%2Fv2%2Fproduct_brand&post=7020"},{"taxonomy":"product_cat","embeddable":true,"href":"https:\/\/yenhung.com\/index.php?rest_route=%2Fwp%2Fv2%2Fproduct_cat&post=7020"},{"taxonomy":"product_tag","embeddable":true,"href":"https:\/\/yenhung.com\/index.php?rest_route=%2Fwp%2Fv2%2Fproduct_tag&post=7020"}],"curies":[{"name":"wp","href":"https:\/\/api.w.org\/{rel}","templated":true}]}}