{"id":7028,"date":"2025-11-10T07:53:55","date_gmt":"2025-11-10T07:53:55","guid":{"rendered":"https:\/\/yenhung.com\/?product=hoa-chat-crc-intake-valve-turbo-cleaner-code-05319"},"modified":"2026-02-11T03:50:59","modified_gmt":"2026-02-11T03:50:59","slug":"hoa-chat-crc-intake-valve-turbo-cleaner-code-05319","status":"publish","type":"product","link":"https:\/\/yenhung.com\/?product=hoa-chat-crc-intake-valve-turbo-cleaner-code-05319","title":{"rendered":"Ho\u00e1 ch\u1ea5t crc intake valve &#038; turbo cleaner (code 05319)"},"content":{"rendered":"<div class=\"ba-text-fpt\">\n<h2><strong>M\u00f4 t\u1ea3 s\u1ea3n ph\u1ea9m<\/strong><\/h2>\n<p><strong><img decoding=\"async\" title=\"crc-gdi-ivd-intake-valve-turbo-cleaner-2\" src=\"https:\/\/yenhung.com\/wp-content\/uploads\/2025\/11\/crc-gdi-ivd-intake-valve-turbo-cleaner-2.jpg\" alt=\"B\u00ecnh x\u1ecbt l\u00e0m s\u1ea1ch \u0111\u1ed9ng c\u01a1 CRC Intake Valve &amp; Turbo Cleaner (code 05319)\" data-thumb=\"large\" \/><\/strong><\/p>\n<p>B\u1ea1n c\u00f3 mu\u1ed1n lo\u1ea1i b\u1ecf l\u01b0\u1ee3ng carbon t\u00edch t\u1ee5 t\u1eeb van n\u1ea1p c\u1ee7a \u0111\u1ed9ng c\u01a1 GDI c\u1ee7a m\u00ecnh m\u00e0 kh\u00f4ng ph\u1ea3i b\u1ecf ra m\u1ed9t kho\u1ea3n chi ph\u00ed \u0111\u1eaft \u0111\u1ecf?\u00a0CRC GDI IVD\u00ae Intake Valve &amp; Turbo Cleaner l\u00e0 gi\u1ea3i ph\u00e1p b\u1ea1n c\u1ea7n!\u00a0Ch\u1ea5t t\u1ea9y r\u1eeda van n\u1ea1p n\u00e0y s\u1eed d\u1ee5ng m\u1ed9t c\u00f4ng th\u1ee9c chuy\u00ean bi\u1ec7t \u0111\u1ec3 ph\u00e1 v\u1ee1 c\u1eb7n carbon g\u00e2y t\u1eafc ngh\u1ebdn ho\u1ea1t \u0111\u1ed9ng c\u1ee7a xe c\u1ee7a b\u1ea1n.\u00a0L\u00e0m s\u1ea1ch th\u01b0\u1eddng xuy\u00ean v\u1edbi CRC GDI IVD\u00ae Intake Valve &amp; Turbo Cleaner s\u1ebd t\u0103ng c\u00f4ng su\u1ea5t v\u00e0 m\u00f4-men xo\u1eafn, \u1ed5n \u0111\u1ecbnh ch\u1ea1y kh\u00f4ng t\u1ea3i th\u00f4, gi\u1ea3i quy\u1ebft c\u00e1c v\u1ea5n \u0111\u1ec1 kh\u1edfi \u0111\u1ed9ng v\u00e0 gi\u1ea3m l\u01b0\u1ee3ng kh\u00ed th\u1ea3i c\u1ee7a xe.<\/p>\n<h2><strong>C\u00c1C \u1ee8NG D\u1ee4NG<\/strong><\/h2>\n<p><strong><img decoding=\"async\" title=\"crc-gdi-ivd-intake-valve-turbo-cleaner-1-1\" src=\"https:\/\/yenhung.com\/wp-content\/uploads\/2025\/11\/crc-gdi-ivd-intake-valve-turbo-cleaner-1-1.png\" alt=\"B\u00ecnh x\u1ecbt l\u00e0m s\u1ea1ch \u0111\u1ed9ng c\u01a1 CRC Intake Valve &amp; Turbo Cleaner (code 05319)\" data-thumb=\"large\" \/><\/strong><\/p>\n<p>Van n\u1ea1p kh\u00ed tr\u00ean GDI ho\u1eb7c \u0111\u1ed9ng c\u01a1 phun nhi\u00ean li\u1ec7u ti\u00eau chu\u1ea9n<\/p>\n<h2 id=\"tab-label-additional\" tabindex=\"0\" role=\"tab\" aria-controls=\"additional\" aria-expanded=\"true\" aria-selected=\"true\" data-collapsible=\"true\" data-role=\"collapsible\"><strong>TH\u00d4NG S\u1ed0 K\u1ef8 THU\u1eacT<\/strong><\/h2>\n<table id=\"product-attribute-specs-table\">\n<caption>Th\u00eam th\u00f4ng tin<\/caption>\n<tbody>\n<tr>\n<th scope=\"row\">NH\u00c3N HI\u1ec6U<\/th>\n<td data-th=\"Brand\">CRC<\/td>\n<\/tr>\n<tr>\n<th scope=\"row\">TR\u01af\u1edcNG H\u1ee2P#<\/th>\n<td data-th=\"Case#\">1003762<\/td>\n<\/tr>\n<tr>\n<th scope=\"row\">M\u00c0U S\u1eaeC<\/th>\n<td data-th=\"Color\">KH\u00d4NG C\u00d3<\/td>\n<\/tr>\n<tr>\n<th scope=\"row\">DOT T\u00caN V\u1eacN CHUY\u1ec2N TH\u00cdCH H\u1ee2P<\/th>\n<td data-th=\"DOT Proper Shipping Name\">B\u00ccNH X\u1ecaT, D\u1ec4 CH\u00c1Y, S\u1ed0 L\u01af\u1ee2NG C\u00d3 H\u1ea0N<\/td>\n<\/tr>\n<tr>\n<th scope=\"row\">T\u1ef6 L\u1ec6 BAY H\u01a0I<\/th>\n<td data-th=\"Evaporation Rate\">V\u1eeaA PH\u1ea2I<\/td>\n<\/tr>\n<tr>\n<th scope=\"row\">L\u1edaP D\u1ec4 CH\u00c1Y &#8211; CPSC<\/th>\n<td data-th=\"Flammability Class - CPSC\">KH\u00d4NG \u00c1P D\u1ee4NG<\/td>\n<\/tr>\n<tr>\n<th scope=\"row\">\u0110I\u1ec2M CH\u1edaP CH\u00c1Y (C)<\/th>\n<td data-th=\"Flash point (C)\">86,1 \u00b0 C<\/td>\n<\/tr>\n<tr>\n<th scope=\"row\">\u0110I\u1ec2M CH\u1edaP CH\u00c1Y (F)<\/th>\n<td data-th=\"Flash point (F)\">187 \u00b0 F<\/td>\n<\/tr>\n<tr>\n<th scope=\"row\">M\u00d4 T\u1ea2 CHUNG<\/th>\n<td data-th=\"Generic Description\">L\u00c0M S\u1ea0CH VAN N\u1ea0P<\/td>\n<\/tr>\n<tr>\n<th scope=\"row\">I 2 TR\u00caN 5 M\u00c3<\/th>\n<td data-th=\"I 2 of 5 Code\">30078300000000<\/td>\n<\/tr>\n<tr>\n<th scope=\"row\">S\u1ed0 M\u1eb6T H\u00c0NG<\/th>\n<td data-th=\"Item Number\">05319<\/td>\n<\/tr>\n<tr>\n<th scope=\"row\">L\u1ea4P R\u00d2NG<\/th>\n<td data-th=\"Net Fill\">311 GAM<\/td>\n<\/tr>\n<tr>\n<th scope=\"row\">THU\u1ed0C PH\u00d3NG<\/th>\n<td data-th=\"Propellant\">HYDROCACBON<\/td>\n<\/tr>\n<tr>\n<th scope=\"row\">LO\u1ea0I B\u1ece (C\u00c1CH TH\u1ef0C HI\u1ec6N)<\/th>\n<td data-th=\"Removal (How To)\">LO\u1ea0I B\u1ece B\u1eb0NG C\u00c1C S\u1ea2N PH\u1ea8M CH\u01afNG C\u1ea4T D\u1ea6U M\u1ece.<\/td>\n<\/tr>\n<tr>\n<th scope=\"row\">H\u1ea0N CH\u1ebe B\u00c1N TRONG<\/th>\n<td data-th=\"Restricted From Sale In\">KH\u00d4NG B\u00c1N \u1ede HOA K\u1ef2 V\u00c0 CANADA.<\/td>\n<\/tr>\n<tr>\n<th scope=\"row\">M\u00c3 UPC<\/th>\n<td data-th=\"UPC Code\">78254053196<\/td>\n<\/tr>\n<tr>\n<th scope=\"row\">K\u00cdCH TH\u01af\u1edaC \u0110\u01a0N V\u1eca<\/th>\n<td data-th=\"Unit Dimensions\">19,69H X 6,68W X 6,68D CM<\/td>\n<\/tr>\n<tr>\n<th scope=\"row\">M\u00d4 T\u1ea2 G\u00d3I \u0110\u01a0N V\u1eca<\/th>\n<td data-th=\"Unit Package Description\">11 OUNCE (311 GR) B\u00ccNH X\u1ecaT<\/td>\n<\/tr>\n<tr>\n<th scope=\"row\">\u0110\u01a0N V\u1eca M\u1ed6I TR\u01af\u1edcNG H\u1ee2P<\/th>\n<td data-th=\"Units per Case\">12<\/td>\n<\/tr>\n<tr>\n<th scope=\"row\">VOC% (\u0110\u1ecaNH NGH\u0128A S\u1ea2N PH\u1ea8M TI\u00caU D\u00d9NG)<\/th>\n<td data-th=\"VOC % (Consumer Product def)\">50,8<\/td>\n<\/tr>\n<tr>\n<th scope=\"row\">VOC% (LI\u00caN BANG)<\/th>\n<td data-th=\"VOC % (Federal)\">50,8<\/td>\n<\/tr>\n<tr>\n<th scope=\"row\">DANH M\u1ee4C VOC<\/th>\n<td data-th=\"VOC Category\">KH\u00d4NG \u00c1P D\u1ee4NG<\/td>\n<\/tr>\n<tr>\n<th scope=\"row\">VOC LBS.\/GAL.\u00a0(LI\u00caN BANG)<\/th>\n<td data-th=\"VOC Lbs.\/Gal. (Federal)\">3,9<\/td>\n<\/tr>\n<tr>\n<th scope=\"row\">VOC G \/ L (LI\u00caN BANG)<\/th>\n<td data-th=\"VOC g\/L (Federal)\">440.4<\/td>\n<\/tr>\n<\/tbody>\n<\/table>\n<h2><img decoding=\"async\" title=\"crc-gdi-ivd-intake-valve-turbo-cleaner-2-jpeg-1\" src=\"https:\/\/yenhung.com\/wp-content\/uploads\/2025\/11\/crc-gdi-ivd-intake-valve-turbo-cleaner-2-jpeg-1.jpg\" alt=\"B\u00ecnh x\u1ecbt l\u00e0m s\u1ea1ch \u0111\u1ed9ng c\u01a1 CRC Intake Valve &amp; Turbo Cleaner (code 05319)\" data-thumb=\"large\" \/><\/h2>\n<p>&nbsp;<\/p>\n<\/div>\n","protected":false},"excerpt":{"rendered":"<p><strong>PRODUCT CODE<\/strong> : 05319<br \/>\n<strong>T\u00ean sa\u0309n ph\u00e2\u0309m<\/strong>: B\u00ecnh x\u1ecbt l\u00e0m s\u1ea1ch \u0111\u1ed9ng c\u01a1 CRC Intake Valve \u00a0&amp; Turbo Cleaner<br \/>\n<strong>T\u00ecnh tr\u1ea1ng:<\/strong> Li\u00ean h\u1ec7 S\u0110T 090 666 5927 .<br \/>\n<strong>Kho:<\/strong> H\u1ed3 Ch\u00ed Minh.<br \/>\n<strong>Li\u00ean h\u1ec7:<\/strong> 090.666.5927 (24\/7)<br \/>\n<strong>Giao h\u00e0ng:<\/strong> Trong ng\u00e0y<\/p>\n","protected":false},"featured_media":7029,"comment_status":"closed","ping_status":"closed","template":"","meta":[],"product_brand":[],"product_cat":[157],"product_tag":[],"class_list":{"0":"post-7028","1":"product","2":"type-product","3":"status-publish","4":"has-post-thumbnail","6":"product_cat-crc","8":"first","9":"instock","10":"shipping-taxable","11":"product-type-simple"},"_links":{"self":[{"href":"https:\/\/yenhung.com\/index.php?rest_route=\/wp\/v2\/product\/7028","targetHints":{"allow":["GET"]}}],"collection":[{"href":"https:\/\/yenhung.com\/index.php?rest_route=\/wp\/v2\/product"}],"about":[{"href":"https:\/\/yenhung.com\/index.php?rest_route=\/wp\/v2\/types\/product"}],"replies":[{"embeddable":true,"href":"https:\/\/yenhung.com\/index.php?rest_route=%2Fwp%2Fv2%2Fcomments&post=7028"}],"wp:featuredmedia":[{"embeddable":true,"href":"https:\/\/yenhung.com\/index.php?rest_route=\/wp\/v2\/media\/7029"}],"wp:attachment":[{"href":"https:\/\/yenhung.com\/index.php?rest_route=%2Fwp%2Fv2%2Fmedia&parent=7028"}],"wp:term":[{"taxonomy":"product_brand","embeddable":true,"href":"https:\/\/yenhung.com\/index.php?rest_route=%2Fwp%2Fv2%2Fproduct_brand&post=7028"},{"taxonomy":"product_cat","embeddable":true,"href":"https:\/\/yenhung.com\/index.php?rest_route=%2Fwp%2Fv2%2Fproduct_cat&post=7028"},{"taxonomy":"product_tag","embeddable":true,"href":"https:\/\/yenhung.com\/index.php?rest_route=%2Fwp%2Fv2%2Fproduct_tag&post=7028"}],"curies":[{"name":"wp","href":"https:\/\/api.w.org\/{rel}","templated":true}]}}