{"id":7036,"date":"2025-11-10T07:53:59","date_gmt":"2025-11-10T07:53:59","guid":{"rendered":"https:\/\/yenhung.com\/?product=hoa-chat-crc-minute-mend-putty-4oz-24-code-14070"},"modified":"2026-02-11T03:50:39","modified_gmt":"2026-02-11T03:50:39","slug":"hoa-chat-crc-minute-mend-putty-4oz-24-code-14070","status":"publish","type":"product","link":"https:\/\/yenhung.com\/?product=hoa-chat-crc-minute-mend-putty-4oz-24-code-14070","title":{"rendered":"H\u00f3a ch\u1ea5t crc minute mend putty 4oz\/24 , code 14070"},"content":{"rendered":"<div class=\"ba-text-fpt\">\n<h2><strong>M\u00f4 t\u1ea3 Minute Mend Putty 4OZ\/24<\/strong><\/h2>\n<p><strong><img decoding=\"async\" title=\"crc-14070-2\" src=\"https:\/\/yenhung.com\/wp-content\/uploads\/2025\/11\/crc-14070-2.png\" alt=\"Keo Epoxy 2 th\u00e0nh ph\u1ea7n d\u1ea1ng th\u1ecfi CRC Minute Mend putty 4OZ\/24 (code 14070)\" data-thumb=\"large\" \/><\/strong><\/p>\n<p>CRC Minute Mend l\u00e0 b\u1ed9t b\u1ea3 epoxy hai ph\u1ea7n \u0111\u01b0\u1ee3c \u0111\u00f3ng g\u00f3i trong m\u1ed9t thanh m\u1ed9t m\u1ea3nh ti\u1ec7n l\u1ee3i \u0111\u1ec3 s\u1eeda ch\u1eefa l\u00e2u d\u00e0i ngay l\u1eadp t\u1ee9c.<\/p>\n<h2><strong>C\u00c1C \u1ee8NG D\u1ee4NG<\/strong><\/h2>\n<p><strong><img decoding=\"async\" title=\"crc-14070-1-jpeg-1\" src=\"https:\/\/yenhung.com\/wp-content\/uploads\/2025\/11\/crc-14070-1-jpeg-1.jpg\" alt=\"Keo Epoxy 2 th\u00e0nh ph\u1ea7n d\u1ea1ng th\u1ecfi CRC Minute Mend putty 4OZ\/24 (code 14070)\" data-thumb=\"large\" \/><\/strong><\/p>\n<p>\u0110\u01b0\u1ee3c khuy\u1ebfn ngh\u1ecb \u0111\u1ec3 s\u1eeda ch\u1eefa v\u0129nh vi\u1ec5n c\u00e1c v\u1ebft x\u01b0\u1edbc, \u0111\u1ee5c v\u00e0 l\u1ed7 tr\u00ean th\u00f9ng phuy, b\u1ec3 ch\u1ee9a, v\u1eadt \u0111\u00fac, khu\u00f4n, b\u1ed3n r\u1eeda, b\u1ed3n v\u00e0 mi\u1ebfng \u0111\u1ec7m b\u1ecb r\u00f2 r\u1ec9;\u00a0\u0111\u1ec3 th\u1ef1c hi\u1ec7n c\u00e1c c\u00f4ng vi\u1ec7c \u0111i\u1ec7n th\u00f4ng th\u01b0\u1eddng nh\u01b0 l\u1eafp c\u00e1c kh\u1ed1i thi\u1ebft b\u1ecb \u0111\u1ea7u cu\u1ed1i, \u0111\u00f3ng g\u00f3i d\u00e2y v\u00e0 s\u1eeda ch\u1eefa h\u1ed9p c\u1ea7u dao<\/p>\n<h2><strong>C\u00c1C T\u00cdNH N\u0102NG V\u00c0 L\u1ee2I \u00cdCH<\/strong><\/h2>\n<p><strong><img decoding=\"async\" title=\"crc-14070-2-jpeg-1\" src=\"https:\/\/yenhung.com\/wp-content\/uploads\/2025\/11\/crc-14070-2-jpeg-1.jpg\" alt=\"Keo Epoxy 2 th\u00e0nh ph\u1ea7n d\u1ea1ng th\u1ecfi CRC Minute Mend putty 4OZ\/24 (code 14070)\" data-thumb=\"large\" \/><\/strong><\/p>\n<p>C\u00f4ng th\u1ee9c \u0111\u1eb7c bi\u1ec7t.\u00a0Li\u00ean k\u1ebft v\u1edbi c\u1ea3 b\u1ec1 m\u1eb7t \u01b0\u1edbt v\u00e0 kh\u00f4.\u00a0C\u00f3 th\u1ec3 \u0111\u01b0\u1ee3c \u00e1p d\u1ee5ng d\u01b0\u1edbi n\u01b0\u1edbc.\u00a0\u0110a n\u0103ng, nhi\u1ec1u m\u1ee5c \u0111\u00edch s\u1eed d\u1ee5ng &#8211; c\u00f3 th\u1ec3 \u0111\u01b0\u1ee3c khai th\u00e1c, c\u01b0a, khoan, gia c\u00f4ng, nhu\u1ed9m m\u00e0u ho\u1eb7c s\u01a1n.\u00a0Tr\u00e1i phi\u1ebfu v\u1edbi g\u1ed7, th\u00e9p, s\u1ee3i th\u1ee7y tinh, th\u1ee7y tinh, g\u1ed1m s\u1ee9, nh\u1ef1a, b\u00ea t\u00f4ng v\u00e0 nh\u00f4m.<\/p>\n<table id=\"product-attribute-specs-table\">\n<caption>Th\u00eam th\u00f4ng tin<\/caption>\n<tbody>\n<tr>\n<th scope=\"row\">M\u00c3 V\u1ea0CH<\/th>\n<td data-th=\"Barcode\">78254140704<\/td>\n<\/tr>\n<tr>\n<th scope=\"row\">T\u00cdNH D\u1ec4 CH\u00c1Y<\/th>\n<td data-th=\"Flammability\">D\u1ec4 CH\u00c1Y<\/td>\n<\/tr>\n<tr>\n<th scope=\"row\">\u0110I\u1ec2M S\u00c1NG<\/th>\n<td data-th=\"Flash Point\">&gt; 93 \u2103<\/td>\n<\/tr>\n<tr>\n<th scope=\"row\">\u0110\u1ed8 S\u00c2U \u0110\u01a0N V\u1eca (MM)<\/th>\n<td data-th=\"Unit Depth (mm)\">30<\/td>\n<\/tr>\n<tr>\n<th scope=\"row\">CHI\u1ec0U CAO \u0110\u01a0N V\u1eca (MM)<\/th>\n<td data-th=\"Unit Height (mm)\">210<\/td>\n<\/tr>\n<tr>\n<th scope=\"row\">M\u00d4 T\u1ea2 G\u00d3I \u0110\u01a0N V\u1eca<\/th>\n<td data-th=\"Unit Package Description\">\u1ed0NG 114G<\/td>\n<\/tr>\n<tr>\n<th scope=\"row\">K\u00cdCH TH\u01af\u1edaC \u0110\u01a0N V\u1eca<\/th>\n<td data-th=\"Unit Size\">114G<\/td>\n<\/tr>\n<tr>\n<th scope=\"row\">CHI\u1ec0U R\u1ed8NG \u0110\u01a0N V\u1eca (MM)<\/th>\n<td data-th=\"Unit Width (mm)\">30<\/td>\n<\/tr>\n<\/tbody>\n<\/table>\n<p>&nbsp;<\/p>\n<\/div>\n","protected":false},"excerpt":{"rendered":"<p><strong>PRODUCT CODE<\/strong> : (14070)<br \/>\n<strong>T\u00ean sa\u0309n ph\u00e2\u0309m: Keo Epoxy 2 th\u00e0nh ph\u1ea7n d\u1ea1ng th\u1ecfi<\/strong><br \/>\n<strong>T\u00ecnh tr\u1ea1ng:<\/strong> Li\u00ean h\u1ec7 S\u0110T 090 666 5927 .<br \/>\n<strong>Kho:<\/strong> H\u1ed3 Ch\u00ed Minh.<br \/>\n<strong>Li\u00ean h\u1ec7:<\/strong> 090.666.5927 (24\/7)<br \/>\n<strong>Giao h\u00e0ng:<\/strong> Trong ng\u00e0y<\/p>\n","protected":false},"featured_media":7037,"comment_status":"closed","ping_status":"closed","template":"","meta":[],"product_brand":[],"product_cat":[157],"product_tag":[],"class_list":{"0":"post-7036","1":"product","2":"type-product","3":"status-publish","4":"has-post-thumbnail","6":"product_cat-crc","8":"first","9":"instock","10":"shipping-taxable","11":"product-type-simple"},"_links":{"self":[{"href":"https:\/\/yenhung.com\/index.php?rest_route=\/wp\/v2\/product\/7036","targetHints":{"allow":["GET"]}}],"collection":[{"href":"https:\/\/yenhung.com\/index.php?rest_route=\/wp\/v2\/product"}],"about":[{"href":"https:\/\/yenhung.com\/index.php?rest_route=\/wp\/v2\/types\/product"}],"replies":[{"embeddable":true,"href":"https:\/\/yenhung.com\/index.php?rest_route=%2Fwp%2Fv2%2Fcomments&post=7036"}],"wp:featuredmedia":[{"embeddable":true,"href":"https:\/\/yenhung.com\/index.php?rest_route=\/wp\/v2\/media\/7037"}],"wp:attachment":[{"href":"https:\/\/yenhung.com\/index.php?rest_route=%2Fwp%2Fv2%2Fmedia&parent=7036"}],"wp:term":[{"taxonomy":"product_brand","embeddable":true,"href":"https:\/\/yenhung.com\/index.php?rest_route=%2Fwp%2Fv2%2Fproduct_brand&post=7036"},{"taxonomy":"product_cat","embeddable":true,"href":"https:\/\/yenhung.com\/index.php?rest_route=%2Fwp%2Fv2%2Fproduct_cat&post=7036"},{"taxonomy":"product_tag","embeddable":true,"href":"https:\/\/yenhung.com\/index.php?rest_route=%2Fwp%2Fv2%2Fproduct_tag&post=7036"}],"curies":[{"name":"wp","href":"https:\/\/api.w.org\/{rel}","templated":true}]}}