{"id":7044,"date":"2025-11-10T07:54:06","date_gmt":"2025-11-10T07:54:06","guid":{"rendered":"https:\/\/yenhung.com\/?product=hoa-chat-crc-clear-urethane-seal-coat-code-2049"},"modified":"2026-02-11T03:50:25","modified_gmt":"2026-02-11T03:50:25","slug":"hoa-chat-crc-clear-urethane-seal-coat-code-2049","status":"publish","type":"product","link":"https:\/\/yenhung.com\/?product=hoa-chat-crc-clear-urethane-seal-coat-code-2049","title":{"rendered":"H\u00f3a ch\u1ea5t crc clear urethane seal coat , code 2049"},"content":{"rendered":"<div class=\"ba-text-fpt\">\n<h2><strong>H\u00f3a ch\u1ea5t crc clear urethane seal coat , code 2049<\/strong><\/h2>\n<p><b>CRC Clear Urethane Seal Coat 2049<\/b> l\u00e0 m\u1ed9t lo\u1ea1i s\u01a1n ph\u1ee7 polyurethane m\u1ed9t th\u00e0nh ph\u1ea7n, c\u00f3 kh\u1ea3 n\u0103ng b\u00e1m d\u00ednh tuy\u1ec7t v\u1eddi. S\u1ea3n ph\u1ea9m kh\u00f4 nhanh, t\u1ea1o th\u00e0nh m\u1ed9t l\u1edbp m\u00e0ng b\u1ea3o v\u1ec7 c\u1ee9ng, b\u1ec1n, linh ho\u1ea1t v\u00e0 <b>kh\u00f4ng d\u1eabn \u0111i\u1ec7n<\/b>. L\u1edbp ph\u1ee7 n\u00e0y ho\u1ea1t \u0111\u1ed9ng nh\u01b0 m\u1ed9t l\u1edbp c\u00e1ch nhi\u1ec7t v\u00e0 b\u1ea3o v\u1ec7, gi\u00fap ch\u1ed1ng l\u1ea1i \u0111\u1ed9 \u1ea9m, mu\u1ed1i, h\u00f3a ch\u1ea5t \u0103n m\u00f2n, m\u00e0i m\u00f2n v\u00e0 s\u1ed1c. \u0110\u1eb7c bi\u1ec7t, v\u00ec l\u00e0 l\u1edbp ph\u1ee7 trong su\u1ed1t, n\u00f3 cho ph\u00e9p ki\u1ec3m tra tr\u1ef1c quan c\u00e1c linh ki\u1ec7n b\u00ean d\u01b0\u1edbi. Quy c\u00e1ch ph\u1ed5 bi\u1ebfn l\u00e0 b\u00ecnh x\u1ecbt aerosol <b>300g<\/b>.<\/p>\n<h3><b>\u0110\u1eb7c \u0111i\u1ec3m n\u1ed5i b\u1eadt c\u1ee7a CRC Clear Urethane Seal Coat<\/b><\/h3>\n<p><img decoding=\"async\" title=\"code-2049-c-1753667047498-2\" src=\"https:\/\/yenhung.com\/wp-content\/uploads\/2025\/11\/code-2049-c-1753667047498-2.jpg\" alt=\"H\u00f3a ch\u1ea5t crc clear urethane seal coat , code 2049\" data-thumb=\"large\" \/><\/p>\n<ul>\n<li><b>L\u1edbp ph\u1ee7 trong su\u1ed1t:<\/b> Gi\u00fap b\u1ea3o v\u1ec7 b\u1ec1 m\u1eb7t m\u00e0 kh\u00f4ng l\u00e0m thay \u0111\u1ed5i m\u00e0u s\u1eafc ho\u1eb7c che khu\u1ea5t c\u00e1c chi ti\u1ebft b\u00ean d\u01b0\u1edbi, l\u00fd t\u01b0\u1edfng cho vi\u1ec7c ki\u1ec3m tra tr\u1ef1c quan.<\/li>\n<li><b>Ch\u1ecbu nhi\u1ec7t \u0111\u1ed9 r\u1ed9ng:<\/b> Hi\u1ec7u qu\u1ea3 trong d\u1ea3i nhi\u1ec7t \u0111\u1ed9 t\u1eeb <b>-40\u00b0C \u0111\u1ebfn +100\u00b0C<\/b> (c\u00f3 t\u00e0i li\u1ec7u ghi \u0111\u1ebfn +120\u00b0C, v\u00e0 c\u00f3 khi t\u1edbi +250\u00b0F t\u01b0\u01a1ng \u0111\u01b0\u01a1ng 121\u00b0C).<\/li>\n<li><b>B\u1ea3o v\u1ec7 to\u00e0n di\u1ec7n:<\/b>\n<ul>\n<li><b>C\u00e1ch \u0111i\u1ec7n cao:<\/b> C\u00f3 \u0111\u1ed9 b\u1ec1n \u0111i\u1ec7n m\u00f4i cao, l\u00fd t\u01b0\u1edfng cho c\u00e1c \u1ee9ng d\u1ee5ng \u0111i\u1ec7n v\u00e0 \u0111i\u1ec7n t\u1eed.<\/li>\n<li><b>Ch\u1ed1ng \u1ea9m v\u00e0 n\u01b0\u1edbc:<\/b> T\u1ea1o m\u1ed9t l\u1edbp ni\u00eam phong ch\u1ed1ng l\u1ea1i n\u01b0\u1edbc v\u00e0 \u0111\u1ed9 \u1ea9m, ng\u0103n ng\u1eeba \u0111o\u1ea3n m\u1ea1ch v\u00e0 \u0103n m\u00f2n.<\/li>\n<li><b>Ch\u1ed1ng \u0103n m\u00f2n:<\/b> B\u1ea3o v\u1ec7 m\u1ea1nh m\u1ebd ch\u1ed1ng l\u1ea1i mu\u1ed1i, h\u00f3a ch\u1ea5t \u0103n m\u00f2n v\u00e0 c\u00e1c t\u00e1c nh\u00e2n kh\u00ed quy\u1ec3n.<\/li>\n<li><b>Ch\u1ed1ng m\u00e0i m\u00f2n v\u00e0 s\u1ed1c:<\/b> L\u1edbp ph\u1ee7 b\u1ec1n gi\u00fap b\u1ea3o v\u1ec7 c\u00e1c b\u1ec1 m\u1eb7t kh\u1ecfi va \u0111\u1eadp, rung \u0111\u1ed9ng v\u00e0 m\u00e0i m\u00f2n.<\/li>\n<\/ul>\n<\/li>\n<li><b>Kh\u00f4 nhanh:<\/b> Kh\u00f4 b\u1ec1 m\u1eb7t trong kho\u1ea3ng 15-30 ph\u00fat v\u00e0 kh\u00f4 ho\u00e0n to\u00e0n sau 72 gi\u1edd, gi\u00fap \u0111\u1ea9y nhanh qu\u00e1 tr\u00ecnh l\u00e0m vi\u1ec7c.<\/li>\n<li><b>B\u00e1m d\u00ednh t\u1ed1t:<\/b> B\u00e1m d\u00ednh ch\u1eafc ch\u1eafn v\u00e0o nhi\u1ec1u lo\u1ea1i b\u1ec1 m\u1eb7t nh\u01b0 kim lo\u1ea1i, nh\u1ef1a, g\u1ed7 v\u00e0 s\u01a1n.<\/li>\n<li><b>S\u1eb5n s\u00e0ng s\u1eed d\u1ee5ng:<\/b> D\u1ea1ng b\u00ecnh x\u1ecbt aerosol ti\u1ec7n l\u1ee3i, kh\u00f4ng c\u1ea7n pha tr\u1ed9n hay l\u00e0m s\u1ea1ch ph\u1ee9c t\u1ea1p.<\/li>\n<li><b>\u1ee8ng d\u1ee5ng \u0111a d\u1ea1ng:<\/b> Th\u00edch h\u1ee3p cho c\u1ea3 \u1ee9ng d\u1ee5ng trong nh\u00e0 v\u00e0 ngo\u00e0i tr\u1eddi.<br \/>\n<h3><b>C\u00f4ng d\u1ee5ng v\u00e0 \u1ee9ng d\u1ee5ng ph\u1ed5 bi\u1ebfn<\/b><\/h3>\n<p><img decoding=\"async\" title=\"code-2049-b-1753667047884-1\" src=\"https:\/\/yenhung.com\/wp-content\/uploads\/2025\/11\/code-2049-b-1753667047884-1.jpg\" alt=\"H\u00f3a ch\u1ea5t crc clear urethane seal coat , code 2049\" data-thumb=\"large\" \/><\/p>\n<p>CRC Clear Urethane Seal Coat \u0111\u01b0\u1ee3c \u1ee9ng d\u1ee5ng r\u1ed9ng r\u00e3i trong b\u1ea3o tr\u00ec c\u00f4ng nghi\u1ec7p, \u00f4 t\u00f4 v\u00e0 \u0111i\u1ec7n t\u1eed:<\/li>\n<li><b>Linh ki\u1ec7n v\u00e0 b\u1ea3ng m\u1ea1ch \u0111i\u1ec7n t\u1eed:<\/b> B\u1ea3o v\u1ec7 b\u1ea3ng m\u1ea1ch in (PCB), \u0111\u1ea7u n\u1ed1i, r\u01a1 le, c\u00f4ng t\u1eafc, cu\u1ed9n d\u00e2y, t\u1ee5 \u0111i\u1ec7n kh\u1ecfi \u0111\u1ed9 \u1ea9m, b\u1ee5i b\u1ea9n v\u00e0 \u0103n m\u00f2n.<\/li>\n<li><b>\u0110\u1ed9ng c\u01a1 \u0111i\u1ec7n:<\/b> Ph\u1ee7 cu\u1ed9n d\u00e2y \u0111\u1ed9ng c\u01a1, \u0111\u1ea7u c\u1ed5 g\u00f3p, thanh c\u00e1i (bus bar) \u0111\u1ec3 t\u0103ng c\u01b0\u1eddng c\u00e1ch \u0111i\u1ec7n v\u00e0 b\u1ea3o v\u1ec7 m\u00f4i tr\u01b0\u1eddng.<\/li>\n<li><b>Thi\u1ebft b\u1ecb \u0111i\u1ec7n:<\/b> V\u1ecf thi\u1ebft b\u1ecb, h\u1ed9p \u0111i\u1ec1u khi\u1ec3n, h\u1ed9p c\u00f4ng t\u1eafc, m\u1ed1i n\u1ed1i v\u00edt.<\/li>\n<li><b>B\u1ec1 m\u1eb7t kim lo\u1ea1i:<\/b> T\u1ea1o l\u1edbp ph\u1ee7 b\u1ea3o v\u1ec7 cho c\u00e1c b\u1ed9 ph\u1eadn kim lo\u1ea1i ti\u1ebfp x\u00fac v\u1edbi \u0111i\u1ec1u ki\u1ec7n kh\u1eafc nghi\u1ec7t nh\u01b0 h\u01a1i mu\u1ed1i, h\u00f3a ch\u1ea5t.<\/li>\n<li><b>Ch\u1ed1ng n\u01b0\u1edbc v\u00e0 \u1ea9m:<\/b> S\u1eed d\u1ee5ng \u0111\u1ec3 b\u1ecbt k\u00edn v\u00e0 c\u00e1ch ly c\u00e1c th\u00e0nh ph\u1ea7n kh\u1ecfi n\u01b0\u1edbc v\u00e0 \u0111\u1ed9 \u1ea9m.<\/li>\n<li><b>C\u00e1c \u1ee9ng d\u1ee5ng kh\u00e1c:<\/b> C\u00f3 th\u1ec3 s\u1eed d\u1ee5ng tr\u00ean g\u1ed7 v\u00e0 b\u00ea t\u00f4ng \u0111\u1ec3 t\u1ea1o l\u1edbp ph\u1ee7 b\u1ea3o v\u1ec7 v\u00e0 l\u00e0m b\u00f3ng.<br \/>\n<h3><b>Th\u00f4ng s\u1ed1 k\u1ef9 thu\u1eadt ti\u00eau bi\u1ec3u<\/b><\/h3>\n<p><img decoding=\"async\" title=\"code-2049-a-jpeg-1753667048261-1\" src=\"https:\/\/yenhung.com\/wp-content\/uploads\/2025\/11\/code-2049-a-jpeg-1753667048261-1.jpg\" alt=\"H\u00f3a ch\u1ea5t crc clear urethane seal coat , code 2049\" data-thumb=\"large\" \/><\/li>\n<li><b>Th\u01b0\u01a1ng hi\u1ec7u:<\/b> CRC Industries<\/li>\n<li><b>T\u00ean s\u1ea3n ph\u1ea9m:<\/b> Clear Urethane Seal Coat<\/li>\n<li><b>M\u00e3 s\u1ea3n ph\u1ea9m:<\/b> 2049<\/li>\n<li><b>D\u1ea1ng:<\/b> Ch\u1ea5t l\u1ecfng trong su\u1ed1t d\u1ea1ng x\u1ecbt aerosol<\/li>\n<li><b>Dung t\u00edch:<\/b> 300g (tr\u1ecdng l\u01b0\u1ee3ng t\u1ecbnh)<\/li>\n<li><b>M\u00e0u s\u1eafc:<\/b> Trong su\u1ed1t (c\u0169ng c\u00f3 phi\u00ean b\u1ea3n m\u00e0u \u0111\u1ecf)<\/li>\n<li><b>Th\u00e0nh ph\u1ea7n ch\u00ednh:<\/b> Polyurethane<\/li>\n<li><b>\u0110i\u1ec3m ch\u1edbp ch\u00e1y (Open Cup):<\/b> 43\u00b0C (C\u1ea7n l\u01b0u \u00fd v\u1ec1 t\u00ednh d\u1ec5 ch\u00e1y khi s\u1eed d\u1ee5ng)<\/li>\n<li><b>T\u1ef7 tr\u1ecdng ri\u00eang (\u1edf 20\u00b0C):<\/b> 0.86 \u00b1 0.02<\/li>\n<li><b>Th\u1eddi gian kh\u00f4 b\u1ec1 m\u1eb7t:<\/b> 15 &#8211; 30 ph\u00fat<\/li>\n<li><b>Th\u1eddi gian kh\u00f4 ho\u00e0n to\u00e0n:<\/b> 72 gi\u1edd<\/li>\n<li><b>Ph\u1ea1m vi nhi\u1ec7t \u0111\u1ed9 ho\u1ea1t \u0111\u1ed9ng:<\/b> Th\u01b0\u1eddng t\u1eeb -40\u00b0C \u0111\u1ebfn +100\u00b0C (c\u00f3 th\u1ec3 cao h\u01a1n t\u00f9y t\u00e0i li\u1ec7u c\u1ee5 th\u1ec3)<\/li>\n<li><b>T\u00ednh n\u0103ng:<\/b> C\u00e1ch \u0111i\u1ec7n, ch\u1ed1ng \u1ea9m, ch\u1ed1ng \u0103n m\u00f2n, ch\u1ed1ng m\u00e0i m\u00f2n, linh ho\u1ea1t.<\/li>\n<\/ul>\n<\/div>\n","protected":false},"excerpt":{"rendered":"<p><strong>PRODUCT CODE<\/strong> : (2049)<br \/>\n<strong>T\u00ean sa\u0309n ph\u00e2\u0309m:<\/strong> B\u00ecnh x\u1ecbt t\u1ea1o l\u1edbp ph\u1ee7 trong CLEAR URETHANE SEAL COAT<br \/>\n<strong>T\u00ecnh tr\u1ea1ng:<\/strong> Li\u00ean h\u1ec7 S\u0110T 090 666 5927 .<br \/>\n<strong>Kho:<\/strong> H\u1ed3 Ch\u00ed Minh.<br \/>\n<strong>Li\u00ean h\u1ec7:<\/strong> 090.666.5927 (24\/7)<br \/>\n<strong>Giao h\u00e0ng:<\/strong> Trong ng\u00e0y<\/p>\n","protected":false},"featured_media":7045,"comment_status":"closed","ping_status":"closed","template":"","meta":[],"product_brand":[],"product_cat":[157],"product_tag":[],"class_list":{"0":"post-7044","1":"product","2":"type-product","3":"status-publish","4":"has-post-thumbnail","6":"product_cat-crc","8":"first","9":"instock","10":"shipping-taxable","11":"product-type-simple"},"_links":{"self":[{"href":"https:\/\/yenhung.com\/index.php?rest_route=\/wp\/v2\/product\/7044","targetHints":{"allow":["GET"]}}],"collection":[{"href":"https:\/\/yenhung.com\/index.php?rest_route=\/wp\/v2\/product"}],"about":[{"href":"https:\/\/yenhung.com\/index.php?rest_route=\/wp\/v2\/types\/product"}],"replies":[{"embeddable":true,"href":"https:\/\/yenhung.com\/index.php?rest_route=%2Fwp%2Fv2%2Fcomments&post=7044"}],"wp:featuredmedia":[{"embeddable":true,"href":"https:\/\/yenhung.com\/index.php?rest_route=\/wp\/v2\/media\/7045"}],"wp:attachment":[{"href":"https:\/\/yenhung.com\/index.php?rest_route=%2Fwp%2Fv2%2Fmedia&parent=7044"}],"wp:term":[{"taxonomy":"product_brand","embeddable":true,"href":"https:\/\/yenhung.com\/index.php?rest_route=%2Fwp%2Fv2%2Fproduct_brand&post=7044"},{"taxonomy":"product_cat","embeddable":true,"href":"https:\/\/yenhung.com\/index.php?rest_route=%2Fwp%2Fv2%2Fproduct_cat&post=7044"},{"taxonomy":"product_tag","embeddable":true,"href":"https:\/\/yenhung.com\/index.php?rest_route=%2Fwp%2Fv2%2Fproduct_tag&post=7044"}],"curies":[{"name":"wp","href":"https:\/\/api.w.org\/{rel}","templated":true}]}}