{"id":7052,"date":"2025-11-10T07:54:14","date_gmt":"2025-11-10T07:54:14","guid":{"rendered":"https:\/\/yenhung.com\/?product=hoa-chat-crc-plasticote-70-code-2043"},"modified":"2026-02-11T03:50:16","modified_gmt":"2026-02-11T03:50:16","slug":"hoa-chat-crc-plasticote-70-code-2043","status":"publish","type":"product","link":"https:\/\/yenhung.com\/?product=hoa-chat-crc-plasticote-70-code-2043","title":{"rendered":"H\u00f3a ch\u1ea5t crc plasticote 70, code 2043"},"content":{"rendered":"<div class=\"ba-text-fpt\">\n<h2><strong>M\u00f4 t\u1ea3 s\u1ea3n ph\u1ea9m<\/strong><\/h2>\n<p><strong><img decoding=\"async\" title=\"crc-2043-jpeg-2\" src=\"https:\/\/yenhung.com\/wp-content\/uploads\/2025\/11\/crc-2043-jpeg-2.jpg\" alt=\"B\u00ecnh x\u1ecbt b\u1ea3o v\u1ec7 vi m\u1ea1ch \u0111i\u1ec7n t\u1eed CRC Plasticote 70 (code 2043) - 300g\" data-thumb=\"large\" \/><\/strong><\/p>\n<p><strong>CRC Plasticote 70<\/strong> \u0111\u01b0\u1ee3c pha ch\u1ebf \u0111\u1ec3 b\u1ea3o v\u1ec7 b\u1ea3ng m\u1ea1ch in kh\u1ecfi hi\u1ec7n t\u01b0\u1ee3ng r\u00f2 r\u1ec9 v\u00e0 \u0111o\u1ea3n m\u1ea1ch. Phim c\u00e1ch nhi\u1ec7t acrylic trong su\u1ed1t c\u00f3 kh\u1ea3 n\u0103ng ch\u1ed1ng l\u1ea1i axit pha lo\u00e3ng, ki\u1ec1m, c\u1ed3n v\u00e0 \u0111\u1ed9 \u1ea9m. CRC Plasticote 70 ch\u1ecbu \u0111\u01b0\u1ee3c nhi\u1ec7t \u0111\u1ed9 cao, ch\u1ed1ng nh\u1ecf gi\u1ecdt v\u00e0 c\u00f3 th\u1ec3 h\u00e0n xuy\u00ean qua. Ch\u1ee9a ch\u1ea5t ch\u1ec9 th\u1ecb UV.<\/p>\n<h2><strong>\u1ee8ng d\u1ee5ng\u00a0<\/strong><\/h2>\n<p><strong><img decoding=\"async\" title=\"crc-2043-1-1\" src=\"https:\/\/yenhung.com\/wp-content\/uploads\/2025\/11\/crc-2043-1-1.png\" alt=\"B\u00ecnh x\u1ecbt b\u1ea3o v\u1ec7 vi m\u1ea1ch \u0111i\u1ec7n t\u1eed CRC Plasticote 70 (code 2043) - 300g\" data-thumb=\"large\" \/><\/strong><\/p>\n<ul>\n<li>B\u1ea3o v\u1ec7 c\u00e1c th\u00e0nh ph\u1ea7n kh\u1ecfi s\u1ef1 ng\u01b0ng t\u1ee5 v\u00e0 h\u01a1i \u1ea9m &#8211; c\u00e1ch \u0111i\u1ec7n c\u00e1p v\u00e0 d\u00e2y \u0111i\u1ec7n.<\/li>\n<li>B\u1ea3o v\u1ec7 b\u1ea3n \u0111\u1ed3, bi\u1ec3u \u0111\u1ed3, t\u00e0i li\u1ec7u ph\u00e1p l\u00fd, b\u1ea3n v\u1ebd k\u1ef9 thu\u1eadt, ph\u01b0\u01a1ng \u00e1n ki\u1ebfn tr\u00fac, ch\u1eef vi\u1ebft v\u00e0 c\u00e1c h\u1ea1ng m\u1ee5c linh ho\u1ea1t kh\u00e1c.<\/li>\n<li>B\u1ea3o v\u1ec7 tr\u00ean kh\u00f4ng cho VHF, TV v\u00e0 s\u00f3ng v\u00f4 tuy\u1ebfn, \u0111\u00e0i h\u00e0ng h\u1ea3i v\u00e0 c\u00e1c b\u1ed9 ph\u1eadn.<\/li>\n<li>Tu\u00e2n th\u1ee7 RoHS<\/li>\n<\/ul>\n<h2><strong>Th\u00f4ng tin k\u1ef9 thu\u1eadt\u00a0<\/strong><\/h2>\n<p><strong><img decoding=\"async\" title=\"crc-2043-2-1\" src=\"https:\/\/yenhung.com\/wp-content\/uploads\/2025\/11\/crc-2043-2-1.png\" alt=\"B\u00ecnh x\u1ecbt b\u1ea3o v\u1ec7 vi m\u1ea1ch \u0111i\u1ec7n t\u1eed CRC Plasticote 70 (code 2043) - 300g\" data-thumb=\"large\" \/><\/strong><\/p>\n<ul>\n<li>M\u00e0u s\u1eafc kh\u00f4ng m\u00e0u<\/li>\n<li>\u0110\u1ed9 nh\u1edbt 13s (Ford Cup)<\/li>\n<li>\u0110i\u1ec7n tr\u1edf b\u1ec1 m\u1eb7t 3 x 1013 DIN53482<\/li>\n<li>\u00c2m l\u01b0\u1ee3ng kh\u00e1ng c\u1ef1 1014<\/li>\n<li>\u0110i\u1ec7n \u00e1p s\u1ef1 c\u1ed1 20 kV \/ mm<\/li>\n<li>Kh\u00e1ng Creep 600 v (DIN IEC112 \/ VDE 0303 Ph\u1ea7n 1)<\/li>\n<li>H\u1eb1ng s\u1ed1 \u0111i\u1ec7n m\u00f4i 2,55 \u1edf 100kHz<\/li>\n<li>\u0110\u1ed9 b\u1ec1n nhi\u1ec7t \u1ed5n \u0111\u1ecbnh 100 \u00b0 C<\/li>\n<li>\u1ed4n \u0111\u1ecbnh nhi\u1ec7t t\u1ea1m th\u1eddi 120 \u00b0 C<\/li>\n<li>Nhi\u1ec7t \u0111\u1ed9 \u1ed5n \u0111\u1ecbnh th\u1ea5p -70 \u00b0 C<\/li>\n<\/ul>\n<p>&nbsp;<\/p>\n<\/div>\n","protected":false},"excerpt":{"rendered":"<p><strong>PRODUCT CODE<\/strong> : (2043) &#8211;<br \/>\n<strong>T\u00ean sa\u0309n ph\u00e2\u0309m<\/strong>: B\u00ecnh x\u1ecbt b\u1ea3o v\u1ec7 vi m\u1ea1ch \u0111i\u1ec7n t\u1eed CRC Plasticote 70<br \/>\n<strong>T\u00ecnh tr\u1ea1ng:<\/strong> Li\u00ean h\u1ec7 S\u0110T 090 666 5927 .<br \/>\n<strong>Kho:<\/strong> H\u1ed3 Ch\u00ed Minh.<br \/>\n<strong>Li\u00ean h\u1ec7:<\/strong> 090.666.5927 (24\/7)<br \/>\n<strong>Giao h\u00e0ng:<\/strong> Trong ng\u00e0y<\/p>\n","protected":false},"featured_media":7053,"comment_status":"closed","ping_status":"closed","template":"","meta":[],"product_brand":[],"product_cat":[157],"product_tag":[],"class_list":{"0":"post-7052","1":"product","2":"type-product","3":"status-publish","4":"has-post-thumbnail","6":"product_cat-crc","8":"first","9":"instock","10":"shipping-taxable","11":"product-type-simple"},"_links":{"self":[{"href":"https:\/\/yenhung.com\/index.php?rest_route=\/wp\/v2\/product\/7052","targetHints":{"allow":["GET"]}}],"collection":[{"href":"https:\/\/yenhung.com\/index.php?rest_route=\/wp\/v2\/product"}],"about":[{"href":"https:\/\/yenhung.com\/index.php?rest_route=\/wp\/v2\/types\/product"}],"replies":[{"embeddable":true,"href":"https:\/\/yenhung.com\/index.php?rest_route=%2Fwp%2Fv2%2Fcomments&post=7052"}],"wp:featuredmedia":[{"embeddable":true,"href":"https:\/\/yenhung.com\/index.php?rest_route=\/wp\/v2\/media\/7053"}],"wp:attachment":[{"href":"https:\/\/yenhung.com\/index.php?rest_route=%2Fwp%2Fv2%2Fmedia&parent=7052"}],"wp:term":[{"taxonomy":"product_brand","embeddable":true,"href":"https:\/\/yenhung.com\/index.php?rest_route=%2Fwp%2Fv2%2Fproduct_brand&post=7052"},{"taxonomy":"product_cat","embeddable":true,"href":"https:\/\/yenhung.com\/index.php?rest_route=%2Fwp%2Fv2%2Fproduct_cat&post=7052"},{"taxonomy":"product_tag","embeddable":true,"href":"https:\/\/yenhung.com\/index.php?rest_route=%2Fwp%2Fv2%2Fproduct_tag&post=7052"}],"curies":[{"name":"wp","href":"https:\/\/api.w.org\/{rel}","templated":true}]}}