{"id":7060,"date":"2025-11-10T07:54:20","date_gmt":"2025-11-10T07:54:20","guid":{"rendered":"https:\/\/yenhung.com\/?product=hoa-chat-crc-air-duster-code-2065-300g"},"modified":"2026-02-11T03:49:54","modified_gmt":"2026-02-11T03:49:54","slug":"hoa-chat-crc-air-duster-code-2065-300g","status":"publish","type":"product","link":"https:\/\/yenhung.com\/?product=hoa-chat-crc-air-duster-code-2065-300g","title":{"rendered":"H\u00f3a ch\u1ea5t crc air duster, code 2065, 300g"},"content":{"rendered":"<div class=\"ba-text-fpt\">\n<h2><strong>M\u00f4 t\u1ea3 s\u1ea3n ph\u1ea9m<\/strong><\/h2>\n<p><strong><img decoding=\"async\" title=\"crc-2065-jpeg-2\" src=\"https:\/\/yenhung.com\/wp-content\/uploads\/2025\/11\/crc-2065-jpeg-2.jpg\" alt=\"B\u00ecnh x\u1ecbt kh\u00ed n\u00e9n CRC Air Duster (code 2065)- 300g\/chai\" data-thumb=\"large\" \/><\/strong><\/p>\n<p>CRC Air Duster Dust &amp; Lint Remover cung c\u1ea5p m\u1ed9t lu\u1ed3ng kh\u00ed \u0111\u1ea9y tinh khi\u1ebft \u0111\u01b0\u1ee3c n\u00e9n m\u1ea1nh \u0111\u1ec3 lo\u1ea1i b\u1ecf an to\u00e0n b\u1ee5i v\u00e0 x\u01a1 v\u1ea3i kh\u1ecfi t\u1ea5t c\u1ea3 c\u00e1c thi\u1ebft b\u1ecb ch\u00ednh x\u00e1c tinh vi v\u00e0 c\u00e1c khu v\u1ef1c kh\u00f3 ti\u1ebfp c\u1eadn.\u00a0N\u00f3 r\u1ea5t linh ho\u1ea1t v\u00e0 ti\u1ec7n d\u1ee5ng v\u00e0 n\u00ean l\u00e0 m\u1ed9t ph\u1ea7n c\u1ee7a m\u1ecdi b\u1ed9 d\u1ee5ng c\u1ee5 b\u1ea3o d\u01b0\u1ee1ng.<\/p>\n<h2><strong>C\u00c1C \u1ee8NG D\u1ee4NG<\/strong><\/h2>\n<p><strong><img decoding=\"async\" title=\"crc-2065-1-jpeg-1\" src=\"https:\/\/yenhung.com\/wp-content\/uploads\/2025\/11\/crc-2065-1-jpeg-1.jpg\" alt=\"B\u00ecnh x\u1ecbt kh\u00ed n\u00e9n CRC Air Duster (code 2065)- 300g\/chai\" data-thumb=\"large\" \/><\/strong><\/p>\n<p>\u0110\u01b0\u1ee3c khuy\u1ebfn ngh\u1ecb s\u1eed d\u1ee5ng tr\u00ean thi\u1ebft b\u1ecb \u0111i\u1ec7n t\u1eed, bo m\u1ea1ch PC, radio \/ cassette \/ \u0111\u1ea7u \u0111\u0129a CD, b\u00e0n ph\u00edm, h\u00e0ng kh\u00f4ng v\u0169 tr\u1ee5, th\u1ea5u k\u00ednh \u0111i\u1ec7n t\u1eed h\u00e0ng kh\u00f4ng, nhi\u1ebfp \u1ea3nh \/ quang h\u1ecdc, b\u1ed9 ch\u1ebf h\u00f2a kh\u00ed, m\u00e1y bay ph\u1ea3n l\u1ef1c, thi\u1ebft b\u1ecb \u0111i\u1ec1u ch\u1ec9nh, k\u00ednh hi\u1ec3n vi v\u00e0 k\u00ednh thi\u00ean v\u0103n \u0110\u01b0\u1ee3c khuy\u1ebfn ngh\u1ecb b\u1ea3o d\u01b0\u1ee1ng b\u00ean ngo\u00e0i khi kh\u00f4ng c\u00f3 kh\u00ed n\u00e9n<\/p>\n<h2><strong>C\u00c1C T\u00cdNH N\u0102NG V\u00c0 L\u1ee2I \u00cdCH<\/strong><\/h2>\n<p><strong><img decoding=\"async\" title=\"crc-2065-2-jpeg-1\" src=\"https:\/\/yenhung.com\/wp-content\/uploads\/2025\/11\/crc-2065-2-jpeg-1.jpg\" alt=\"B\u00ecnh x\u1ecbt kh\u00ed n\u00e9n CRC Air Duster (code 2065)- 300g\/chai\" data-thumb=\"large\" \/><\/strong><\/p>\n<p>Kh\u00f4ng m\u00e0i m\u00f2n, kh\u00f4ng \u0103n m\u00f2n, kh\u00f4ng \u1ea9m, kh\u00f4ng \u0111\u1ec3 l\u1ea1i c\u1eb7n.\u00a0An to\u00e0n tr\u00ean t\u1ea5t c\u1ea3 c\u00e1c lo\u1ea1i nh\u1ef1a d\u1ec5 ch\u00e1y Aerosol Tu\u00e2n th\u1ee7 RoHS.\u00a0L\u00fd t\u01b0\u1edfng cho vi\u1ec7c ph\u1ee5c v\u1ee5 b\u00ean ngo\u00e0i c\u00e1c m\u00e1y b\u00e1n v\u00e9 v\u00e0 ti\u1ec1n m\u1eb7t v\u00e0 c\u00e1c thi\u1ebft b\u1ecb kh\u00e1c n\u1ebfu kh\u00f4ng c\u00f3 s\u1eb5n kh\u00ed n\u00e9n.<\/p>\n<h2 id=\"tab-label-additional\" tabindex=\"0\" role=\"tab\" aria-controls=\"additional\" aria-expanded=\"true\" aria-selected=\"true\" data-collapsible=\"true\" data-role=\"collapsible\"><strong>TH\u00d4NG S\u1ed0 K\u1ef8 THU\u1eacT<\/strong><\/h2>\n<table id=\"product-attribute-specs-table\">\n<caption>Th\u00eam th\u00f4ng tin<\/caption>\n<tbody>\n<tr>\n<th scope=\"row\">M\u00c3 V\u1ea0CH<\/th>\n<td data-th=\"Barcode\">9310832020659<\/td>\n<\/tr>\n<tr>\n<th scope=\"row\">\u0110I\u1ec2M S\u00c1NG<\/th>\n<td data-th=\"Flash Point\">&lt;0 \u2103<\/td>\n<\/tr>\n<tr>\n<th scope=\"row\">\u0110\u1ed8 S\u00c2U \u0110\u01a0N V\u1eca (MM)<\/th>\n<td data-th=\"Unit Depth (mm)\">60<\/td>\n<\/tr>\n<tr>\n<th scope=\"row\">CHI\u1ec0U CAO \u0110\u01a0N V\u1eca (MM)<\/th>\n<td data-th=\"Unit Height (mm)\">170<\/td>\n<\/tr>\n<tr>\n<th scope=\"row\">M\u00d4 T\u1ea2 G\u00d3I \u0110\u01a0N V\u1eca<\/th>\n<td data-th=\"Unit Package Description\">275G KH\u00cd DUNG<\/td>\n<\/tr>\n<tr>\n<th scope=\"row\">K\u00cdCH TH\u01af\u1edaC \u0110\u01a0N V\u1eca<\/th>\n<td data-th=\"Unit Size\">275G<\/td>\n<\/tr>\n<\/tbody>\n<\/table>\n<p>&nbsp;<\/p>\n<\/div>\n","protected":false},"excerpt":{"rendered":"<p><strong>PRODUCT CODE<\/strong> : (2065) &#8211;<br \/>\n<strong>T\u00ean sa\u0309n ph\u00e2\u0309m<\/strong>: B\u00ecnh x\u1ecbt kh\u00ed n\u00e9n CRC Air Duster<br \/>\n<strong>T\u00ecnh tr\u1ea1ng:<\/strong> Li\u00ean h\u1ec7 S\u0110T 090 666 5927 .<br \/>\n<strong>Kho:<\/strong> H\u1ed3 Ch\u00ed Minh.<br \/>\n<strong>Li\u00ean h\u1ec7:<\/strong> 090.666.5927 (24\/7)<br \/>\n<strong>Giao h\u00e0ng:<\/strong> Trong ng\u00e0y<\/p>\n","protected":false},"featured_media":7061,"comment_status":"closed","ping_status":"closed","template":"","meta":[],"product_brand":[],"product_cat":[157],"product_tag":[],"class_list":{"0":"post-7060","1":"product","2":"type-product","3":"status-publish","4":"has-post-thumbnail","6":"product_cat-crc","8":"first","9":"instock","10":"shipping-taxable","11":"product-type-simple"},"_links":{"self":[{"href":"https:\/\/yenhung.com\/index.php?rest_route=\/wp\/v2\/product\/7060","targetHints":{"allow":["GET"]}}],"collection":[{"href":"https:\/\/yenhung.com\/index.php?rest_route=\/wp\/v2\/product"}],"about":[{"href":"https:\/\/yenhung.com\/index.php?rest_route=\/wp\/v2\/types\/product"}],"replies":[{"embeddable":true,"href":"https:\/\/yenhung.com\/index.php?rest_route=%2Fwp%2Fv2%2Fcomments&post=7060"}],"wp:featuredmedia":[{"embeddable":true,"href":"https:\/\/yenhung.com\/index.php?rest_route=\/wp\/v2\/media\/7061"}],"wp:attachment":[{"href":"https:\/\/yenhung.com\/index.php?rest_route=%2Fwp%2Fv2%2Fmedia&parent=7060"}],"wp:term":[{"taxonomy":"product_brand","embeddable":true,"href":"https:\/\/yenhung.com\/index.php?rest_route=%2Fwp%2Fv2%2Fproduct_brand&post=7060"},{"taxonomy":"product_cat","embeddable":true,"href":"https:\/\/yenhung.com\/index.php?rest_route=%2Fwp%2Fv2%2Fproduct_cat&post=7060"},{"taxonomy":"product_tag","embeddable":true,"href":"https:\/\/yenhung.com\/index.php?rest_route=%2Fwp%2Fv2%2Fproduct_tag&post=7060"}],"curies":[{"name":"wp","href":"https:\/\/api.w.org\/{rel}","templated":true}]}}