{"id":7068,"date":"2025-11-10T07:54:25","date_gmt":"2025-11-10T07:54:25","guid":{"rendered":"https:\/\/yenhung.com\/?product=hoa-chat-crc-brake-parts-cleaner-code-05089"},"modified":"2026-02-11T03:44:51","modified_gmt":"2026-02-11T03:44:51","slug":"hoa-chat-crc-brake-parts-cleaner-code-05089","status":"publish","type":"product","link":"https:\/\/yenhung.com\/?product=hoa-chat-crc-brake-parts-cleaner-code-05089","title":{"rendered":"H\u00f3a ch\u1ea5t crc brake parts cleaner , code 05089"},"content":{"rendered":"<div class=\"ba-text-fpt\">\n<h2><strong>M\u00f4 t\u1ea3 s\u1ea3n ph\u1ea9m<\/strong><\/h2>\n<p><strong><img decoding=\"async\" title=\"crc-05089-jpeg-2\" src=\"https:\/\/yenhung.com\/wp-content\/uploads\/2025\/11\/crc-05089-jpeg-2.jpg\" data-thumb=\"large\" \/><\/strong><\/p>\n<p><strong>CRC BRAKLEEN BRAKE PARTS CLEANER<\/strong> gi\u1eef g\u00ecn v\u1ec7 sinh c\u00e1c b\u1ed9 ph\u1eadn phanh v\u00e0 \u0111\u0129a c\u00f3 th\u1ec3 n\u00e2ng cao tu\u1ed5i th\u1ecd c\u1ee7a h\u1ec7 th\u1ed1ng phanh tr\u00ean \u00f4 t\u00f4 v\u00e0 gi\u00fap b\u1ea1n an to\u00e0n tr\u00ean \u0111\u01b0\u1eddng. S\u1eed d\u1ee5ng ch\u1ea5t t\u1ea9y r\u1eeda phanh \u0111\u1ec3 l\u00e0m s\u1ea1ch v\u00e0 t\u1ea9y d\u1ea7u m\u1ee1 l\u00e0 m\u1ed9t c\u00e1ch tuy\u1ec7t v\u1eddi \u0111\u1ec3 t\u1ed1i \u0111a h\u00f3a hi\u1ec7u su\u1ea5t v\u00e0 t\u0103ng tu\u1ed5i th\u1ecd cho to\u00e0n b\u1ed9 h\u1ec7 th\u1ed1ng phanh c\u1ee7a b\u1ea1n.<\/p>\n<p>M\u1eb7c d\u00f9 c\u00f3 m\u1ed9t s\u1ed1 ch\u1ea5t t\u1ea9y r\u1eeda phanh tr\u00ean th\u1ecb tr\u01b0\u1eddng, nh\u01b0ng kh\u00f4ng ph\u1ea3i t\u1ea5t c\u1ea3 \u0111\u1ec1u c\u00f3 th\u1ec3 \u0111\u1ea3m b\u1ea3o c\u00f4ng su\u1ea5t v\u00e0 hi\u1ec7u qu\u1ea3 l\u00e0m s\u1ea1ch m\u00e0 b\u1ea1n c\u1ea7n. CRC Br\u0101kleen\u00ae \u0111\u00e3 li\u00ean t\u1ee5c l\u00e0 l\u1ef1a ch\u1ecdn h\u00e0ng \u0111\u1ea7u c\u1ee7a c\u00e1c chuy\u00ean gia \u00f4 t\u00f4 trong 50 n\u0103m qua.<\/p>\n<h2><strong>\u1ee8ng d\u1ee5ng <\/strong><\/h2>\n<p><strong><img decoding=\"async\" title=\"crc-05089-1-jpeg\" src=\"https:\/\/yenhung.com\/wp-content\/uploads\/2025\/11\/crc-05089-1-jpeg.webp\" data-thumb=\"large\" \/><\/strong><\/p>\n<p>Phanh ABS, \u0111\u0129a, tang tr\u1ed1ng, xylanh phanh, tang tr\u1ed1ng phanh, m\u00e1 phanh, gu\u1ed1c phanh, k\u1eb9p phanh, \u0111\u0129a ly h\u1ee3p, m\u00e1 phanh \u0111\u0129a, \u0111\u0129a phanh. An to\u00e0n khi s\u1eed d\u1ee5ng tr\u00ean t\u1ea5t c\u1ea3 c\u00e1c h\u1ec7 th\u1ed1ng phanh bao g\u1ed3m: Phanh l\u00f2 xo &amp; phanh n\u00eam<\/p>\n<h2><strong>Th\u00f4ng tin k\u1ef9 thu\u1eadt<\/strong><\/h2>\n<p><strong><img decoding=\"async\" title=\"crc-05089-2-jpeg-1\" src=\"https:\/\/yenhung.com\/wp-content\/uploads\/2025\/11\/crc-05089-2-jpeg-1.jpg\" data-thumb=\"large\" \/><\/strong><\/p>\n<table id=\"product-attribute-specs-table\" width=\"407\">\n<caption>\n<h2><strong>Th\u00f4ng tin s\u1ea3n ph\u1ea9m<\/strong><\/h2>\n<\/caption>\n<tbody>\n<tr>\n<th scope=\"row\"><\/th>\n<td data-th=\"Brand\"><\/td>\n<\/tr>\n<tr>\n<th scope=\"row\">CASE#<\/th>\n<td data-th=\"Case#\">1003706<\/td>\n<\/tr>\n<tr>\n<th scope=\"row\">COLOR<\/th>\n<td data-th=\"Color\">NONE<\/td>\n<\/tr>\n<tr>\n<th scope=\"row\">DOT PROPER SHIPPING NAME<\/th>\n<td data-th=\"DOT Proper Shipping Name\">AEROSOLS, POISON, LIMITED QUANTITY<\/td>\n<\/tr>\n<tr>\n<th scope=\"row\">DIELECTRIC STRENGTH<\/th>\n<td data-th=\"Dielectric Strength\">37,500 VOLTS<\/td>\n<\/tr>\n<tr>\n<th scope=\"row\">DRY TIME FULLY DRY<\/th>\n<td data-th=\"Dry Time Fully Dry\">FAST<\/td>\n<\/tr>\n<tr>\n<th scope=\"row\">EVAPORATION RATE<\/th>\n<td data-th=\"Evaporation Rate\">VERY FAST<\/td>\n<\/tr>\n<tr>\n<th scope=\"row\">FLAMMABILITY CLASS &#8211; CPSC<\/th>\n<td data-th=\"Flammability Class - CPSC\">NONE<\/td>\n<\/tr>\n<tr>\n<th scope=\"row\">FLASH POINT (C)<\/th>\n<td data-th=\"Flash point (C)\">NONE<\/td>\n<\/tr>\n<tr>\n<th scope=\"row\">FLASH POINT (F)<\/th>\n<td data-th=\"Flash point (F)\">NONE<\/td>\n<\/tr>\n<tr>\n<th scope=\"row\">FORD TOX NO.<\/th>\n<td data-th=\"Ford Tox No.\">042100<\/td>\n<\/tr>\n<tr>\n<th scope=\"row\">GENERIC DESCRIPTION<\/th>\n<td data-th=\"Generic Description\">BRAKE PARTS CLEANER<\/td>\n<\/tr>\n<tr>\n<th scope=\"row\">I 2 OF 5 CODE<\/th>\n<td data-th=\"I 2 of 5 Code\">30078254050899<\/td>\n<\/tr>\n<tr>\n<th scope=\"row\">ITEM NUMBER<\/th>\n<td data-th=\"Item Number\">05089<\/td>\n<\/tr>\n<tr>\n<th scope=\"row\">KB VALUE<\/th>\n<td data-th=\"KB Value\">95<\/td>\n<\/tr>\n<tr>\n<th scope=\"row\">NET FILL<\/th>\n<td data-th=\"Net Fill\">19 WT OZ<\/td>\n<\/tr>\n<tr>\n<th scope=\"row\">PLASTIC SAFE<\/th>\n<td data-th=\"Plastic Safe\">NO<\/td>\n<\/tr>\n<tr>\n<th scope=\"row\">PROPELLANT<\/th>\n<td data-th=\"Propellant\">CARBON DIOXIDE<\/td>\n<\/tr>\n<tr>\n<th scope=\"row\">RESTRICTED FROM SALE IN<\/th>\n<td data-th=\"Restricted From Sale In\">CA, NJ<\/td>\n<\/tr>\n<tr>\n<th scope=\"row\">UPC CODE<\/th>\n<td data-th=\"UPC Code\">78254050898<\/td>\n<\/tr>\n<tr>\n<th scope=\"row\">UNIT DIMENSIONS<\/th>\n<td data-th=\"Unit Dimensions\">9.25H X 2.63W X 2.63D IN<\/td>\n<\/tr>\n<tr>\n<th scope=\"row\">UNIT PACKAGE DESCRIPTION<\/th>\n<td data-th=\"Unit Package Description\">20 OUNCE AEROSOL<\/td>\n<\/tr>\n<tr>\n<th scope=\"row\">UNITS PER CASE<\/th>\n<td data-th=\"Units per Case\">12<\/td>\n<\/tr>\n<tr>\n<th scope=\"row\">VOC % (CONSUMER PRODUCT DEF)<\/th>\n<td data-th=\"VOC % (Consumer Product def)\">0<\/td>\n<\/tr>\n<tr>\n<th scope=\"row\">VOC % (FEDERAL)<\/th>\n<td data-th=\"VOC % (Federal)\">0<\/td>\n<\/tr>\n<tr>\n<th scope=\"row\">VOC CATEGORY<\/th>\n<td data-th=\"VOC Category\">BRAKE CLEANER<\/td>\n<\/tr>\n<\/tbody>\n<\/table>\n<p>&nbsp;<\/p>\n<\/div>\n","protected":false},"excerpt":{"rendered":"<p><strong>PRODUCT CODE<\/strong> : (05089) &#8211;<br \/>\n<strong>T\u00ean sa\u0309n ph\u00e2\u0309m<\/strong>: Ch\u1ea5t v\u1ec7 sinh ph\u1ee5 t\u00f9ng c\u00f4ng nghi\u1ec7p CRC BRAKLEEN BRAKE PARTS CLEANER<br \/>\n<strong>T\u00ecnh tr\u1ea1ng:<\/strong> Li\u00ean h\u1ec7 S\u0110T 090 666 5927 .<br \/>\n<strong>Kho:<\/strong> H\u1ed3 Ch\u00ed Minh.<br \/>\n<strong>Li\u00ean h\u1ec7:<\/strong> 090.666.5927 (24\/7)<br \/>\n<strong>Giao h\u00e0ng:<\/strong> Trong ng\u00e0y<\/p>\n","protected":false},"featured_media":7069,"comment_status":"closed","ping_status":"closed","template":"","meta":[],"product_brand":[],"product_cat":[157],"product_tag":[],"class_list":{"0":"post-7068","1":"product","2":"type-product","3":"status-publish","4":"has-post-thumbnail","6":"product_cat-crc","8":"first","9":"instock","10":"shipping-taxable","11":"product-type-simple"},"_links":{"self":[{"href":"https:\/\/yenhung.com\/index.php?rest_route=\/wp\/v2\/product\/7068","targetHints":{"allow":["GET"]}}],"collection":[{"href":"https:\/\/yenhung.com\/index.php?rest_route=\/wp\/v2\/product"}],"about":[{"href":"https:\/\/yenhung.com\/index.php?rest_route=\/wp\/v2\/types\/product"}],"replies":[{"embeddable":true,"href":"https:\/\/yenhung.com\/index.php?rest_route=%2Fwp%2Fv2%2Fcomments&post=7068"}],"wp:featuredmedia":[{"embeddable":true,"href":"https:\/\/yenhung.com\/index.php?rest_route=\/wp\/v2\/media\/7069"}],"wp:attachment":[{"href":"https:\/\/yenhung.com\/index.php?rest_route=%2Fwp%2Fv2%2Fmedia&parent=7068"}],"wp:term":[{"taxonomy":"product_brand","embeddable":true,"href":"https:\/\/yenhung.com\/index.php?rest_route=%2Fwp%2Fv2%2Fproduct_brand&post=7068"},{"taxonomy":"product_cat","embeddable":true,"href":"https:\/\/yenhung.com\/index.php?rest_route=%2Fwp%2Fv2%2Fproduct_cat&post=7068"},{"taxonomy":"product_tag","embeddable":true,"href":"https:\/\/yenhung.com\/index.php?rest_route=%2Fwp%2Fv2%2Fproduct_tag&post=7068"}],"curies":[{"name":"wp","href":"https:\/\/api.w.org\/{rel}","templated":true}]}}