{"id":7075,"date":"2025-11-10T07:54:31","date_gmt":"2025-11-10T07:54:31","guid":{"rendered":"https:\/\/yenhung.com\/?product=hoa-chat-crc-dry-moly-lube-code-03084"},"modified":"2026-02-11T03:43:37","modified_gmt":"2026-02-11T03:43:37","slug":"hoa-chat-crc-dry-moly-lube-code-03084","status":"publish","type":"product","link":"https:\/\/yenhung.com\/?product=hoa-chat-crc-dry-moly-lube-code-03084","title":{"rendered":"H\u00f3a ch\u1ea5t crc dry moly lube, code 03084"},"content":{"rendered":"<div class=\"ba-text-fpt\">\n<h2><strong>M\u00f4 t\u1ea3 s\u1ea3n ph\u1ea9m<\/strong><\/h2>\n<p><strong><img decoding=\"async\" title=\"crc-03084-jpeg-2\" src=\"https:\/\/yenhung.com\/wp-content\/uploads\/2025\/11\/crc-03084-jpeg-2.jpg\" alt=\"Ch\u1ea5t b\u00f4i tr\u01a1n kh\u00f4 CRC Dry moly lube (code 03084)\" data-thumb=\"large\" \/><\/strong><\/p>\n<p>Ch\u1ea5t b\u00f4i tr\u01a1n b\u1ec1 m\u1eb7t gi\u00fap gi\u1ea3m ma s\u00e1t, ng\u0103n ch\u1eb7n hi\u1ec7n t\u01b0\u1ee3ng ch\u1ea1y ga v\u00e0 gi\u00fap gi\u1ea3m m\u00f4-men xo\u1eafn v\u00e0 ti\u00eau th\u1ee5 n\u0103ng l\u01b0\u1ee3ng.\u00a0\u0110\u1eb7c t\u00ednh ch\u1ed1ng ma s\u00e1t v\u00e0 ch\u1ed1ng co gi\u1eadt cao.\u00a0M\u00e0ng kh\u00f4 nhanh ch\u1ed1ng b\u00e1m b\u1ee5i b\u1ea9n.<\/p>\n<h2><strong>C\u00c1C \u1ee8NG D\u1ee4NG<\/strong><\/h2>\n<p><strong><img decoding=\"async\" title=\"crc-03084-1-1\" src=\"https:\/\/yenhung.com\/wp-content\/uploads\/2025\/11\/crc-03084-1-1.png\" alt=\"Ch\u1ea5t b\u00f4i tr\u01a1n kh\u00f4 CRC Dry moly lube (code 03084)\" data-thumb=\"large\" \/><\/strong><\/p>\n<p>\u0110\u01b0\u1ee3c khuy\u1ebfn ngh\u1ecb s\u1eed d\u1ee5ng tr\u00ean c\u00e1c mi\u1ebfng \u0111\u1ec7m, d\u00e2y \u0111ai chuy\u1ec3n, b\u0103ng t\u1ea3i, b\u00e1nh xe, b\u00e1nh r\u0103ng, d\u00e2y chuy\u1ec1n, pal\u0103ng, khu\u00f4n cao su, nhi\u1ec7t \u0111\u1ed9 cao, t\u1ea3i th\u1ea5p ho\u1eb7c tr\u01b0\u1ee3t v\u00f2ng \/ ph\u00fat cao, con l\u0103n, \u0111\u1ed9ng c\u01a1, m\u00e1y m\u00f3c nh\u00e0 m\u00e1y v\u00e0 thi\u1ebft b\u1ecb x\u1eed l\u00fd<\/p>\n<h2><strong>C\u00c1C T\u00cdNH N\u0102NG V\u00c0 L\u1ee2I \u00cdCH<\/strong><\/h2>\n<p><strong><img decoding=\"async\" title=\"crc-03084-2-jpeg-1\" src=\"https:\/\/yenhung.com\/wp-content\/uploads\/2025\/11\/crc-03084-2-jpeg-1.jpg\" alt=\"Ch\u1ea5t b\u00f4i tr\u01a1n kh\u00f4 CRC Dry moly lube (code 03084)\" data-thumb=\"large\" \/><\/strong><\/p>\n<p>Ch\u1ea5t b\u00f4i tr\u01a1n b\u1ec1 m\u1eb7t l\u00e2u d\u00e0i.\u00a0M\u00e0ng kh\u00f4 kh\u00f4ng d\u1eabn \u0111i\u1ec7n.\u00a0L\u00fd t\u01b0\u1edfng v\u1edbi nhi\u1ec7t \u0111\u1ed9 v\u00e0 \u00e1p su\u1ea5t cao.<\/p>\n<h2 id=\"tab-label-additional\" tabindex=\"0\" role=\"tab\" aria-controls=\"additional\" aria-expanded=\"true\" aria-selected=\"true\" data-collapsible=\"true\" data-role=\"collapsible\"><strong>TH\u00d4NG S\u1ed0 K\u1ef8 THU\u1eacT<\/strong><\/h2>\n<table id=\"product-attribute-specs-table\">\n<tbody>\n<tr>\n<th scope=\"row\">T\u00cdNH D\u1ec4 CH\u00c1Y<\/th>\n<td data-th=\"Flammability\">R\u1ea4T D\u1ec4 CH\u00c1Y<\/td>\n<\/tr>\n<tr>\n<th scope=\"row\">\u0110I\u1ec2M S\u00c1NG<\/th>\n<td data-th=\"Flash Point\">-29 \u2103 COC<\/td>\n<\/tr>\n<tr>\n<th scope=\"row\">\u0110\u1ed8 S\u00c2U \u0110\u01a0N V\u1eca (MM)<\/th>\n<td data-th=\"Unit Depth (mm)\">6,68<\/td>\n<\/tr>\n<tr>\n<th scope=\"row\">CHI\u1ec0U CAO \u0110\u01a0N V\u1eca (MM)<\/th>\n<td data-th=\"Unit Height (mm)\">19,68<\/td>\n<\/tr>\n<tr>\n<th scope=\"row\">M\u00d4 T\u1ea2 G\u00d3I \u0110\u01a0N V\u1eca<\/th>\n<td data-th=\"Unit Package Description\">B\u00ccNH X\u1ecaT 16OZ<\/td>\n<\/tr>\n<tr>\n<th scope=\"row\">K\u00cdCH TH\u01af\u1edaC \u0110\u01a0N V\u1eca<\/th>\n<td data-th=\"Unit Size\">16 OZ<\/td>\n<\/tr>\n<tr>\n<th scope=\"row\">CHI\u1ec0U R\u1ed8NG \u0110\u01a0N V\u1eca (MM)<\/th>\n<td data-th=\"Unit Width (mm)\">6,68<\/td>\n<\/tr>\n<\/tbody>\n<\/table>\n<p>&nbsp;<\/p>\n<\/div>\n","protected":false},"excerpt":{"rendered":"<p><strong>PRODUCT CODE<\/strong> : (03084) &#8211;<br \/>\n<strong>T\u00ean sa\u0309n ph\u00e2\u0309m<\/strong>: Ch\u1ea5t b\u00f4i tr\u01a1n kh\u00f4 CRC dry moly lube<br \/>\n<strong>T\u00ecnh tr\u1ea1ng:<\/strong> Li\u00ean h\u1ec7 S\u0110T 090 666 5927 .<br \/>\n<strong>Kho:<\/strong> H\u1ed3 Ch\u00ed Minh.<br \/>\n<strong>Li\u00ean h\u1ec7:<\/strong> 090.666.5927 (24\/7)<br \/>\n<strong>Giao h\u00e0ng:<\/strong> Trong ng\u00e0y<\/p>\n","protected":false},"featured_media":7076,"comment_status":"closed","ping_status":"closed","template":"","meta":[],"product_brand":[],"product_cat":[157],"product_tag":[],"class_list":{"0":"post-7075","1":"product","2":"type-product","3":"status-publish","4":"has-post-thumbnail","6":"product_cat-crc","8":"first","9":"instock","10":"shipping-taxable","11":"product-type-simple"},"_links":{"self":[{"href":"https:\/\/yenhung.com\/index.php?rest_route=\/wp\/v2\/product\/7075","targetHints":{"allow":["GET"]}}],"collection":[{"href":"https:\/\/yenhung.com\/index.php?rest_route=\/wp\/v2\/product"}],"about":[{"href":"https:\/\/yenhung.com\/index.php?rest_route=\/wp\/v2\/types\/product"}],"replies":[{"embeddable":true,"href":"https:\/\/yenhung.com\/index.php?rest_route=%2Fwp%2Fv2%2Fcomments&post=7075"}],"wp:featuredmedia":[{"embeddable":true,"href":"https:\/\/yenhung.com\/index.php?rest_route=\/wp\/v2\/media\/7076"}],"wp:attachment":[{"href":"https:\/\/yenhung.com\/index.php?rest_route=%2Fwp%2Fv2%2Fmedia&parent=7075"}],"wp:term":[{"taxonomy":"product_brand","embeddable":true,"href":"https:\/\/yenhung.com\/index.php?rest_route=%2Fwp%2Fv2%2Fproduct_brand&post=7075"},{"taxonomy":"product_cat","embeddable":true,"href":"https:\/\/yenhung.com\/index.php?rest_route=%2Fwp%2Fv2%2Fproduct_cat&post=7075"},{"taxonomy":"product_tag","embeddable":true,"href":"https:\/\/yenhung.com\/index.php?rest_route=%2Fwp%2Fv2%2Fproduct_tag&post=7075"}],"curies":[{"name":"wp","href":"https:\/\/api.w.org\/{rel}","templated":true}]}}