{"id":7091,"date":"2025-11-10T07:54:45","date_gmt":"2025-11-10T07:54:45","guid":{"rendered":"https:\/\/yenhung.com\/?product=hoa-chat-crc-leak-detector-18oz-code-14503"},"modified":"2026-02-11T03:42:44","modified_gmt":"2026-02-11T03:42:44","slug":"hoa-chat-crc-leak-detector-18oz-code-14503","status":"publish","type":"product","link":"https:\/\/yenhung.com\/?product=hoa-chat-crc-leak-detector-18oz-code-14503","title":{"rendered":"H\u00f3a ch\u1ea5t crc leak detector 18oz, code 14503"},"content":{"rendered":"<div class=\"ba-text-fpt\">\n<h2><strong>M\u00f4 t\u1ea3 s\u1ea3n ph\u1ea9m<\/strong><\/h2>\n<p><img decoding=\"async\" title=\"crc-14503-jpeg-2\" src=\"https:\/\/yenhung.com\/wp-content\/uploads\/2025\/11\/crc-14503-jpeg-2.jpg\" alt=\"B\u00ecnh x\u1ecbt ph\u00e1t hi\u1ec7n r\u00f2 r\u1ec9 CRC Leak Detector (code 14503)\" data-thumb=\"large\" \/><\/p>\n<p>CRC Leak Detector \u0111\u01b0\u1ee3c ch\u1ebf t\u1ea1o \u0111\u1ec3 ph\u00e1t hi\u1ec7n nhanh ch\u00f3ng c\u00e1c r\u00f2 r\u1ec9 kh\u00ed v\u00e0 kh\u00f4ng kh\u00ed.\u00a0C\u00f4ng th\u1ee9c g\u1ed1c n\u01b0\u1edbc kh\u00f4ng ch\u1ee9a d\u1ea7u, silicon ho\u1eb7c dung m\u00f4i \u0111\u1ed9c h\u1ea1i.\u00a0CRC Leak Detector x\u00e1c \u0111\u1ecbnh v\u1ecb tr\u00ed r\u00f2 r\u1ec9 kh\u00ed v\u00e0 t\u1ed5n th\u1ea5t \u00e1p su\u1ea5t trong \u0111\u01b0\u1eddng \u1ed1ng v\u00e0 h\u1ec7 th\u1ed1ng \u0111i\u1ec1u \u00e1p m\u1ed9t c\u00e1ch nhanh ch\u00f3ng v\u00e0 \u0111\u00e1ng tin c\u1eady b\u1eb1ng c\u00e1ch t\u1ea1o th\u00e0nh c\u00e1c bong b\u00f3ng c\u00f3 th\u1ec3 nh\u00ecn th\u1ea5y r\u00f5 khi \u00e1p d\u1ee5ng tr\u00ean b\u1ea5t k\u1ef3 r\u00f2 r\u1ec9 n\u00e0o.<\/p>\n<h2><strong>C\u00c1C \u1ee8NG D\u1ee4NG<\/strong><\/h2>\n<p><img decoding=\"async\" title=\"crc-14503-1-jpeg-1\" src=\"https:\/\/yenhung.com\/wp-content\/uploads\/2025\/11\/crc-14503-1-jpeg-1.jpg\" alt=\"B\u00ecnh x\u1ecbt ph\u00e1t hi\u1ec7n r\u00f2 r\u1ec9 CRC Leak Detector (code 14503)\" data-thumb=\"large\" \/><\/p>\n<p>\u0110\u01b0\u1ee3c khuy\u1ebfn ngh\u1ecb s\u1eed d\u1ee5ng cho c\u00e1c thi\u1ebft b\u1ecb l\u00e0m l\u1ea1nh, \u0111i\u1ec1u h\u00f2a kh\u00f4ng kh\u00ed, kh\u00ed th\u1ea3i, \u0111\u01b0\u1eddng \u1ed1ng, \u0111\u01b0\u1eddng h\u00e0n v\u00e0 m\u00e1y n\u00e9n, c\u00f3 th\u1ec3 \u0111\u01b0\u1ee3c s\u1eed d\u1ee5ng cho h\u1ea7u h\u1ebft c\u00e1c lo\u1ea1i kh\u00ed (kh\u00ed n\u00e9n, ch\u1ea5t l\u00e0m l\u1ea1nh, kh\u00ed t\u1ef1 nhi\u00ean, propan, butan, axetylen, oxy, LPG, nit\u01a1 v\u00e0 cacbon \u0111i\u00f4x\u00edt)<\/p>\n<h2><strong>C\u00c1C T\u00cdNH N\u0102NG V\u00c0 L\u1ee2I \u00cdCH<\/strong><\/h2>\n<p><img decoding=\"async\" title=\"crc-14503-2-jpeg-1\" src=\"https:\/\/yenhung.com\/wp-content\/uploads\/2025\/11\/crc-14503-2-jpeg-1.jpg\" alt=\"B\u00ecnh x\u1ecbt ph\u00e1t hi\u1ec7n r\u00f2 r\u1ec9 CRC Leak Detector (code 14503)\" data-thumb=\"large\" \/><\/p>\n<p>T\u00ecm ki\u1ebfm r\u00f2 r\u1ec9 nhanh ch\u00f3ng, l\u00e0m n\u1ed5i b\u1eadt t\u1ea5t c\u1ea3 c\u00e1c r\u00f2 r\u1ec9, ngay c\u1ea3 d\u01b0\u1edbi \u00e1p su\u1ea5t th\u1ea5p.\u00a0Kh\u00f4ng b\u1eaft l\u1eeda.\u00a0C\u00f4ng th\u1ee9c g\u1ed1c n\u01b0\u1edbc kh\u00f4ng ch\u1ee9a d\u1ea7u, silicon ho\u1eb7c dung m\u00f4i \u0111\u1ed9c h\u1ea1i.<\/p>\n<h2 id=\"tab-label-additional\" tabindex=\"0\" role=\"tab\" aria-controls=\"additional\" aria-expanded=\"true\" aria-selected=\"true\" data-collapsible=\"true\" data-role=\"collapsible\"><strong>TH\u00d4NG S\u1ed0 K\u1ef8 THU\u1eacT<\/strong><\/h2>\n<table id=\"product-attribute-specs-table\">\n<caption>\u00a0<\/caption>\n<tbody>\n<tr>\n<th scope=\"row\">M\u00c3 V\u1ea0CH<\/th>\n<td data-th=\"Barcode\">78254145037<\/td>\n<\/tr>\n<tr>\n<th scope=\"row\">\u0110\u1ed8 S\u00c2U \u0110\u01a0N V\u1eca (MM)<\/th>\n<td data-th=\"Unit Depth (mm)\">680<\/td>\n<\/tr>\n<tr>\n<th scope=\"row\">CHI\u1ec0U CAO \u0110\u01a0N V\u1eca (MM)<\/th>\n<td data-th=\"Unit Height (mm)\">240<\/td>\n<\/tr>\n<tr>\n<th scope=\"row\">M\u00d4 T\u1ea2 G\u00d3I \u0110\u01a0N V\u1eca<\/th>\n<td data-th=\"Unit Package Description\">510G KH\u00cd DUNG<\/td>\n<\/tr>\n<tr>\n<th scope=\"row\">K\u00cdCH TH\u01af\u1edaC \u0110\u01a0N V\u1eca<\/th>\n<td data-th=\"Unit Size\">510G<\/td>\n<\/tr>\n<tr>\n<th scope=\"row\">CHI\u1ec0U R\u1ed8NG \u0110\u01a0N V\u1eca (MM)<\/th>\n<td data-th=\"Unit Width (mm)\">680<\/td>\n<\/tr>\n<\/tbody>\n<\/table>\n<h2><\/h2>\n<\/div>\n","protected":false},"excerpt":{"rendered":"<p><strong>PRODUCT CODE<\/strong> : 14503<br \/>\n<strong>T\u00ean sa\u0309n ph\u00e2\u0309m:<\/strong> B\u00ecnh x\u1ecbt ph\u00e1t hi\u1ec7n r\u00f2 r\u1ec9 CRC Leak Detector<br \/>\n<strong>T\u00ecnh tr\u1ea1ng:<\/strong> Li\u00ean h\u1ec7 S\u0110T 090 666 5927 .<br \/>\n<strong>Kho:<\/strong> H\u1ed3 Ch\u00ed Minh.<br \/>\n<strong>Li\u00ean h\u1ec7:<\/strong> 090.666.5927 (24\/7)<br \/>\n<strong>Giao h\u00e0ng:<\/strong> Trong ng\u00e0y<\/p>\n","protected":false},"featured_media":7092,"comment_status":"closed","ping_status":"closed","template":"","meta":[],"product_brand":[],"product_cat":[157],"product_tag":[],"class_list":{"0":"post-7091","1":"product","2":"type-product","3":"status-publish","4":"has-post-thumbnail","6":"product_cat-crc","8":"first","9":"instock","10":"shipping-taxable","11":"product-type-simple"},"_links":{"self":[{"href":"https:\/\/yenhung.com\/index.php?rest_route=\/wp\/v2\/product\/7091","targetHints":{"allow":["GET"]}}],"collection":[{"href":"https:\/\/yenhung.com\/index.php?rest_route=\/wp\/v2\/product"}],"about":[{"href":"https:\/\/yenhung.com\/index.php?rest_route=\/wp\/v2\/types\/product"}],"replies":[{"embeddable":true,"href":"https:\/\/yenhung.com\/index.php?rest_route=%2Fwp%2Fv2%2Fcomments&post=7091"}],"wp:featuredmedia":[{"embeddable":true,"href":"https:\/\/yenhung.com\/index.php?rest_route=\/wp\/v2\/media\/7092"}],"wp:attachment":[{"href":"https:\/\/yenhung.com\/index.php?rest_route=%2Fwp%2Fv2%2Fmedia&parent=7091"}],"wp:term":[{"taxonomy":"product_brand","embeddable":true,"href":"https:\/\/yenhung.com\/index.php?rest_route=%2Fwp%2Fv2%2Fproduct_brand&post=7091"},{"taxonomy":"product_cat","embeddable":true,"href":"https:\/\/yenhung.com\/index.php?rest_route=%2Fwp%2Fv2%2Fproduct_cat&post=7091"},{"taxonomy":"product_tag","embeddable":true,"href":"https:\/\/yenhung.com\/index.php?rest_route=%2Fwp%2Fv2%2Fproduct_tag&post=7091"}],"curies":[{"name":"wp","href":"https:\/\/api.w.org\/{rel}","templated":true}]}}