{"id":7099,"date":"2025-11-10T07:54:50","date_gmt":"2025-11-10T07:54:50","guid":{"rendered":"https:\/\/yenhung.com\/?product=hoa-chat-crc-hydroforce-code-14416-3-78l"},"modified":"2026-02-11T03:42:21","modified_gmt":"2026-02-11T03:42:21","slug":"hoa-chat-crc-hydroforce-code-14416-3-78l","status":"publish","type":"product","link":"https:\/\/yenhung.com\/?product=hoa-chat-crc-hydroforce-code-14416-3-78l","title":{"rendered":"H\u00f3a ch\u1ea5t crc hydroforce , code 14416, 3.78l"},"content":{"rendered":"<div class=\"ba-text-fpt\">\n<h2><strong>M\u00f4 t\u1ea3 s\u1ea3n ph\u1ea9m<\/strong><\/h2>\n<p><img decoding=\"async\" title=\"crc-14416-jpeg-2\" src=\"https:\/\/yenhung.com\/wp-content\/uploads\/2025\/11\/crc-14416-jpeg-2.jpg\" alt=\"Ch\u1ea5t t\u1ea9y r\u1eeda c\u00f4ng nghi\u1ec7p CRC Hydroforce (code 14416)- 3.78l\/can\" data-thumb=\"large\" \/><\/p>\n<p><strong>CRC HYDROFORCE<\/strong> l\u00e0 m\u1ed9t ch\u1ea5t t\u1ea9y r\u1eeda d\u1ea1ng n\u01b0\u1edbc v\u1edbi hi\u1ec7u su\u1ea5t m\u1ea1nh m\u1ebd c\u1ee7a m\u1ed9t dung m\u00f4i. Lo\u1ea1i b\u1ecf c\u00e1c c\u1eb7n b\u1ea9n c\u1ee7a m\u1ee1, d\u1ea7u v\u00e0 b\u1ee5i b\u1ea9n. Ph\u00e2n h\u1ee7y sinh h\u1ecdc, c\u00f4 \u0111\u1eb7c, kh\u00f4ng m\u00e0i m\u00f2n v\u00e0 kh\u00f4ng ch\u00e1y. Th\u1eadn tr\u1ecdng khi s\u1eed d\u1ee5ng tr\u00ean kim lo\u1ea1i m\u1ec1m v\u00e0 b\u1ec1 m\u1eb7t s\u01a1n.<\/p>\n<h2><strong>\u1ee8ng d\u1ee5ng s\u1ea3n ph\u1ea9m<\/strong><\/h2>\n<p><img decoding=\"async\" title=\"crc-14416-1-jpeg-1\" src=\"https:\/\/yenhung.com\/wp-content\/uploads\/2025\/11\/crc-14416-1-jpeg-1.jpg\" alt=\"Ch\u1ea5t t\u1ea9y r\u1eeda c\u00f4ng nghi\u1ec7p CRC Hydroforce (code 14416)- 3.78l\/can\" data-thumb=\"large\" \/><\/p>\n<p>C\u00f4ng c\u1ee5, L\u00f2 n\u01b0\u1edbng, L\u1ed1p xe, \u0110\u1ed9ng c\u01a1, Truy\u1ec1n \u0111\u1ed9ng, \u0110\u1ed9ng c\u01a1, Trang b\u1ecb cho c\u1eeda h\u00e0ng, Thi\u1ebft b\u1ecb c\u1eaft c\u1ecf, V\u1ea3i, S\u00e0n nh\u00e0, Thi\u1ebft b\u1ecb, L\u1ed7 th\u00f4ng h\u01a1i, \u1ed0ng, B\u1ed3n r\u1eeda, V\u00f2i hoa sen, Nh\u1ef1a, S\u1ee3i th\u1ee7y tinh, V\u1ea3i, Vinyl, M\u00e1y r\u1eeda \u00e1p l\u1ef1c, Gi\u1eb7t xe, T\u01b0\u1eddng, Chrome, Th\u00e9p kh\u00f4ng g\u1ec9, kim lo\u1ea1i \u0111\u01b0\u1ee3c \u0111\u00e1nh b\u00f3ng, v.v.<\/p>\n<h2><strong>Th\u00f4ng tin s\u1ea3n ph\u1ea9m<\/strong><\/h2>\n<table id=\"product-attribute-specs-table\">\n<caption>\n<h2><img decoding=\"async\" style=\"float: left;\" title=\"crc-14416-2-jpeg-1\" src=\"https:\/\/yenhung.com\/wp-content\/uploads\/2025\/11\/crc-14416-2-jpeg-1.jpg\" alt=\"Ch\u1ea5t t\u1ea9y r\u1eeda c\u00f4ng nghi\u1ec7p CRC Hydroforce (code 14416)- 3.78l\/can\" data-thumb=\"large\" \/><\/h2>\n<\/caption>\n<tbody>\n<tr>\n<th scope=\"row\">BRAND<\/th>\n<td data-th=\"Brand\">CRC<\/td>\n<\/tr>\n<tr>\n<th scope=\"row\">CASE#<\/th>\n<td data-th=\"Case#\">1004971<\/td>\n<\/tr>\n<tr>\n<th scope=\"row\">COLOR<\/th>\n<td data-th=\"Color\">NONE<\/td>\n<\/tr>\n<tr>\n<th scope=\"row\">DOT PROPER SHIPPING NAME<\/th>\n<td data-th=\"DOT Proper Shipping Name\">CORROSIVE LIQUIDS, N.O.S. (POTASSIUM HYDROXIDE, SODIUM METASILICATE)<\/td>\n<\/tr>\n<tr>\n<th scope=\"row\">EVAPORATION RATE<\/th>\n<td data-th=\"Evaporation Rate\">SLOW<\/td>\n<\/tr>\n<tr>\n<th scope=\"row\">FLAMMABILITY CLASS &#8211; CPSC<\/th>\n<td data-th=\"Flammability Class - CPSC\">NONE<\/td>\n<\/tr>\n<tr>\n<th scope=\"row\">FLASH POINT (C)<\/th>\n<td data-th=\"Flash point (C)\">NONE<\/td>\n<\/tr>\n<tr>\n<th scope=\"row\">FLASH POINT (F)<\/th>\n<td data-th=\"Flash point (F)\">NONE<\/td>\n<\/tr>\n<tr>\n<th scope=\"row\">FORD TOX NO.<\/th>\n<td data-th=\"Ford Tox No.\">161560<\/td>\n<\/tr>\n<tr>\n<th scope=\"row\">GENERIC DESCRIPTION<\/th>\n<td data-th=\"Generic Description\">INDUSTRIAL STRENGTH DEGREASER<\/td>\n<\/tr>\n<tr>\n<th scope=\"row\">I 2 OF 5 CODE<\/th>\n<td data-th=\"I 2 of 5 Code\">30078254144161<\/td>\n<\/tr>\n<tr>\n<th scope=\"row\">ITEM NUMBER<\/th>\n<td data-th=\"Item Number\">14416<\/td>\n<\/tr>\n<tr>\n<th scope=\"row\">NSF CATEGORY CODE<\/th>\n<td data-th=\"NSF Category Code\">C1<\/td>\n<\/tr>\n<tr>\n<th scope=\"row\">NSF NUMBER<\/th>\n<td data-th=\"NSF Number\">136912<\/td>\n<\/tr>\n<tr>\n<th scope=\"row\">NET FILL<\/th>\n<td data-th=\"Net Fill\">1 GAL<\/td>\n<\/tr>\n<tr>\n<th scope=\"row\">PH<\/th>\n<td data-th=\"PH\">13.05<\/td>\n<\/tr>\n<tr>\n<th scope=\"row\">PLASTIC SAFE<\/th>\n<td data-th=\"Plastic Safe\">MAY HARM SENSITIVE PLASTICS<\/td>\n<\/tr>\n<tr>\n<th scope=\"row\">PROPELLANT<\/th>\n<td data-th=\"Propellant\">NONE<\/td>\n<\/tr>\n<tr>\n<th scope=\"row\">REMOVAL (HOW TO)<\/th>\n<td data-th=\"Removal (How To)\">REMOVE WITH WATER.<\/td>\n<\/tr>\n<tr>\n<th scope=\"row\">UPC CODE<\/th>\n<td data-th=\"UPC Code\">78254144160<\/td>\n<\/tr>\n<tr>\n<th scope=\"row\">UNIT DIMENSIONS<\/th>\n<td data-th=\"Unit Dimensions\">10.25H X 5W X 6.13D IN<\/td>\n<\/tr>\n<tr>\n<th scope=\"row\">UNIT PACKAGE DESCRIPTION<\/th>\n<td data-th=\"Unit Package Description\">1 GALLON BOTTLE<\/td>\n<\/tr>\n<tr>\n<th scope=\"row\">UNITS PER CASE<\/th>\n<td data-th=\"Units per Case\">4<\/td>\n<\/tr>\n<tr>\n<th scope=\"row\">VOC % (CONSUMER PRODUCT DEF)<\/th>\n<td data-th=\"VOC % (Consumer Product def)\">0.4 (AT DILUTION),3.96 (CONCENTRATE)<\/td>\n<\/tr>\n<tr>\n<th scope=\"row\">VOC % (FEDERAL)<\/th>\n<td data-th=\"VOC % (Federal)\">0.4 (AT DILUTION),3.96 (CONCENTRATE)<\/td>\n<\/tr>\n<tr>\n<th scope=\"row\">VOC CATEGORY<\/th>\n<td data-th=\"VOC Category\">GENERAL PURPOSE DEGREASER &#8211; NON-AEROSOL<\/td>\n<\/tr>\n<tr>\n<th scope=\"row\">VOC LBS.\/GAL. (FEDERAL)<\/th>\n<td data-th=\"VOC Lbs.\/Gal. (Federal)\">0.04 (AT DILUTION),0.36 (CONCENTRATE)<\/td>\n<\/tr>\n<tr>\n<th scope=\"row\">VOC G\/L (CONSUMER PRODUCT DEF)<\/th>\n<td data-th=\"VOC g\/L (Consumer Product def)\">4.27 (AT DILUTION),42.7 (CONCENTRATE)<\/td>\n<\/tr>\n<tr>\n<th scope=\"row\">VOC G\/L (FEDERAL)<\/th>\n<td data-th=\"VOC g\/L (Federal)\">42.7 (CONCENTRATE),4.27 (AT DILUTION)<\/td>\n<\/tr>\n<tr>\n<th scope=\"row\">VOC LBS\/GAL (CONSUMER PROD DEF)<\/th>\n<td data-th=\"VOC lbs\/gal (Consumer Prod def)\">0.04 (AT DILUTION),0.36 (CONCENTRATE)<\/td>\n<\/tr>\n<\/tbody>\n<\/table>\n<p>&nbsp;<\/p>\n<\/div>\n","protected":false},"excerpt":{"rendered":"<p><strong>PRODUCT CODE<\/strong> : 14416<br \/>\n<strong>T\u00ean sa\u0309n ph\u00e2\u0309m:<\/strong> Ch\u1ea5t t\u1ea9y r\u1eeda c\u00f4ng nghi\u1ec7p CRC HYDROFORCE<br \/>\n<strong>T\u00ecnh tr\u1ea1ng:<\/strong> Li\u00ean h\u1ec7 S\u0110T 090 666 5927 .<br \/>\n<strong>Kho:<\/strong> H\u1ed3 Ch\u00ed Minh<br \/>\n<strong>Li\u00ean h\u1ec7:<\/strong> 090.666.5927 (24\/7)<br \/>\n<strong>Giao h\u00e0ng:<\/strong> Trong ng\u00e0y<\/p>\n","protected":false},"featured_media":7100,"comment_status":"closed","ping_status":"closed","template":"","meta":[],"product_brand":[],"product_cat":[157],"product_tag":[],"class_list":{"0":"post-7099","1":"product","2":"type-product","3":"status-publish","4":"has-post-thumbnail","6":"product_cat-crc","8":"first","9":"instock","10":"shipping-taxable","11":"product-type-simple"},"_links":{"self":[{"href":"https:\/\/yenhung.com\/index.php?rest_route=\/wp\/v2\/product\/7099","targetHints":{"allow":["GET"]}}],"collection":[{"href":"https:\/\/yenhung.com\/index.php?rest_route=\/wp\/v2\/product"}],"about":[{"href":"https:\/\/yenhung.com\/index.php?rest_route=\/wp\/v2\/types\/product"}],"replies":[{"embeddable":true,"href":"https:\/\/yenhung.com\/index.php?rest_route=%2Fwp%2Fv2%2Fcomments&post=7099"}],"wp:featuredmedia":[{"embeddable":true,"href":"https:\/\/yenhung.com\/index.php?rest_route=\/wp\/v2\/media\/7100"}],"wp:attachment":[{"href":"https:\/\/yenhung.com\/index.php?rest_route=%2Fwp%2Fv2%2Fmedia&parent=7099"}],"wp:term":[{"taxonomy":"product_brand","embeddable":true,"href":"https:\/\/yenhung.com\/index.php?rest_route=%2Fwp%2Fv2%2Fproduct_brand&post=7099"},{"taxonomy":"product_cat","embeddable":true,"href":"https:\/\/yenhung.com\/index.php?rest_route=%2Fwp%2Fv2%2Fproduct_cat&post=7099"},{"taxonomy":"product_tag","embeddable":true,"href":"https:\/\/yenhung.com\/index.php?rest_route=%2Fwp%2Fv2%2Fproduct_tag&post=7099"}],"curies":[{"name":"wp","href":"https:\/\/api.w.org\/{rel}","templated":true}]}}