{"id":7107,"date":"2025-11-10T07:55:01","date_gmt":"2025-11-10T07:55:01","guid":{"rendered":"https:\/\/yenhung.com\/?product=hoa-chat-crc-3-36-code-3005"},"modified":"2026-02-11T03:22:35","modified_gmt":"2026-02-11T03:22:35","slug":"hoa-chat-crc-3-36-code-3005","status":"publish","type":"product","link":"https:\/\/yenhung.com\/?product=hoa-chat-crc-3-36-code-3005","title":{"rendered":"H\u00f3a ch\u1ea5t crc 3-36 , code 3005"},"content":{"rendered":"<div class=\"ba-text-fpt\">\n<h2><strong>M\u00f4 t\u1ea3 s\u1ea3n ph\u1ea9m<\/strong><\/h2>\n<p><img decoding=\"async\" title=\"crc-3005-jpeg-2\" src=\"https:\/\/yenhung.com\/wp-content\/uploads\/2025\/11\/crc-3005-jpeg-2.jpg\" alt=\"Ch\u1ea5t \u1ee9c ch\u1ebf \u0103n m\u00f2n CRC 3-36 (code 3005)\" data-thumb=\"large\" \/><\/p>\n<p>CRC 3.36 l\u00e0 m\u1ed9t ch\u1ea5t \u1ee9c ch\u1ebf nhi\u1ec1u ch\u1ea5t h\u1eefu c\u01a1 trong g\u1ed1c d\u1ea7u parafinic c\u00f3 t\u00e1c d\u1ee5ng ng\u0103n ng\u1eeba g\u1ec9 v\u00e0 \u0103n m\u00f2n b\u1eb1ng c\u00e1ch d\u1ecbch chuy\u1ec3n v\u00e0 b\u1ecbt k\u00edn h\u01a1i \u1ea9m v\u00e0 b\u1eb1ng c\u00e1ch t\u1ea1o th\u00e0nh m\u1ed9t h\u00e0ng r\u00e0o b\u1ea3o v\u1ec7 li\u00ean t\u1ee5c ch\u1ed1ng l\u1ea1i n\u01b0\u1edbc v\u00e0 oxy.<\/p>\n<h2><strong>C\u00c1C \u1ee8NG D\u1ee4NG<\/strong><\/h2>\n<p><img decoding=\"async\" title=\"crc-3005-1-jpeg\" src=\"https:\/\/yenhung.com\/wp-content\/uploads\/2025\/11\/crc-3005-1-jpeg.webp\" alt=\"Ch\u1ea5t \u1ee9c ch\u1ebf \u0103n m\u00f2n CRC 3-36 (code 3005)\" data-thumb=\"large\" \/><\/p>\n<p>\u0110\u01b0\u1ee3c \u0111\u1ec1 xu\u1ea5t cho qu\u00e1 tr\u00ecnh s\u1ea3n xu\u1ea5t: c\u00e1c b\u1ed9 ph\u1eadn \u0111\u01b0\u1ee3c x\u1eed l\u00fd nhi\u1ec7t, b\u1ec1 m\u1eb7t gia c\u00f4ng, m\u1ed1i h\u00e0n ho\u00e0n thi\u1ec7n, &amp; ch\u1ebf t\u1ea1o \/ \u0111\u00f9n nh\u00f4m \u0111ang trong qu\u00e1 tr\u00ecnh gia c\u00f4ng: \u0111\u1ed3 \u0111\u1ea1c, khu\u00f4n d\u1eadp, \u0111\u1ed3 g\u00e1, mi\u1ebfng \u0111\u1ec7m, m\u00e2m c\u1eb7p, m\u00e1y khoan, b\u1ed9 khu\u00f4n, th\u00e0nh ph\u1ea9m, b\u00e1nh r\u0103ng, kho ti\u1ebfp \u0111\u1ea5t, micromet, d\u1ee5ng c\u1ee5 ch\u00ednh x\u00e1c v\u00e0 \u0111\u1ec3 b\u1ea3o tr\u00ec: xe h\u01a1i, kh\u00f3a, pal\u0103ng, kh\u1edbp b\u1ecb k\u1eb9t, b\u0103ng t\u1ea3i, c\u00e2n &amp; xe n\u00e2ng<\/p>\n<h2><strong>C\u00c1C T\u00cdNH N\u0102NG V\u00c0 L\u1ee2I \u00cdCH<\/strong><\/h2>\n<p><img decoding=\"async\" title=\"crc-3005-2-jpeg-1\" src=\"https:\/\/yenhung.com\/wp-content\/uploads\/2025\/11\/crc-3005-2-jpeg-1.jpg\" alt=\"Ch\u1ea5t \u1ee9c ch\u1ebf \u0103n m\u00f2n CRC 3-36 (code 3005)\" data-thumb=\"large\" \/><\/p>\n<p>M\u00e0ng m\u1ecfng v\u00f4 h\u00ecnh &#8211; kh\u00f4ng bao gi\u1edd kh\u00f4 ho\u1eb7c tr\u1edf n\u00ean gi\u00f2n, th\u00e2m nh\u1eadp v\u00e0o c\u00e1c l\u1ed7 r\u1ed7ng v\u00e0 v\u1ebft n\u1ee9t, kh\u00f4ng c\u1ea7n ph\u1ea3i lo\u1ea1i b\u1ecf tr\u01b0\u1edbc khi h\u00e0n \/ gia c\u00f4ng \/ ch\u1ebf bi\u1ebfn.\u00a0D\u1ec5 d\u00e0ng th\u00e1o &#8211; g\u1ee1 d\u1ec5 d\u00e0ng v\u1edbi CRC Lectra Clean ho\u1eb7c CRC Brakleen.\u00a0Aerosol (3005) &#8211; c\u00f3 s\u1eb5n<\/p>\n<h2 id=\"tab-label-additional\" tabindex=\"0\" role=\"tab\" aria-controls=\"additional\" aria-expanded=\"true\" aria-selected=\"true\" data-collapsible=\"true\" data-role=\"collapsible\"><strong>TH\u00d4NG S\u1ed0 K\u1ef8 THU\u1eacT<\/strong><\/h2>\n<table id=\"product-attribute-specs-table\">\n<tbody>\n<tr>\n<th scope=\"row\">M\u00c3 V\u1ea0CH<\/th>\n<td data-th=\"Barcode\">9310832030054<\/td>\n<\/tr>\n<tr>\n<th scope=\"row\">T\u00cdNH D\u1ec4 CH\u00c1Y<\/th>\n<td data-th=\"Flammability\">D\u1ec4 CH\u00c1Y<\/td>\n<\/tr>\n<tr>\n<th scope=\"row\">\u0110I\u1ec2M S\u00c1NG<\/th>\n<td data-th=\"Flash Point\">73 \u2103 TOC 235 \u2103 (PHIM KH\u00d4)<\/td>\n<\/tr>\n<tr>\n<th scope=\"row\">\u0110\u1ed8 S\u00c2U \u0110\u01a0N V\u1eca (MM)<\/th>\n<td data-th=\"Unit Depth (mm)\">65<\/td>\n<\/tr>\n<tr>\n<th scope=\"row\">CHI\u1ec0U CAO \u0110\u01a0N V\u1eca (MM)<\/th>\n<td data-th=\"Unit Height (mm)\">210<\/td>\n<\/tr>\n<tr>\n<th scope=\"row\">M\u00d4 T\u1ea2 G\u00d3I \u0110\u01a0N V\u1eca<\/th>\n<td data-th=\"Unit Package Description\">300G KH\u00cd DUNG<\/td>\n<\/tr>\n<tr>\n<th scope=\"row\">K\u00cdCH TH\u01af\u1edaC \u0110\u01a0N V\u1eca<\/th>\n<td data-th=\"Unit Size\">300G<\/td>\n<\/tr>\n<tr>\n<th scope=\"row\">CHI\u1ec0U R\u1ed8NG \u0110\u01a0N V\u1eca (MM)<\/th>\n<td data-th=\"Unit Width (mm)\">65<\/td>\n<\/tr>\n<\/tbody>\n<\/table>\n<p>&nbsp;<\/p>\n<\/div>\n","protected":false},"excerpt":{"rendered":"<p><strong>PRODUCT CODE<\/strong> : 3005<br \/>\n<strong>T\u00ean sa\u0309n ph\u00e2\u0309m: Ch\u1ea5t \u1ee9c ch\u1ebf \u0103n m\u00f2n 3.36<\/strong><br \/>\n<strong>T\u00ecnh tr\u1ea1ng:<\/strong> Li\u00ean h\u1ec7 S\u0110T 090 666 5927 .<br \/>\n<strong>Kho:<\/strong> H\u1ed3 Ch\u00ed Minh.<br \/>\n<strong>Li\u00ean h\u1ec7:<\/strong> 090.666.5927 (24\/7)<br \/>\n<strong>Giao h\u00e0ng:<\/strong> Trong ng\u00e0y<\/p>\n","protected":false},"featured_media":7108,"comment_status":"closed","ping_status":"closed","template":"","meta":[],"product_brand":[],"product_cat":[157],"product_tag":[],"class_list":{"0":"post-7107","1":"product","2":"type-product","3":"status-publish","4":"has-post-thumbnail","6":"product_cat-crc","8":"first","9":"instock","10":"shipping-taxable","11":"product-type-simple"},"_links":{"self":[{"href":"https:\/\/yenhung.com\/index.php?rest_route=\/wp\/v2\/product\/7107","targetHints":{"allow":["GET"]}}],"collection":[{"href":"https:\/\/yenhung.com\/index.php?rest_route=\/wp\/v2\/product"}],"about":[{"href":"https:\/\/yenhung.com\/index.php?rest_route=\/wp\/v2\/types\/product"}],"replies":[{"embeddable":true,"href":"https:\/\/yenhung.com\/index.php?rest_route=%2Fwp%2Fv2%2Fcomments&post=7107"}],"wp:featuredmedia":[{"embeddable":true,"href":"https:\/\/yenhung.com\/index.php?rest_route=\/wp\/v2\/media\/7108"}],"wp:attachment":[{"href":"https:\/\/yenhung.com\/index.php?rest_route=%2Fwp%2Fv2%2Fmedia&parent=7107"}],"wp:term":[{"taxonomy":"product_brand","embeddable":true,"href":"https:\/\/yenhung.com\/index.php?rest_route=%2Fwp%2Fv2%2Fproduct_brand&post=7107"},{"taxonomy":"product_cat","embeddable":true,"href":"https:\/\/yenhung.com\/index.php?rest_route=%2Fwp%2Fv2%2Fproduct_cat&post=7107"},{"taxonomy":"product_tag","embeddable":true,"href":"https:\/\/yenhung.com\/index.php?rest_route=%2Fwp%2Fv2%2Fproduct_tag&post=7107"}],"curies":[{"name":"wp","href":"https:\/\/api.w.org\/{rel}","templated":true}]}}