{"id":7122,"date":"2025-11-10T07:55:12","date_gmt":"2025-11-10T07:55:12","guid":{"rendered":"https:\/\/yenhung.com\/?product=mo-boi-tron-crc-food-grade-dry-lube-400ml"},"modified":"2026-02-11T03:22:07","modified_gmt":"2026-02-11T03:22:07","slug":"mo-boi-tron-crc-food-grade-dry-lube-400ml","status":"publish","type":"product","link":"https:\/\/yenhung.com\/?product=mo-boi-tron-crc-food-grade-dry-lube-400ml","title":{"rendered":"M\u1ee1 b\u00f4i tr\u01a1n crc food grade dry lube, 400ml"},"content":{"rendered":"<div class=\"ba-text-fpt\">\n<h2><strong>M\u00f4 t\u1ea3 s\u1ea3n ph\u1ea9m\u00a0<\/strong><\/h2>\n<p><img decoding=\"async\" title=\"crc-3101-jpeg-2\" src=\"https:\/\/yenhung.com\/wp-content\/uploads\/2025\/11\/crc-3101-jpeg-2.jpg\" alt=\"M\u1ee1 b\u00f4i tr\u01a1n kh\u00f4 CRC Food Grade Dry Lube (Code: 3101) - 400ml\" data-thumb=\"large\" \/><\/p>\n<p><em>CRC Food Grade Dry Lube<\/em>\u00a0l\u00e0 ch\u1ea5t b\u00f4i tr\u01a1n d\u1ea1ng m\u00e0ng kh\u00f4 \u0111a n\u0103ng ti\u00ean ti\u1ebfn v\u1ec1 m\u1eb7t k\u1ef9 thu\u1eadt, \u0111\u01b0\u1ee3c b\u00f4i \u01b0\u1edbt v\u00e0 x\u1eed l\u00fd th\u00e0nh m\u00e0ng si\u00eau m\u1ecfng kh\u00f4, kh\u00f4ng nhu\u1ed9m m\u00e0u c\u1ee7a c\u00e1c h\u1ea1t PTFE submicron.\u00a0N\u00f3 th\u00e2m nh\u1eadp v\u00e0 li\u00ean k\u1ebft v\u1edbi kim lo\u1ea1i, g\u1ed7, cao su, nh\u1ef1a, th\u1ee7y tinh v\u00e0 h\u1ea7u h\u1ebft c\u00e1c b\u1ec1 m\u1eb7t kh\u00e1c v\u00e0 cung c\u1ea5p kh\u1ea3 n\u0103ng b\u00f4i tr\u01a1n l\u00e2u d\u00e0i \u1edf nh\u1eefng n\u01a1i m\u00e0 ch\u1ea5t b\u00f4i tr\u01a1n m\u00e0ng \u01b0\u1edbt th\u00f4ng th\u01b0\u1eddng kh\u00f3 \u00e1p d\u1ee5ng ho\u1eb7c gi\u1eef l\u1ea1i. \u00a0<em>CRC Food Grade Dry Lube<\/em>\u00a0l\u00fd t\u01b0\u1edfng \u0111\u1ec3 b\u00f4i tr\u01a1n trong m\u00f4i tr\u01b0\u1eddng nhi\u1ec1u b\u1ee5i b\u1ea9n, n\u01a1i c\u00e1c ch\u1ea5t g\u00e2y \u00f4 nhi\u1ec5m ho\u1eb7c c\u00e1c h\u1ea1t th\u1ee9c \u0103n trong kh\u00f4ng kh\u00ed c\u00f3 th\u1ec3 c\u1ea3n tr\u1edf ch\u1ea5t b\u00f4i tr\u01a1n \u01b0\u1edbt th\u00f4ng th\u01b0\u1eddng.<\/p>\n<p><em>CRC Food Grade Dry Lube<\/em>\u00a0ch\u1ed1ng d\u00ednh, gi\u1ea3m ma s\u00e1t, nhi\u1ec7t v\u00e0 m\u00e0i m\u00f2n v\u1edbi h\u1ec7 s\u1ed1 ma s\u00e1t r\u1ea5t th\u1ea5p trong ph\u1ea1m vi nhi\u1ec7t \u0111\u1ed9 r\u1ed9ng.\u00a0S\u1ebd kh\u00f4ng tan ch\u1ea3y, \u0111\u00f3ng b\u0103ng, ch\u1ea3y, g\u1ed9p l\u1ea1i ho\u1eb7c l\u00e0m nhi\u1ec5m b\u1ea9n c\u00e1c v\u1eadt li\u1ec7u trong qu\u00e1 tr\u00ecnh.<\/p>\n<p><em>CRC Food Grade Dry Lube<\/em>\u00a0l\u00fd t\u01b0\u1edfng cho c\u00e1c c\u01a1 ch\u1ebf tr\u01b0\u1ee3t v\u00e0 t\u1ea3i tr\u1ecdng c\u1ef1c l\u1edbn \u0111\u1ec3 gi\u1ea3m m\u00e0i m\u00f2n v\u00e0 ng\u0103n ch\u1eb7n s\u1ef1 co c\u1ee9ng ho\u1eb7c k\u1eb9t.\u00a0\u0110\u1ed1i v\u1edbi c\u00e1c c\u01a1 ch\u1ebf \u0111\u01b0\u1ee3c v\u1eadn h\u00e0nh kh\u00f4ng th\u01b0\u1eddng xuy\u00ean ho\u1eb7c \u0111\u01b0\u1ee3c b\u00f4i tr\u01a1n su\u1ed1t \u0111\u1eddi.<\/p>\n<p>D\u1ea3i nhi\u1ec7t \u0111\u1ed9 r\u1ed9ng t\u1eeb -20\u00b0C \u0111\u1ebfn +250\u00b0C.\u00a0B\u1ed9 K\u1ebf ho\u1ea1ch v\u00e0 \u0110\u1ea7u t\u01b0 Ph\u00ea duy\u1ec7t C15.\u00a0NZ Asure\u0110\u00e1nh gi\u00e1 ch\u1ea5t l\u01b0\u1ee3ng \u0111\u1ed1i v\u1edbi th\u1ef1c ph\u1ea9m\/\u0111\u1ed3 u\u1ed1ng bao g\u1ed3m c\u00e1c nh\u00e0 m\u00e1y s\u1eefa c\u00f3 ti\u1ebfp x\u00fac ng\u1eabu nhi\u00ean.<\/p>\n<h2><strong>C\u00e1c t\u00ednh n\u0103ng v\u00e0 l\u1ee3i \u00edch<\/strong><\/h2>\n<p><img decoding=\"async\" title=\"crc-3101-1-jpeg-1\" src=\"https:\/\/yenhung.com\/wp-content\/uploads\/2025\/11\/crc-3101-1-jpeg-1.jpg\" alt=\"M\u1ee1 b\u00f4i tr\u01a1n kh\u00f4 CRC Food Grade Dry Lube (Code: 3101) - 400ml\" data-thumb=\"large\" \/><\/p>\n<ul>\n<li><strong>\u0110\u00f3ng r\u1eafn th\u00e0nh m\u00e0ng kh\u00f4 m\u1ecfng c\u1ee7a c\u00e1c h\u1ea1t PTFE<\/strong>\u00a0\u2013 \u0110\u1ec3 b\u00f4i tr\u01a1n l\u00e2u d\u00e0i tuy\u1ec7t v\u1eddi<\/li>\n<li><strong>Ch\u1ed1ng t\u00edch t\u1ee5 b\u1ee5i v\u00e0 m\u1ea3nh v\u1ee5n s\u1ea3n ph\u1ea9m<\/strong>\u00a0\u2013 L\u00fd t\u01b0\u1edfng cho m\u00e1y m\u00f3c ch\u1ebf bi\u1ebfn v\u00e0 \u0111\u00f3ng g\u00f3i th\u1ef1c ph\u1ea9m<\/li>\n<li><strong>\u0110\u1ed9 b\u00e1m d\u00ednh tuy\u1ec7t v\u1eddi v\u1edbi h\u1ea7u h\u1ebft c\u00e1c b\u1ec1 m\u1eb7t<\/strong>\u00a0\u2013 Kim lo\u1ea1i, g\u1ed7, cao su, nh\u1ef1a, th\u1ee7y tinh v\u00e0 h\u1ea7u h\u1ebft c\u00e1c b\u1ec1 m\u1eb7t kh\u00e1c<\/li>\n<li><strong>\u0110\u1eb7c t\u00ednh ch\u1ed1ng t\u0129nh \u0111i\u1ec7n tuy\u1ec7t v\u1eddi<\/strong><\/li>\n<li><strong>Kh\u00f4ng ch\u1ee9a d\u1ea7u ho\u1eb7c silicone<\/strong><\/li>\n<li><strong>Van 360 \u0111\u1ed9<\/strong>\u00a0\u2013 B\u00ecnh x\u1ecbt c\u00f3 th\u1ec3 \u0111\u01b0\u1ee3c phun t\u1eeb m\u1ecdi v\u1ecb tr\u00ed th\u1eadm ch\u00ed l\u1ed9n ng\u01b0\u1ee3c<\/li>\n<li><strong>Kh\u00f4ng \u0111\u1ed9c h\u1ea1i, \u00edt m\u00f9i, kh\u00f4ng v\u1ecb<\/strong><\/li>\n<li><strong>D\u1ea3i nhi\u1ec7t \u0111\u1ed9 r\u1ed9ng<\/strong>\u00a0\u2013 Hi\u1ec7u qu\u1ea3 t\u1eeb -20\u00b0C \u0111\u1ebfn +250\u00b0C<\/li>\n<li><strong>B\u1ed9 K\u1ebf ho\u1ea1ch v\u00e0 \u0110\u1ea7u t\u01b0 ph\u00ea duy\u1ec7t C15<\/strong><\/li>\n<li><strong>NZ Asure \u0110\u00e1nh gi\u00e1 ch\u1ea5t l\u01b0\u1ee3ng cho th\u1ef1c ph\u1ea9m\/\u0111\u1ed3 u\u1ed1ng bao g\u1ed3m c\u00e1c nh\u00e0 m\u00e1y s\u1eefa c\u00f3 ti\u1ebfp x\u00fac ng\u1eabu nhi\u00ean<\/strong><\/li>\n<\/ul>\n<h2><strong>C\u00f4ng d\u1ee5ng<\/strong><\/h2>\n<p><img decoding=\"async\" title=\"crc-3101-2-jpeg-1\" src=\"https:\/\/yenhung.com\/wp-content\/uploads\/2025\/11\/crc-3101-2-jpeg-1.jpg\" alt=\"M\u1ee1 b\u00f4i tr\u01a1n kh\u00f4 CRC Food Grade Dry Lube (Code: 3101) - 400ml\" data-thumb=\"large\" \/><\/p>\n<ul>\n<li><strong>B\u00f4i tr\u01a1n c\u00e1c thi\u1ebft b\u1ecb ch\u1ebf bi\u1ebfn v\u00e0 x\u1eed l\u00fd th\u1ef1c ph\u1ea9m \u0111\u01b0\u1ee3c s\u1eed d\u1ee5ng \u1edf nhi\u1ec7t \u0111\u1ed9 cao<\/strong>\u00a0\u2013 L\u00f2 n\u01b0\u1edbng, b\u1ebfp l\u00f2, gi\u00e1 \u0111\u1ee1, m\u00e1ng tr\u01b0\u1ee3t, thanh d\u1eabn, \u0111\u01b0\u1eddng ray, b\u0103ng t\u1ea3i, m\u00e1y \u0111\u00f3ng chai, t\u1ee7 l\u1ea1nh, t\u1ee7 \u0111\u00f4ng<\/li>\n<li><strong>Ch\u1ea5t t\u00e1ch v\u00e0 t\u00e1ch khu\u00f4n tuy\u1ec7t v\u1eddi<\/strong>\u00a0\u2013 C\u00e1c d\u00e2y chuy\u1ec1n x\u1eed l\u00fd v\u00e0 ph\u00e2n lo\u1ea1i th\u1ef1c ph\u1ea9m l\u00e0m v\u01b0\u1eddn v\u00e0 c\u00e1c d\u00e2y chuy\u1ec1n kh\u00e1c, s\u1ea3n ph\u1ea9m s\u1ebd kh\u00f4ng d\u00ednh v\u00e0o thi\u1ebft b\u1ecb.\u00a0M\u00e1y tr\u1ed9n, m\u00e1y t\u1ea1o khu\u00f4n, m\u00e1y h\u00e2m b\u00e1nh, m\u00e1y l\u00e0m k\u1eb9o b\u00f4ng v\u00e0 b\u1ecfng ng\u00f4<\/li>\n<li><strong>N\u00ean d\u00f9ng cho m\u00e1y m\u00f3c \u0111\u00f3ng g\u00f3i th\u1ef1c ph\u1ea9m<\/strong>\u00a0\u2013 Kh\u00f4ng thu h\u00fat c\u00e1c h\u1ea1t gi\u1ea5y\/b\u00eca c\u1ee9ng ho\u1eb7c m\u1ea3nh v\u1ee5n s\u1ea3n ph\u1ea9m trong kh\u00f4ng kh\u00ed<\/li>\n<li><strong>C\u0169ng \u0111\u01b0\u1ee3c khuy\u1ebfn ngh\u1ecb cho c\u00e1c \u1ee9ng d\u1ee5ng b\u00f4i tr\u01a1n kim lo\u1ea1i-phi kim lo\u1ea1i v\u00e0 nh\u1ef1a-nh\u1ef1a<\/strong><\/li>\n<\/ul>\n<\/div>\n","protected":false},"excerpt":{"rendered":"<p><strong>PRODUCT CODE<\/strong>\u00a0: \u00a03101<br \/>\n<strong>T\u00ean sa\u0309n ph\u00e2\u0309m<\/strong>: CRC Food Grade Dry Lube \u2013 400ml \u2013 Ch\u1ea5t b\u00f4i tr\u01a1n kh\u00f4<br \/>\n<strong>T\u00ecnh tr\u1ea1ng:<\/strong>\u00a0Li\u00ean h\u1ec7 S\u0110T 090 666 5927 .<br \/>\n<strong>Kho:<\/strong>\u00a0H\u1ed3 Ch\u00ed Minh.<br \/>\n<strong>Li\u00ean h\u1ec7:<\/strong>\u00a0090.666.5927 (24\/7)<br \/>\n<strong>Giao h\u00e0ng:<\/strong>\u00a0Trong ng\u00e0y<\/p>\n","protected":false},"featured_media":7123,"comment_status":"closed","ping_status":"closed","template":"","meta":[],"product_brand":[],"product_cat":[157],"product_tag":[],"class_list":{"0":"post-7122","1":"product","2":"type-product","3":"status-publish","4":"has-post-thumbnail","6":"product_cat-crc","8":"first","9":"instock","10":"shipping-taxable","11":"product-type-simple"},"_links":{"self":[{"href":"https:\/\/yenhung.com\/index.php?rest_route=\/wp\/v2\/product\/7122","targetHints":{"allow":["GET"]}}],"collection":[{"href":"https:\/\/yenhung.com\/index.php?rest_route=\/wp\/v2\/product"}],"about":[{"href":"https:\/\/yenhung.com\/index.php?rest_route=\/wp\/v2\/types\/product"}],"replies":[{"embeddable":true,"href":"https:\/\/yenhung.com\/index.php?rest_route=%2Fwp%2Fv2%2Fcomments&post=7122"}],"wp:featuredmedia":[{"embeddable":true,"href":"https:\/\/yenhung.com\/index.php?rest_route=\/wp\/v2\/media\/7123"}],"wp:attachment":[{"href":"https:\/\/yenhung.com\/index.php?rest_route=%2Fwp%2Fv2%2Fmedia&parent=7122"}],"wp:term":[{"taxonomy":"product_brand","embeddable":true,"href":"https:\/\/yenhung.com\/index.php?rest_route=%2Fwp%2Fv2%2Fproduct_brand&post=7122"},{"taxonomy":"product_cat","embeddable":true,"href":"https:\/\/yenhung.com\/index.php?rest_route=%2Fwp%2Fv2%2Fproduct_cat&post=7122"},{"taxonomy":"product_tag","embeddable":true,"href":"https:\/\/yenhung.com\/index.php?rest_route=%2Fwp%2Fv2%2Fproduct_tag&post=7122"}],"curies":[{"name":"wp","href":"https:\/\/api.w.org\/{rel}","templated":true}]}}