{"id":7130,"date":"2025-11-10T07:55:41","date_gmt":"2025-11-10T07:55:41","guid":{"rendered":"https:\/\/yenhung.com\/?product=rocol-gasseal-white-pipe-sealant-300-g-p-n28042"},"modified":"2026-02-11T03:22:02","modified_gmt":"2026-02-11T03:22:02","slug":"rocol-gasseal-white-pipe-sealant-300-g-p-n28042","status":"publish","type":"product","link":"https:\/\/yenhung.com\/?product=rocol-gasseal-white-pipe-sealant-300-g-p-n28042","title":{"rendered":"Rocol gasseal white pipe sealant, 300 g, p\/n:28042"},"content":{"rendered":"<div class=\"ba-text-fpt\">\n<h2><strong>M\u00f4 t\u1ea3 s\u1ea3n ph\u1ea9m<\/strong><\/h2>\n<p><strong><img decoding=\"async\" title=\"rocol-gasseal-jpeg-2\" src=\"https:\/\/yenhung.com\/wp-content\/uploads\/2025\/11\/rocol-gasseal-jpeg-2.jpg\" alt=\"Rocol Gasseal White Pipe Sealant, 300 g, P\/N:28042\" data-thumb=\"large\" \/><\/strong><\/p>\n<p><strong>Ch\u1ea5t\u00a0tr\u00e1m \u0111\u01b0\u1eddng \u1ed1ng kh\u00f4ng \u0111\u00f4ng c\u1ee9ng CH\u00cdNH H\u00c3NG \u0111\u01b0\u1ee3c c\u00e1c th\u1ee3 l\u1eafp kh\u00ed tin\u00a0c\u1eady<\/strong><\/p>\n<ul>\n<li>Th\u00edch h\u1ee3p \u0111\u1ec3 s\u1eed d\u1ee5ng v\u1edbi\u00a0\u0111\u01b0\u1eddng \u1ed1ng d\u1eabn kh\u00ed t\u1ef1 nhi\u00ean v\u00e0\u00a0LPG<\/li>\n<li>\u0110\u01b0\u1ee3c\u00a0BSI\u00a0ki\u1ec3m tra \u0111\u1ed9c l\u1eadp theo BS EN 751-2: 1997 Ph\u1ea7n 2 Lo\u1ea1i B<\/li>\n<li>C\u00e1c kh\u1edbp c\u00f3 th\u1ec3 \u0111\u01b0\u1ee3c l\u1eafp r\u00e1p v\u00e0 ki\u1ec3m tra \u00e1p su\u1ea5t ngay l\u1eadp t\u1ee9c<\/li>\n<li>Kh\u00f4ng \u0103n m\u00f2n nh\u00f4m, \u0111\u1ed3ng thau, \u0111\u1ed3ng, th\u00e9p carbon th\u1ea5p v\u00e0 k\u1ebdm<\/li>\n<li>ch\u1ed1ng rung<\/li>\n<li>T\u01b0\u01a1ng th\u00edch v\u1edbi m\u00e1y ki\u1ec3m tra r\u00f2 r\u1ec9 t\u1ea1o b\u1ecdt<\/li>\n<li>Ch\u1ea5t b\u1ecbt k\u00edn \u0111\u01b0\u1eddng \u1ed1ng kh\u00f4ng \u0111\u00f4ng c\u1ee9ng<\/li>\n<\/ul>\n<h2><strong>Th\u00f4ng tin s\u1ea3n ph\u1ea9m<\/strong><\/h2>\n<p><img decoding=\"async\" style=\"width: 400px; height: 300px;\" title=\"rocol-gasseal-1-jpeg-1\" src=\"https:\/\/yenhung.com\/wp-content\/uploads\/2025\/11\/rocol-gasseal-1-jpeg-1.jpg\" alt=\"Rocol Gasseal White Pipe Sealant, 300 g, P\/N:28042\" data-thumb=\"large\" \/><\/p>\n<p>GASSEAL\u00a0l\u00e0 ch\u1ea5t tr\u00e1m \u0111\u01b0\u1eddng \u1ed1ng kh\u00f4ng \u0111\u00f4ng k\u1ebft \u0111\u01b0\u1ee3c s\u1eed d\u1ee5ng cho c\u00e1c m\u1ed1i n\u1ed1i ren kim lo\u1ea1i.<\/p>\n<p>GASSEAL\u00a0l\u00e0 h\u1ee3p ch\u1ea5t l\u00e0m k\u00edn m\u00e0u tr\u1eafng kh\u00f4ng \u0111\u00f4ng c\u1ee9ng, \u0111\u01b0\u1ee3c thi\u1ebft k\u1ebf ch\u1ee7 y\u1ebfu cho Kh\u00ed d\u1ea7u m\u1ecf h\u00f3a l\u1ecfng (\u00a0LPG\u00a0), Kh\u00ed t\u1ef1 nhi\u00ean, Kh\u00f4ng kh\u00ed &amp; N\u01b0\u1edbc.<\/p>\n<p>Do t\u00ednh ch\u1ea5t kh\u00f4ng \u0111\u00f4ng k\u1ebft,\u00a0ROCOL\u00a0GASSEAL\u00a0c\u00f3 th\u1ec3 \u0111\u01b0\u1ee3c ki\u1ec3m tra \u00e1p su\u1ea5t ngay sau khi m\u1ed1i n\u1ed1i \u0111\u01b0\u1ee3c t\u1ea1o ra.\u00a0\u0110i\u1ec1u n\u00e0y l\u00fd t\u01b0\u1edfng cho nh\u1eefng ng\u01b0\u1eddi l\u1eafp \u0111\u1eb7t gas \u0111\u00e3 \u0111\u0103ng k\u00fd, \u0111\u1eb7c bi\u1ec7t khi l\u00e0m vi\u1ec7c t\u1ea1i c\u00e1c c\u01a1 s\u1edf trong n\u01b0\u1edbc.<\/p>\n<p><img decoding=\"async\" title=\"rocol-gasseal-2-jpeg-1\" src=\"https:\/\/yenhung.com\/wp-content\/uploads\/2025\/11\/rocol-gasseal-2-jpeg-1.jpg\" alt=\"Rocol Gasseal White Pipe Sealant, 300 g, P\/N:28042\" data-thumb=\"large\" \/><\/p>\n<p>&nbsp;<\/p>\n<\/div>\n","protected":false},"excerpt":{"rendered":"<p><strong>T\u00ean sa\u0309n ph\u00e2\u0309m: GASSEAL<\/strong><\/p>\n","protected":false},"featured_media":7131,"comment_status":"closed","ping_status":"closed","template":"","meta":[],"product_brand":[],"product_cat":[158],"product_tag":[],"class_list":{"0":"post-7130","1":"product","2":"type-product","3":"status-publish","4":"has-post-thumbnail","6":"product_cat-rocol","8":"first","9":"instock","10":"shipping-taxable","11":"product-type-simple"},"_links":{"self":[{"href":"https:\/\/yenhung.com\/index.php?rest_route=\/wp\/v2\/product\/7130","targetHints":{"allow":["GET"]}}],"collection":[{"href":"https:\/\/yenhung.com\/index.php?rest_route=\/wp\/v2\/product"}],"about":[{"href":"https:\/\/yenhung.com\/index.php?rest_route=\/wp\/v2\/types\/product"}],"replies":[{"embeddable":true,"href":"https:\/\/yenhung.com\/index.php?rest_route=%2Fwp%2Fv2%2Fcomments&post=7130"}],"wp:featuredmedia":[{"embeddable":true,"href":"https:\/\/yenhung.com\/index.php?rest_route=\/wp\/v2\/media\/7131"}],"wp:attachment":[{"href":"https:\/\/yenhung.com\/index.php?rest_route=%2Fwp%2Fv2%2Fmedia&parent=7130"}],"wp:term":[{"taxonomy":"product_brand","embeddable":true,"href":"https:\/\/yenhung.com\/index.php?rest_route=%2Fwp%2Fv2%2Fproduct_brand&post=7130"},{"taxonomy":"product_cat","embeddable":true,"href":"https:\/\/yenhung.com\/index.php?rest_route=%2Fwp%2Fv2%2Fproduct_cat&post=7130"},{"taxonomy":"product_tag","embeddable":true,"href":"https:\/\/yenhung.com\/index.php?rest_route=%2Fwp%2Fv2%2Fproduct_tag&post=7130"}],"curies":[{"name":"wp","href":"https:\/\/api.w.org\/{rel}","templated":true}]}}