{"id":7146,"date":"2025-11-10T07:55:54","date_gmt":"2025-11-10T07:55:54","guid":{"rendered":"https:\/\/yenhung.com\/?product=rocol-rtd-compound-500g-part-number-53023"},"modified":"2026-02-11T02:30:40","modified_gmt":"2026-02-11T02:30:40","slug":"rocol-rtd-compound-500g-part-number-53023","status":"publish","type":"product","link":"https:\/\/yenhung.com\/?product=rocol-rtd-compound-500g-part-number-53023","title":{"rendered":"Rocol rtd compound 500g &#8211; part number: 53023"},"content":{"rendered":"<div class=\"ba-text-fpt\">\n<h2><strong>M\u00f4 t\u1ea3 ROCOL RTD Compound \u2013 H\u1ee3p ch\u1ea5t b\u00f4i tr\u01a1n c\u1eaft kim lo\u1ea1i d\u00f9ng tay<\/strong><\/h2>\n<p><img decoding=\"async\" title=\"rocol-rtd-compound-jpeg-2\" src=\"https:\/\/yenhung.com\/wp-content\/uploads\/2025\/11\/rocol-rtd-compound-jpeg-2.jpg\" alt=\"Rocol RTD Compound 500g - Part Number: 53023\" data-thumb=\"large\" \/><\/p>\n<p>\u2022 H\u1ee3p ch\u1ea5t c\u1eaft ROCOL k\u00e9o d\u00e0i tu\u1ed5i th\u1ecd d\u1ee5ng c\u1ee5.<\/p>\n<p>\u2022 C\u00f4ng th\u1ee9c d\u1ea1ng s\u1ec7t c\u1ea3i thi\u1ec7n b\u1ec1 m\u1eb7t ho\u00e0n thi\u1ec7n.<\/p>\n<p>\u2022 N\u00f3 l\u00e0m t\u0103ng t\u1ef7 l\u1ec7 lo\u1ea1i b\u1ecf.<\/p>\n<p>\u2022 S\u1ea3n ph\u1ea9m ROCOL b\u00e1n ch\u1ea1y nh\u1ea5t gi\u1ea3m chi ph\u00ed s\u1ea3n xu\u1ea5t.<\/p>\n<h2><strong>Th\u00f4ng tin s\u1ea3n ph\u1ea9m ROCOL RTD Compound \u2013 H\u1ee3p ch\u1ea5t b\u00f4i tr\u01a1n c\u1eaft kim lo\u1ea1i d\u00f9ng tay<\/strong><\/h2>\n<p><img decoding=\"async\" title=\"rocol-rtd-compound-2-jpeg-1\" src=\"https:\/\/yenhung.com\/wp-content\/uploads\/2025\/11\/rocol-rtd-compound-2-jpeg-1.jpg\" alt=\"Rocol RTD Compound 500g - Part Number: 53023\" data-thumb=\"large\" \/><img decoding=\"async\" title=\"rocol-rtd-compound-1-jpeg-1\" src=\"https:\/\/yenhung.com\/wp-content\/uploads\/2025\/11\/rocol-rtd-compound-1-jpeg-1.jpg\" alt=\"Rocol RTD Compound 500g - Part Number: 53023\" data-thumb=\"large\" \/><\/p>\n<p>H\u1ee3p ch\u1ea5t RTD l\u00e0 m\u1ed9t lo\u1ea1i b\u1ed9t nh\u00e3o m\u1ec1m \u0111\u01b0\u1ee3c s\u1eed d\u1ee5ng trong nhi\u1ec1u ho\u1ea1t \u0111\u1ed9ng c\u1eaft kim lo\u1ea1i, ch\u1eb3ng h\u1ea1n nh\u01b0 doa, ta r\u00f4 v\u00e0 khoan. N\u00f3 ph\u00f9 h\u1ee3p v\u1edbi t\u1ea5t c\u1ea3 c\u00e1c kim lo\u1ea1i bao g\u1ed3m th\u00e9p c\u1ee9ng, nimon v\u00e0 titan.<\/p>\n<p>H\u1ee3p ch\u1ea5t c\u1eaft h\u00e0ng \u0111\u1ea7u c\u1ee7a ch\u00fang t\u00f4i l\u00e0m gi\u1ea3m \u0111\u00e1ng k\u1ec3 ma s\u00e1t mang l\u1ea1i hi\u1ec7u su\u1ea5t c\u1eaft v\u01b0\u1ee3t tr\u1ed9i.<\/p>\n<\/div>\n","protected":false},"excerpt":{"rendered":"<p><strong>T\u00ean sa\u0309n ph\u00e2\u0309m: RTD Compound<\/strong><\/p>\n","protected":false},"featured_media":7147,"comment_status":"closed","ping_status":"closed","template":"","meta":[],"product_brand":[],"product_cat":[158],"product_tag":[],"class_list":{"0":"post-7146","1":"product","2":"type-product","3":"status-publish","4":"has-post-thumbnail","6":"product_cat-rocol","8":"first","9":"instock","10":"shipping-taxable","11":"product-type-simple"},"_links":{"self":[{"href":"https:\/\/yenhung.com\/index.php?rest_route=\/wp\/v2\/product\/7146","targetHints":{"allow":["GET"]}}],"collection":[{"href":"https:\/\/yenhung.com\/index.php?rest_route=\/wp\/v2\/product"}],"about":[{"href":"https:\/\/yenhung.com\/index.php?rest_route=\/wp\/v2\/types\/product"}],"replies":[{"embeddable":true,"href":"https:\/\/yenhung.com\/index.php?rest_route=%2Fwp%2Fv2%2Fcomments&post=7146"}],"wp:featuredmedia":[{"embeddable":true,"href":"https:\/\/yenhung.com\/index.php?rest_route=\/wp\/v2\/media\/7147"}],"wp:attachment":[{"href":"https:\/\/yenhung.com\/index.php?rest_route=%2Fwp%2Fv2%2Fmedia&parent=7146"}],"wp:term":[{"taxonomy":"product_brand","embeddable":true,"href":"https:\/\/yenhung.com\/index.php?rest_route=%2Fwp%2Fv2%2Fproduct_brand&post=7146"},{"taxonomy":"product_cat","embeddable":true,"href":"https:\/\/yenhung.com\/index.php?rest_route=%2Fwp%2Fv2%2Fproduct_cat&post=7146"},{"taxonomy":"product_tag","embeddable":true,"href":"https:\/\/yenhung.com\/index.php?rest_route=%2Fwp%2Fv2%2Fproduct_tag&post=7146"}],"curies":[{"name":"wp","href":"https:\/\/api.w.org\/{rel}","templated":true}]}}