{"id":7154,"date":"2025-11-10T07:57:46","date_gmt":"2025-11-10T07:57:46","guid":{"rendered":"https:\/\/yenhung.com\/?product=chat-tham-magnaflux-skl-wp2-5-gallon-thung"},"modified":"2026-02-11T02:33:35","modified_gmt":"2026-02-11T02:33:35","slug":"chat-tham-magnaflux-skl-wp2-5-gallon-thung","status":"publish","type":"product","link":"https:\/\/yenhung.com\/?product=chat-tham-magnaflux-skl-wp2-5-gallon-thung","title":{"rendered":"Ch\u1ea5t th\u1ea5m Magnaflux SKL-WP2 (5 gallon\/th\u00f9ng)"},"content":{"rendered":"<div class=\"ba-text-fpt\">\n<h2><strong>Ch\u1ea5t th\u1ea5m Magnaflux SKL-WP2 (5 gallon\/th\u00f9ng)<\/strong><\/h2>\n<p>\u0110\u00e2y l\u00e0 m\u1ed9t lo\u1ea1i <strong>ch\u1ea5t th\u1ea5m (penetrant) c\u00f3 th\u1ec3 r\u1eeda b\u1eb1ng n\u01b0\u1edbc, nh\u00ecn th\u1ea5y \u0111\u01b0\u1ee3c b\u1eb1ng m\u1eaft th\u01b0\u1eddng<\/strong> c\u1ee7a th\u01b0\u01a1ng hi\u1ec7u Magnaflux. SKL-WP2 l\u00e0 m\u1ed9t ph\u1ea7n quan tr\u1ecdng trong quy tr\u00ecnh ki\u1ec3m tra kh\u00f4ng ph\u00e1 h\u1ee7y (NDT) b\u1eb1ng ph\u01b0\u01a1ng ph\u00e1p <strong>ki\u1ec3m tra ch\u1ea5t l\u1ecfng th\u1ea9m th\u1ea5u (Liquid Penetrant Testing &#8211; PT)<\/strong>, d\u00f9ng \u0111\u1ec3 ph\u00e1t hi\u1ec7n c\u00e1c khuy\u1ebft t\u1eadt b\u1ec1 m\u1eb7t nh\u01b0 v\u1ebft n\u1ee9t, r\u1ed7, ho\u1eb7c c\u00e1c l\u1ed7i kh\u00e1c tr\u00ean v\u1eadt li\u1ec7u.<\/p>\n<p><img decoding=\"async\" title=\"magnaflux-skl-wp2-d-1750645864803-2\" src=\"https:\/\/yenhung.com\/wp-content\/uploads\/2025\/11\/magnaflux-skl-wp2-d-1750645864803-2.jpg\" alt=\"Ch\u1ea5t th\u1ea5m Magnaflux SKL-WP2 (5 gallon\/th\u00f9ng)\" data-thumb=\"large\" \/><\/p>\n<p style=\"margin-bottom: 11px;\"><span style=\"font-size: 11pt;\"><span style=\"line-height: normal;\"><span style=\"font-family: Calibri,sans-serif;\"><b><span style=\"font-size: 13.5pt;\"><span style=\"font-family: 'Times New Roman',serif;\">\u0110\u1eb7c \u0111i\u1ec3m n\u1ed5i b\u1eadt c\u1ee7a Magnaflux SKL-WP2<\/span><\/span><\/b><\/span><\/span><\/span><\/p>\n<p style=\"margin-bottom: 11px;\"><span style=\"font-size: 11pt;\"><span style=\"line-height: normal;\"><span style=\"font-family: Calibri,sans-serif;\"><span style=\"font-size: 12.0pt;\"><span style=\"font-family: 'Times New Roman',serif;\">Magnaflux SKL-WP2 thu\u1ed9c d\u00f2ng s\u1ea3n ph\u1ea9m <b>Spotcheck\u00ae<\/b> c\u1ee7a Magnaflux v\u00e0 c\u00f3 nh\u1eefng \u0111\u1eb7c \u0111i\u1ec3m ch\u00ednh sau:<\/span><\/span><\/span><\/span><\/span><\/p>\n<ul>\n<li style=\"margin-bottom: 11px;\"><span style=\"font-size: 11pt;\"><span style=\"line-height: normal;\"><span style=\"tab-stops: list 36.0pt;\"><span style=\"font-family: Calibri,sans-serif;\"><b><span style=\"font-size: 12.0pt;\"><span style=\"font-family: 'Times New Roman',serif;\">Ch\u1ea5t th\u1ea5m nh\u00ecn th\u1ea5y \u0111\u01b0\u1ee3c (Visible Dye Penetrant &#8211; Type 2):<\/span><\/span><\/b><span style=\"font-size: 12.0pt;\"><span style=\"font-family: 'Times New Roman',serif;\"> S\u1ea3n ph\u1ea9m c\u00f3 m\u00e0u \u0111\u1ecf t\u01b0\u01a1i, t\u1ea1o \u0111\u1ed9 t\u01b0\u01a1ng ph\u1ea3n cao v\u1edbi n\u1ec1n tr\u1eafng c\u1ee7a thu\u1ed1c hi\u1ec7n (developer), gi\u00fap d\u1ec5 d\u00e0ng nh\u00ecn th\u1ea5y c\u00e1c khuy\u1ebft t\u1eadt d\u01b0\u1edbi \u00e1nh s\u00e1ng tr\u1eafng th\u00f4ng th\u01b0\u1eddng, kh\u00f4ng c\u1ea7n \u0111\u00e8n UV.<\/span><\/span><\/span><\/span><\/span><\/span><\/li>\n<li style=\"margin-bottom: 11px;\"><span style=\"font-size: 11pt;\"><span style=\"line-height: normal;\"><span style=\"tab-stops: list 36.0pt;\"><span style=\"font-family: Calibri,sans-serif;\"><span style=\"font-size: 12.0pt;\"><span style=\"font-family: 'Times New Roman',serif;\"><img decoding=\"async\" title=\"magnaflux-skl-wp2-a-1750645867719-1\" src=\"https:\/\/yenhung.com\/wp-content\/uploads\/2025\/11\/magnaflux-skl-wp2-a-1750645867719-1.jpg\" alt=\"Ch\u1ea5t th\u1ea5m Magnaflux SKL-WP2 (5 gallon\/th\u00f9ng)\" data-thumb=\"large\" \/><\/span><\/span><\/span><\/span><\/span><\/span><\/li>\n<li style=\"margin-bottom: 11px;\"><span style=\"font-size: 11pt;\"><span style=\"line-height: normal;\"><span style=\"tab-stops: list 36.0pt;\"><span style=\"font-family: Calibri,sans-serif;\"><b><span style=\"font-size: 12.0pt;\"><span style=\"font-family: 'Times New Roman',serif;\">C\u00f3 th\u1ec3 r\u1eeda b\u1eb1ng n\u01b0\u1edbc (Water-Washable &#8211; Method A\/C):<\/span><\/span><\/b><span style=\"font-size: 12.0pt;\"><span style=\"font-family: 'Times New Roman',serif;\"> \u0110\u00e2y l\u00e0 \u01b0u \u0111i\u1ec3m n\u1ed5i b\u1eadt. SKL-WP2 \u0111\u01b0\u1ee3c thi\u1ebft k\u1ebf \u0111\u1ec3 lo\u1ea1i b\u1ecf d\u1ec5 d\u00e0ng b\u1eb1ng n\u01b0\u1edbc (ph\u01b0\u01a1ng ph\u00e1p A) ho\u1eb7c dung m\u00f4i l\u00e0m s\u1ea1ch (ph\u01b0\u01a1ng ph\u00e1p C) sau khi th\u1ea9m th\u1ea5u, gi\u00fap qu\u00e1 tr\u00ecnh ki\u1ec3m tra nhanh ch\u00f3ng v\u00e0 gi\u1ea3m chi ph\u00ed v\u1ec7 sinh, \u0111\u1eb7c bi\u1ec7t tr\u00ean c\u00e1c b\u1ec1 m\u1eb7t l\u1edbn ho\u1eb7c th\u00f4 r\u00e1p.<\/span><\/span><\/span><\/span><\/span><\/span><\/li>\n<li style=\"margin-bottom: 11px;\"><span style=\"font-size: 11pt;\"><span style=\"line-height: normal;\"><span style=\"tab-stops: list 36.0pt;\"><span style=\"font-family: Calibri,sans-serif;\"><b><span style=\"font-size: 12.0pt;\"><span style=\"font-family: 'Times New Roman',serif;\">Kh\u1ea3 n\u0103ng th\u1ea9m th\u1ea5u v\u01b0\u1ee3t tr\u1ed9i:<\/span><\/span><\/b><span style=\"font-size: 12.0pt;\"><span style=\"font-family: 'Times New Roman',serif;\"> Ch\u1ea5t l\u1ecfng c\u00f3 kh\u1ea3 n\u0103ng th\u1ea5m h\u00fat m\u1ea1nh m\u1ebd v\u00e0o c\u00e1c khe n\u1ee9t nh\u1ecf nh\u1ea5t tr\u00ean b\u1ec1 m\u1eb7t v\u1eadt li\u1ec7u.<\/span><\/span><\/span><\/span><\/span><\/span><\/li>\n<li style=\"margin-bottom: 11px;\"><span style=\"font-size: 11pt;\"><span style=\"line-height: normal;\"><span style=\"tab-stops: list 36.0pt;\"><span style=\"font-family: Calibri,sans-serif;\"><b><span style=\"font-size: 12.0pt;\"><span style=\"font-family: 'Times New Roman',serif;\">Ph\u00e1t hi\u1ec7n khuy\u1ebft t\u1eadt r\u00f5 r\u00e0ng:<\/span><\/span><\/b><span style=\"font-size: 12.0pt;\"><span style=\"font-family: 'Times New Roman',serif;\"> T\u1ea1o ra c\u00e1c ch\u1ec9 th\u1ecb m\u00e0u \u0111\u1ecf t\u01b0\u01a1i v\u00e0 s\u1eafc n\u00e9t, gi\u00fap d\u1ec5 d\u00e0ng nh\u1eadn di\u1ec7n c\u00e1c v\u1ebft n\u1ee9t, r\u1ed7, l\u1ed7 h\u1ed5ng, ho\u1eb7c c\u00e1c khuy\u1ebft t\u1eadt kh\u00e1c tr\u00ean b\u1ec1 m\u1eb7t.<\/span><\/span><\/span><\/span><\/span><\/span><\/li>\n<li style=\"margin-bottom: 11px;\"><span style=\"font-size: 11pt;\"><span style=\"line-height: normal;\"><span style=\"tab-stops: list 36.0pt;\"><span style=\"font-family: Calibri,sans-serif;\"><span style=\"font-size: 12.0pt;\"><span style=\"font-family: 'Times New Roman',serif;\"><img decoding=\"async\" title=\"magnaflux-skl-wp2-c-1750645865283-1\" src=\"https:\/\/yenhung.com\/wp-content\/uploads\/2025\/11\/magnaflux-skl-wp2-c-1750645865283-1.jpg\" alt=\"Ch\u1ea5t th\u1ea5m Magnaflux SKL-WP2 (5 gallon\/th\u00f9ng)\" data-thumb=\"large\" \/><\/span><\/span><\/span><\/span><\/span><\/span><\/li>\n<li style=\"margin-bottom: 11px;\"><span style=\"font-size: 11pt;\"><span style=\"line-height: normal;\"><span style=\"tab-stops: list 36.0pt;\"><span style=\"font-family: Calibri,sans-serif;\"><b><span style=\"font-size: 12.0pt;\"><span style=\"font-family: 'Times New Roman',serif;\">\u0110\u1ed9 nh\u1ea1y ISO 3452 c\u1ea5p \u0111\u1ed9 #2:<\/span><\/span><\/b><span style=\"font-size: 12.0pt;\"><span style=\"font-family: 'Times New Roman',serif;\"> Cho th\u1ea5y kh\u1ea3 n\u0103ng ph\u00e1t hi\u1ec7n c\u00e1c khuy\u1ebft t\u1eadt nh\u1ecf.<\/span><\/span><\/span><\/span><\/span><\/span><\/li>\n<li style=\"margin-bottom: 11px;\"><span style=\"font-size: 11pt;\"><span style=\"line-height: normal;\"><span style=\"tab-stops: list 36.0pt;\"><span style=\"font-family: Calibri,sans-serif;\"><b><span style=\"font-size: 12.0pt;\"><span style=\"font-family: 'Times New Roman',serif;\">\u0110\u1ed9 tin c\u1eady cao:<\/span><\/span><\/b><span style=\"font-size: 12.0pt;\"><span style=\"font-family: 'Times New Roman',serif;\"> \u0110\u1ea3m b\u1ea3o k\u1ebft qu\u1ea3 ki\u1ec3m tra nh\u1ea5t qu\u00e1n v\u00e0 ch\u00ednh x\u00e1c.<\/span><\/span><\/span><\/span><\/span><\/span><\/li>\n<li style=\"margin-bottom: 11px;\"><span style=\"font-size: 11pt;\"><span style=\"line-height: normal;\"><span style=\"tab-stops: list 36.0pt;\"><span style=\"font-family: Calibri,sans-serif;\"><b><span style=\"font-size: 12.0pt;\"><span style=\"font-family: 'Times New Roman',serif;\">\u0110a d\u1ea1ng \u1ee9ng d\u1ee5ng:<\/span><\/span><\/b><span style=\"font-size: 12.0pt;\"><span style=\"font-family: 'Times New Roman',serif;\"> C\u00f3 th\u1ec3 s\u1eed d\u1ee5ng tr\u00ean nhi\u1ec1u lo\u1ea1i kim lo\u1ea1i, bao g\u1ed3m c\u1ea3 kim lo\u1ea1i \u0111en (ferrous) v\u00e0 kim lo\u1ea1i m\u00e0u (non-ferrous), c\u0169ng nh\u01b0 m\u1ed9t s\u1ed1 v\u1eadt li\u1ec7u kh\u00e1c nh\u01b0 nh\u1ef1a, g\u1ed1m s\u1ee9.<\/span><\/span><\/span><\/span><\/span><\/span><\/li>\n<li style=\"margin-bottom: 11px;\"><span style=\"font-size: 11pt;\"><span style=\"line-height: normal;\"><span style=\"tab-stops: list 36.0pt;\"><span style=\"font-family: Calibri,sans-serif;\"><b><span style=\"font-size: 12.0pt;\"><span style=\"font-family: 'Times New Roman',serif;\">Th\u00e2n thi\u1ec7n v\u1edbi ng\u01b0\u1eddi d\u00f9ng:<\/span><\/span><\/b><span style=\"font-size: 12.0pt;\"><span style=\"font-family: 'Times New Roman',serif;\"> M\u00f9i th\u1ea5p, d\u1ec5 s\u1eed d\u1ee5ng, th\u01b0\u1eddng c\u00f3 s\u1eb5n d\u1ea1ng b\u00ecnh x\u1ecbt aerosol ti\u1ec7n l\u1ee3i cho vi\u1ec7c s\u1eed d\u1ee5ng t\u1ea1i hi\u1ec7n tr\u01b0\u1eddng.<\/span><\/span><\/span><\/span><\/span><\/span><\/li>\n<li style=\"margin-bottom: 11px;\"><span style=\"font-size: 11pt;\"><span style=\"line-height: normal;\"><span style=\"tab-stops: list 36.0pt;\"><span style=\"font-family: Calibri,sans-serif;\"><b><span style=\"font-size: 12.0pt;\"><span style=\"font-family: 'Times New Roman',serif;\">\u0110\u00e1p \u1ee9ng ti\u00eau chu\u1ea9n c\u00f4ng nghi\u1ec7p:<\/span><\/span><\/b><span style=\"font-size: 12.0pt;\"><span style=\"font-family: 'Times New Roman',serif;\"> \u0110\u1ea1t c\u00e1c ti\u00eau chu\u1ea9n nh\u01b0 <b>AMS 2644, ASME B&amp;PV Code, Section V, ASTM E 165, ASTM E 1417<\/b>, v.v., \u0111\u1ea3m b\u1ea3o ch\u1ea5t l\u01b0\u1ee3ng v\u00e0 an to\u00e0n cho c\u00e1c \u1ee9ng d\u1ee5ng c\u00f4ng nghi\u1ec7p chuy\u00ean nghi\u1ec7p.<\/span><\/span><\/span><\/span><\/span><\/span>\n<p style=\"margin-bottom: 11px;\"><span style=\"font-size: 11pt;\"><span style=\"line-height: normal;\"><span style=\"font-family: Calibri,sans-serif;\"><b><span style=\"font-size: 13.5pt;\"><span style=\"font-family: 'Times New Roman',serif;\">\u1ee8ng d\u1ee5ng c\u1ee7a Magnaflux SKL-WP2<\/span><\/span><\/b><\/span><\/span><\/span><\/p>\n<p style=\"margin-bottom: 11px;\"><span style=\"font-size: 11pt;\"><span style=\"line-height: normal;\"><span style=\"font-family: Calibri,sans-serif;\"><span style=\"font-size: 12.0pt;\"><span style=\"font-family: 'Times New Roman',serif;\">SKL-WP2 \u0111\u01b0\u1ee3c s\u1eed d\u1ee5ng r\u1ed9ng r\u00e3i trong quy tr\u00ecnh ki\u1ec3m tra kh\u00f4ng ph\u00e1 h\u1ee7y \u0111\u1ec3 ph\u00e1t hi\u1ec7n c\u00e1c khuy\u1ebft t\u1eadt h\u1edf ra b\u1ec1 m\u1eb7t trong nhi\u1ec1u ng\u00e0nh c\u00f4ng nghi\u1ec7p:<\/span><\/span><\/span><\/span><\/span><\/p>\n<\/li>\n<li style=\"margin-bottom: 11px;\"><span style=\"font-size: 11pt;\"><span style=\"line-height: normal;\"><span style=\"tab-stops: list 36.0pt;\"><span style=\"font-family: Calibri,sans-serif;\"><b><span style=\"font-size: 12.0pt;\"><span style=\"font-family: 'Times New Roman',serif;\">Ki\u1ec3m tra m\u1ed1i h\u00e0n:<\/span><\/span><\/b><span style=\"font-size: 12.0pt;\"><span style=\"font-family: 'Times New Roman',serif;\"> Ph\u00e1t hi\u1ec7n c\u00e1c v\u1ebft n\u1ee9t, r\u1ed7, thi\u1ebfu li\u00ean k\u1ebft tr\u00ean m\u1ed1i h\u00e0n.<\/span><\/span><\/span><\/span><\/span><\/span><\/li>\n<li style=\"margin-bottom: 11px;\"><span style=\"font-size: 11pt;\"><span style=\"line-height: normal;\"><span style=\"tab-stops: list 36.0pt;\"><span style=\"font-family: Calibri,sans-serif;\"><b><span style=\"font-size: 12.0pt;\"><span style=\"font-family: 'Times New Roman',serif;\">Ki\u1ec3m tra \u0111\u00fac:<\/span><\/span><\/b><span style=\"font-size: 12.0pt;\"><span style=\"font-family: 'Times New Roman',serif;\"> T\u00ecm ki\u1ebfm c\u00e1c v\u1ebft n\u1ee9t, r\u1ed7 kh\u00ed tr\u00ean v\u1eadt \u0111\u00fac.<\/span><\/span><\/span><\/span><\/span><\/span><\/li>\n<li style=\"margin-bottom: 11px;\"><span style=\"font-size: 11pt;\"><span style=\"line-height: normal;\"><span style=\"tab-stops: list 36.0pt;\"><span style=\"font-family: Calibri,sans-serif;\"><b><span style=\"font-size: 12.0pt;\"><span style=\"font-family: 'Times New Roman',serif;\">Ki\u1ec3m tra r\u00e8n:<\/span><\/span><\/b><span style=\"font-size: 12.0pt;\"><span style=\"font-family: 'Times New Roman',serif;\"> Ph\u00e1t hi\u1ec7n c\u00e1c v\u1ebft n\u1ee9t do qu\u00e1 tr\u00ecnh r\u00e8n.<\/span><\/span><\/span><\/span><\/span><\/span><\/li>\n<li style=\"margin-bottom: 11px;\"><span style=\"font-size: 11pt;\"><span style=\"line-height: normal;\"><span style=\"tab-stops: list 36.0pt;\"><span style=\"font-family: Calibri,sans-serif;\"><b><span style=\"font-size: 12.0pt;\"><span style=\"font-family: 'Times New Roman',serif;\">Ki\u1ec3m tra b\u00ecnh \u00e1p l\u1ef1c:<\/span><\/span><\/b><span style=\"font-size: 12.0pt;\"><span style=\"font-family: 'Times New Roman',serif;\"> \u0110\u1ea3m b\u1ea3o t\u00ednh to\u00e0n v\u1eb9n c\u1ee7a c\u00e1c b\u00ecnh ch\u1ee9a \u00e1p l\u1ef1c.<\/span><\/span><\/span><\/span><\/span><\/span><\/li>\n<li style=\"margin-bottom: 11px;\"><span style=\"font-size: 11pt;\"><span style=\"line-height: normal;\"><span style=\"tab-stops: list 36.0pt;\"><span style=\"font-family: Calibri,sans-serif;\"><b><span style=\"font-size: 12.0pt;\"><span style=\"font-family: 'Times New Roman',serif;\">Ki\u1ec3m tra r\u00f2 r\u1ec9:<\/span><\/span><\/b><span style=\"font-size: 12.0pt;\"><span style=\"font-family: 'Times New Roman',serif;\"> Ph\u00e1t hi\u1ec7n c\u00e1c \u0111i\u1ec3m r\u00f2 r\u1ec9 nh\u1ecf.<\/span><\/span><\/span><\/span><\/span><\/span><\/li>\n<li style=\"margin-bottom: 11px;\"><span style=\"font-size: 11pt;\"><span style=\"line-height: normal;\"><span style=\"tab-stops: list 36.0pt;\"><span style=\"font-family: Calibri,sans-serif;\"><b><span style=\"font-size: 12.0pt;\"><span style=\"font-family: 'Times New Roman',serif;\">Ki\u1ec3m tra kim lo\u1ea1i n\u00f3i chung:<\/span><\/span><\/b><span style=\"font-size: 12.0pt;\"><span style=\"font-family: 'Times New Roman',serif;\"> \u00c1p d\u1ee5ng cho c\u00e1c c\u00f4ng vi\u1ec7c kim lo\u1ea1i th\u00f4ng th\u01b0\u1eddng, linh ki\u1ec7n m\u00e1y m\u00f3c.<\/span><\/span><\/span><\/span><\/span><\/span><\/li>\n<li style=\"margin-bottom: 11px;\"><span style=\"font-size: 11pt;\"><span style=\"line-height: normal;\"><span style=\"tab-stops: list 36.0pt;\"><span style=\"font-family: Calibri,sans-serif;\"><b><span style=\"font-size: 12.0pt;\"><span style=\"font-family: 'Times New Roman',serif;\">C\u00e1c b\u1ed9 ph\u1eadn l\u1edbn v\u00e0 b\u1ec1 m\u1eb7t th\u00f4:<\/span><\/span><\/b><span style=\"font-size: 12.0pt;\"><span style=\"font-family: 'Times New Roman',serif;\"> \u0110\u1eb7c bi\u1ec7t hi\u1ec7u qu\u1ea3 khi l\u00e0m s\u1ea1ch d\u01b0 l\u01b0\u1ee3ng ch\u1ea5t th\u1ea5m kh\u00f3 kh\u0103n v\u1edbi dung m\u00f4i.<\/span><\/span><\/span><\/span><\/span><\/span><\/li>\n<\/ul>\n<\/div>\n","protected":false},"excerpt":{"rendered":"<p><strong>S\u1ea3n ph\u1ea9m:<\/strong>\u00a0Ch\u1ea5t th\u1ea5m Magnaflux SKL-WP2 (5 gallon\/th\u00f9ng)<\/p>\n","protected":false},"featured_media":7155,"comment_status":"closed","ping_status":"closed","template":"","meta":[],"product_brand":[],"product_cat":[159],"product_tag":[],"class_list":{"0":"post-7154","1":"product","2":"type-product","3":"status-publish","4":"has-post-thumbnail","6":"product_cat-magnaflux","8":"first","9":"instock","10":"shipping-taxable","11":"product-type-simple"},"_links":{"self":[{"href":"https:\/\/yenhung.com\/index.php?rest_route=\/wp\/v2\/product\/7154","targetHints":{"allow":["GET"]}}],"collection":[{"href":"https:\/\/yenhung.com\/index.php?rest_route=\/wp\/v2\/product"}],"about":[{"href":"https:\/\/yenhung.com\/index.php?rest_route=\/wp\/v2\/types\/product"}],"replies":[{"embeddable":true,"href":"https:\/\/yenhung.com\/index.php?rest_route=%2Fwp%2Fv2%2Fcomments&post=7154"}],"wp:featuredmedia":[{"embeddable":true,"href":"https:\/\/yenhung.com\/index.php?rest_route=\/wp\/v2\/media\/7155"}],"wp:attachment":[{"href":"https:\/\/yenhung.com\/index.php?rest_route=%2Fwp%2Fv2%2Fmedia&parent=7154"}],"wp:term":[{"taxonomy":"product_brand","embeddable":true,"href":"https:\/\/yenhung.com\/index.php?rest_route=%2Fwp%2Fv2%2Fproduct_brand&post=7154"},{"taxonomy":"product_cat","embeddable":true,"href":"https:\/\/yenhung.com\/index.php?rest_route=%2Fwp%2Fv2%2Fproduct_cat&post=7154"},{"taxonomy":"product_tag","embeddable":true,"href":"https:\/\/yenhung.com\/index.php?rest_route=%2Fwp%2Fv2%2Fproduct_tag&post=7154"}],"curies":[{"name":"wp","href":"https:\/\/api.w.org\/{rel}","templated":true}]}}