{"id":7201,"date":"2025-11-10T07:58:26","date_gmt":"2025-11-10T07:58:26","guid":{"rendered":"https:\/\/yenhung.com\/?product=chat-hien-magnaflux-skd-s2"},"modified":"2026-02-11T02:26:36","modified_gmt":"2026-02-11T02:26:36","slug":"chat-hien-magnaflux-skd-s2","status":"publish","type":"product","link":"https:\/\/yenhung.com\/?product=chat-hien-magnaflux-skd-s2","title":{"rendered":"Ch\u1ea5t hi\u1ec7n Magnaflux SKD-S2"},"content":{"rendered":"<div class=\"ba-text-fpt\">\n<h2><strong>M\u00f4 t\u1ea3 s\u1ea3n ph\u1ea9m <\/strong><\/h2>\n<p><img decoding=\"async\" title=\"skd-s2-jpeg-1\" src=\"https:\/\/yenhung.com\/wp-content\/uploads\/2025\/11\/skd-s2-jpeg-1.jpg\" alt=\"B\u00ecnh x\u1ecbt t\u0103ng c\u01b0\u1eddng ph\u00e1t hi\u1ec7n v\u1ebft n\u1ee9t Magnaflux SKD-S2\" data-thumb=\"large\" \/><\/p>\n<p>SKD-S2 c\u00f3 m\u00e0u tr\u1eafng s\u00e1ng, kh\u00f4ng ch\u1ee9a n\u01b0\u1edbc, t\u1ea1o ra m\u1ed9t n\u1ec1n tr\u1eafng \u0111\u1ee5c \u0111\u1ec3 ki\u1ec3m tra ch\u1ea5t th\u00e2m nh\u1eadp c\u00f3 \u0111\u1ed9 t\u01b0\u01a1ng ph\u1ea3n cao v\u00e0 nhanh ch\u00f3ng h\u00fat ch\u1ea5t th\u00e2m nh\u1eadp ra ngo\u00e0i \u0111\u1ec3 t\u1ea1o ra c\u00e1c ch\u1ec9 b\u00e1o r\u00f5 r\u00e0ng h\u01a1n cho \u0111\u1ed9 tin c\u1eady v\u00e0 \u0111\u1ed9 nh\u1ea1y c\u1ee7a ki\u1ec3m tra t\u1ed1t h\u01a1n.<\/p>\n<p>\u0110\u01b0\u1ee3c ch\u00fa \u00fd v\u00ec kh\u1ea3 n\u0103ng t\u01b0\u01a1ng th\u00edch v\u1edbi c\u00e1c h\u1ee3p kim \u0111\u1eb7c bi\u1ec7t, ch\u1eb3ng h\u1ea1n nh\u01b0 th\u00e9p kh\u00f4ng g\u1ec9, nh\u00f4m, magi\u00ea v\u00e0 titan, SKD-S2 kh\u00f4ng halogen h\u00f3a, c\u00f3 th\u1ec3 \u0111\u01b0\u1ee3c s\u1eed d\u1ee5ng v\u1edbi ch\u1ea5t th\u00e2m nh\u1eadp Lo\u1ea1i 1 &amp; Lo\u1ea1i 2. Nh\u00e0 ph\u00e1t tri\u1ec3n d\u1ef1a tr\u00ean dung m\u00f4i n\u00e0y \u0111\u00e1p \u1ee9ng c\u00e1c y\u00eau c\u1ea7u c\u1ee7a ng\u00e0nh h\u00e0ng kh\u00f4ng v\u0169 tr\u1ee5 v\u00e0 h\u1ea1t nh\u00e2n, \u0111\u1ed3ng th\u1eddi tu\u00e2n th\u1ee7 t\u1ea5t c\u1ea3 c\u00e1c th\u00f4ng s\u1ed1 k\u1ef9 thu\u1eadt NDT ch\u00ednh, bao g\u1ed3m c\u1ea3 ISO 3452.<\/p>\n<p>SKD-S2 gi\u00fap \u0111\u1ea9y nhanh qu\u00e1 tr\u00ecnh ki\u1ec3m tra b\u1eb1ng c\u00e1ch di\u1ec5n ra d\u1ec5 d\u00e0ng, l\u00e0m kh\u00f4 nhanh ch\u00f3ng, th\u00fac \u0111\u1ea9y qu\u00e1 tr\u00ecnh h\u00ecnh th\u00e0nh d\u1ea5u hi\u1ec7u nhanh h\u01a1n v\u00e0 gi\u1ea3m thi\u1ec3u vi\u1ec7c l\u00e0m s\u1ea1ch sau ki\u1ec3m tra. N\u00f3 l\u00fd t\u01b0\u1edfng cho c\u00e1c c\u1eeda h\u00e0ng m\u00e1y m\u00f3c, ki\u1ec3m tra m\u1ed1i h\u00e0n v\u00e0 c\u00e1c \u1ee9ng d\u1ee5ng hi\u1ec7n tr\u01b0\u1eddng.<\/p>\n<p>SKD-S2 \u0111\u01b0\u1ee3c li\u1ec7t k\u00ea trong Danh s\u00e1ch S\u1ea3n ph\u1ea9m \u0110\u1ee7 ti\u00eau chu\u1ea9n QPL SAE AMS 2644 v\u00e0 \u0111\u01b0\u1ee3c ph\u00ea duy\u1ec7t b\u1edfi nhi\u1ec1u H\u00e3ng h\u00e0ng kh\u00f4ng v\u0169 tr\u1ee5 bao g\u1ed3m Boeing, GE v\u00e0 Honeywell.<\/p>\n<h2><strong>\u1ee8ng d\u1ee5ng linh ho\u1ea1t<\/strong><\/h2>\n<p><strong><img decoding=\"async\" title=\"skd-s2-1-2\" src=\"https:\/\/yenhung.com\/wp-content\/uploads\/2025\/11\/skd-s2-1-2.png\" alt=\"B\u00ecnh x\u1ecbt t\u0103ng c\u01b0\u1eddng ph\u00e1t hi\u1ec7n v\u1ebft n\u1ee9t Magnaflux SKD-S2\" data-thumb=\"large\" \/><\/strong><\/p>\n<p>C\u00f3 th\u1ec3 \u0111\u01b0\u1ee3c s\u1eed d\u1ee5ng v\u1edbi nhi\u1ec1u lo\u1ea1i ch\u1ea5t th\u00e2m nh\u1eadp Lo\u1ea1i 2 v\u00e0 Lo\u1ea1i 1 trong nhi\u1ec1u tr\u01b0\u1eddng h\u1ee3p kh\u00e1c nhau m\u00e0 kh\u00f4ng c\u1ea7n \u0111o ho\u1eb7c pha lo\u00e3ng<\/p>\n<p>S\u1eed d\u1ee5ng v\u1edbi nhi\u1ec1u lo\u1ea1i m\u00e1y phun kh\u00e1c nhau, h\u00e3y ch\u1ecdn m\u00e1y phun ph\u00f9 h\u1ee3p nh\u1ea5t cho \u1ee9ng d\u1ee5ng c\u1ee7a b\u1ea1n<\/p>\n<p>Tu\u00e2n theo ISO 3452 cho ph\u00e9p SKD-S2 \u0111\u01b0\u1ee3c s\u1eed d\u1ee5ng \u0111\u1ec3 ki\u1ec3m tra m\u1ed9t lo\u1ea1t c\u00e1c b\u1ed9 ph\u1eadn<\/p>\n<h2><strong>L\u00e0m s\u1ea1ch nhanh h\u01a1n<\/strong><\/h2>\n<p>Gi\u1ea3m th\u1eddi gian quy tr\u00ecnh ki\u1ec3m tra b\u1eb1ng c\u00e1ch gi\u1ea3m thi\u1ec3u vi\u1ec7c l\u00e0m s\u1ea1ch sau ki\u1ec3m tra<\/p>\n<p>C\u00f4ng th\u1ee9c d\u1ec5 \u00e1p \u200b\u200bd\u1ee5ng ti\u1ebfp t\u1ee5c s\u1ea1ch s\u1ebd, kh\u00f4 nhanh v\u00e0 th\u00fac \u0111\u1ea9y qu\u00e1 tr\u00ecnh h\u00ecnh th\u00e0nh ch\u1ec9 b\u00e1o nhanh h\u01a1n \u0111\u1ec3 r\u00fat ng\u1eafn th\u1eddi gian cho m\u1ed7i b\u01b0\u1edbc c\u1ee7a quy tr\u00ecnh ki\u1ec3m tra<\/p>\n<h2><strong>T\u0103ng kh\u1ea3 n\u0103ng hi\u1ec3n th\u1ecb ch\u1ec9 b\u00e1o<\/strong><\/h2>\n<p><strong><img decoding=\"async\" title=\"skd-s2-2-1\" src=\"https:\/\/yenhung.com\/wp-content\/uploads\/2025\/11\/skd-s2-2-1.png\" alt=\"B\u00ecnh x\u1ecbt t\u0103ng c\u01b0\u1eddng ph\u00e1t hi\u1ec7n v\u1ebft n\u1ee9t Magnaflux SKD-S2\" data-thumb=\"large\" \/><\/strong><\/p>\n<p>C\u1ea3i thi\u1ec7n kh\u1ea3 n\u0103ng ph\u00e1t hi\u1ec7n ch\u1ec9 th\u1ecb b\u1eb1ng c\u00e1ch t\u1ea1o ra m\u1ed9t b\u1ec1 m\u1eb7t t\u1ed1i \u01b0u cho vi\u1ec7c h\u00ecnh th\u00e0nh ch\u1ec9 b\u00e1o ch\u1ea5t th\u00e2m nh\u1eadp<\/p>\n<p>L\u1edbp ph\u1ee7 tr\u1eafng s\u00e1ng, m\u1edd \u0111\u1ee5c ng\u0103n ch\u1eb7n t\u1ea5t c\u1ea3 m\u00e0u b\u1ec1 m\u1eb7t b\u00ean d\u01b0\u1edbi v\u00e0 nhanh ch\u00f3ng thu h\u00fat ch\u1ea5t th\u1ea9m th\u1ea5u l\u00ean b\u1ec1 m\u1eb7t \u0111\u1ec3 c\u00f3 c\u00e1c ch\u1ec9 d\u1eabn r\u00f5 r\u00e0ng h\u01a1n<\/p>\n<h2><strong>\u0110\u1eb7c tr\u01b0ng<\/strong><\/h2>\n<ul>\n<li>M\u00e0u tr\u1eafng s\u00e1ng<\/li>\n<li>Cung c\u1ea5p \u0111\u1ed9 t\u01b0\u01a1ng ph\u1ea3n n\u1ec1n t\u1ed1t<\/li>\n<li>Kh\u00f4ng hu\u1ef3nh quang<\/li>\n<li>Wicks th\u00e2m nh\u1eadp ngo\u00e0i ch\u1ec9 \u0111\u1ecbnh<\/li>\n<li>L\u00e0m kh\u00f4 nhanh<\/li>\n<li>D\u1ec5 \u00e1p d\u1ee5ng<\/li>\n<li>C\u00f4ng th\u1ee9c ti\u1ec7n l\u1ee3i, s\u1eb5n s\u00e0ng s\u1eed d\u1ee5ng<\/li>\n<li>\u0110\u1ed9c t\u00ednh r\u1ea5t th\u1ea5p<\/li>\n<li>L\u1edbp ph\u1ee7 m\u1edd, m\u1edd \u0111\u1ee5c<\/li>\n<li>D\u1ec5 d\u00e0ng \u0111\u1ec3 l\u00e0m s\u1ea1ch<\/li>\n<\/ul>\n<\/div>\n","protected":false},"excerpt":{"rendered":"<p><strong>S\u1ea3n ph\u1ea9m:<\/strong> SKD-S2<br \/>\n<strong>\u0110\u1eb7c tr\u01b0ng: <\/strong>B\u00ecnh x\u1ecbt t\u0103ng c\u01b0\u1eddng ph\u00e1t hi\u1ec7n v\u1ebft n\u1ee9t Magnaflux SKS-S2<br \/>\n<strong>Xu\u1ea5t s\u1ee9:<\/strong> USA<br \/>\n<b>Kho: <\/b>HCM<br \/>\n<strong>Gi\u00e1:<\/strong> Li\u00ean h\u1ec7 090.666.5927<br \/>\n<strong>T\u00ecnh tr\u1ea1ng<\/strong>: Li\u00ean h\u1ec7 S\u0110T 090 666 5927<\/p>\n","protected":false},"featured_media":7202,"comment_status":"closed","ping_status":"closed","template":"","meta":[],"product_brand":[],"product_cat":[159],"product_tag":[],"class_list":{"0":"post-7201","1":"product","2":"type-product","3":"status-publish","4":"has-post-thumbnail","6":"product_cat-magnaflux","8":"first","9":"instock","10":"shipping-taxable","11":"product-type-simple"},"_links":{"self":[{"href":"https:\/\/yenhung.com\/index.php?rest_route=\/wp\/v2\/product\/7201","targetHints":{"allow":["GET"]}}],"collection":[{"href":"https:\/\/yenhung.com\/index.php?rest_route=\/wp\/v2\/product"}],"about":[{"href":"https:\/\/yenhung.com\/index.php?rest_route=\/wp\/v2\/types\/product"}],"replies":[{"embeddable":true,"href":"https:\/\/yenhung.com\/index.php?rest_route=%2Fwp%2Fv2%2Fcomments&post=7201"}],"wp:featuredmedia":[{"embeddable":true,"href":"https:\/\/yenhung.com\/index.php?rest_route=\/wp\/v2\/media\/7202"}],"wp:attachment":[{"href":"https:\/\/yenhung.com\/index.php?rest_route=%2Fwp%2Fv2%2Fmedia&parent=7201"}],"wp:term":[{"taxonomy":"product_brand","embeddable":true,"href":"https:\/\/yenhung.com\/index.php?rest_route=%2Fwp%2Fv2%2Fproduct_brand&post=7201"},{"taxonomy":"product_cat","embeddable":true,"href":"https:\/\/yenhung.com\/index.php?rest_route=%2Fwp%2Fv2%2Fproduct_cat&post=7201"},{"taxonomy":"product_tag","embeddable":true,"href":"https:\/\/yenhung.com\/index.php?rest_route=%2Fwp%2Fv2%2Fproduct_tag&post=7201"}],"curies":[{"name":"wp","href":"https:\/\/api.w.org\/{rel}","templated":true}]}}