{"id":7209,"date":"2025-11-10T07:58:34","date_gmt":"2025-11-10T07:58:34","guid":{"rendered":"https:\/\/yenhung.com\/?product=chat-lam-sach-magnaflux-skc-s"},"modified":"2026-02-11T02:27:06","modified_gmt":"2026-02-11T02:27:06","slug":"chat-lam-sach-magnaflux-skc-s","status":"publish","type":"product","link":"https:\/\/yenhung.com\/?product=chat-lam-sach-magnaflux-skc-s","title":{"rendered":"Ch\u1ea5t l\u00e0m s\u1ea1ch Magnaflux SKC-S"},"content":{"rendered":"<\/p>\n<div class=\"ba-text-fpt\">\n<h2><strong>M\u00f4 t\u1ea3 s\u1ea3n ph\u1ea9m<\/strong><\/h2>\n<p><strong><img decoding=\"async\" alt=\"B\u00ecnh x\u1ecbt l\u00e0m s\u1ea1ch b\u1ec1 m\u1eb7t Magnaflux SKC-S\" data-thumb=\"large\" original-height=\"600\" original-width=\"600\" src=\"https:\/\/yenhung.com\/wp-content\/uploads\/2025\/11\/skc-s-jpeg.jpg\" title=\"skc-s-jpeg\"><\/strong><\/p>\n<p>Magnaflux SKC-S l\u00e0 ch\u1ea5t t\u1ea9y r\u1eeda \/ t\u1ea9y dung m\u00f4i \u0111\u01b0\u1ee3c NDT ph\u00ea duy\u1ec7t \u0111\u1ec3 l\u00e0m s\u1ea1ch s\u01a1 b\u1ed9 tr\u01b0\u1edbc khi ki\u1ec3m tra kh\u00f4ng ph\u00e1 h\u1ee7y v\u00e0 \u0111\u1ec3 lo\u1ea1i b\u1ecf ch\u1ea5t th\u00e2m nh\u1eadp b\u1ec1 m\u1eb7t d\u01b0 th\u1eeba kh\u1ecfi khu v\u1ef1c ki\u1ec3m tra tr\u01b0\u1edbc khi \u00e1p d\u1ee5ng cho nh\u00e0 ph\u00e1t tri\u1ec3n trong qu\u00e1 tr\u00ecnh ki\u1ec3m tra ch\u1ea5t th\u1ea5m l\u1ecfng.<\/p>\n<p>Lo\u1ea1i dung m\u00f4i kh\u00f4ng halogen n\u00e0y c\u00f3 th\u1ec3 \u0111\u01b0\u1ee3c s\u1eed d\u1ee5ng tr\u00ean nhi\u1ec1u lo\u1ea1i b\u1ec1 m\u1eb7t \u0111\u1ec3 lo\u1ea1i b\u1ecf d\u1ea7u, m\u1ee1 v\u00e0 c\u00e1c ch\u1ea5t b\u1ea9n kh\u00e1c. SKC-S kh\u00f4 nhanh ch\u00f3ng m\u00e0 kh\u00f4ng \u0111\u1ec3 l\u1ea1i c\u1eb7n v\u00e0 \u0111\u00e1p \u1ee9ng c\u00e1c y\u00eau c\u1ea7u v\u1ec1 c\u1eb7n th\u1ea5p \u0111\u1ed1i v\u1edbi th\u1eed nghi\u1ec7m NDT v\u00e0 ch\u1ea5t x\u00e2m nh\u1eadp h\u00e0ng kh\u00f4ng v\u0169 tr\u1ee5.<\/p>\n<h2><strong>Nh\u1eefng l\u1ee3i \u00edch B\u00ecnh x\u1ecbt l\u00e0m s\u1ea1ch b\u1ec1 m\u1eb7t Magnaflux SKC-S<\/strong><\/h2>\n<p><strong><img decoding=\"async\" alt=\"B\u00ecnh x\u1ecbt l\u00e0m s\u1ea1ch b\u1ec1 m\u1eb7t Magnaflux SKC-S\" data-thumb=\"large\" original-height=\"183\" original-width=\"275\" src=\"https:\/\/yenhung.com\/wp-content\/uploads\/2025\/11\/skc-s-2-jpeg.jpg\" title=\"skc-s-2-jpeg\"><\/strong><\/p>\n<h3><\/h3>\n<p>Ki\u1ec3m tra m\u1ed9t lo\u1ea1t c\u00e1c th\u00e0nh ph\u1ea7n m\u00e0 kh\u00f4ng c\u1ea7n lo l\u1eafng<\/p>\n<p>Ph\u00f9 h\u1ee3p v\u1edbi AMS 2644 Class 2, ASME BPVC v\u00e0 t\u1ea5t c\u1ea3 c\u00e1c y\u00eau c\u1ea7u ch\u00ednh v\u1ec1 h\u00e0ng kh\u00f4ng v\u0169 tr\u1ee5<\/p>\n<h3><\/h3>\n<p>S\u1eed d\u1ee5ng m\u1ed9t ch\u1ea5t t\u1ea9y r\u1eeda duy nh\u1ea5t trong to\u00e0n b\u1ed9 quy tr\u00ecnh ki\u1ec3m tra ch\u1ea5t th\u00e2m nh\u1eadp<\/p>\n<p>C\u00f3 c\u1ea3 d\u1ea1ng s\u1ed1 l\u01b0\u1ee3ng l\u1edbn v\u00e0 d\u1ea1ng b\u00ecnh x\u1ecbt, ho\u1eb7c l\u00e0 m\u1ed9t ph\u1ea7n c\u1ee7a b\u1ed9 d\u1ee5ng c\u1ee5 \u0111\u1ec3 thu\u1eadn ti\u1ec7n<\/p>\n<p>S\u1eed d\u1ee5ng v\u1edbi nhi\u1ec1u lo\u1ea1i m\u00e1y phun kh\u00e1c nhau, h\u00e3y ch\u1ecdn m\u00e1y phun ph\u00f9 h\u1ee3p nh\u1ea5t cho \u1ee9ng d\u1ee5ng c\u1ee7a b\u1ea1n<\/p>\n<h3><\/h3>\n<p>Ki\u1ec3m tra m\u1ed9t c\u00e1ch \u0111\u00e1ng tin c\u1eady b\u1eb1ng c\u00e1ch ch\u1ec9 l\u00e0m s\u1ea1ch b\u1ec1 m\u1eb7t m\u00e0 kh\u00f4ng x\u1ea3 ch\u1ea5t x\u00e2m nh\u1eadp kh\u00f4ng li\u00ean t\u1ee5c<\/p>\n<p>Kh\u00f4 nhanh ch\u00f3ng m\u00e0 kh\u00f4ng \u0111\u1ec3 l\u1ea1i c\u1eb7n \u0111\u1ec3 tr\u00e1nh ch\u1ec9 \u0111\u1ecbnh sai<\/p>\n<h2><strong>\u0110\u1eb7c tr\u01b0ng B\u00ecnh x\u1ecbt l\u00e0m s\u1ea1ch b\u1ec1 m\u1eb7t Magnaflux SKC-S<\/strong><\/h2>\n<p><strong><img decoding=\"async\" alt=\"B\u00ecnh x\u1ecbt l\u00e0m s\u1ea1ch b\u1ec1 m\u1eb7t Magnaflux SKC-S\" data-thumb=\"large\" original-height=\"500\" original-width=\"500\" src=\"https:\/\/yenhung.com\/wp-content\/uploads\/2025\/11\/skc-s-1-jpeg.jpg\" title=\"skc-s-1-jpeg\"><\/strong><\/p>\n<ul>\n<li>AMS 2644 Ch\u1ea5t t\u1ea9y r\u1eeda kh\u00f4ng ch\u1ee9a halogen lo\u1ea1i 2<\/li>\n<li>L\u00e0m kh\u00f4 nhanh<\/li>\n<li>Kh\u00f4ng \u0111\u1ec3 l\u1ea1i d\u01b0 l\u01b0\u1ee3ng<\/li>\n<li>Th\u00edch h\u1ee3p \u0111\u1ec3 s\u1eed d\u1ee5ng \u1edf nhi\u1ec7t \u0111\u1ed9 th\u1ea5p<\/li>\n<li>Kh\u1ea3 n\u0103ng t\u01b0\u01a1ng th\u00edch h\u1ee3p kim<\/li>\n<li>S\u1ed1 l\u01b0\u1ee3ng l\u1edbn ho\u1eb7c d\u1ea1ng b\u00ecnh x\u1ecbt<\/li>\n<li>Kh\u00f4ng qu\u00e1 s\u1ea1ch<\/li>\n<\/ul>\n<p>Th\u00f4ng tin nh\u1eefng s\u1ea3n ph\u1ea9m c\u1ee7a Magnaflux: <a href=\"https:\/\/suncompany.vn\/magnaflux\"><em><strong>Xem th\u00eam<\/strong><\/em><\/a><\/p>\n<p>Th\u00f4ng tin k\u1ef9 thu\u1eadt s\u1ea3n ph\u1ea9m: <strong><a href=\"https:\/\/www.magnaflux.com\/Files\/Product-Data-Sheets\/English-Product-Data-Sheets\/SKC-S_Product-Data-Sheet_English.pdf\"><em>Product-data-sheet<\/em><\/a><\/strong><\/p>\n<h2><strong>Th\u00f4ng tin li\u00ean h\u1ec7<\/strong><\/h2>\n<p><a href=\"http:\/\/online.gov.vn\/Home\/WebDetails\/98074?AspxAutoDetectCookieSupport=1\" rel=\"noopener\" \n<\/p>\n","protected":false},"excerpt":{"rendered":"<p><strong>S\u1ea3n ph\u1ea9m:<\/strong> SKC-S<br \/>\n<strong>\u0110\u1eb7c tr\u01b0ng: <\/strong>B\u00ecnh x\u1ecbt l\u00e0m s\u1ea1ch b\u1ec1 m\u1eb7t Magnaflux SKC-S<br \/>\n<strong>Xu\u1ea5t s\u1ee9:<\/strong> UK<br \/>\n<b>Kho: <\/b>HCM\u00a0<br \/>\n<strong>Gi\u00e1:<\/strong> Li\u00ean h\u1ec7 090.666.5927<br \/>\n<strong>T\u00ecnh tr\u1ea1ng<\/strong>: Li\u00ean h\u1ec7 S\u0110T 090 666 5927 <\/p>\n","protected":false},"featured_media":7210,"comment_status":"closed","ping_status":"closed","template":"","meta":[],"product_brand":[],"product_cat":[159],"product_tag":[],"class_list":{"0":"post-7209","1":"product","2":"type-product","3":"status-publish","4":"has-post-thumbnail","6":"product_cat-magnaflux","8":"first","9":"instock","10":"shipping-taxable","11":"product-type-simple"},"_links":{"self":[{"href":"https:\/\/yenhung.com\/index.php?rest_route=\/wp\/v2\/product\/7209","targetHints":{"allow":["GET"]}}],"collection":[{"href":"https:\/\/yenhung.com\/index.php?rest_route=\/wp\/v2\/product"}],"about":[{"href":"https:\/\/yenhung.com\/index.php?rest_route=\/wp\/v2\/types\/product"}],"replies":[{"embeddable":true,"href":"https:\/\/yenhung.com\/index.php?rest_route=%2Fwp%2Fv2%2Fcomments&post=7209"}],"wp:featuredmedia":[{"embeddable":true,"href":"https:\/\/yenhung.com\/index.php?rest_route=\/wp\/v2\/media\/7210"}],"wp:attachment":[{"href":"https:\/\/yenhung.com\/index.php?rest_route=%2Fwp%2Fv2%2Fmedia&parent=7209"}],"wp:term":[{"taxonomy":"product_brand","embeddable":true,"href":"https:\/\/yenhung.com\/index.php?rest_route=%2Fwp%2Fv2%2Fproduct_brand&post=7209"},{"taxonomy":"product_cat","embeddable":true,"href":"https:\/\/yenhung.com\/index.php?rest_route=%2Fwp%2Fv2%2Fproduct_cat&post=7209"},{"taxonomy":"product_tag","embeddable":true,"href":"https:\/\/yenhung.com\/index.php?rest_route=%2Fwp%2Fv2%2Fproduct_tag&post=7209"}],"curies":[{"name":"wp","href":"https:\/\/api.w.org\/{rel}","templated":true}]}}