{"id":7217,"date":"2025-11-10T07:58:40","date_gmt":"2025-11-10T07:58:40","guid":{"rendered":"https:\/\/yenhung.com\/?product=chat-tham-magnaflux-skl-sp2"},"modified":"2026-02-11T02:25:01","modified_gmt":"2026-02-11T02:25:01","slug":"chat-tham-magnaflux-skl-sp2","status":"publish","type":"product","link":"https:\/\/yenhung.com\/?product=chat-tham-magnaflux-skl-sp2","title":{"rendered":"Ch\u1ea5t th\u1ea5m Magnaflux SKL-SP2"},"content":{"rendered":"<div class=\"ba-text-fpt\">\n<h2><strong>Ch\u1ea5t th\u1ea5m Magnaflux SKL-SP2<\/strong><\/h2>\n<p><img decoding=\"async\" title=\"magnaflux-skl-sp2-c-1752570364817-2\" src=\"https:\/\/yenhung.com\/wp-content\/uploads\/2025\/11\/magnaflux-skl-sp2-c-1752570364817-2.jpg\" alt=\"Ch\u1ea5t th\u1ea5m Magnaflux SKL-SP2\" data-thumb=\"large\" \/><\/p>\n<p>Dung m\u00f4i Ch\u1ea5t nhu\u1ed9m c\u00f3 th\u1ec3 nh\u00ecn th\u1ea5y c\u00f3 th\u1ec3 th\u00e1o r\u1eddi<\/p>\n<p>SKL-SP2 l\u00e0 ch\u1ea5t th\u00e2m nh\u1eadp thu\u1ed1c nhu\u1ed9m m\u00e0u \u0111\u1ecf c\u00f3 th\u1ec3 nh\u00ecn th\u1ea5y \u0111\u01b0\u1ee3c b\u1eb1ng dung m\u00f4i. SKL-SP2 x\u00e1c \u0111\u1ecbnh c\u00e1c \u0111i\u1ec3m gi\u00e1n \u0111o\u1ea1n ph\u00e1 v\u1ee1 b\u1ec1 m\u1eb7t b\u1eb1ng quy tr\u00ecnh ba b\u01b0\u1edbc \u0111\u01a1n gi\u1ea3n, l\u00fd t\u01b0\u1edfng cho th\u1eed nghi\u1ec7m kh\u00f4ng ph\u00e1 h\u1ee7y c\u01a1 b\u1ea3n trong c\u00f4ng nghi\u1ec7p. SKL-SP2 c\u00f3 c\u00e1c \u0111\u1eb7c t\u00ednh xuy\u00ean th\u1ea5u hi\u1ec7u su\u1ea5t cao v\u00e0 t\u1ea1o ra c\u00e1c ch\u1ec9 b\u00e1o m\u00e0u \u0111\u1ecf s\u1ed1ng \u0111\u1ed9ng r\u00f5 r\u00e0ng.<\/p>\n<p>SKL-SP2 l\u00e0 m\u1ed9t ph\u01b0\u01a1ng ph\u00e1p ki\u1ec3m tra ch\u1ea5t th\u00e2m nh\u1eadp \u0111\u00e1ng tin c\u1eady \u0111\u1ec3 b\u1ea3o tr\u00ec ph\u00f2ng ng\u1eeba v\u00e0 ki\u1ec3m tra ch\u1ea5t l\u01b0\u1ee3ng. SKL-SP2 \u0111\u01b0\u1ee3c s\u1eed d\u1ee5ng \u0111\u1ec3 ki\u1ec3m tra m\u1ed1i h\u00e0n, \u0111\u1ed3 r\u00e8n, b\u00ecnh ch\u1ecbu \u00e1p l\u1ef1c, v\u1eadt \u0111\u00fac, \u0111\u1ed3 kim lo\u1ea1i n\u00f3i chung v\u00e0 c\u00f3 th\u1ec3 \u0111\u01b0\u1ee3c s\u1eed d\u1ee5ng trong c\u00e1c \u1ee9ng d\u1ee5ng ki\u1ec3m tra r\u00f2 r\u1ec9.<\/p>\n<p>SKL-SP2 \u0111\u01b0\u1ee3c li\u1ec7t k\u00ea tr\u00ean QPL-AMS-2644 l\u00e0 Lo\u1ea1i 2, Ph\u01b0\u01a1ng ph\u00e1p B, C v\u00e0 D.<\/p>\n<h2><strong>Nh\u1eefng l\u1ee3i \u00edch Magnaflux SKL-SP2 &#8211; B\u00ecnh x\u1ecbt thu\u1ed1c th\u1ea5m ph\u00e1t hi\u1ec7n v\u1ebft n\u1ee9t\u00a0<\/strong><\/h2>\n<p><img decoding=\"async\" title=\"magnaflux-skl-sp2-b-1752570365849-1\" src=\"https:\/\/yenhung.com\/wp-content\/uploads\/2025\/11\/magnaflux-skl-sp2-b-1752570365849-1.jpg\" alt=\"Ch\u1ea5t th\u1ea5m Magnaflux SKL-SP2\" data-thumb=\"large\" \/><\/p>\n<h3><\/h3>\n<p>Quy tr\u00ecnh 3 b\u01b0\u1edbc \u0111\u01a1n gi\u1ea3n, \u0111\u00e1ng tin c\u1eady l\u00e0 m\u1ed9t gi\u1ea3i ph\u00e1p thu\u1eadn ti\u1ec7n v\u00e0 d\u1ec5 s\u1eed d\u1ee5ng \u0111\u1ec3 ki\u1ec3m tra ki\u1ec3m so\u00e1t v\u00e0 b\u1ea3o tr\u00ec ph\u00f2ng ng\u1eeba<\/p>\n<p>Bao ph\u1ee7 nhanh ch\u00f3ng v\u00e0 ho\u00e0n to\u00e0n to\u00e0n b\u1ed9 b\u1ec1 m\u1eb7t th\u1eed nghi\u1ec7m do \u0111\u1ed9 th\u1ea5m \u01b0\u1edbt b\u1ec1 m\u1eb7t cao<\/p>\n<p>Lo\u1ea1i b\u1ecf ch\u1ea5t th\u1ea9m th\u1ea5u d\u01b0 th\u1eeba m\u00e0 kh\u00f4ng c\u00f3 n\u01b0\u1edbc \u0111\u1ec3 lo\u1ea1i b\u1ecf s\u1ef1 c\u1ea7n thi\u1ebft ph\u1ea3i l\u00e0m kh\u00f4 c\u00e1c b\u1ed9 ph\u1eadn tr\u01b0\u1edbc khi \u00e1p d\u1ee5ng nh\u00e0 ph\u00e1t tri\u1ec3n<\/p>\n<p>\u0110\u00e1ng tin c\u1eady v\u00e0 thu\u1eadn ti\u1ec7n \u0111\u1ec3 s\u1eed d\u1ee5ng<\/p>\n<p>D\u1ec5 d\u00e0ng mang theo v\u00e0 s\u1eed d\u1ee5ng t\u1ea1i hi\u1ec7n tr\u01b0\u1eddng v\u1edbi c\u00e1c h\u1ed9p b\u00ecnh x\u1ecbt ti\u1ec7n l\u1ee3i \u0111\u01b0\u1ee3c thi\u1ebft k\u1ebf c\u1ea9n th\u1eadn \u0111\u1ec3 c\u00f3 \u0111\u1ed9 che ph\u1ee7 \u0111\u1ed3ng \u0111\u1ec1u, \u0111\u1ed3ng \u0111\u1ec1u v\u00e0 v\u00f9ng ki\u1ec3m tra t\u1ed1i \u0111a<\/p>\n<p>S\u1eed d\u1ee5ng trong m\u1ecdi \u0111i\u1ec1u ki\u1ec7n m\u00e0 kh\u00f4ng c\u1ea7n b\u00f3ng t\u1ed1i ho\u1eb7c \u0111\u00e8n UV<\/p>\n<p>T\u1ea1o ra c\u00e1c ch\u1ec9 b\u00e1o m\u1ea1nh m\u1ebd, s\u1ed1ng \u0111\u1ed9ng nh\u1edd m\u00e0u \u0111\u1ecf t\u01b0\u01a1i, r\u1ef1c r\u1ee1, \u0111\u1eb7c bi\u1ec7t khi \u0111\u01b0\u1ee3c s\u1eed d\u1ee5ng v\u1edbi nh\u00e0 ph\u00e1t tri\u1ec3n d\u1ef1a tr\u00ean dung m\u00f4i SKD-S2<\/p>\n<p>Ki\u1ec3m tra m\u1ed9t lo\u1ea1t c\u00e1c th\u00e0nh ph\u1ea7n m\u00e0 kh\u00f4ng s\u1ee3 b\u1ecb \u0103n m\u00f2n ho\u1eb7c kh\u00f4ng ph\u00f9 h\u1ee3p v\u1edbi \u0111\u1eb7c \u0111i\u1ec3m k\u1ef9 thu\u1eadt<\/p>\n<p>S\u1eed d\u1ee5ng v\u1edbi nhi\u1ec1u lo\u1ea1i m\u00e1y phun kh\u00e1c nhau, h\u00e3y ch\u1ecdn m\u00e1y phun ph\u00f9 h\u1ee3p nh\u1ea5t cho \u1ee9ng d\u1ee5ng c\u1ee7a b\u1ea1n<\/p>\n<p>\u0110\u00e1p \u1ee9ng AMS 2644 v\u00e0 \u0111\u01b0\u1ee3c NDT ch\u1ea5p thu\u1eadn cho c\u00e1c \u1ee9ng d\u1ee5ng c\u00f4ng nghi\u1ec7p chuy\u00ean nghi\u1ec7p<\/p>\n<p>\u0110\u1eb7c tr\u01b0ng<\/p>\n<p>Dung m\u00f4i c\u00f3 th\u1ec3 lo\u1ea1i b\u1ecf<\/p>\n<p>M\u1ee9c nh\u1ea1y s\u00e1ng ISO 3452 # 2 [EG1]\n<p>C\u00f3 th\u1ec3 \u0111\u01b0\u1ee3c s\u1eed d\u1ee5ng cho Ph\u01b0\u01a1ng ph\u00e1p B, Ph\u01b0\u01a1ng ph\u00e1p C v\u00e0 Ph\u01b0\u01a1ng ph\u00e1p D<\/p>\n<p>Quy tr\u00ecnh \u0111\u01a1n gi\u1ea3n, d\u1ec5 s\u1eed d\u1ee5ng<\/p>\n<p>M\u00e0u \u0111\u1ecf s\u1ed1ng \u0111\u1ed9ng, c\u00f3 \u0111\u1ed9 t\u01b0\u01a1ng ph\u1ea3n cao<\/p>\n<p>Gi\u1ea3i quy\u1ebft khuy\u1ebft \u0111i\u1ec3m v\u01b0\u1ee3t tr\u1ed9i<\/p>\n<p>Th\u1ea5m \u01b0\u1edbt b\u1ec1 m\u1eb7t t\u1ed1t<\/p>\n<p>Ho\u1ea1t \u0111\u1ed9ng mao m\u1ea1ch \u0111\u01b0\u1ee3c t\u1ed1i \u01b0u h\u00f3a<\/p>\n<p>Ho\u1ea1t \u0111\u1ed9ng trong \u00e1nh s\u00e1ng nh\u00ecn th\u1ea5y<\/p>\n<p>M\u00f9i th\u1ea5p<\/p>\n<p>Tu\u00e2n th\u1ee7 NDT-spec<\/p>\n<\/div>\n","protected":false},"excerpt":{"rendered":"<p><strong>S\u1ea3n ph\u1ea9m:<\/strong> Magnaflux SKL-SP2<br \/>\n<strong>\u0110\u1eb7c tr\u01b0ng: <\/strong>B\u00ecnh x\u1ecbt thu\u1ed1c th\u1ea5m ph\u00e1t hi\u1ec7n v\u1ebft n\u1ee9t Magnaflux<br \/>\n<strong>Xu\u1ea5t s\u1ee9:<\/strong> USA<br \/>\n<b>Kho: <\/b>HCM &#8211; H\u00e0 N\u1ed9i<br \/>\n<strong>Gi\u00e1:<\/strong> Li\u00ean h\u1ec7 090.666.5927<br \/>\n<strong>T\u00ecnh tr\u1ea1ng<\/strong>: Li\u00ean h\u1ec7 S\u0110T 090 666 5927<\/p>\n","protected":false},"featured_media":7218,"comment_status":"closed","ping_status":"closed","template":"","meta":[],"product_brand":[],"product_cat":[159],"product_tag":[],"class_list":{"0":"post-7217","1":"product","2":"type-product","3":"status-publish","4":"has-post-thumbnail","6":"product_cat-magnaflux","8":"first","9":"instock","10":"shipping-taxable","11":"product-type-simple"},"_links":{"self":[{"href":"https:\/\/yenhung.com\/index.php?rest_route=\/wp\/v2\/product\/7217","targetHints":{"allow":["GET"]}}],"collection":[{"href":"https:\/\/yenhung.com\/index.php?rest_route=\/wp\/v2\/product"}],"about":[{"href":"https:\/\/yenhung.com\/index.php?rest_route=\/wp\/v2\/types\/product"}],"replies":[{"embeddable":true,"href":"https:\/\/yenhung.com\/index.php?rest_route=%2Fwp%2Fv2%2Fcomments&post=7217"}],"wp:featuredmedia":[{"embeddable":true,"href":"https:\/\/yenhung.com\/index.php?rest_route=\/wp\/v2\/media\/7218"}],"wp:attachment":[{"href":"https:\/\/yenhung.com\/index.php?rest_route=%2Fwp%2Fv2%2Fmedia&parent=7217"}],"wp:term":[{"taxonomy":"product_brand","embeddable":true,"href":"https:\/\/yenhung.com\/index.php?rest_route=%2Fwp%2Fv2%2Fproduct_brand&post=7217"},{"taxonomy":"product_cat","embeddable":true,"href":"https:\/\/yenhung.com\/index.php?rest_route=%2Fwp%2Fv2%2Fproduct_cat&post=7217"},{"taxonomy":"product_tag","embeddable":true,"href":"https:\/\/yenhung.com\/index.php?rest_route=%2Fwp%2Fv2%2Fproduct_tag&post=7217"}],"curies":[{"name":"wp","href":"https:\/\/api.w.org\/{rel}","templated":true}]}}