{"id":7232,"date":"2025-11-10T08:00:44","date_gmt":"2025-11-10T08:00:44","guid":{"rendered":"https:\/\/yenhung.com\/?product=mo-interflon-food-grease-ep-400ml"},"modified":"2026-02-11T02:24:33","modified_gmt":"2026-02-11T02:24:33","slug":"mo-interflon-food-grease-ep-400ml","status":"publish","type":"product","link":"https:\/\/yenhung.com\/?product=mo-interflon-food-grease-ep-400ml","title":{"rendered":"M\u1ee1 Interflon Food Grease EP, 400ml"},"content":{"rendered":"<div class=\"ba-text-fpt\">\n<h2><strong>M\u1ee1 Interflon Food Grease EP: Gi\u1ea3i ph\u00e1p b\u00f4i tr\u01a1n an to\u00e0n v\u00e0 hi\u1ec7u qu\u1ea3 cho ng\u00e0nh th\u1ef1c ph\u1ea9m<\/strong><\/h2>\n<p><span style=\"font-size: 12pt;\"><span style=\"font-family: 'Times New Roman',serif;\">Trong c\u00e1c ng\u00e0nh c\u00f4ng nghi\u1ec7p nh\u1ea1y c\u1ea3m nh\u01b0 th\u1ef1c ph\u1ea9m, d\u01b0\u1ee3c ph\u1ea9m v\u00e0 \u0111\u1ed3 u\u1ed1ng, vi\u1ec7c s\u1eed d\u1ee5ng ch\u1ea5t b\u00f4i tr\u01a1n kh\u00f4ng ch\u1ec9 c\u1ea7n hi\u1ec7u qu\u1ea3 m\u00e0 c\u00f2n ph\u1ea3i \u0111\u1ea3m b\u1ea3o an to\u00e0n tuy\u1ec7t \u0111\u1ed1i. <b>M\u1ee1 Interflon Food Grease EP<\/b> ch\u00ednh l\u00e0 gi\u1ea3i ph\u00e1p t\u1ed1i \u01b0u, \u0111\u00e1p \u1ee9ng nh\u1eefng ti\u00eau chu\u1ea9n kh\u1eaft khe nh\u1ea5t. V\u1edbi c\u00f4ng th\u1ee9c \u0111\u1eb7c bi\u1ec7t v\u00e0 c\u00f4ng ngh\u1ec7 MicPol\u00ae \u0111\u1ed9c quy\u1ec1n, s\u1ea3n ph\u1ea9m n\u00e0y mang l\u1ea1i kh\u1ea3 n\u0103ng b\u00f4i tr\u01a1n v\u01b0\u1ee3t tr\u1ed9i, k\u00e9o d\u00e0i tu\u1ed5i th\u1ecd thi\u1ebft b\u1ecb v\u00e0 \u0111\u1ea3m b\u1ea3o v\u1ec7 sinh an to\u00e0n th\u1ef1c ph\u1ea9m.<\/span><\/span><\/p>\n<p><img decoding=\"async\" title=\"mo-interflon-food-grease-ep-400ml-c-1754882814589-2\" src=\"https:\/\/yenhung.com\/wp-content\/uploads\/2025\/11\/mo-interflon-food-grease-ep-400ml-c-1754882814589-2.jpg\" alt=\"M\u1ee1 Interflon Food Grease EP, 400ml\" data-thumb=\"large\" \/><\/p>\n<h3><span style=\"font-size: 13.5pt;\"><span style=\"font-family: 'Times New Roman',serif;\"><span style=\"font-weight: bold;\">\u0110\u1eb7c \u0111i\u1ec3m n\u1ed5i b\u1eadt c\u1ee7a M\u1ee1 Interflon Food Grease EP<\/span><\/span><\/span><\/h3>\n<p><span style=\"font-size: 12pt;\"><span style=\"font-family: 'Times New Roman',serif;\">M\u1ee1 Interflon Food Grease EP n\u1ed5i b\u1eadt v\u1edbi nh\u1eefng \u01b0u \u0111i\u1ec3m sau:<\/span><\/span><\/p>\n<ul>\n<li><span style=\"font-size: 12pt;\"><span style=\"tab-stops: list 36.0pt;\"><span style=\"font-family: 'Times New Roman',serif;\"><b>Ch\u1ee9ng nh\u1eadn an to\u00e0n th\u1ef1c ph\u1ea9m NSF H1<\/b>: \u0110\u00e2y l\u00e0 \u0111\u1eb7c \u0111i\u1ec3m quan tr\u1ecdng nh\u1ea5t c\u1ee7a s\u1ea3n ph\u1ea9m. M\u1ee1 \u0111\u01b0\u1ee3c ch\u1ee9ng nh\u1eadn NSF H1, cho ph\u00e9p s\u1eed d\u1ee5ng trong c\u00e1c khu v\u1ef1c c\u00f3 kh\u1ea3 n\u0103ng ti\u1ebfp x\u00fac ng\u1eabu nhi\u00ean v\u1edbi th\u1ef1c ph\u1ea9m m\u00e0 kh\u00f4ng g\u00e2y nguy h\u1ea1i.<\/span><\/span><\/span><\/li>\n<li><span style=\"font-size: 12pt;\"><span style=\"tab-stops: list 36.0pt;\"><span style=\"font-family: 'Times New Roman',serif;\"><img decoding=\"async\" title=\"mo-interflon-food-grease-ep-400ml-a-1754882537147-1\" src=\"https:\/\/yenhung.com\/wp-content\/uploads\/2025\/11\/mo-interflon-food-grease-ep-400ml-a-1754882537147-1.jpg\" alt=\"M\u1ee1 Interflon Food Grease EP, 400ml\" data-thumb=\"large\" \/><\/span><\/span><\/span><\/li>\n<li><span style=\"font-size: 12pt;\"><span style=\"tab-stops: list 36.0pt;\"><span style=\"font-family: 'Times New Roman',serif;\"><b>C\u00f4ng ngh\u1ec7 MicPol\u00ae \u0111\u1ed9c quy\u1ec1n<\/b>: C\u00e1c h\u1ea1t MicPol\u00ae si\u00eau nh\u1ecf gi\u00fap m\u1ee1 th\u1ea5m s\u00e2u v\u00e0o c\u00e1c chi ti\u1ebft m\u00e1y, t\u1ea1o m\u1ed9t l\u1edbp m\u00e0ng b\u00f4i tr\u01a1n c\u1ef1c m\u1ecfng, b\u1ec1n v\u1eefng tr\u00ean b\u1ec1 m\u1eb7t kim lo\u1ea1i. \u0110i\u1ec1u n\u00e0y gi\u00fap gi\u1ea3m ma s\u00e1t v\u00e0 m\u00e0i m\u00f2n \u0111\u00e1ng k\u1ec3, k\u00e9o d\u00e0i th\u1eddi gian ho\u1ea1t \u0111\u1ed9ng c\u1ee7a m\u00e1y m\u00f3c.<\/span><\/span><\/span><\/li>\n<li><span style=\"font-size: 12pt;\"><span style=\"tab-stops: list 36.0pt;\"><span style=\"font-family: 'Times New Roman',serif;\"><b>Ch\u1ecbu \u00e1p l\u1ef1c v\u00e0 t\u1ea3i tr\u1ecdng c\u1ef1c cao<\/b>: V\u1edbi \u0111\u1eb7c t\u00ednh <b>Extreme Pressure (EP)<\/b>, m\u1ee1 Interflon Food Grease EP c\u00f3 kh\u1ea3 n\u0103ng ch\u1ecbu \u0111\u01b0\u1ee3c t\u1ea3i tr\u1ecdng va \u0111\u1eadp l\u1edbn v\u00e0 \u00e1p l\u1ef1c cao, l\u00fd t\u01b0\u1edfng cho c\u00e1c \u1ee9ng d\u1ee5ng c\u00f4ng nghi\u1ec7p n\u1eb7ng.<\/span><\/span><\/span><\/li>\n<li><span style=\"font-size: 12pt;\"><span style=\"tab-stops: list 36.0pt;\"><span style=\"font-family: 'Times New Roman',serif;\"><b>Kh\u00e1ng n\u01b0\u1edbc v\u00e0 ch\u1ed1ng \u0103n m\u00f2n hi\u1ec7u qu\u1ea3<\/b>: S\u1ea3n ph\u1ea9m c\u00f3 kh\u1ea3 n\u0103ng ch\u1ed1ng r\u1eeda tr\u00f4i b\u1edfi n\u01b0\u1edbc, h\u01a1i n\u01b0\u1edbc v\u00e0 c\u00e1c dung d\u1ecbch t\u1ea9y r\u1eeda, gi\u00fap b\u1ea3o v\u1ec7 c\u00e1c b\u1ed9 ph\u1eadn m\u00e1y kh\u1ecfi g\u1ec9 s\u00e9t v\u00e0 \u0103n m\u00f2n ngay c\u1ea3 trong m\u00f4i tr\u01b0\u1eddng \u1ea9m \u01b0\u1edbt.<\/span><\/span><\/span><\/li>\n<\/ul>\n<ul>\n<li><span style=\"font-size: 12pt;\"><span style=\"tab-stops: list 36.0pt;\"><span style=\"font-family: 'Times New Roman',serif;\"><b>Ph\u1ea1m vi nhi\u1ec7t \u0111\u1ed9 ho\u1ea1t \u0111\u1ed9ng r\u1ed9ng<\/b>: M\u1ee1 ho\u1ea1t \u0111\u1ed9ng \u1ed5n \u0111\u1ecbnh trong d\u1ea3i nhi\u1ec7t \u0111\u1ed9 t\u1eeb -20\u00b0C \u0111\u1ebfn 170\u00b0C, ph\u00f9 h\u1ee3p v\u1edbi nhi\u1ec1u \u0111i\u1ec1u ki\u1ec7n m\u00f4i tr\u01b0\u1eddng l\u00e0m vi\u1ec7c kh\u00e1c nhau.<\/span><\/span><\/span><\/li>\n<\/ul>\n<h3><span style=\"font-size: 13.5pt;\"><span style=\"font-family: 'Times New Roman',serif;\"><span style=\"font-weight: bold;\">\u1ee8ng d\u1ee5ng r\u1ed9ng r\u00e3i trong c\u00e1c ng\u00e0nh c\u00f4ng nghi\u1ec7p<\/span><\/span><\/span><\/h3>\n<p><span style=\"font-size: 12pt;\"><span style=\"font-family: 'Times New Roman',serif;\"><b>M\u1ee1 Interflon Food Grease EP<\/b> l\u00e0 l\u1ef1a ch\u1ecdn ho\u00e0n h\u1ea3o cho nhi\u1ec1u \u1ee9ng d\u1ee5ng:<\/span><\/span><\/p>\n<p><span style=\"font-size: 12pt;\"><span style=\"font-family: 'Times New Roman',serif;\"><img decoding=\"async\" title=\"mo-interflon-food-grease-ep-400ml-b-1754882536745-1\" src=\"https:\/\/yenhung.com\/wp-content\/uploads\/2025\/11\/mo-interflon-food-grease-ep-400ml-b-1754882536745-1.jpg\" alt=\"M\u1ee1 Interflon Food Grease EP, 400ml\" data-thumb=\"large\" \/><\/span><\/span><\/p>\n<ul>\n<li><span style=\"font-size: 12pt;\"><span style=\"tab-stops: list 36.0pt;\"><span style=\"font-family: 'Times New Roman',serif;\"><b>Ng\u00e0nh th\u1ef1c ph\u1ea9m v\u00e0 \u0111\u1ed3 u\u1ed1ng<\/b>: B\u00f4i tr\u01a1n c\u00e1c lo\u1ea1i v\u00f2ng bi, \u1ed5 \u0111\u1ee1, x\u00edch t\u1ea3i, b\u0103ng chuy\u1ec1n, m\u00e1y \u0111\u00f3ng g\u00f3i v\u00e0 c\u00e1c thi\u1ebft b\u1ecb ch\u1ebf bi\u1ebfn kh\u00e1c.<\/span><\/span><\/span><\/li>\n<li><span style=\"font-size: 12pt;\"><span style=\"tab-stops: list 36.0pt;\"><span style=\"font-family: 'Times New Roman',serif;\"><b>Ng\u00e0nh d\u01b0\u1ee3c ph\u1ea9m v\u00e0 m\u1ef9 ph\u1ea9m<\/b>: B\u00f4i tr\u01a1n m\u00e1y m\u00f3c trong d\u00e2y chuy\u1ec1n s\u1ea3n xu\u1ea5t, n\u01a1i y\u00eau c\u1ea7u \u0111\u1ed9 s\u1ea1ch cao v\u00e0 an to\u00e0n tuy\u1ec7t \u0111\u1ed1i.<\/span><\/span><\/span><\/li>\n<li><span style=\"font-size: 12pt;\"><span style=\"tab-stops: list 36.0pt;\"><span style=\"font-family: 'Times New Roman',serif;\"><b>C\u00e1c \u1ee9ng d\u1ee5ng c\u00f4ng nghi\u1ec7p kh\u00e1c<\/b>: S\u1eed d\u1ee5ng cho c\u00e1c thi\u1ebft b\u1ecb trong m\u00f4i tr\u01b0\u1eddng \u1ea9m \u01b0\u1edbt, nhi\u1ec1u h\u01a1i n\u01b0\u1edbc ho\u1eb7c y\u00eau c\u1ea7u kh\u1ea3 n\u0103ng b\u00f4i tr\u01a1n b\u1ec1n b\u1ec9.<\/span><\/span><\/span><\/li>\n<\/ul>\n<\/div>\n","protected":false},"excerpt":{"rendered":"<p><strong>T\u00ean sa\u0309n ph\u00e2\u0309m:\u00a0M\u1ee1 Interflon Food Grease EP, 400ml<\/strong><br \/>\n<strong>T\u00ecnh tr\u1ea1ng:<\/strong> Li\u00ean h\u1ec7 S\u0110T 090 666 5927 .<br \/>\n<strong>Kho:<\/strong> H\u1ed3 Ch\u00ed Minh.<br \/>\n<strong>Li\u00ean h\u1ec7:<\/strong> (24\/7)<br \/>\n<strong>Giao h\u00e0ng:<\/strong> Trong ng\u00e0y<\/p>\n","protected":false},"featured_media":7233,"comment_status":"closed","ping_status":"closed","template":"","meta":[],"product_brand":[],"product_cat":[160],"product_tag":[],"class_list":{"0":"post-7232","1":"product","2":"type-product","3":"status-publish","4":"has-post-thumbnail","6":"product_cat-interflon","8":"first","9":"instock","10":"shipping-taxable","11":"product-type-simple"},"_links":{"self":[{"href":"https:\/\/yenhung.com\/index.php?rest_route=\/wp\/v2\/product\/7232","targetHints":{"allow":["GET"]}}],"collection":[{"href":"https:\/\/yenhung.com\/index.php?rest_route=\/wp\/v2\/product"}],"about":[{"href":"https:\/\/yenhung.com\/index.php?rest_route=\/wp\/v2\/types\/product"}],"replies":[{"embeddable":true,"href":"https:\/\/yenhung.com\/index.php?rest_route=%2Fwp%2Fv2%2Fcomments&post=7232"}],"wp:featuredmedia":[{"embeddable":true,"href":"https:\/\/yenhung.com\/index.php?rest_route=\/wp\/v2\/media\/7233"}],"wp:attachment":[{"href":"https:\/\/yenhung.com\/index.php?rest_route=%2Fwp%2Fv2%2Fmedia&parent=7232"}],"wp:term":[{"taxonomy":"product_brand","embeddable":true,"href":"https:\/\/yenhung.com\/index.php?rest_route=%2Fwp%2Fv2%2Fproduct_brand&post=7232"},{"taxonomy":"product_cat","embeddable":true,"href":"https:\/\/yenhung.com\/index.php?rest_route=%2Fwp%2Fv2%2Fproduct_cat&post=7232"},{"taxonomy":"product_tag","embeddable":true,"href":"https:\/\/yenhung.com\/index.php?rest_route=%2Fwp%2Fv2%2Fproduct_tag&post=7232"}],"curies":[{"name":"wp","href":"https:\/\/api.w.org\/{rel}","templated":true}]}}