{"id":7248,"date":"2025-11-10T08:00:55","date_gmt":"2025-11-10T08:00:55","guid":{"rendered":"https:\/\/yenhung.com\/?product=mo-interflon-food-grease-2-tuyp-400ml"},"modified":"2026-02-11T02:23:49","modified_gmt":"2026-02-11T02:23:49","slug":"mo-interflon-food-grease-2-tuyp-400ml","status":"publish","type":"product","link":"https:\/\/yenhung.com\/?product=mo-interflon-food-grease-2-tuyp-400ml","title":{"rendered":"M\u01a1\u0303 Interflon Food Grease 2, tu\u00fdp 400ml"},"content":{"rendered":"<div class=\"ba-text-fpt\">\n<h2 data-sourcepos=\"1:1-1:185\"><strong>M\u01a1\u0303 Interflon Food Grease 2<\/strong><\/h2>\n<h2 data-sourcepos=\"1:1-1:185\"><strong><img decoding=\"async\" title=\"interflon-food-grease-2-2\" src=\"https:\/\/yenhung.com\/wp-content\/uploads\/2025\/11\/interflon-food-grease-2-2.jpg\" alt=\"M\u01a1\u0303 Interflon Food Grease 2\" data-thumb=\"large\" \/><\/strong><\/h2>\n<p data-sourcepos=\"1:1-1:185\">M\u1ee1 Interflon Food Grease 2 l\u00e0 m\u1ed9t lo\u1ea1i m\u1ee1 b\u00f4i tr\u01a1n \u0111a n\u0103ng, hi\u1ec7u su\u1ea5t cao, \u0111\u01b0\u1ee3c thi\u1ebft k\u1ebf \u0111\u1eb7c bi\u1ec7t cho ng\u00e0nh c\u00f4ng nghi\u1ec7p th\u1ef1c ph\u1ea9m. D\u01b0\u1edbi \u0111\u00e2y l\u00e0 m\u1ed9t s\u1ed1 th\u00f4ng tin chi ti\u1ebft v\u1ec1 s\u1ea3n ph\u1ea9m n\u00e0y:<\/p>\n<p data-sourcepos=\"3:1-3:30\"><strong>\u0110\u1eb7c \u0111i\u1ec3m v\u00e0 l\u1ee3i \u00edch ch\u00ednh:<\/strong><\/p>\n<ul data-sourcepos=\"5:1-15:0\">\n<li data-sourcepos=\"5:1-6:230\"><strong>An to\u00e0n cho th\u1ef1c ph\u1ea9m:<\/strong>\n<ul data-sourcepos=\"6:5-6:230\">\n<li data-sourcepos=\"6:5-6:230\">Interflon Food Grease 2 \u0111\u01b0\u1ee3c ch\u1ee9ng nh\u1eadn NSF H1, c\u00f3 ngh\u0129a l\u00e0 n\u00f3 an to\u00e0n cho vi\u1ec7c ti\u1ebfp x\u00fac ng\u1eabu nhi\u00ean v\u1edbi th\u1ef1c ph\u1ea9m. \u0110i\u1ec1u n\u00e0y l\u00e0m cho n\u00f3 tr\u1edf n\u00ean l\u00fd t\u01b0\u1edfng cho c\u00e1c \u1ee9ng d\u1ee5ng trong ng\u00e0nh c\u00f4ng nghi\u1ec7p ch\u1ebf bi\u1ebfn v\u00e0 \u0111\u00f3ng g\u00f3i th\u1ef1c ph\u1ea9m.<\/li>\n<\/ul>\n<\/li>\n<li data-sourcepos=\"7:1-8:197\"><strong>Hi\u1ec7u su\u1ea5t b\u00f4i tr\u01a1n cao:<\/strong>\n<ul data-sourcepos=\"8:5-8:197\">\n<li data-sourcepos=\"8:5-8:197\">S\u1ea3n ph\u1ea9m n\u00e0y \u0111\u01b0\u1ee3c t\u0103ng c\u01b0\u1eddng v\u1edbi c\u00f4ng ngh\u1ec7 MicPol\u00ae \u0111\u1ed9c \u0111\u00e1o c\u1ee7a Interflon, t\u1ea1o ra m\u1ed9t l\u1edbp m\u00e0ng b\u00f4i tr\u01a1n c\u1ef1c m\u1ecfng v\u00e0 b\u1ec1n b\u1ec9. \u0110i\u1ec1u n\u00e0y gi\u00fap gi\u1ea3m ma s\u00e1t, m\u00e0i m\u00f2n v\u00e0 k\u00e9o d\u00e0i tu\u1ed5i th\u1ecd c\u1ee7a thi\u1ebft b\u1ecb.<\/li>\n<\/ul>\n<\/li>\n<li data-sourcepos=\"9:1-10:154\"><strong>\u0110a n\u0103ng:<\/strong>\n<ul data-sourcepos=\"10:5-10:154\">\n<li data-sourcepos=\"10:5-10:154\">Interflon Food Grease 2 c\u00f3 th\u1ec3 \u0111\u01b0\u1ee3c s\u1eed d\u1ee5ng cho nhi\u1ec1u \u1ee9ng d\u1ee5ng kh\u00e1c nhau, bao g\u1ed3m b\u00f4i tr\u01a1n v\u00f2ng bi, x\u00edch, b\u00e1nh r\u0103ng v\u00e0 c\u00e1c b\u1ed9 ph\u1eadn chuy\u1ec3n \u0111\u1ed9ng kh\u00e1c.<\/li>\n<\/ul>\n<\/li>\n<li data-sourcepos=\"11:1-12:128\"><strong>Kh\u1ea3 n\u0103ng ch\u1ecbu nhi\u1ec7t t\u1ed1t:<\/strong>\n<ul data-sourcepos=\"12:5-12:128\">\n<li data-sourcepos=\"12:5-12:128\">S\u1ea3n ph\u1ea9m n\u00e0y c\u00f3 kh\u1ea3 n\u0103ng ch\u1ecbu nhi\u1ec7t \u0111\u1ed9 cao v\u00e0 th\u1ea5p, gi\u00fap n\u00f3 ho\u1ea1t \u0111\u1ed9ng hi\u1ec7u qu\u1ea3 trong nhi\u1ec1u \u0111i\u1ec1u ki\u1ec7n m\u00f4i tr\u01b0\u1eddng kh\u00e1c nhau.<\/li>\n<\/ul>\n<\/li>\n<li data-sourcepos=\"13:1-15:0\"><strong>Ch\u1ed1ng n\u01b0\u1edbc v\u00e0 ch\u1ed1ng \u0103n m\u00f2n:<\/strong>\n<ul data-sourcepos=\"14:5-15:0\">\n<li data-sourcepos=\"14:5-15:0\">Interflon Food Grease 2 c\u00f3 kh\u1ea3 n\u0103ng ch\u1ed1ng n\u01b0\u1edbc v\u00e0 ch\u1ed1ng \u0103n m\u00f2n tuy\u1ec7t v\u1eddi, gi\u00fap b\u1ea3o v\u1ec7 thi\u1ebft b\u1ecb kh\u1ecfi c\u00e1c t\u00e1c \u0111\u1ed9ng c\u1ee7a m\u00f4i tr\u01b0\u1eddng.<\/li>\n<\/ul>\n<\/li>\n<\/ul>\n<p data-sourcepos=\"16:1-16:13\"><strong>\u1ee8ng d\u1ee5ng:<\/strong><\/p>\n<p data-sourcepos=\"16:1-16:13\"><strong><img decoding=\"async\" title=\"mo-interflon-food-grease-2-tuyp-400ml-4-1\" src=\"https:\/\/yenhung.com\/wp-content\/uploads\/2025\/11\/mo-interflon-food-grease-2-tuyp-400ml-4-1.jpg\" alt=\"M\u01a1\u0303 Interflon Food Grease 2\" data-thumb=\"large\" \/><\/strong><\/p>\n<ul data-sourcepos=\"18:1-21:0\">\n<li data-sourcepos=\"18:1-18:50\">Ng\u00e0nh c\u00f4ng nghi\u1ec7p ch\u1ebf bi\u1ebfn th\u1ef1c ph\u1ea9m v\u00e0 \u0111\u1ed3 u\u1ed1ng.<\/li>\n<li data-sourcepos=\"19:1-19:30\">Ng\u00e0nh c\u00f4ng nghi\u1ec7p d\u01b0\u1ee3c ph\u1ea9m.<\/li>\n<li data-sourcepos=\"20:1-21:0\">C\u00e1c \u1ee9ng d\u1ee5ng kh\u00e1c y\u00eau c\u1ea7u m\u1ee1 b\u00f4i tr\u01a1n an to\u00e0n cho th\u1ef1c ph\u1ea9m.<\/li>\n<\/ul>\n<p data-sourcepos=\"22:1-22:21\"><strong>M\u1ed9t s\u1ed1 lo\u1ea1i kh\u00e1c:<\/strong><\/p>\n<ul data-sourcepos=\"24:1-28:0\">\n<li data-sourcepos=\"24:1-28:0\">Ngo\u00e0i ra c\u00f2n c\u00f3 m\u1ed9t s\u1ed1 lo\u1ea1i m\u1ee1 th\u1ef1c ph\u1ea9m kh\u00e1c c\u1ee7a interflon nh\u01b0:\n<ul data-sourcepos=\"25:5-28:0\">\n<li data-sourcepos=\"25:5-25:32\">Interflon Food Grease S1\/2<\/li>\n<li data-sourcepos=\"26:5-26:31\">Interflon Food Grease LT2<\/li>\n<li data-sourcepos=\"27:5-28:0\">Interflon Food Grease MP2<\/li>\n<\/ul>\n<\/li>\n<\/ul>\n<p data-sourcepos=\"29:1-29:22\"><strong>L\u01b0u \u00fd khi s\u1eed d\u1ee5ng:<\/strong><\/p>\n<p data-sourcepos=\"29:1-29:22\"><strong><img decoding=\"async\" title=\"mo-interflon-food-grease-2-tuyp-400ml-3-1\" src=\"https:\/\/yenhung.com\/wp-content\/uploads\/2025\/11\/mo-interflon-food-grease-2-tuyp-400ml-3-1.jpg\" alt=\"M\u01a1\u0303 Interflon Food Grease 2\" data-thumb=\"large\" \/><\/strong><\/p>\n<ul data-sourcepos=\"31:1-33:0\">\n<li data-sourcepos=\"31:1-31:63\">\u0110\u1ecdc k\u1ef9 h\u01b0\u1edbng d\u1eabn s\u1eed d\u1ee5ng tr\u00ean bao b\u00ec s\u1ea3n ph\u1ea9m tr\u01b0\u1edbc khi d\u00f9ng.<\/li>\n<li data-sourcepos=\"32:1-33:0\">Tu\u00e2n th\u1ee7 c\u00e1c quy \u0111\u1ecbnh v\u1ec1 an to\u00e0n th\u1ef1c ph\u1ea9m khi s\u1eed d\u1ee5ng s\u1ea3n ph\u1ea9m trong m\u00f4i tr\u01b0\u1eddng ch\u1ebf bi\u1ebfn th\u1ef1c ph\u1ea9m.<\/li>\n<\/ul>\n<\/div>\n","protected":false},"excerpt":{"rendered":"<p>T\u00ean sa\u0309n ph\u00e2\u0309m:\u00a0M\u01a1\u0303 Interflon Food Grease 2<\/p>\n","protected":false},"featured_media":7249,"comment_status":"closed","ping_status":"closed","template":"","meta":[],"product_brand":[],"product_cat":[160],"product_tag":[],"class_list":{"0":"post-7248","1":"product","2":"type-product","3":"status-publish","4":"has-post-thumbnail","6":"product_cat-interflon","8":"first","9":"instock","10":"shipping-taxable","11":"product-type-simple"},"_links":{"self":[{"href":"https:\/\/yenhung.com\/index.php?rest_route=\/wp\/v2\/product\/7248","targetHints":{"allow":["GET"]}}],"collection":[{"href":"https:\/\/yenhung.com\/index.php?rest_route=\/wp\/v2\/product"}],"about":[{"href":"https:\/\/yenhung.com\/index.php?rest_route=\/wp\/v2\/types\/product"}],"replies":[{"embeddable":true,"href":"https:\/\/yenhung.com\/index.php?rest_route=%2Fwp%2Fv2%2Fcomments&post=7248"}],"wp:featuredmedia":[{"embeddable":true,"href":"https:\/\/yenhung.com\/index.php?rest_route=\/wp\/v2\/media\/7249"}],"wp:attachment":[{"href":"https:\/\/yenhung.com\/index.php?rest_route=%2Fwp%2Fv2%2Fmedia&parent=7248"}],"wp:term":[{"taxonomy":"product_brand","embeddable":true,"href":"https:\/\/yenhung.com\/index.php?rest_route=%2Fwp%2Fv2%2Fproduct_brand&post=7248"},{"taxonomy":"product_cat","embeddable":true,"href":"https:\/\/yenhung.com\/index.php?rest_route=%2Fwp%2Fv2%2Fproduct_cat&post=7248"},{"taxonomy":"product_tag","embeddable":true,"href":"https:\/\/yenhung.com\/index.php?rest_route=%2Fwp%2Fv2%2Fproduct_tag&post=7248"}],"curies":[{"name":"wp","href":"https:\/\/api.w.org\/{rel}","templated":true}]}}